{"id":40871,"date":"2024-02-14T03:01:24","date_gmt":"2024-02-14T02:01:24","guid":{"rendered":"https:\/\/truusk.store\/product\/fallbar-paviljong-hoj-och-sankbar-4-natvaggar-ventilationstak-barvaska-snabbmontering-4-x-4-x-3-m-kramvit\/"},"modified":"2026-03-12T09:16:36","modified_gmt":"2026-03-12T08:16:36","slug":"truusk-fallbar-paviljong-hoj-och-sankbar-4-natvaggar-ventilationstak-barvaska-snabbmontering-kramvit","status":"publish","type":"product","link":"https:\/\/truusk.store\/sv\/produkt\/truusk-fallbar-paviljong-hoj-och-sankbar-4-natvaggar-ventilationstak-barvaska-snabbmontering-kramvit\/","title":{"rendered":"TRUUSK F\u00e4llbar Paviljong &#8211; H\u00f6j- Och S\u00e4nkbar &#8211; 4 N\u00e4tv\u00e4ggar &#8211; Ventilationstak &#8211; B\u00e4rv\u00e4ska &#8211; Snabbmontering &#8211; Kr\u00e4mvit"},"content":{"rendered":"<p>V\u00e5r hopf\u00e4llbara paviljong \u00e4r idealisk f\u00f6r grillning, tr\u00e4dg\u00e5rdsfester eller som skydd n\u00e4r du campar. Det \u00e4r snabbt och enkelt att st\u00e4lla in, s\u00e5 att du kan komma tillbaka till det roliga direkt. Festt\u00e4ltets metallram ger h\u00f6g stabilitet, medan takpresenningen skyddar dig fr\u00e5n solen. Justera enkelt h\u00f6jden p\u00e5 paviljongen i tre niv\u00e5er: 2,83m, 2,73m eller 2,63m. I leveransomfattningen ing\u00e5r bland annat en praktisk b\u00e4rv\u00e4ska med hjul.<\/p>\n<h3>Beskrivning:<\/h3>\n<ul>\n<li>Paviljongens vikbara design g\u00f6r att den kan s\u00e4ttas upp och demonteras p\u00e5 bara n\u00e5gra minuter<\/li>\n<li>Ventilationstak f\u00f6rb\u00e4ttrar luftcirkulationen och \u00f6kar stabiliteten i bl\u00e5siga f\u00f6rh\u00e5llanden<\/li>\n<li>Benen p\u00e5 popup-paviljongen kan justeras till tre niv\u00e5er f\u00f6r att enkelt \u00e4ndra h\u00f6jden<\/li>\n<li>Avtagbara n\u00e4tv\u00e4ggar som ger dig b\u00e4ttre skydd<\/li>\n<li>Utrustad med en praktisk v\u00e4ska p\u00e5 hjul f\u00f6r enkel transport<\/li>\n<li>Levereras med 4 fyllbara vikter som kan fyllas med totalt upp till 50 kg sand eller 38 kg vatten<\/li>\n<li>Inkluderar linor och pinnar f\u00f6r extra stabilitet<\/li>\n<li>Montering kr\u00e4vs<\/li>\n<\/ul>\n<h3>Teknisk data:<\/h3>\n<ul>\n<li>F\u00e4rg: kr\u00e4mvit<\/li>\n<li>Material: metall, polyester, nylon<\/li>\n<li>\u00d6vergripande m\u00e5tt: 392L x 392W x 283H cm<\/li>\n<li>Takfotsh\u00f6jd: 186 cm<\/li>\n<li>M\u00e5tt ventilationstak: 98L x 98W cm<\/li>\n<li>Avst\u00e5nd mellan st\u00f6d: 300L x 300W cm<\/li>\n<li>M\u00e5tt per n\u00e4tv\u00e4gg: 300W x 200H cm<\/li>\n<li>Vikstorlek: 25L x 25W x 125H cm<\/li>\n<li>Vindt\u00e4t: Klass 4<\/li>\n<li>Lastkapacitet genom sn\u00f6: 3 kg\/<\/li>\n<li>L\u00e4mna ALDRIG lusthuset utan uppsikt. Vid h\u00e5rt v\u00e4der ska paviljongen demonteras. Anv\u00e4nd alltid b\u00e5de de medf\u00f6ljande pinnarna och de medf\u00f6ljande sp\u00e4nnlinorna f\u00f6r att s\u00e4kra paviljongen<\/li>\n<\/ul>\n<h3>Leveransens omfattning:<\/h3>\n<ul>\n<li>1 x hopf\u00e4llbart lusthus<\/li>\n<li>4 x sands\u00e4ck<\/li>\n<li>4 x Sp\u00e4nnlina<\/li>\n<li>8 x markspetsar<\/li>\n<li>1 x b\u00e4rv\u00e4ska &#8211; 1 x instruktioner<\/li>\n<\/ul>\n","protected":false},"excerpt":{"rendered":"<p>V\u00e5r hopf\u00e4llbara paviljong \u00e4r idealisk f\u00f6r grillning, tr\u00e4dg\u00e5rdsfester eller som skydd n\u00e4r du campar. Det \u00e4r snabbt och enkelt att&#8230;<\/p>\n","protected":false},"featured_media":40872,"template":"","meta":[],"product_brand":[],"product_cat":[477,435,476],"product_tag":[],"class_list":{"0":"post-40871","1":"product","2":"type-product","3":"status-publish","4":"has-post-thumbnail","6":"product_cat-paviljonger-partytalt","7":"product_cat-tradgard-och-terrass","8":"product_cat-tradgardspaviljonger","10":"first","11":"instock","12":"sale","13":"taxable","14":"shipping-taxable","15":"purchasable","16":"product-type-simple"},"yoast_head":"<!-- This site is optimized with the Yoast SEO plugin v25.4 - https:\/\/yoast.com\/wordpress\/plugins\/seo\/ -->\n<title>TRUUSK F\u00e4llbar Paviljong - H\u00f6j- Och S\u00e4nkbar - 4 N\u00e4tv\u00e4ggar - Ventilationstak - B\u00e4rv\u00e4ska - Snabbmontering - Kr\u00e4mvit - TRUUSK - Hem, Tr\u00e4dg\u00e5rd &amp; Fritid<\/title>\n<meta name=\"robots\" content=\"index, follow, max-snippet:-1, max-image-preview:large, max-video-preview:-1\" \/>\n<link rel=\"canonical\" href=\"https:\/\/truusk.store\/sv\/produkt\/truusk-fallbar-paviljong-hoj-och-sankbar-4-natvaggar-ventilationstak-barvaska-snabbmontering-kramvit\/\" \/>\n<meta property=\"og:locale\" content=\"sv_SE\" \/>\n<meta property=\"og:type\" content=\"article\" \/>\n<meta property=\"og:title\" content=\"TRUUSK F\u00e4llbar Paviljong - H\u00f6j- Och S\u00e4nkbar - 4 N\u00e4tv\u00e4ggar - Ventilationstak - B\u00e4rv\u00e4ska - Snabbmontering - Kr\u00e4mvit - TRUUSK - Hem, Tr\u00e4dg\u00e5rd &amp; Fritid\" \/>\n<meta property=\"og:description\" content=\"V\u00e5r hopf\u00e4llbara paviljong \u00e4r idealisk f\u00f6r grillning, tr\u00e4dg\u00e5rdsfester eller som skydd n\u00e4r du campar. Det \u00e4r snabbt och enkelt att...\" \/>\n<meta property=\"og:url\" content=\"https:\/\/truusk.store\/sv\/produkt\/truusk-fallbar-paviljong-hoj-och-sankbar-4-natvaggar-ventilationstak-barvaska-snabbmontering-kramvit\/\" \/>\n<meta property=\"og:site_name\" content=\"TRUUSK - Hem, Tr\u00e4dg\u00e5rd &amp; Fritid\" \/>\n<meta property=\"article:modified_time\" content=\"2026-03-12T08:16:36+00:00\" \/>\n<meta property=\"og:image\" content=\"https:\/\/i0.wp.com\/truusk.se\/wp-content\/uploads\/2024\/02\/fallbar-paviljong-hoj-och-sankbar-4-natvaggar-ventilationstak-barvaska-snabbmontering-4-x-4-x-3-m-kramvit.webp?fit=800%2C800&ssl=1\" \/>\n\t<meta property=\"og:image:width\" content=\"800\" \/>\n\t<meta property=\"og:image:height\" content=\"800\" \/>\n\t<meta property=\"og:image:type\" content=\"image\/webp\" \/>\n<meta name=\"twitter:card\" content=\"summary_large_image\" \/>\n<meta name=\"twitter:label1\" content=\"Ber\u00e4knad l\u00e4stid\" \/>\n\t<meta name=\"twitter:data1\" content=\"1 minut\" \/>\n<!-- \/ Yoast SEO plugin. -->","yoast_head_json":{"title":"TRUUSK F\u00e4llbar Paviljong - H\u00f6j- Och S\u00e4nkbar - 4 N\u00e4tv\u00e4ggar - Ventilationstak - B\u00e4rv\u00e4ska - Snabbmontering - Kr\u00e4mvit - TRUUSK - Hem, Tr\u00e4dg\u00e5rd &amp; Fritid","robots":{"index":"index","follow":"follow","max-snippet":"max-snippet:-1","max-image-preview":"max-image-preview:large","max-video-preview":"max-video-preview:-1"},"canonical":"https:\/\/truusk.store\/sv\/produkt\/truusk-fallbar-paviljong-hoj-och-sankbar-4-natvaggar-ventilationstak-barvaska-snabbmontering-kramvit\/","og_locale":"sv_SE","og_type":"article","og_title":"TRUUSK F\u00e4llbar Paviljong - H\u00f6j- Och S\u00e4nkbar - 4 N\u00e4tv\u00e4ggar - Ventilationstak - B\u00e4rv\u00e4ska - Snabbmontering - Kr\u00e4mvit - TRUUSK - Hem, Tr\u00e4dg\u00e5rd &amp; Fritid","og_description":"V\u00e5r hopf\u00e4llbara paviljong \u00e4r idealisk f\u00f6r grillning, tr\u00e4dg\u00e5rdsfester eller som skydd n\u00e4r du campar. Det \u00e4r snabbt och enkelt att...","og_url":"https:\/\/truusk.store\/sv\/produkt\/truusk-fallbar-paviljong-hoj-och-sankbar-4-natvaggar-ventilationstak-barvaska-snabbmontering-kramvit\/","og_site_name":"TRUUSK - Hem, Tr\u00e4dg\u00e5rd &amp; Fritid","article_modified_time":"2026-03-12T08:16:36+00:00","og_image":[{"width":800,"height":800,"url":"https:\/\/i0.wp.com\/truusk.se\/wp-content\/uploads\/2024\/02\/fallbar-paviljong-hoj-och-sankbar-4-natvaggar-ventilationstak-barvaska-snabbmontering-4-x-4-x-3-m-kramvit.webp?fit=800%2C800&ssl=1","type":"image\/webp"}],"twitter_card":"summary_large_image","twitter_misc":{"Ber\u00e4knad l\u00e4stid":"1 minut"},"schema":{"@context":"https:\/\/schema.org","@graph":[{"@type":"WebPage","@id":"https:\/\/truusk.store\/sv\/produkt\/truusk-fallbar-paviljong-hoj-och-sankbar-4-natvaggar-ventilationstak-barvaska-snabbmontering-kramvit\/","url":"https:\/\/truusk.store\/sv\/produkt\/truusk-fallbar-paviljong-hoj-och-sankbar-4-natvaggar-ventilationstak-barvaska-snabbmontering-kramvit\/","name":"TRUUSK F\u00e4llbar Paviljong - H\u00f6j- Och S\u00e4nkbar - 4 N\u00e4tv\u00e4ggar - Ventilationstak - B\u00e4rv\u00e4ska - Snabbmontering - Kr\u00e4mvit - TRUUSK - Hem, Tr\u00e4dg\u00e5rd &amp; Fritid","isPartOf":{"@id":"https:\/\/truusk.store\/sv\/#website"},"primaryImageOfPage":{"@id":"https:\/\/truusk.store\/sv\/produkt\/truusk-fallbar-paviljong-hoj-och-sankbar-4-natvaggar-ventilationstak-barvaska-snabbmontering-kramvit\/#primaryimage"},"image":{"@id":"https:\/\/truusk.store\/sv\/produkt\/truusk-fallbar-paviljong-hoj-och-sankbar-4-natvaggar-ventilationstak-barvaska-snabbmontering-kramvit\/#primaryimage"},"thumbnailUrl":"https:\/\/i0.wp.com\/truusk.store\/wp-content\/uploads\/2024\/02\/fallbar-paviljong-hoj-och-sankbar-4-natvaggar-ventilationstak-barvaska-snabbmontering-4-x-4-x-3-m-kramvit.webp?fit=800%2C800&ssl=1","datePublished":"2024-02-14T02:01:24+00:00","dateModified":"2026-03-12T08:16:36+00:00","breadcrumb":{"@id":"https:\/\/truusk.store\/sv\/produkt\/truusk-fallbar-paviljong-hoj-och-sankbar-4-natvaggar-ventilationstak-barvaska-snabbmontering-kramvit\/#breadcrumb"},"inLanguage":"sv-SE","potentialAction":[{"@type":"ReadAction","target":["https:\/\/truusk.store\/sv\/produkt\/truusk-fallbar-paviljong-hoj-och-sankbar-4-natvaggar-ventilationstak-barvaska-snabbmontering-kramvit\/"]}]},{"@type":"ImageObject","inLanguage":"sv-SE","@id":"https:\/\/truusk.store\/sv\/produkt\/truusk-fallbar-paviljong-hoj-och-sankbar-4-natvaggar-ventilationstak-barvaska-snabbmontering-kramvit\/#primaryimage","url":"https:\/\/i0.wp.com\/truusk.store\/wp-content\/uploads\/2024\/02\/fallbar-paviljong-hoj-och-sankbar-4-natvaggar-ventilationstak-barvaska-snabbmontering-4-x-4-x-3-m-kramvit.webp?fit=800%2C800&ssl=1","contentUrl":"https:\/\/i0.wp.com\/truusk.store\/wp-content\/uploads\/2024\/02\/fallbar-paviljong-hoj-och-sankbar-4-natvaggar-ventilationstak-barvaska-snabbmontering-4-x-4-x-3-m-kramvit.webp?fit=800%2C800&ssl=1","width":800,"height":800,"caption":"F\u00e4llbar Paviljong, H\u00f6j- Och S\u00e4nkbar, 4 N\u00e4tv\u00e4ggar, Ventilationstak, B\u00e4rv\u00e4ska, Snabbmontering, 4 X 4 X 3 M, Kr\u00e4mvit 1"},{"@type":"BreadcrumbList","@id":"https:\/\/truusk.store\/sv\/produkt\/truusk-fallbar-paviljong-hoj-och-sankbar-4-natvaggar-ventilationstak-barvaska-snabbmontering-kramvit\/#breadcrumb","itemListElement":[{"@type":"ListItem","position":1,"name":"Home","item":"https:\/\/truusk.store\/sv\/"},{"@type":"ListItem","position":2,"name":"Shop","item":"https:\/\/truusk.store\/shop\/"},{"@type":"ListItem","position":3,"name":"TRUUSK F\u00e4llbar Paviljong &#8211; H\u00f6j- Och S\u00e4nkbar &#8211; 4 N\u00e4tv\u00e4ggar &#8211; Ventilationstak &#8211; B\u00e4rv\u00e4ska &#8211; Snabbmontering &#8211; Kr\u00e4mvit"}]},{"@type":"WebSite","@id":"https:\/\/truusk.store\/sv\/#website","url":"https:\/\/truusk.store\/sv\/","name":"TRUUSK - Hem, Tr\u00e4dg\u00e5rd & Fritid","description":"","publisher":{"@id":"https:\/\/truusk.store\/sv\/#organization"},"potentialAction":[{"@type":"SearchAction","target":{"@type":"EntryPoint","urlTemplate":"https:\/\/truusk.store\/sv\/?s={search_term_string}"},"query-input":{"@type":"PropertyValueSpecification","valueRequired":true,"valueName":"search_term_string"}}],"inLanguage":"sv-SE"},{"@type":"Organization","@id":"https:\/\/truusk.store\/sv\/#organization","name":"TRUUSK - Hem, Tr\u00e4dg\u00e5rd & Fritid","url":"https:\/\/truusk.store\/sv\/","logo":{"@type":"ImageObject","inLanguage":"sv-SE","@id":"https:\/\/truusk.store\/sv\/#\/schema\/logo\/image\/","url":"https:\/\/i0.wp.com\/truusk.store\/wp-content\/uploads\/2026\/03\/cropped-TRUUSK.png?fit=2032%2C917&ssl=1","contentUrl":"https:\/\/i0.wp.com\/truusk.store\/wp-content\/uploads\/2026\/03\/cropped-TRUUSK.png?fit=2032%2C917&ssl=1","width":2032,"height":917,"caption":"TRUUSK - Hem, Tr\u00e4dg\u00e5rd & Fritid"},"image":{"@id":"https:\/\/truusk.store\/sv\/#\/schema\/logo\/image\/"}}]}},"jetpack_sharing_enabled":true,"_links":{"self":[{"href":"https:\/\/truusk.store\/sv\/wp-json\/wp\/v2\/product\/40871","targetHints":{"allow":["GET"]}}],"collection":[{"href":"https:\/\/truusk.store\/sv\/wp-json\/wp\/v2\/product"}],"about":[{"href":"https:\/\/truusk.store\/sv\/wp-json\/wp\/v2\/types\/product"}],"wp:featuredmedia":[{"embeddable":true,"href":"https:\/\/truusk.store\/sv\/wp-json\/wp\/v2\/media\/40872"}],"wp:attachment":[{"href":"https:\/\/truusk.store\/sv\/wp-json\/wp\/v2\/media?parent=40871"}],"wp:term":[{"taxonomy":"product_brand","embeddable":true,"href":"https:\/\/truusk.store\/sv\/wp-json\/wp\/v2\/product_brand?post=40871"},{"taxonomy":"product_cat","embeddable":true,"href":"https:\/\/truusk.store\/sv\/wp-json\/wp\/v2\/product_cat?post=40871"},{"taxonomy":"product_tag","embeddable":true,"href":"https:\/\/truusk.store\/sv\/wp-json\/wp\/v2\/product_tag?post=40871"}],"curies":[{"name":"wp","href":"https:\/\/api.w.org\/{rel}","templated":true}]}}