{"id":40888,"date":"2024-02-14T03:01:58","date_gmt":"2024-02-14T02:01:58","guid":{"rendered":"https:\/\/truusk.store\/product\/paviljong-partytalt-med-flugnat-vindtak-upp-till-15-personer-morkgra-3-x-6-x-3-m\/"},"modified":"2026-03-12T09:16:36","modified_gmt":"2026-03-12T08:16:36","slug":"truusk-paviljong-partytalt-med-flugnat-och-vindtak-upp-till-15-personer-morkgra-3x6x3m","status":"publish","type":"product","link":"https:\/\/truusk.store\/sv\/produkt\/truusk-paviljong-partytalt-med-flugnat-och-vindtak-upp-till-15-personer-morkgra-3x6x3m\/","title":{"rendered":"TRUUSK Paviljong Partyt\u00e4lt &#8211; Med Flugn\u00e4t och Vindtak &#8211; Upp Till 15 Personer &#8211; M\u00f6rkgr\u00e5 &#8211; 3x6x3m"},"content":{"rendered":"<p>erbjuder dig m\u00f6jligheten att ta emot upp till 15 personer utan att k\u00e4nna dig tr\u00e5ng eller \u00f6verfull. Denna paviljong som m\u00e4ter 3 x 6 meter ger gott om skugga, medan de medf\u00f6ljande sidogardinerna ger behaglig avskildhet och h\u00e5ller insekter borta. Tack vare vindtaket uppn\u00e5s optimal ventilation och st\u00f6rre stabilitet s\u00e4kerst\u00e4lls i bl\u00e5siga f\u00f6rh\u00e5llanden. 12 medf\u00f6ljande markspikar hj\u00e4lper dig ocks\u00e5 att s\u00e4kert fixa paviljongen.<\/p>\n<h3>Beskrivning:<\/h3>\n<ul>\n<li>Gott om plats f\u00f6r upp till 15 personer f\u00f6r picknick, fest och grillning<\/li>\n<li>Mycket skugga tack vare det stora taket<\/li>\n<li>Stark pulverlackerad metallram: rosts\u00e4ker och stabil<\/li>\n<li>Vindtak s\u00e4kerst\u00e4ller b\u00e4ttre luftcirkulation och st\u00f6rre stabilitet i bl\u00e5siga f\u00f6rh\u00e5llanden<\/li>\n<li>Har 12 dr\u00e4neringsh\u00e5l f\u00f6r att f\u00f6rhindra vattenansamling<\/li>\n<li>Gardiner ger trevlig avskildhet om s\u00e5 \u00f6nskas<\/li>\n<li>Flugn\u00e4t skyddar mot insekter utan att hindra sikt eller luftv\u00e4xling<\/li>\n<li>Utrustad med 12 markspetsar f\u00f6r s\u00e4ker fixering<\/li>\n<li>Montering kr\u00e4vs<\/li>\n<\/ul>\n<h3>Teknisk data:<\/h3>\n<ul>\n<li>F\u00e4rg: M\u00f6rkgr\u00e5<\/li>\n<li>Material: Elektropl\u00e4terad metall, polyester, nylon<\/li>\n<li>Totala m\u00e5tt: 300L x 600W x 278H cm<\/li>\n<li>Takfotsh\u00f6jd: 190 cm<\/li>\n<li>Avst\u00e5nd mellan st\u00f6d: 285L x 290W cm<\/li>\n<li>OBS: Vi rekommenderar att du st\u00e4ller upp med tre eller fler personer. Ta bort takpresenningen vid h\u00e5rd vind eller nederb\u00f6rd f\u00f6r att undvika skador.<\/li>\n<\/ul>\n<h3>Leveransens omfattning:<\/h3>\n<ul>\n<li>1 x Gazebo<\/li>\n<li>12 x Ground Spikes<\/li>\n<li>12 x pluggar<\/li>\n<li>1 x Instruktioner<\/li>\n<li>VIKTIGT: Vi levererar varan till trottoarkanten utan kostnad. Se till att du anger r\u00e4tt adress och telefonnummer.<\/li>\n<\/ul>\n","protected":false},"excerpt":{"rendered":"<p>erbjuder dig m\u00f6jligheten att ta emot upp till 15 personer utan att k\u00e4nna dig tr\u00e5ng eller \u00f6verfull. Denna paviljong som&#8230;<\/p>\n","protected":false},"featured_media":40889,"template":"","meta":[],"product_brand":[],"product_cat":[477,435,476],"product_tag":[],"class_list":{"0":"post-40888","1":"product","2":"type-product","3":"status-publish","4":"has-post-thumbnail","6":"product_cat-paviljonger-partytalt","7":"product_cat-tradgard-och-terrass","8":"product_cat-tradgardspaviljonger","10":"first","11":"instock","12":"sale","13":"taxable","14":"shipping-taxable","15":"purchasable","16":"product-type-simple"},"yoast_head":"<!-- This site is optimized with the Yoast SEO plugin v25.4 - https:\/\/yoast.com\/wordpress\/plugins\/seo\/ -->\n<title>TRUUSK Paviljong Partyt\u00e4lt - Med Flugn\u00e4t och Vindtak - Upp Till 15 Personer - M\u00f6rkgr\u00e5 - 3x6x3m - TRUUSK - Hem, Tr\u00e4dg\u00e5rd &amp; Fritid<\/title>\n<meta name=\"robots\" content=\"index, follow, max-snippet:-1, max-image-preview:large, max-video-preview:-1\" \/>\n<link rel=\"canonical\" href=\"https:\/\/truusk.store\/sv\/produkt\/truusk-paviljong-partytalt-med-flugnat-och-vindtak-upp-till-15-personer-morkgra-3x6x3m\/\" \/>\n<meta property=\"og:locale\" content=\"sv_SE\" \/>\n<meta property=\"og:type\" content=\"article\" \/>\n<meta property=\"og:title\" content=\"TRUUSK Paviljong Partyt\u00e4lt - Med Flugn\u00e4t och Vindtak - Upp Till 15 Personer - M\u00f6rkgr\u00e5 - 3x6x3m - TRUUSK - Hem, Tr\u00e4dg\u00e5rd &amp; Fritid\" \/>\n<meta property=\"og:description\" content=\"erbjuder dig m\u00f6jligheten att ta emot upp till 15 personer utan att k\u00e4nna dig tr\u00e5ng eller \u00f6verfull. Denna paviljong som...\" \/>\n<meta property=\"og:url\" content=\"https:\/\/truusk.store\/sv\/produkt\/truusk-paviljong-partytalt-med-flugnat-och-vindtak-upp-till-15-personer-morkgra-3x6x3m\/\" \/>\n<meta property=\"og:site_name\" content=\"TRUUSK - Hem, Tr\u00e4dg\u00e5rd &amp; Fritid\" \/>\n<meta property=\"article:modified_time\" content=\"2026-03-12T08:16:36+00:00\" \/>\n<meta property=\"og:image\" content=\"https:\/\/i0.wp.com\/truusk.se\/wp-content\/uploads\/2024\/02\/paviljong-partytalt-med-flugnat-vindtak-upp-till-15-personer-morkgra-3-x-6-x-3-m.webp?fit=800%2C800&ssl=1\" \/>\n\t<meta property=\"og:image:width\" content=\"800\" \/>\n\t<meta property=\"og:image:height\" content=\"800\" \/>\n\t<meta property=\"og:image:type\" content=\"image\/webp\" \/>\n<meta name=\"twitter:card\" content=\"summary_large_image\" \/>\n<meta name=\"twitter:label1\" content=\"Ber\u00e4knad l\u00e4stid\" \/>\n\t<meta name=\"twitter:data1\" content=\"1 minut\" \/>\n<!-- \/ Yoast SEO plugin. -->","yoast_head_json":{"title":"TRUUSK Paviljong Partyt\u00e4lt - Med Flugn\u00e4t och Vindtak - Upp Till 15 Personer - M\u00f6rkgr\u00e5 - 3x6x3m - TRUUSK - Hem, Tr\u00e4dg\u00e5rd &amp; Fritid","robots":{"index":"index","follow":"follow","max-snippet":"max-snippet:-1","max-image-preview":"max-image-preview:large","max-video-preview":"max-video-preview:-1"},"canonical":"https:\/\/truusk.store\/sv\/produkt\/truusk-paviljong-partytalt-med-flugnat-och-vindtak-upp-till-15-personer-morkgra-3x6x3m\/","og_locale":"sv_SE","og_type":"article","og_title":"TRUUSK Paviljong Partyt\u00e4lt - Med Flugn\u00e4t och Vindtak - Upp Till 15 Personer - M\u00f6rkgr\u00e5 - 3x6x3m - TRUUSK - Hem, Tr\u00e4dg\u00e5rd &amp; Fritid","og_description":"erbjuder dig m\u00f6jligheten att ta emot upp till 15 personer utan att k\u00e4nna dig tr\u00e5ng eller \u00f6verfull. Denna paviljong som...","og_url":"https:\/\/truusk.store\/sv\/produkt\/truusk-paviljong-partytalt-med-flugnat-och-vindtak-upp-till-15-personer-morkgra-3x6x3m\/","og_site_name":"TRUUSK - Hem, Tr\u00e4dg\u00e5rd &amp; Fritid","article_modified_time":"2026-03-12T08:16:36+00:00","og_image":[{"width":800,"height":800,"url":"https:\/\/i0.wp.com\/truusk.se\/wp-content\/uploads\/2024\/02\/paviljong-partytalt-med-flugnat-vindtak-upp-till-15-personer-morkgra-3-x-6-x-3-m.webp?fit=800%2C800&ssl=1","type":"image\/webp"}],"twitter_card":"summary_large_image","twitter_misc":{"Ber\u00e4knad l\u00e4stid":"1 minut"},"schema":{"@context":"https:\/\/schema.org","@graph":[{"@type":"WebPage","@id":"https:\/\/truusk.store\/sv\/produkt\/truusk-paviljong-partytalt-med-flugnat-och-vindtak-upp-till-15-personer-morkgra-3x6x3m\/","url":"https:\/\/truusk.store\/sv\/produkt\/truusk-paviljong-partytalt-med-flugnat-och-vindtak-upp-till-15-personer-morkgra-3x6x3m\/","name":"TRUUSK Paviljong Partyt\u00e4lt - Med Flugn\u00e4t och Vindtak - Upp Till 15 Personer - M\u00f6rkgr\u00e5 - 3x6x3m - TRUUSK - Hem, Tr\u00e4dg\u00e5rd &amp; Fritid","isPartOf":{"@id":"https:\/\/truusk.store\/sv\/#website"},"primaryImageOfPage":{"@id":"https:\/\/truusk.store\/sv\/produkt\/truusk-paviljong-partytalt-med-flugnat-och-vindtak-upp-till-15-personer-morkgra-3x6x3m\/#primaryimage"},"image":{"@id":"https:\/\/truusk.store\/sv\/produkt\/truusk-paviljong-partytalt-med-flugnat-och-vindtak-upp-till-15-personer-morkgra-3x6x3m\/#primaryimage"},"thumbnailUrl":"https:\/\/i0.wp.com\/truusk.store\/wp-content\/uploads\/2024\/02\/paviljong-partytalt-med-flugnat-vindtak-upp-till-15-personer-morkgra-3-x-6-x-3-m.webp?fit=800%2C800&ssl=1","datePublished":"2024-02-14T02:01:58+00:00","dateModified":"2026-03-12T08:16:36+00:00","breadcrumb":{"@id":"https:\/\/truusk.store\/sv\/produkt\/truusk-paviljong-partytalt-med-flugnat-och-vindtak-upp-till-15-personer-morkgra-3x6x3m\/#breadcrumb"},"inLanguage":"sv-SE","potentialAction":[{"@type":"ReadAction","target":["https:\/\/truusk.store\/sv\/produkt\/truusk-paviljong-partytalt-med-flugnat-och-vindtak-upp-till-15-personer-morkgra-3x6x3m\/"]}]},{"@type":"ImageObject","inLanguage":"sv-SE","@id":"https:\/\/truusk.store\/sv\/produkt\/truusk-paviljong-partytalt-med-flugnat-och-vindtak-upp-till-15-personer-morkgra-3x6x3m\/#primaryimage","url":"https:\/\/i0.wp.com\/truusk.store\/wp-content\/uploads\/2024\/02\/paviljong-partytalt-med-flugnat-vindtak-upp-till-15-personer-morkgra-3-x-6-x-3-m.webp?fit=800%2C800&ssl=1","contentUrl":"https:\/\/i0.wp.com\/truusk.store\/wp-content\/uploads\/2024\/02\/paviljong-partytalt-med-flugnat-vindtak-upp-till-15-personer-morkgra-3-x-6-x-3-m.webp?fit=800%2C800&ssl=1","width":800,"height":800,"caption":"Paviljong, Partyt\u00e4lt, Med Flugn\u00e4t, Vindtak, Upp Till 15 Personer, M\u00f6rkgr\u00e5, 3 X 6 X 3 M 1"},{"@type":"BreadcrumbList","@id":"https:\/\/truusk.store\/sv\/produkt\/truusk-paviljong-partytalt-med-flugnat-och-vindtak-upp-till-15-personer-morkgra-3x6x3m\/#breadcrumb","itemListElement":[{"@type":"ListItem","position":1,"name":"Home","item":"https:\/\/truusk.store\/sv\/"},{"@type":"ListItem","position":2,"name":"Shop","item":"https:\/\/truusk.store\/shop\/"},{"@type":"ListItem","position":3,"name":"TRUUSK Paviljong Partyt\u00e4lt &#8211; Med Flugn\u00e4t och Vindtak &#8211; Upp Till 15 Personer &#8211; M\u00f6rkgr\u00e5 &#8211; 3x6x3m"}]},{"@type":"WebSite","@id":"https:\/\/truusk.store\/sv\/#website","url":"https:\/\/truusk.store\/sv\/","name":"TRUUSK - Hem, Tr\u00e4dg\u00e5rd & Fritid","description":"","publisher":{"@id":"https:\/\/truusk.store\/sv\/#organization"},"potentialAction":[{"@type":"SearchAction","target":{"@type":"EntryPoint","urlTemplate":"https:\/\/truusk.store\/sv\/?s={search_term_string}"},"query-input":{"@type":"PropertyValueSpecification","valueRequired":true,"valueName":"search_term_string"}}],"inLanguage":"sv-SE"},{"@type":"Organization","@id":"https:\/\/truusk.store\/sv\/#organization","name":"TRUUSK - Hem, Tr\u00e4dg\u00e5rd & Fritid","url":"https:\/\/truusk.store\/sv\/","logo":{"@type":"ImageObject","inLanguage":"sv-SE","@id":"https:\/\/truusk.store\/sv\/#\/schema\/logo\/image\/","url":"https:\/\/i0.wp.com\/truusk.store\/wp-content\/uploads\/2026\/03\/cropped-TRUUSK.png?fit=2032%2C917&ssl=1","contentUrl":"https:\/\/i0.wp.com\/truusk.store\/wp-content\/uploads\/2026\/03\/cropped-TRUUSK.png?fit=2032%2C917&ssl=1","width":2032,"height":917,"caption":"TRUUSK - Hem, Tr\u00e4dg\u00e5rd & Fritid"},"image":{"@id":"https:\/\/truusk.store\/sv\/#\/schema\/logo\/image\/"}}]}},"jetpack_sharing_enabled":true,"_links":{"self":[{"href":"https:\/\/truusk.store\/sv\/wp-json\/wp\/v2\/product\/40888","targetHints":{"allow":["GET"]}}],"collection":[{"href":"https:\/\/truusk.store\/sv\/wp-json\/wp\/v2\/product"}],"about":[{"href":"https:\/\/truusk.store\/sv\/wp-json\/wp\/v2\/types\/product"}],"wp:featuredmedia":[{"embeddable":true,"href":"https:\/\/truusk.store\/sv\/wp-json\/wp\/v2\/media\/40889"}],"wp:attachment":[{"href":"https:\/\/truusk.store\/sv\/wp-json\/wp\/v2\/media?parent=40888"}],"wp:term":[{"taxonomy":"product_brand","embeddable":true,"href":"https:\/\/truusk.store\/sv\/wp-json\/wp\/v2\/product_brand?post=40888"},{"taxonomy":"product_cat","embeddable":true,"href":"https:\/\/truusk.store\/sv\/wp-json\/wp\/v2\/product_cat?post=40888"},{"taxonomy":"product_tag","embeddable":true,"href":"https:\/\/truusk.store\/sv\/wp-json\/wp\/v2\/product_tag?post=40888"}],"curies":[{"name":"wp","href":"https:\/\/api.w.org\/{rel}","templated":true}]}}