{"id":40939,"date":"2024-02-14T03:04:01","date_gmt":"2024-02-14T02:04:01","guid":{"rendered":"https:\/\/truusk.store\/product\/ersattningspresenning-for-3x3m-paviljonger-med-vattendraneringshal-250-x-255-m-morkgra\/"},"modified":"2026-03-12T09:16:37","modified_gmt":"2026-03-12T08:16:37","slug":"truusk-ersattningspresenning-for-3x3m-paviljonger-vattenavledningshal-morkgra-250-x-255-m","status":"publish","type":"product","link":"https:\/\/truusk.store\/sv\/produkt\/truusk-ersattningspresenning-for-3x3m-paviljonger-vattenavledningshal-morkgra-250-x-255-m\/","title":{"rendered":"TRUUSK Ers\u00e4ttningspresenning F\u00f6r 3x3m Paviljonger &#8211; Vattenavledningsh\u00e5l &#8211; M\u00f6rkgr\u00e5 &#8211; 2,50 x 2,55 m"},"content":{"rendered":"<p>Du har ett lusthus och funderar p\u00e5 att sl\u00e4nga det eftersom tyget \u00e4r skadat \u2013 g\u00f6r inte det! Med v\u00e5rt smarta utbytestak kan du f\u00e5 din paviljong att gl\u00e4nsa i ny prakt. Detta speciella ers\u00e4ttningstak \u00e4r l\u00e4mpligt f\u00f6r 3x3m lusthus med inf\u00e4llbart tak, som modell Sku: 84C-054GY, 84C-054BK. Kontrollera helt enkelt produktens kompatibilitet med ramen p\u00e5 ditt lusthus och installera det nya taket p\u00e5 n\u00e5gra minuter, det \u00e4r allt!<\/p>\n<h3>Beskrivning:<\/h3>\n<ul>\n<li>Endast l\u00e4mplig f\u00f6r 3 x 3 m lusthus (Sku: 84C-054GY, 84C-054BK)<\/li>\n<li>Med 10 dr\u00e4neringsh\u00e5l f\u00f6r att f\u00f6rhindra ansamling av regnvatten<\/li>\n<li>H\u00e5l i presenningen f\u00f6r enkel montering p\u00e5 paviljongens ram (endast presenningen ing\u00e5r i leveransen)<\/li>\n<li>I leveransomfattningen ing\u00e5r inte paviljongens ram eller de inf\u00e4llbara takr\u00e4lsen, utan endast takpresenningen<\/li>\n<li>Kontrollera produktkompatibiliteten och m\u00e4t ditt lusthus innan du k\u00f6per ett nytt tak<\/li>\n<li>Anv\u00e4nd inte produkten i ogynnsamma v\u00e4derf\u00f6rh\u00e5llanden som stormar, stark vind eller kraftigt regn<\/li>\n<\/ul>\n<h3>Teknisk data:<\/h3>\n<ul>\n<li>F\u00e4rg: M\u00f6rkgr\u00e5<\/li>\n<li>Material: 100 % polyester (180 g\/m)<\/li>\n<li>Totala m\u00e5tt: 250L x 255W cm<\/li>\n<li>L\u00e4mpliga paviljonger: 3 x 3 m<\/li>\n<li>Dr\u00e4neringsh\u00e5l: 14 mm<\/li>\n<\/ul>\n<h3>Leveransens omfattning:<\/h3>\n<ul>\n<li>1 x Ers\u00e4ttningstak f\u00f6r lusthus;<\/li>\n<\/ul>\n","protected":false},"excerpt":{"rendered":"<p>Du har ett lusthus och funderar p\u00e5 att sl\u00e4nga det eftersom tyget \u00e4r skadat \u2013 g\u00f6r inte det! Med v\u00e5rt&#8230;<\/p>\n","protected":false},"featured_media":40940,"template":"","meta":[],"product_brand":[],"product_cat":[479,435,476],"product_tag":[],"class_list":{"0":"post-40939","1":"product","2":"type-product","3":"status-publish","4":"has-post-thumbnail","6":"product_cat-paviljongtak","7":"product_cat-tradgard-och-terrass","8":"product_cat-tradgardspaviljonger","10":"first","11":"instock","12":"sale","13":"taxable","14":"shipping-taxable","15":"purchasable","16":"product-type-simple"},"yoast_head":"<!-- This site is optimized with the Yoast SEO plugin v25.4 - https:\/\/yoast.com\/wordpress\/plugins\/seo\/ -->\n<title>TRUUSK Ers\u00e4ttningspresenning F\u00f6r 3x3m Paviljonger - Vattenavledningsh\u00e5l - M\u00f6rkgr\u00e5 - 2,50 x 2,55 m - TRUUSK - Hem, Tr\u00e4dg\u00e5rd &amp; Fritid<\/title>\n<meta name=\"robots\" content=\"index, follow, max-snippet:-1, max-image-preview:large, max-video-preview:-1\" \/>\n<link rel=\"canonical\" href=\"https:\/\/truusk.store\/sv\/produkt\/truusk-ersattningspresenning-for-3x3m-paviljonger-vattenavledningshal-morkgra-250-x-255-m\/\" \/>\n<meta property=\"og:locale\" content=\"sv_SE\" \/>\n<meta property=\"og:type\" content=\"article\" \/>\n<meta property=\"og:title\" content=\"TRUUSK Ers\u00e4ttningspresenning F\u00f6r 3x3m Paviljonger - Vattenavledningsh\u00e5l - M\u00f6rkgr\u00e5 - 2,50 x 2,55 m - TRUUSK - Hem, Tr\u00e4dg\u00e5rd &amp; Fritid\" \/>\n<meta property=\"og:description\" content=\"Du har ett lusthus och funderar p\u00e5 att sl\u00e4nga det eftersom tyget \u00e4r skadat \u2013 g\u00f6r inte det! Med v\u00e5rt...\" \/>\n<meta property=\"og:url\" content=\"https:\/\/truusk.store\/sv\/produkt\/truusk-ersattningspresenning-for-3x3m-paviljonger-vattenavledningshal-morkgra-250-x-255-m\/\" \/>\n<meta property=\"og:site_name\" content=\"TRUUSK - Hem, Tr\u00e4dg\u00e5rd &amp; Fritid\" \/>\n<meta property=\"article:modified_time\" content=\"2026-03-12T08:16:37+00:00\" \/>\n<meta property=\"og:image\" content=\"https:\/\/i0.wp.com\/truusk.se\/wp-content\/uploads\/2024\/02\/ersattningspresenning-for-3x3m-paviljonger-med-vattendraneringshal-250-x-255-m-morkgra.webp?fit=800%2C800&ssl=1\" \/>\n\t<meta property=\"og:image:width\" content=\"800\" \/>\n\t<meta property=\"og:image:height\" content=\"800\" \/>\n\t<meta property=\"og:image:type\" content=\"image\/webp\" \/>\n<meta name=\"twitter:card\" content=\"summary_large_image\" \/>\n<meta name=\"twitter:label1\" content=\"Ber\u00e4knad l\u00e4stid\" \/>\n\t<meta name=\"twitter:data1\" content=\"1 minut\" \/>\n<!-- \/ Yoast SEO plugin. -->","yoast_head_json":{"title":"TRUUSK Ers\u00e4ttningspresenning F\u00f6r 3x3m Paviljonger - Vattenavledningsh\u00e5l - M\u00f6rkgr\u00e5 - 2,50 x 2,55 m - TRUUSK - Hem, Tr\u00e4dg\u00e5rd &amp; Fritid","robots":{"index":"index","follow":"follow","max-snippet":"max-snippet:-1","max-image-preview":"max-image-preview:large","max-video-preview":"max-video-preview:-1"},"canonical":"https:\/\/truusk.store\/sv\/produkt\/truusk-ersattningspresenning-for-3x3m-paviljonger-vattenavledningshal-morkgra-250-x-255-m\/","og_locale":"sv_SE","og_type":"article","og_title":"TRUUSK Ers\u00e4ttningspresenning F\u00f6r 3x3m Paviljonger - Vattenavledningsh\u00e5l - M\u00f6rkgr\u00e5 - 2,50 x 2,55 m - TRUUSK - Hem, Tr\u00e4dg\u00e5rd &amp; Fritid","og_description":"Du har ett lusthus och funderar p\u00e5 att sl\u00e4nga det eftersom tyget \u00e4r skadat \u2013 g\u00f6r inte det! Med v\u00e5rt...","og_url":"https:\/\/truusk.store\/sv\/produkt\/truusk-ersattningspresenning-for-3x3m-paviljonger-vattenavledningshal-morkgra-250-x-255-m\/","og_site_name":"TRUUSK - Hem, Tr\u00e4dg\u00e5rd &amp; Fritid","article_modified_time":"2026-03-12T08:16:37+00:00","og_image":[{"width":800,"height":800,"url":"https:\/\/i0.wp.com\/truusk.se\/wp-content\/uploads\/2024\/02\/ersattningspresenning-for-3x3m-paviljonger-med-vattendraneringshal-250-x-255-m-morkgra.webp?fit=800%2C800&ssl=1","type":"image\/webp"}],"twitter_card":"summary_large_image","twitter_misc":{"Ber\u00e4knad l\u00e4stid":"1 minut"},"schema":{"@context":"https:\/\/schema.org","@graph":[{"@type":"WebPage","@id":"https:\/\/truusk.store\/sv\/produkt\/truusk-ersattningspresenning-for-3x3m-paviljonger-vattenavledningshal-morkgra-250-x-255-m\/","url":"https:\/\/truusk.store\/sv\/produkt\/truusk-ersattningspresenning-for-3x3m-paviljonger-vattenavledningshal-morkgra-250-x-255-m\/","name":"TRUUSK Ers\u00e4ttningspresenning F\u00f6r 3x3m Paviljonger - Vattenavledningsh\u00e5l - M\u00f6rkgr\u00e5 - 2,50 x 2,55 m - TRUUSK - Hem, Tr\u00e4dg\u00e5rd &amp; Fritid","isPartOf":{"@id":"https:\/\/truusk.store\/sv\/#website"},"primaryImageOfPage":{"@id":"https:\/\/truusk.store\/sv\/produkt\/truusk-ersattningspresenning-for-3x3m-paviljonger-vattenavledningshal-morkgra-250-x-255-m\/#primaryimage"},"image":{"@id":"https:\/\/truusk.store\/sv\/produkt\/truusk-ersattningspresenning-for-3x3m-paviljonger-vattenavledningshal-morkgra-250-x-255-m\/#primaryimage"},"thumbnailUrl":"https:\/\/i0.wp.com\/truusk.store\/wp-content\/uploads\/2024\/02\/ersattningspresenning-for-3x3m-paviljonger-med-vattendraneringshal-250-x-255-m-morkgra.webp?fit=800%2C800&ssl=1","datePublished":"2024-02-14T02:04:01+00:00","dateModified":"2026-03-12T08:16:37+00:00","breadcrumb":{"@id":"https:\/\/truusk.store\/sv\/produkt\/truusk-ersattningspresenning-for-3x3m-paviljonger-vattenavledningshal-morkgra-250-x-255-m\/#breadcrumb"},"inLanguage":"sv-SE","potentialAction":[{"@type":"ReadAction","target":["https:\/\/truusk.store\/sv\/produkt\/truusk-ersattningspresenning-for-3x3m-paviljonger-vattenavledningshal-morkgra-250-x-255-m\/"]}]},{"@type":"ImageObject","inLanguage":"sv-SE","@id":"https:\/\/truusk.store\/sv\/produkt\/truusk-ersattningspresenning-for-3x3m-paviljonger-vattenavledningshal-morkgra-250-x-255-m\/#primaryimage","url":"https:\/\/i0.wp.com\/truusk.store\/wp-content\/uploads\/2024\/02\/ersattningspresenning-for-3x3m-paviljonger-med-vattendraneringshal-250-x-255-m-morkgra.webp?fit=800%2C800&ssl=1","contentUrl":"https:\/\/i0.wp.com\/truusk.store\/wp-content\/uploads\/2024\/02\/ersattningspresenning-for-3x3m-paviljonger-med-vattendraneringshal-250-x-255-m-morkgra.webp?fit=800%2C800&ssl=1","width":800,"height":800,"caption":"Ers\u00e4ttningspresenning F\u00f6r 3x3m Paviljonger, Med Vattendr\u00e4neringsh\u00e5l, 2,50 X 2,55 M, M\u00f6rkgr\u00e5 1"},{"@type":"BreadcrumbList","@id":"https:\/\/truusk.store\/sv\/produkt\/truusk-ersattningspresenning-for-3x3m-paviljonger-vattenavledningshal-morkgra-250-x-255-m\/#breadcrumb","itemListElement":[{"@type":"ListItem","position":1,"name":"Home","item":"https:\/\/truusk.store\/sv\/"},{"@type":"ListItem","position":2,"name":"Shop","item":"https:\/\/truusk.store\/shop\/"},{"@type":"ListItem","position":3,"name":"TRUUSK Ers\u00e4ttningspresenning F\u00f6r 3x3m Paviljonger &#8211; Vattenavledningsh\u00e5l &#8211; M\u00f6rkgr\u00e5 &#8211; 2,50 x 2,55 m"}]},{"@type":"WebSite","@id":"https:\/\/truusk.store\/sv\/#website","url":"https:\/\/truusk.store\/sv\/","name":"TRUUSK - Hem, Tr\u00e4dg\u00e5rd & Fritid","description":"","publisher":{"@id":"https:\/\/truusk.store\/sv\/#organization"},"potentialAction":[{"@type":"SearchAction","target":{"@type":"EntryPoint","urlTemplate":"https:\/\/truusk.store\/sv\/?s={search_term_string}"},"query-input":{"@type":"PropertyValueSpecification","valueRequired":true,"valueName":"search_term_string"}}],"inLanguage":"sv-SE"},{"@type":"Organization","@id":"https:\/\/truusk.store\/sv\/#organization","name":"TRUUSK - Hem, Tr\u00e4dg\u00e5rd & Fritid","url":"https:\/\/truusk.store\/sv\/","logo":{"@type":"ImageObject","inLanguage":"sv-SE","@id":"https:\/\/truusk.store\/sv\/#\/schema\/logo\/image\/","url":"https:\/\/i0.wp.com\/truusk.store\/wp-content\/uploads\/2026\/03\/cropped-TRUUSK.png?fit=2032%2C917&ssl=1","contentUrl":"https:\/\/i0.wp.com\/truusk.store\/wp-content\/uploads\/2026\/03\/cropped-TRUUSK.png?fit=2032%2C917&ssl=1","width":2032,"height":917,"caption":"TRUUSK - Hem, Tr\u00e4dg\u00e5rd & Fritid"},"image":{"@id":"https:\/\/truusk.store\/sv\/#\/schema\/logo\/image\/"}}]}},"jetpack_sharing_enabled":true,"_links":{"self":[{"href":"https:\/\/truusk.store\/sv\/wp-json\/wp\/v2\/product\/40939","targetHints":{"allow":["GET"]}}],"collection":[{"href":"https:\/\/truusk.store\/sv\/wp-json\/wp\/v2\/product"}],"about":[{"href":"https:\/\/truusk.store\/sv\/wp-json\/wp\/v2\/types\/product"}],"wp:featuredmedia":[{"embeddable":true,"href":"https:\/\/truusk.store\/sv\/wp-json\/wp\/v2\/media\/40940"}],"wp:attachment":[{"href":"https:\/\/truusk.store\/sv\/wp-json\/wp\/v2\/media?parent=40939"}],"wp:term":[{"taxonomy":"product_brand","embeddable":true,"href":"https:\/\/truusk.store\/sv\/wp-json\/wp\/v2\/product_brand?post=40939"},{"taxonomy":"product_cat","embeddable":true,"href":"https:\/\/truusk.store\/sv\/wp-json\/wp\/v2\/product_cat?post=40939"},{"taxonomy":"product_tag","embeddable":true,"href":"https:\/\/truusk.store\/sv\/wp-json\/wp\/v2\/product_tag?post=40939"}],"curies":[{"name":"wp","href":"https:\/\/api.w.org\/{rel}","templated":true}]}}