{"id":40987,"date":"2024-02-14T03:05:52","date_gmt":"2024-02-14T02:05:52","guid":{"rendered":"https:\/\/truusk.store\/product\/kladstall-med-sidobord-i-scandi-design-5-kladkrokar-395-cm-x-395-cm-x-171-cm-natur-vit\/"},"modified":"2026-03-12T09:16:39","modified_gmt":"2026-03-12T08:16:39","slug":"truusk-kladstall-i-skandinavisk-design-5-kladkrokar-matt-395-cm-x-395-cm-x-171-cm-natur-vit","status":"publish","type":"product","link":"https:\/\/truusk.store\/sv\/produkt\/truusk-kladstall-i-skandinavisk-design-5-kladkrokar-matt-395-cm-x-395-cm-x-171-cm-natur-vit\/","title":{"rendered":"TRUUSK Kl\u00e4dst\u00e4ll i Skandinavisk Design &#8211; 5 Kl\u00e4dkrokar &#8211; M\u00e5tt 39,5 cm x 39,5 cm x 171 cm &#8211; Natur + Vit"},"content":{"rendered":"<p>Denna 2-i-1 kl\u00e4dh\u00e4ngare l\u00e5ter dig h\u00e4nga dina rockar, v\u00e4skor och halsdukar p\u00e5 krokarna och placera sm\u00e5 f\u00f6rem\u00e5l p\u00e5 sidobordet. Den dubbla funktionen g\u00f6r denna kl\u00e4dh\u00e4ngare extra praktisk. Den m\u00e5lade ytan \u00e4r vattenavvisande, l\u00e4tt att reng\u00f6ra och h\u00e5llbar. Den moderna Scandi-designen passar bra med olika interi\u00f6rer.<\/p>\n<h3>Beskrivning:<\/h3>\n<ul>\n<li>Den moderna Scandi-designen passar bra med olika inredningsstilar<\/li>\n<li>2 i 1 design \u00e4r multifunktionell och kan anv\u00e4ndas som kl\u00e4dh\u00e4ngare och sidobord<\/li>\n<li>L\u00e4mplig f\u00f6r sovrum, hall, garderob, hemmakontor och mycket mer<\/li>\n<li>Tillverkad av bambu, MDF och aluminium f\u00f6r p\u00e5litlig anv\u00e4ndning<\/li>\n<li>Den m\u00e5lade ytan \u00e4r l\u00e4ttsk\u00f6tt<\/li>\n<li>Montering kr\u00e4vs<\/li>\n<\/ul>\n<h3>Teknisk data:<\/h3>\n<ul>\n<li>F\u00e4rg: Natur+Vit<\/li>\n<li>Material: Bambu, MDF, aluminium<\/li>\n<li>\u00d6vergripande m\u00e5tt: 39,5L x 39,5W x 171H cm<\/li>\n<li>Storlek p\u00e5 hyllan: 32,4 x 1,5H cm (\u00f6verst), 39,5 x 1,5H cm (botten)<\/li>\n<li>H\u00e4ngstorlek: 1,8 x 13,5L cm<\/li>\n<li>Benstorlek: 3,5 x 47,5L cm<\/li>\n<li>Upph\u00e4ngning till golvet: 170\/156\/142\/128,5\/112H cm (uppifr\u00e5n och ned)<\/li>\n<li>Viktkapacitet: 25 kg (full), 5 kg (hylla), 3 kg (krok)<\/li>\n<\/ul>\n<h3>Leveransens omfattning:<\/h3>\n<ul>\n<li>1 x kl\u00e4dh\u00e4ngare<\/li>\n<li>1 x manuell<\/li>\n<\/ul>\n","protected":false},"excerpt":{"rendered":"<p>Denna 2-i-1 kl\u00e4dh\u00e4ngare l\u00e5ter dig h\u00e4nga dina rockar, v\u00e4skor och halsdukar p\u00e5 krokarna och placera sm\u00e5 f\u00f6rem\u00e5l p\u00e5 sidobordet. Den&#8230;<\/p>\n","protected":false},"featured_media":40988,"template":"","meta":[],"product_brand":[],"product_cat":[558,485,560],"product_tag":[],"class_list":{"0":"post-40987","1":"product","2":"type-product","3":"status-publish","4":"has-post-thumbnail","6":"product_cat-garderober","7":"product_cat-hus-bo","8":"product_cat-kladhangare","10":"first","11":"instock","12":"sale","13":"taxable","14":"shipping-taxable","15":"purchasable","16":"product-type-simple"},"yoast_head":"<!-- This site is optimized with the Yoast SEO plugin v25.4 - https:\/\/yoast.com\/wordpress\/plugins\/seo\/ -->\n<title>TRUUSK Kl\u00e4dst\u00e4ll i Skandinavisk Design - 5 Kl\u00e4dkrokar - M\u00e5tt 39,5 cm x 39,5 cm x 171 cm - Natur + Vit - TRUUSK - Hem, Tr\u00e4dg\u00e5rd &amp; Fritid<\/title>\n<meta name=\"robots\" content=\"index, follow, max-snippet:-1, max-image-preview:large, max-video-preview:-1\" \/>\n<link rel=\"canonical\" href=\"https:\/\/truusk.store\/sv\/produkt\/truusk-kladstall-i-skandinavisk-design-5-kladkrokar-matt-395-cm-x-395-cm-x-171-cm-natur-vit\/\" \/>\n<meta property=\"og:locale\" content=\"sv_SE\" \/>\n<meta property=\"og:type\" content=\"article\" \/>\n<meta property=\"og:title\" content=\"TRUUSK Kl\u00e4dst\u00e4ll i Skandinavisk Design - 5 Kl\u00e4dkrokar - M\u00e5tt 39,5 cm x 39,5 cm x 171 cm - Natur + Vit - TRUUSK - Hem, Tr\u00e4dg\u00e5rd &amp; Fritid\" \/>\n<meta property=\"og:description\" content=\"Denna 2-i-1 kl\u00e4dh\u00e4ngare l\u00e5ter dig h\u00e4nga dina rockar, v\u00e4skor och halsdukar p\u00e5 krokarna och placera sm\u00e5 f\u00f6rem\u00e5l p\u00e5 sidobordet. Den...\" \/>\n<meta property=\"og:url\" content=\"https:\/\/truusk.store\/sv\/produkt\/truusk-kladstall-i-skandinavisk-design-5-kladkrokar-matt-395-cm-x-395-cm-x-171-cm-natur-vit\/\" \/>\n<meta property=\"og:site_name\" content=\"TRUUSK - Hem, Tr\u00e4dg\u00e5rd &amp; Fritid\" \/>\n<meta property=\"article:modified_time\" content=\"2026-03-12T08:16:39+00:00\" \/>\n<meta property=\"og:image\" content=\"https:\/\/i0.wp.com\/truusk.se\/wp-content\/uploads\/2024\/02\/kladstall-med-sidobord-i-scandi-design-5-kladkrokar-395-cm-x-395-cm-x-171-cm-natur-vit.webp?fit=800%2C800&ssl=1\" \/>\n\t<meta property=\"og:image:width\" content=\"800\" \/>\n\t<meta property=\"og:image:height\" content=\"800\" \/>\n\t<meta property=\"og:image:type\" content=\"image\/webp\" \/>\n<meta name=\"twitter:card\" content=\"summary_large_image\" \/>\n<meta name=\"twitter:label1\" content=\"Ber\u00e4knad l\u00e4stid\" \/>\n\t<meta name=\"twitter:data1\" content=\"1 minut\" \/>\n<!-- \/ Yoast SEO plugin. -->","yoast_head_json":{"title":"TRUUSK Kl\u00e4dst\u00e4ll i Skandinavisk Design - 5 Kl\u00e4dkrokar - M\u00e5tt 39,5 cm x 39,5 cm x 171 cm - Natur + Vit - TRUUSK - Hem, Tr\u00e4dg\u00e5rd &amp; Fritid","robots":{"index":"index","follow":"follow","max-snippet":"max-snippet:-1","max-image-preview":"max-image-preview:large","max-video-preview":"max-video-preview:-1"},"canonical":"https:\/\/truusk.store\/sv\/produkt\/truusk-kladstall-i-skandinavisk-design-5-kladkrokar-matt-395-cm-x-395-cm-x-171-cm-natur-vit\/","og_locale":"sv_SE","og_type":"article","og_title":"TRUUSK Kl\u00e4dst\u00e4ll i Skandinavisk Design - 5 Kl\u00e4dkrokar - M\u00e5tt 39,5 cm x 39,5 cm x 171 cm - Natur + Vit - TRUUSK - Hem, Tr\u00e4dg\u00e5rd &amp; Fritid","og_description":"Denna 2-i-1 kl\u00e4dh\u00e4ngare l\u00e5ter dig h\u00e4nga dina rockar, v\u00e4skor och halsdukar p\u00e5 krokarna och placera sm\u00e5 f\u00f6rem\u00e5l p\u00e5 sidobordet. Den...","og_url":"https:\/\/truusk.store\/sv\/produkt\/truusk-kladstall-i-skandinavisk-design-5-kladkrokar-matt-395-cm-x-395-cm-x-171-cm-natur-vit\/","og_site_name":"TRUUSK - Hem, Tr\u00e4dg\u00e5rd &amp; Fritid","article_modified_time":"2026-03-12T08:16:39+00:00","og_image":[{"width":800,"height":800,"url":"https:\/\/i0.wp.com\/truusk.se\/wp-content\/uploads\/2024\/02\/kladstall-med-sidobord-i-scandi-design-5-kladkrokar-395-cm-x-395-cm-x-171-cm-natur-vit.webp?fit=800%2C800&ssl=1","type":"image\/webp"}],"twitter_card":"summary_large_image","twitter_misc":{"Ber\u00e4knad l\u00e4stid":"1 minut"},"schema":{"@context":"https:\/\/schema.org","@graph":[{"@type":"WebPage","@id":"https:\/\/truusk.store\/sv\/produkt\/truusk-kladstall-i-skandinavisk-design-5-kladkrokar-matt-395-cm-x-395-cm-x-171-cm-natur-vit\/","url":"https:\/\/truusk.store\/sv\/produkt\/truusk-kladstall-i-skandinavisk-design-5-kladkrokar-matt-395-cm-x-395-cm-x-171-cm-natur-vit\/","name":"TRUUSK Kl\u00e4dst\u00e4ll i Skandinavisk Design - 5 Kl\u00e4dkrokar - M\u00e5tt 39,5 cm x 39,5 cm x 171 cm - Natur + Vit - TRUUSK - Hem, Tr\u00e4dg\u00e5rd &amp; Fritid","isPartOf":{"@id":"https:\/\/truusk.store\/sv\/#website"},"primaryImageOfPage":{"@id":"https:\/\/truusk.store\/sv\/produkt\/truusk-kladstall-i-skandinavisk-design-5-kladkrokar-matt-395-cm-x-395-cm-x-171-cm-natur-vit\/#primaryimage"},"image":{"@id":"https:\/\/truusk.store\/sv\/produkt\/truusk-kladstall-i-skandinavisk-design-5-kladkrokar-matt-395-cm-x-395-cm-x-171-cm-natur-vit\/#primaryimage"},"thumbnailUrl":"https:\/\/i0.wp.com\/truusk.store\/wp-content\/uploads\/2024\/02\/kladstall-med-sidobord-i-scandi-design-5-kladkrokar-395-cm-x-395-cm-x-171-cm-natur-vit.webp?fit=800%2C800&ssl=1","datePublished":"2024-02-14T02:05:52+00:00","dateModified":"2026-03-12T08:16:39+00:00","breadcrumb":{"@id":"https:\/\/truusk.store\/sv\/produkt\/truusk-kladstall-i-skandinavisk-design-5-kladkrokar-matt-395-cm-x-395-cm-x-171-cm-natur-vit\/#breadcrumb"},"inLanguage":"sv-SE","potentialAction":[{"@type":"ReadAction","target":["https:\/\/truusk.store\/sv\/produkt\/truusk-kladstall-i-skandinavisk-design-5-kladkrokar-matt-395-cm-x-395-cm-x-171-cm-natur-vit\/"]}]},{"@type":"ImageObject","inLanguage":"sv-SE","@id":"https:\/\/truusk.store\/sv\/produkt\/truusk-kladstall-i-skandinavisk-design-5-kladkrokar-matt-395-cm-x-395-cm-x-171-cm-natur-vit\/#primaryimage","url":"https:\/\/i0.wp.com\/truusk.store\/wp-content\/uploads\/2024\/02\/kladstall-med-sidobord-i-scandi-design-5-kladkrokar-395-cm-x-395-cm-x-171-cm-natur-vit.webp?fit=800%2C800&ssl=1","contentUrl":"https:\/\/i0.wp.com\/truusk.store\/wp-content\/uploads\/2024\/02\/kladstall-med-sidobord-i-scandi-design-5-kladkrokar-395-cm-x-395-cm-x-171-cm-natur-vit.webp?fit=800%2C800&ssl=1","width":800,"height":800,"caption":"Kl\u00e4dst\u00e4ll Med Sidobord I Scandi Design, 5 Kl\u00e4dkrokar, 39,5 Cm X 39,5 Cm X 171 Cm, Natur + Vit 1"},{"@type":"BreadcrumbList","@id":"https:\/\/truusk.store\/sv\/produkt\/truusk-kladstall-i-skandinavisk-design-5-kladkrokar-matt-395-cm-x-395-cm-x-171-cm-natur-vit\/#breadcrumb","itemListElement":[{"@type":"ListItem","position":1,"name":"Home","item":"https:\/\/truusk.store\/sv\/"},{"@type":"ListItem","position":2,"name":"Shop","item":"https:\/\/truusk.store\/shop\/"},{"@type":"ListItem","position":3,"name":"TRUUSK Kl\u00e4dst\u00e4ll i Skandinavisk Design &#8211; 5 Kl\u00e4dkrokar &#8211; M\u00e5tt 39,5 cm x 39,5 cm x 171 cm &#8211; Natur + Vit"}]},{"@type":"WebSite","@id":"https:\/\/truusk.store\/sv\/#website","url":"https:\/\/truusk.store\/sv\/","name":"TRUUSK - Hem, Tr\u00e4dg\u00e5rd & Fritid","description":"","publisher":{"@id":"https:\/\/truusk.store\/sv\/#organization"},"potentialAction":[{"@type":"SearchAction","target":{"@type":"EntryPoint","urlTemplate":"https:\/\/truusk.store\/sv\/?s={search_term_string}"},"query-input":{"@type":"PropertyValueSpecification","valueRequired":true,"valueName":"search_term_string"}}],"inLanguage":"sv-SE"},{"@type":"Organization","@id":"https:\/\/truusk.store\/sv\/#organization","name":"TRUUSK - Hem, Tr\u00e4dg\u00e5rd & Fritid","url":"https:\/\/truusk.store\/sv\/","logo":{"@type":"ImageObject","inLanguage":"sv-SE","@id":"https:\/\/truusk.store\/sv\/#\/schema\/logo\/image\/","url":"https:\/\/i0.wp.com\/truusk.store\/wp-content\/uploads\/2026\/03\/cropped-TRUUSK.png?fit=2032%2C917&ssl=1","contentUrl":"https:\/\/i0.wp.com\/truusk.store\/wp-content\/uploads\/2026\/03\/cropped-TRUUSK.png?fit=2032%2C917&ssl=1","width":2032,"height":917,"caption":"TRUUSK - Hem, Tr\u00e4dg\u00e5rd & Fritid"},"image":{"@id":"https:\/\/truusk.store\/sv\/#\/schema\/logo\/image\/"}}]}},"jetpack_sharing_enabled":true,"_links":{"self":[{"href":"https:\/\/truusk.store\/sv\/wp-json\/wp\/v2\/product\/40987","targetHints":{"allow":["GET"]}}],"collection":[{"href":"https:\/\/truusk.store\/sv\/wp-json\/wp\/v2\/product"}],"about":[{"href":"https:\/\/truusk.store\/sv\/wp-json\/wp\/v2\/types\/product"}],"wp:featuredmedia":[{"embeddable":true,"href":"https:\/\/truusk.store\/sv\/wp-json\/wp\/v2\/media\/40988"}],"wp:attachment":[{"href":"https:\/\/truusk.store\/sv\/wp-json\/wp\/v2\/media?parent=40987"}],"wp:term":[{"taxonomy":"product_brand","embeddable":true,"href":"https:\/\/truusk.store\/sv\/wp-json\/wp\/v2\/product_brand?post=40987"},{"taxonomy":"product_cat","embeddable":true,"href":"https:\/\/truusk.store\/sv\/wp-json\/wp\/v2\/product_cat?post=40987"},{"taxonomy":"product_tag","embeddable":true,"href":"https:\/\/truusk.store\/sv\/wp-json\/wp\/v2\/product_tag?post=40987"}],"curies":[{"name":"wp","href":"https:\/\/api.w.org\/{rel}","templated":true}]}}