{"id":41017,"date":"2024-02-14T03:06:56","date_gmt":"2024-02-14T02:06:56","guid":{"rendered":"https:\/\/truusk.store\/product\/tradgardspaviljong-pergola-med-skjuttak-gardiner-aluminiumstomme-morkgra-365-x-255-x-205-m\/"},"modified":"2026-03-12T09:16:39","modified_gmt":"2026-03-12T08:16:39","slug":"truusk-tradgardspaviljong-pergola-med-skjuttak-gardiner-aluminiumstomme-morkgra-365-x-255-x-205-m","status":"publish","type":"product","link":"https:\/\/truusk.store\/sv\/produkt\/truusk-tradgardspaviljong-pergola-med-skjuttak-gardiner-aluminiumstomme-morkgra-365-x-255-x-205-m\/","title":{"rendered":"TRUUSK Tr\u00e4dg\u00e5rdspaviljong &#8211; Pergola med Skjuttak &#8211; Gardiner &#8211; Aluminiumstomme &#8211; M\u00f6rkgr\u00e5 &#8211; 3,65 x 2,55 x 2,05 m"},"content":{"rendered":"<p>Att s\u00e4tta upp en tr\u00e4dg\u00e5rdspaviljong \u00e4r det perfekta s\u00e4ttet att \u00f6ka v\u00e4rdet p\u00e5 din fastighet eftersom det g\u00f6r din tr\u00e4dg\u00e5rd unik! Skjuttaket skapar fler m\u00f6jligheter att anv\u00e4nda tr\u00e4dg\u00e5rden, vistas utomhus eller skapa en privat relaxavdelning. St\u00e4ll in en matplats eller st\u00e4ll in m\u00f6bler f\u00f6r en loungedel. G\u00e5 ut ur din tr\u00e4dg\u00e5rd!<\/p>\n<h3>Beskrivning:<\/h3>\n<ul>\n<li>Tak med tre skjutbara element erbjuder dig olika alternativ, s\u00e5 att du fullt ut kan njuta av sol, skugga och stj\u00e4rnor<\/li>\n<li>Metalltaket ger skydd mot regn, hagel, sn\u00f6 och gassande sol<\/li>\n<li>Aluminiumramen \u00e4r robust och rostbest\u00e4ndig<\/li>\n<li>Gardiner kan blockera sol och UV-str\u00e5lar<\/li>\n<li>Medf\u00f6ljande dymlingar och markspetsar ger extra stabilitet<\/li>\n<li>Praktisk och platsbesparande lutande design<\/li>\n<\/ul>\n<h3>Teknisk data:<\/h3>\n<ul>\n<li>F\u00e4rg: M\u00f6rkgr\u00e5<\/li>\n<li>Material: aluminium, metall, polyester, PC<\/li>\n<li>\u00d6vergripande m\u00e5tt: 365L x 255W x 205\/242H cm<\/li>\n<li>Avst\u00e5nd mellan st\u00f6d: 342L x 225W cm<\/li>\n<li>M\u00e5tt per st\u00f6d: 7,4L x 7,4W cm<\/li>\n<li>M\u00e5tt per gardin: 125W x 195H cm, 302W x 195H cm<\/li>\n<li>F\u00f6tters m\u00e5tt: 17L x 12W cm, 17L x 17W cm<\/li>\n<li>Vindt\u00e4t niv\u00e5: 7 (fixering i marken), 8 (fixering i betong)<\/li>\n<li>Lastkapacitet i sn\u00f6: 25 kg\/<\/li>\n<li>OBS: Rensa bort sn\u00f6n fr\u00e5n taket innan det blir buckligt<\/li>\n<\/ul>\n<h3>Leveransens omfattning:<\/h3>\n<ul>\n<li>1 x Gazebo<\/li>\n<li>14 x Golvspikar<\/li>\n<li>14 x Betongskruvar<\/li>\n<li>8 x v\u00e4ggpluggar<\/li>\n<li>1 x Instruktioner<\/li>\n<li>VIKTIGT: Vi levererar varan till trottoarkanten utan kostnad. Se till att du anger r\u00e4tt adress och telefonnummer.<\/li>\n<\/ul>\n","protected":false},"excerpt":{"rendered":"<p>Att s\u00e4tta upp en tr\u00e4dg\u00e5rdspaviljong \u00e4r det perfekta s\u00e4ttet att \u00f6ka v\u00e4rdet p\u00e5 din fastighet eftersom det g\u00f6r din tr\u00e4dg\u00e5rd&#8230;<\/p>\n","protected":false},"featured_media":41018,"template":"","meta":[],"product_brand":[],"product_cat":[478,435,476],"product_tag":[],"class_list":{"0":"post-41017","1":"product","2":"type-product","3":"status-publish","4":"has-post-thumbnail","6":"product_cat-pergola","7":"product_cat-tradgard-och-terrass","8":"product_cat-tradgardspaviljonger","10":"first","11":"instock","12":"sale","13":"taxable","14":"shipping-taxable","15":"purchasable","16":"product-type-simple"},"yoast_head":"<!-- This site is optimized with the Yoast SEO plugin v25.4 - https:\/\/yoast.com\/wordpress\/plugins\/seo\/ -->\n<title>TRUUSK Tr\u00e4dg\u00e5rdspaviljong - Pergola med Skjuttak - Gardiner - Aluminiumstomme - M\u00f6rkgr\u00e5 - 3,65 x 2,55 x 2,05 m - TRUUSK - Hem, Tr\u00e4dg\u00e5rd &amp; Fritid<\/title>\n<meta name=\"robots\" content=\"index, follow, max-snippet:-1, max-image-preview:large, max-video-preview:-1\" \/>\n<link rel=\"canonical\" href=\"https:\/\/truusk.store\/sv\/produkt\/truusk-tradgardspaviljong-pergola-med-skjuttak-gardiner-aluminiumstomme-morkgra-365-x-255-x-205-m\/\" \/>\n<meta property=\"og:locale\" content=\"sv_SE\" \/>\n<meta property=\"og:type\" content=\"article\" \/>\n<meta property=\"og:title\" content=\"TRUUSK Tr\u00e4dg\u00e5rdspaviljong - Pergola med Skjuttak - Gardiner - Aluminiumstomme - M\u00f6rkgr\u00e5 - 3,65 x 2,55 x 2,05 m - TRUUSK - Hem, Tr\u00e4dg\u00e5rd &amp; Fritid\" \/>\n<meta property=\"og:description\" content=\"Att s\u00e4tta upp en tr\u00e4dg\u00e5rdspaviljong \u00e4r det perfekta s\u00e4ttet att \u00f6ka v\u00e4rdet p\u00e5 din fastighet eftersom det g\u00f6r din tr\u00e4dg\u00e5rd...\" \/>\n<meta property=\"og:url\" content=\"https:\/\/truusk.store\/sv\/produkt\/truusk-tradgardspaviljong-pergola-med-skjuttak-gardiner-aluminiumstomme-morkgra-365-x-255-x-205-m\/\" \/>\n<meta property=\"og:site_name\" content=\"TRUUSK - Hem, Tr\u00e4dg\u00e5rd &amp; Fritid\" \/>\n<meta property=\"article:modified_time\" content=\"2026-03-12T08:16:39+00:00\" \/>\n<meta property=\"og:image\" content=\"https:\/\/i0.wp.com\/truusk.se\/wp-content\/uploads\/2024\/02\/tradgardspaviljong-pergola-med-skjuttak-gardiner-aluminiumstomme-morkgra-365-x-255-x-205-m.webp?fit=800%2C800&ssl=1\" \/>\n\t<meta property=\"og:image:width\" content=\"800\" \/>\n\t<meta property=\"og:image:height\" content=\"800\" \/>\n\t<meta property=\"og:image:type\" content=\"image\/webp\" \/>\n<meta name=\"twitter:card\" content=\"summary_large_image\" \/>\n<meta name=\"twitter:label1\" content=\"Ber\u00e4knad l\u00e4stid\" \/>\n\t<meta name=\"twitter:data1\" content=\"1 minut\" \/>\n<!-- \/ Yoast SEO plugin. -->","yoast_head_json":{"title":"TRUUSK Tr\u00e4dg\u00e5rdspaviljong - Pergola med Skjuttak - Gardiner - Aluminiumstomme - M\u00f6rkgr\u00e5 - 3,65 x 2,55 x 2,05 m - TRUUSK - Hem, Tr\u00e4dg\u00e5rd &amp; Fritid","robots":{"index":"index","follow":"follow","max-snippet":"max-snippet:-1","max-image-preview":"max-image-preview:large","max-video-preview":"max-video-preview:-1"},"canonical":"https:\/\/truusk.store\/sv\/produkt\/truusk-tradgardspaviljong-pergola-med-skjuttak-gardiner-aluminiumstomme-morkgra-365-x-255-x-205-m\/","og_locale":"sv_SE","og_type":"article","og_title":"TRUUSK Tr\u00e4dg\u00e5rdspaviljong - Pergola med Skjuttak - Gardiner - Aluminiumstomme - M\u00f6rkgr\u00e5 - 3,65 x 2,55 x 2,05 m - TRUUSK - Hem, Tr\u00e4dg\u00e5rd &amp; Fritid","og_description":"Att s\u00e4tta upp en tr\u00e4dg\u00e5rdspaviljong \u00e4r det perfekta s\u00e4ttet att \u00f6ka v\u00e4rdet p\u00e5 din fastighet eftersom det g\u00f6r din tr\u00e4dg\u00e5rd...","og_url":"https:\/\/truusk.store\/sv\/produkt\/truusk-tradgardspaviljong-pergola-med-skjuttak-gardiner-aluminiumstomme-morkgra-365-x-255-x-205-m\/","og_site_name":"TRUUSK - Hem, Tr\u00e4dg\u00e5rd &amp; Fritid","article_modified_time":"2026-03-12T08:16:39+00:00","og_image":[{"width":800,"height":800,"url":"https:\/\/i0.wp.com\/truusk.se\/wp-content\/uploads\/2024\/02\/tradgardspaviljong-pergola-med-skjuttak-gardiner-aluminiumstomme-morkgra-365-x-255-x-205-m.webp?fit=800%2C800&ssl=1","type":"image\/webp"}],"twitter_card":"summary_large_image","twitter_misc":{"Ber\u00e4knad l\u00e4stid":"1 minut"},"schema":{"@context":"https:\/\/schema.org","@graph":[{"@type":"WebPage","@id":"https:\/\/truusk.store\/sv\/produkt\/truusk-tradgardspaviljong-pergola-med-skjuttak-gardiner-aluminiumstomme-morkgra-365-x-255-x-205-m\/","url":"https:\/\/truusk.store\/sv\/produkt\/truusk-tradgardspaviljong-pergola-med-skjuttak-gardiner-aluminiumstomme-morkgra-365-x-255-x-205-m\/","name":"TRUUSK Tr\u00e4dg\u00e5rdspaviljong - Pergola med Skjuttak - Gardiner - Aluminiumstomme - M\u00f6rkgr\u00e5 - 3,65 x 2,55 x 2,05 m - TRUUSK - Hem, Tr\u00e4dg\u00e5rd &amp; Fritid","isPartOf":{"@id":"https:\/\/truusk.store\/sv\/#website"},"primaryImageOfPage":{"@id":"https:\/\/truusk.store\/sv\/produkt\/truusk-tradgardspaviljong-pergola-med-skjuttak-gardiner-aluminiumstomme-morkgra-365-x-255-x-205-m\/#primaryimage"},"image":{"@id":"https:\/\/truusk.store\/sv\/produkt\/truusk-tradgardspaviljong-pergola-med-skjuttak-gardiner-aluminiumstomme-morkgra-365-x-255-x-205-m\/#primaryimage"},"thumbnailUrl":"https:\/\/i0.wp.com\/truusk.store\/wp-content\/uploads\/2024\/02\/tradgardspaviljong-pergola-med-skjuttak-gardiner-aluminiumstomme-morkgra-365-x-255-x-205-m.webp?fit=800%2C800&ssl=1","datePublished":"2024-02-14T02:06:56+00:00","dateModified":"2026-03-12T08:16:39+00:00","breadcrumb":{"@id":"https:\/\/truusk.store\/sv\/produkt\/truusk-tradgardspaviljong-pergola-med-skjuttak-gardiner-aluminiumstomme-morkgra-365-x-255-x-205-m\/#breadcrumb"},"inLanguage":"sv-SE","potentialAction":[{"@type":"ReadAction","target":["https:\/\/truusk.store\/sv\/produkt\/truusk-tradgardspaviljong-pergola-med-skjuttak-gardiner-aluminiumstomme-morkgra-365-x-255-x-205-m\/"]}]},{"@type":"ImageObject","inLanguage":"sv-SE","@id":"https:\/\/truusk.store\/sv\/produkt\/truusk-tradgardspaviljong-pergola-med-skjuttak-gardiner-aluminiumstomme-morkgra-365-x-255-x-205-m\/#primaryimage","url":"https:\/\/i0.wp.com\/truusk.store\/wp-content\/uploads\/2024\/02\/tradgardspaviljong-pergola-med-skjuttak-gardiner-aluminiumstomme-morkgra-365-x-255-x-205-m.webp?fit=800%2C800&ssl=1","contentUrl":"https:\/\/i0.wp.com\/truusk.store\/wp-content\/uploads\/2024\/02\/tradgardspaviljong-pergola-med-skjuttak-gardiner-aluminiumstomme-morkgra-365-x-255-x-205-m.webp?fit=800%2C800&ssl=1","width":800,"height":800,"caption":"Tr\u00e4dg\u00e5rdspaviljong, Pergola, Med Skjuttak, Gardiner, Aluminiumstomme, M\u00f6rkgr\u00e5, 3,65 X 2,55 X 2,05 M 1"},{"@type":"BreadcrumbList","@id":"https:\/\/truusk.store\/sv\/produkt\/truusk-tradgardspaviljong-pergola-med-skjuttak-gardiner-aluminiumstomme-morkgra-365-x-255-x-205-m\/#breadcrumb","itemListElement":[{"@type":"ListItem","position":1,"name":"Home","item":"https:\/\/truusk.store\/sv\/"},{"@type":"ListItem","position":2,"name":"Shop","item":"https:\/\/truusk.store\/shop\/"},{"@type":"ListItem","position":3,"name":"TRUUSK Tr\u00e4dg\u00e5rdspaviljong &#8211; Pergola med Skjuttak &#8211; Gardiner &#8211; Aluminiumstomme &#8211; M\u00f6rkgr\u00e5 &#8211; 3,65 x 2,55 x 2,05 m"}]},{"@type":"WebSite","@id":"https:\/\/truusk.store\/sv\/#website","url":"https:\/\/truusk.store\/sv\/","name":"TRUUSK - Hem, Tr\u00e4dg\u00e5rd & Fritid","description":"","publisher":{"@id":"https:\/\/truusk.store\/sv\/#organization"},"potentialAction":[{"@type":"SearchAction","target":{"@type":"EntryPoint","urlTemplate":"https:\/\/truusk.store\/sv\/?s={search_term_string}"},"query-input":{"@type":"PropertyValueSpecification","valueRequired":true,"valueName":"search_term_string"}}],"inLanguage":"sv-SE"},{"@type":"Organization","@id":"https:\/\/truusk.store\/sv\/#organization","name":"TRUUSK - Hem, Tr\u00e4dg\u00e5rd & Fritid","url":"https:\/\/truusk.store\/sv\/","logo":{"@type":"ImageObject","inLanguage":"sv-SE","@id":"https:\/\/truusk.store\/sv\/#\/schema\/logo\/image\/","url":"https:\/\/i0.wp.com\/truusk.store\/wp-content\/uploads\/2026\/03\/cropped-TRUUSK.png?fit=2032%2C917&ssl=1","contentUrl":"https:\/\/i0.wp.com\/truusk.store\/wp-content\/uploads\/2026\/03\/cropped-TRUUSK.png?fit=2032%2C917&ssl=1","width":2032,"height":917,"caption":"TRUUSK - Hem, Tr\u00e4dg\u00e5rd & Fritid"},"image":{"@id":"https:\/\/truusk.store\/sv\/#\/schema\/logo\/image\/"}}]}},"jetpack_sharing_enabled":true,"_links":{"self":[{"href":"https:\/\/truusk.store\/sv\/wp-json\/wp\/v2\/product\/41017","targetHints":{"allow":["GET"]}}],"collection":[{"href":"https:\/\/truusk.store\/sv\/wp-json\/wp\/v2\/product"}],"about":[{"href":"https:\/\/truusk.store\/sv\/wp-json\/wp\/v2\/types\/product"}],"wp:featuredmedia":[{"embeddable":true,"href":"https:\/\/truusk.store\/sv\/wp-json\/wp\/v2\/media\/41018"}],"wp:attachment":[{"href":"https:\/\/truusk.store\/sv\/wp-json\/wp\/v2\/media?parent=41017"}],"wp:term":[{"taxonomy":"product_brand","embeddable":true,"href":"https:\/\/truusk.store\/sv\/wp-json\/wp\/v2\/product_brand?post=41017"},{"taxonomy":"product_cat","embeddable":true,"href":"https:\/\/truusk.store\/sv\/wp-json\/wp\/v2\/product_cat?post=41017"},{"taxonomy":"product_tag","embeddable":true,"href":"https:\/\/truusk.store\/sv\/wp-json\/wp\/v2\/product_tag?post=41017"}],"curies":[{"name":"wp","href":"https:\/\/api.w.org\/{rel}","templated":true}]}}