{"id":41104,"date":"2024-02-14T03:10:18","date_gmt":"2024-02-14T02:10:18","guid":{"rendered":"https:\/\/truusk.store\/product\/upphojd-sang-med-hopfallbar-arbetsyta-lackerat-massivt-tra-invandigt-foder-av-fleece-64cm-x-63cm-x-745cm\/"},"modified":"2026-03-12T09:16:39","modified_gmt":"2026-03-12T08:16:39","slug":"truusk-hopfallbar-arbetsyta-massivt-tra-fleece-foder-64cm-x-63cm-x-745cm","status":"publish","type":"product","link":"https:\/\/truusk.store\/sv\/produkt\/truusk-hopfallbar-arbetsyta-massivt-tra-fleece-foder-64cm-x-63cm-x-745cm\/","title":{"rendered":"TRUUSK Hopf\u00e4llbar Arbetsyta &#8211; Massivt Tr\u00e4 &#8211; Fleece Foder &#8211; 64cm x 63cm x 74,5cm"},"content":{"rendered":"<p>Denna gr\u00f6nsaksb\u00e4dd \u00e4r enkel men praktisk. Tillverkad av starkt, slitstarkt massivt tr\u00e4, med en vikbar sidopanel f\u00f6r att ge extra arbetsyta. Det vattenavvisande innerfodret andas, h\u00e5ller jorden inne och s\u00e4kerst\u00e4ller en h\u00e4lsosam vattenbalans f\u00f6r v\u00e4xterna. H\u00f6gb\u00e4dden skyddar dina v\u00e4xter fr\u00e5n skadedjur, frost och annan v\u00e4derp\u00e5verkan.<\/p>\n<h3>Beskrivning:<\/h3>\n<ul>\n<li>Den upph\u00f6jda v\u00e4xtb\u00e4dden tar p\u00e5frestningarna fr\u00e5n dina kn\u00e4n och rygg<\/li>\n<li>Den vikbara sidov\u00e4ggen erbjuder gott om arbetsyta<\/li>\n<li>Inv\u00e4ndigt foder av fleece f\u00f6rhindrar f\u00f6rlust av jord<\/li>\n<li>Tillverkad av massivt tr\u00e4 f\u00f6r h\u00e5llbarhet och stabilitet<\/li>\n<li>Montering kr\u00e4vs<\/li>\n<\/ul>\n<h3>Teknisk data:<\/h3>\n<ul>\n<li>F\u00e4rg brun<\/li>\n<li>Material: gran<\/li>\n<li>Totala m\u00e5tt: 64L x 63W x 74,5H cm (ovikt), 63L x 39W x 74,5H cm (hopvikt)<\/li>\n<li>Planteringsyta: 60,5L x 31W x 20H cm<\/li>\n<li>Sidobordsstorlek: 63L x 30W cm<\/li>\n<li>Viktkapacitet: 35 kg (planteringsmaskin), 25 kg (bord)<\/li>\n<\/ul>\n<h3>Leveransens omfattning:<\/h3>\n<ul>\n<li>1 x Upph\u00f6jd planteringsl\u00e5da<\/li>\n<li>1 x Instruktioner<\/li>\n<\/ul>\n","protected":false},"excerpt":{"rendered":"<p>Denna gr\u00f6nsaksb\u00e4dd \u00e4r enkel men praktisk. Tillverkad av starkt, slitstarkt massivt tr\u00e4, med en vikbar sidopanel f\u00f6r att ge extra&#8230;<\/p>\n","protected":false},"featured_media":41105,"template":"","meta":[],"product_brand":[],"product_cat":[447,435,443],"product_tag":[],"class_list":{"0":"post-41104","1":"product","2":"type-product","3":"status-publish","4":"has-post-thumbnail","6":"product_cat-planteringsmaskiner","7":"product_cat-tradgard-och-terrass","8":"product_cat-vaxthus-tradgardsskotsel","10":"first","11":"instock","12":"sale","13":"taxable","14":"shipping-taxable","15":"purchasable","16":"product-type-simple"},"yoast_head":"<!-- This site is optimized with the Yoast SEO plugin v25.4 - https:\/\/yoast.com\/wordpress\/plugins\/seo\/ -->\n<title>TRUUSK Hopf\u00e4llbar Arbetsyta - Massivt Tr\u00e4 - Fleece Foder - 64cm x 63cm x 74,5cm - TRUUSK - Hem, Tr\u00e4dg\u00e5rd &amp; Fritid<\/title>\n<meta name=\"robots\" content=\"index, follow, max-snippet:-1, max-image-preview:large, max-video-preview:-1\" \/>\n<link rel=\"canonical\" href=\"https:\/\/truusk.store\/sv\/produkt\/truusk-hopfallbar-arbetsyta-massivt-tra-fleece-foder-64cm-x-63cm-x-745cm\/\" \/>\n<meta property=\"og:locale\" content=\"sv_SE\" \/>\n<meta property=\"og:type\" content=\"article\" \/>\n<meta property=\"og:title\" content=\"TRUUSK Hopf\u00e4llbar Arbetsyta - Massivt Tr\u00e4 - Fleece Foder - 64cm x 63cm x 74,5cm - TRUUSK - Hem, Tr\u00e4dg\u00e5rd &amp; Fritid\" \/>\n<meta property=\"og:description\" content=\"Denna gr\u00f6nsaksb\u00e4dd \u00e4r enkel men praktisk. Tillverkad av starkt, slitstarkt massivt tr\u00e4, med en vikbar sidopanel f\u00f6r att ge extra...\" \/>\n<meta property=\"og:url\" content=\"https:\/\/truusk.store\/sv\/produkt\/truusk-hopfallbar-arbetsyta-massivt-tra-fleece-foder-64cm-x-63cm-x-745cm\/\" \/>\n<meta property=\"og:site_name\" content=\"TRUUSK - Hem, Tr\u00e4dg\u00e5rd &amp; Fritid\" \/>\n<meta property=\"article:modified_time\" content=\"2026-03-12T08:16:39+00:00\" \/>\n<meta property=\"og:image\" content=\"https:\/\/i0.wp.com\/truusk.se\/wp-content\/uploads\/2024\/02\/upphojd-sang-med-hopfallbar-arbetsyta-lackerat-massivt-tra-invandigt-foder-av-fleece-64cm-x-63cm-x-745cm.webp?fit=800%2C800&ssl=1\" \/>\n\t<meta property=\"og:image:width\" content=\"800\" \/>\n\t<meta property=\"og:image:height\" content=\"800\" \/>\n\t<meta property=\"og:image:type\" content=\"image\/webp\" \/>\n<meta name=\"twitter:card\" content=\"summary_large_image\" \/>\n<meta name=\"twitter:label1\" content=\"Ber\u00e4knad l\u00e4stid\" \/>\n\t<meta name=\"twitter:data1\" content=\"1 minut\" \/>\n<!-- \/ Yoast SEO plugin. -->","yoast_head_json":{"title":"TRUUSK Hopf\u00e4llbar Arbetsyta - Massivt Tr\u00e4 - Fleece Foder - 64cm x 63cm x 74,5cm - TRUUSK - Hem, Tr\u00e4dg\u00e5rd &amp; Fritid","robots":{"index":"index","follow":"follow","max-snippet":"max-snippet:-1","max-image-preview":"max-image-preview:large","max-video-preview":"max-video-preview:-1"},"canonical":"https:\/\/truusk.store\/sv\/produkt\/truusk-hopfallbar-arbetsyta-massivt-tra-fleece-foder-64cm-x-63cm-x-745cm\/","og_locale":"sv_SE","og_type":"article","og_title":"TRUUSK Hopf\u00e4llbar Arbetsyta - Massivt Tr\u00e4 - Fleece Foder - 64cm x 63cm x 74,5cm - TRUUSK - Hem, Tr\u00e4dg\u00e5rd &amp; Fritid","og_description":"Denna gr\u00f6nsaksb\u00e4dd \u00e4r enkel men praktisk. Tillverkad av starkt, slitstarkt massivt tr\u00e4, med en vikbar sidopanel f\u00f6r att ge extra...","og_url":"https:\/\/truusk.store\/sv\/produkt\/truusk-hopfallbar-arbetsyta-massivt-tra-fleece-foder-64cm-x-63cm-x-745cm\/","og_site_name":"TRUUSK - Hem, Tr\u00e4dg\u00e5rd &amp; Fritid","article_modified_time":"2026-03-12T08:16:39+00:00","og_image":[{"width":800,"height":800,"url":"https:\/\/i0.wp.com\/truusk.se\/wp-content\/uploads\/2024\/02\/upphojd-sang-med-hopfallbar-arbetsyta-lackerat-massivt-tra-invandigt-foder-av-fleece-64cm-x-63cm-x-745cm.webp?fit=800%2C800&ssl=1","type":"image\/webp"}],"twitter_card":"summary_large_image","twitter_misc":{"Ber\u00e4knad l\u00e4stid":"1 minut"},"schema":{"@context":"https:\/\/schema.org","@graph":[{"@type":"WebPage","@id":"https:\/\/truusk.store\/sv\/produkt\/truusk-hopfallbar-arbetsyta-massivt-tra-fleece-foder-64cm-x-63cm-x-745cm\/","url":"https:\/\/truusk.store\/sv\/produkt\/truusk-hopfallbar-arbetsyta-massivt-tra-fleece-foder-64cm-x-63cm-x-745cm\/","name":"TRUUSK Hopf\u00e4llbar Arbetsyta - Massivt Tr\u00e4 - Fleece Foder - 64cm x 63cm x 74,5cm - TRUUSK - Hem, Tr\u00e4dg\u00e5rd &amp; Fritid","isPartOf":{"@id":"https:\/\/truusk.store\/sv\/#website"},"primaryImageOfPage":{"@id":"https:\/\/truusk.store\/sv\/produkt\/truusk-hopfallbar-arbetsyta-massivt-tra-fleece-foder-64cm-x-63cm-x-745cm\/#primaryimage"},"image":{"@id":"https:\/\/truusk.store\/sv\/produkt\/truusk-hopfallbar-arbetsyta-massivt-tra-fleece-foder-64cm-x-63cm-x-745cm\/#primaryimage"},"thumbnailUrl":"https:\/\/i0.wp.com\/truusk.store\/wp-content\/uploads\/2024\/02\/upphojd-sang-med-hopfallbar-arbetsyta-lackerat-massivt-tra-invandigt-foder-av-fleece-64cm-x-63cm-x-745cm.webp?fit=800%2C800&ssl=1","datePublished":"2024-02-14T02:10:18+00:00","dateModified":"2026-03-12T08:16:39+00:00","breadcrumb":{"@id":"https:\/\/truusk.store\/sv\/produkt\/truusk-hopfallbar-arbetsyta-massivt-tra-fleece-foder-64cm-x-63cm-x-745cm\/#breadcrumb"},"inLanguage":"sv-SE","potentialAction":[{"@type":"ReadAction","target":["https:\/\/truusk.store\/sv\/produkt\/truusk-hopfallbar-arbetsyta-massivt-tra-fleece-foder-64cm-x-63cm-x-745cm\/"]}]},{"@type":"ImageObject","inLanguage":"sv-SE","@id":"https:\/\/truusk.store\/sv\/produkt\/truusk-hopfallbar-arbetsyta-massivt-tra-fleece-foder-64cm-x-63cm-x-745cm\/#primaryimage","url":"https:\/\/i0.wp.com\/truusk.store\/wp-content\/uploads\/2024\/02\/upphojd-sang-med-hopfallbar-arbetsyta-lackerat-massivt-tra-invandigt-foder-av-fleece-64cm-x-63cm-x-745cm.webp?fit=800%2C800&ssl=1","contentUrl":"https:\/\/i0.wp.com\/truusk.store\/wp-content\/uploads\/2024\/02\/upphojd-sang-med-hopfallbar-arbetsyta-lackerat-massivt-tra-invandigt-foder-av-fleece-64cm-x-63cm-x-745cm.webp?fit=800%2C800&ssl=1","width":800,"height":800,"caption":"Upph\u00f6jd S\u00e4ng Med Hopf\u00e4llbar Arbetsyta, Lackerat Massivt Tr\u00e4, Inv\u00e4ndigt Foder Av Fleece, 64cm X 63cm X 74,5cm 1"},{"@type":"BreadcrumbList","@id":"https:\/\/truusk.store\/sv\/produkt\/truusk-hopfallbar-arbetsyta-massivt-tra-fleece-foder-64cm-x-63cm-x-745cm\/#breadcrumb","itemListElement":[{"@type":"ListItem","position":1,"name":"Home","item":"https:\/\/truusk.store\/sv\/"},{"@type":"ListItem","position":2,"name":"Shop","item":"https:\/\/truusk.store\/shop\/"},{"@type":"ListItem","position":3,"name":"TRUUSK Hopf\u00e4llbar Arbetsyta &#8211; Massivt Tr\u00e4 &#8211; Fleece Foder &#8211; 64cm x 63cm x 74,5cm"}]},{"@type":"WebSite","@id":"https:\/\/truusk.store\/sv\/#website","url":"https:\/\/truusk.store\/sv\/","name":"TRUUSK - Hem, Tr\u00e4dg\u00e5rd & Fritid","description":"","publisher":{"@id":"https:\/\/truusk.store\/sv\/#organization"},"potentialAction":[{"@type":"SearchAction","target":{"@type":"EntryPoint","urlTemplate":"https:\/\/truusk.store\/sv\/?s={search_term_string}"},"query-input":{"@type":"PropertyValueSpecification","valueRequired":true,"valueName":"search_term_string"}}],"inLanguage":"sv-SE"},{"@type":"Organization","@id":"https:\/\/truusk.store\/sv\/#organization","name":"TRUUSK - Hem, Tr\u00e4dg\u00e5rd & Fritid","url":"https:\/\/truusk.store\/sv\/","logo":{"@type":"ImageObject","inLanguage":"sv-SE","@id":"https:\/\/truusk.store\/sv\/#\/schema\/logo\/image\/","url":"https:\/\/i0.wp.com\/truusk.store\/wp-content\/uploads\/2026\/03\/cropped-TRUUSK.png?fit=2032%2C917&ssl=1","contentUrl":"https:\/\/i0.wp.com\/truusk.store\/wp-content\/uploads\/2026\/03\/cropped-TRUUSK.png?fit=2032%2C917&ssl=1","width":2032,"height":917,"caption":"TRUUSK - Hem, Tr\u00e4dg\u00e5rd & Fritid"},"image":{"@id":"https:\/\/truusk.store\/sv\/#\/schema\/logo\/image\/"}}]}},"jetpack_sharing_enabled":true,"_links":{"self":[{"href":"https:\/\/truusk.store\/sv\/wp-json\/wp\/v2\/product\/41104","targetHints":{"allow":["GET"]}}],"collection":[{"href":"https:\/\/truusk.store\/sv\/wp-json\/wp\/v2\/product"}],"about":[{"href":"https:\/\/truusk.store\/sv\/wp-json\/wp\/v2\/types\/product"}],"wp:featuredmedia":[{"embeddable":true,"href":"https:\/\/truusk.store\/sv\/wp-json\/wp\/v2\/media\/41105"}],"wp:attachment":[{"href":"https:\/\/truusk.store\/sv\/wp-json\/wp\/v2\/media?parent=41104"}],"wp:term":[{"taxonomy":"product_brand","embeddable":true,"href":"https:\/\/truusk.store\/sv\/wp-json\/wp\/v2\/product_brand?post=41104"},{"taxonomy":"product_cat","embeddable":true,"href":"https:\/\/truusk.store\/sv\/wp-json\/wp\/v2\/product_cat?post=41104"},{"taxonomy":"product_tag","embeddable":true,"href":"https:\/\/truusk.store\/sv\/wp-json\/wp\/v2\/product_tag?post=41104"}],"curies":[{"name":"wp","href":"https:\/\/api.w.org\/{rel}","templated":true}]}}