{"id":41114,"date":"2024-02-14T03:10:38","date_gmt":"2024-02-14T02:10:38","guid":{"rendered":"https:\/\/truusk.store\/product\/upphojd-badd-med-4-vaxtlador-sjalvbevattningssystem-fleecebekladnad-vaderbestandig-795-cm-x-495-cm-x-80-cm\/"},"modified":"2026-03-12T09:17:08","modified_gmt":"2026-03-12T08:17:08","slug":"truusk-upphojd-badd-med-4-vaxtlador-sjalvbevattningssystem-fleecebekladnad-vaderbestandig-795-cm-x-495-cm-x-80-cm","status":"publish","type":"product","link":"https:\/\/truusk.store\/sv\/produkt\/truusk-upphojd-badd-med-4-vaxtlador-sjalvbevattningssystem-fleecebekladnad-vaderbestandig-795-cm-x-495-cm-x-80-cm\/","title":{"rendered":"TRUUSK Upph\u00f6jd B\u00e4dd Med 4 V\u00e4xtl\u00e5dor &#8211; Sj\u00e4lvbevattningssystem &#8211; Fleecebekl\u00e4dnad &#8211; V\u00e4derbest\u00e4ndig &#8211; 79,5 cm X 49,5 cm X 80 cm"},"content":{"rendered":"<p>Denna gr\u00f6nsaksb\u00e4dd \u00e4r enkel men praktisk. Tillverkad av robust, h\u00e5llbart massivt tr\u00e4, ger den gott om plats f\u00f6r blommor, v\u00e4xter och \u00f6rter. Fyra v\u00e4xtl\u00e5dor \u00e4r l\u00e4mpliga f\u00f6r utomhusbruk, medan den upph\u00f6jda designen skyddar dina v\u00e4xter fr\u00e5n skadedjur, frost och \u00f6verdriven fukt. Veckans vattning \u00e4r tillr\u00e4cklig tack vare de sex vattenbeh\u00e5llarna och de tre bomullsreporna som absorberar vatten. Fleecebekl\u00e4dnaden h\u00e5ller jorden inne samtidigt som vattnet l\u00e4tt kan rinna av.<\/p>\n<h3>Beskrivning:<\/h3>\n<ul>\n<li>4 fack f\u00f6r plantering av olika blommor och gr\u00f6nsaker<\/li>\n<li>Sex vattenbeh\u00e5llare och tre bomullsrep absorberar vattnet, s\u00e5 det r\u00e4cker med vattning varje vecka<\/li>\n<li>Inv\u00e4ndigt foder av fleece, h\u00e5ller jorden inne och l\u00e5ter vattnet rinna bort<\/li>\n<li>Tillverkad av massivt tr\u00e4 med vattenfast lack f\u00f6r h\u00e5llbarhet och stabilitet<\/li>\n<li>Perfekt f\u00f6r balkonger, innerg\u00e5rdar och terrasser<\/li>\n<li>Montering kr\u00e4vs<\/li>\n<\/ul>\n<h3>Teknisk data:<\/h3>\n<ul>\n<li>F\u00e4rger: Brun, Svart<\/li>\n<li>Material: gran<\/li>\n<li>\u00d6vergripande m\u00e5tt: 79,5L x 49,5W x 80H cm<\/li>\n<li>Planteringsyta: 52W x 7,5D x 11H cm (\u00f6verst), 54W x 45D x 36H cm (mitten), 21,5W x 7,5D x 8,5H cm (sida)<\/li>\n<li>Viktkapacitet: 50 kg (planteringsyta i mitten), 5 kg (\u00f6verst)<\/li>\n<\/ul>\n<h3>Leveransens omfattning:<\/h3>\n<ul>\n<li>1 x Planteringsl\u00e5da<\/li>\n<li>1 x Instruktioner<\/li>\n<\/ul>\n","protected":false},"excerpt":{"rendered":"<p>Denna gr\u00f6nsaksb\u00e4dd \u00e4r enkel men praktisk. Tillverkad av robust, h\u00e5llbart massivt tr\u00e4, ger den gott om plats f\u00f6r blommor, v\u00e4xter&#8230;<\/p>\n","protected":false},"featured_media":41115,"template":"","meta":[],"product_brand":[],"product_cat":[447,435,443],"product_tag":[],"class_list":{"0":"post-41114","1":"product","2":"type-product","3":"status-publish","4":"has-post-thumbnail","6":"product_cat-planteringsmaskiner","7":"product_cat-tradgard-och-terrass","8":"product_cat-vaxthus-tradgardsskotsel","10":"first","11":"instock","12":"sale","13":"taxable","14":"shipping-taxable","15":"purchasable","16":"product-type-simple"},"yoast_head":"<!-- This site is optimized with the Yoast SEO plugin v25.4 - https:\/\/yoast.com\/wordpress\/plugins\/seo\/ -->\n<title>TRUUSK Upph\u00f6jd B\u00e4dd Med 4 V\u00e4xtl\u00e5dor - Sj\u00e4lvbevattningssystem - Fleecebekl\u00e4dnad - V\u00e4derbest\u00e4ndig - 79,5 cm X 49,5 cm X 80 cm - TRUUSK - Hem, Tr\u00e4dg\u00e5rd &amp; Fritid<\/title>\n<meta name=\"robots\" content=\"index, follow, max-snippet:-1, max-image-preview:large, max-video-preview:-1\" \/>\n<link rel=\"canonical\" href=\"https:\/\/truusk.store\/sv\/produkt\/truusk-upphojd-badd-med-4-vaxtlador-sjalvbevattningssystem-fleecebekladnad-vaderbestandig-795-cm-x-495-cm-x-80-cm\/\" \/>\n<meta property=\"og:locale\" content=\"sv_SE\" \/>\n<meta property=\"og:type\" content=\"article\" \/>\n<meta property=\"og:title\" content=\"TRUUSK Upph\u00f6jd B\u00e4dd Med 4 V\u00e4xtl\u00e5dor - Sj\u00e4lvbevattningssystem - Fleecebekl\u00e4dnad - V\u00e4derbest\u00e4ndig - 79,5 cm X 49,5 cm X 80 cm - TRUUSK - Hem, Tr\u00e4dg\u00e5rd &amp; Fritid\" \/>\n<meta property=\"og:description\" content=\"Denna gr\u00f6nsaksb\u00e4dd \u00e4r enkel men praktisk. Tillverkad av robust, h\u00e5llbart massivt tr\u00e4, ger den gott om plats f\u00f6r blommor, v\u00e4xter...\" \/>\n<meta property=\"og:url\" content=\"https:\/\/truusk.store\/sv\/produkt\/truusk-upphojd-badd-med-4-vaxtlador-sjalvbevattningssystem-fleecebekladnad-vaderbestandig-795-cm-x-495-cm-x-80-cm\/\" \/>\n<meta property=\"og:site_name\" content=\"TRUUSK - Hem, Tr\u00e4dg\u00e5rd &amp; Fritid\" \/>\n<meta property=\"article:modified_time\" content=\"2026-03-12T08:17:08+00:00\" \/>\n<meta property=\"og:image\" content=\"https:\/\/i0.wp.com\/truusk.se\/wp-content\/uploads\/2024\/02\/upphojd-badd-med-4-vaxtlador-sjalvbevattningssystem-fleecebekladnad-vaderbestandig-795-cm-x-495-cm-x-80-cm.webp?fit=800%2C800&ssl=1\" \/>\n\t<meta property=\"og:image:width\" content=\"800\" \/>\n\t<meta property=\"og:image:height\" content=\"800\" \/>\n\t<meta property=\"og:image:type\" content=\"image\/webp\" \/>\n<meta name=\"twitter:card\" content=\"summary_large_image\" \/>\n<meta name=\"twitter:label1\" content=\"Ber\u00e4knad l\u00e4stid\" \/>\n\t<meta name=\"twitter:data1\" content=\"1 minut\" \/>\n<!-- \/ Yoast SEO plugin. -->","yoast_head_json":{"title":"TRUUSK Upph\u00f6jd B\u00e4dd Med 4 V\u00e4xtl\u00e5dor - Sj\u00e4lvbevattningssystem - Fleecebekl\u00e4dnad - V\u00e4derbest\u00e4ndig - 79,5 cm X 49,5 cm X 80 cm - TRUUSK - Hem, Tr\u00e4dg\u00e5rd &amp; Fritid","robots":{"index":"index","follow":"follow","max-snippet":"max-snippet:-1","max-image-preview":"max-image-preview:large","max-video-preview":"max-video-preview:-1"},"canonical":"https:\/\/truusk.store\/sv\/produkt\/truusk-upphojd-badd-med-4-vaxtlador-sjalvbevattningssystem-fleecebekladnad-vaderbestandig-795-cm-x-495-cm-x-80-cm\/","og_locale":"sv_SE","og_type":"article","og_title":"TRUUSK Upph\u00f6jd B\u00e4dd Med 4 V\u00e4xtl\u00e5dor - Sj\u00e4lvbevattningssystem - Fleecebekl\u00e4dnad - V\u00e4derbest\u00e4ndig - 79,5 cm X 49,5 cm X 80 cm - TRUUSK - Hem, Tr\u00e4dg\u00e5rd &amp; Fritid","og_description":"Denna gr\u00f6nsaksb\u00e4dd \u00e4r enkel men praktisk. Tillverkad av robust, h\u00e5llbart massivt tr\u00e4, ger den gott om plats f\u00f6r blommor, v\u00e4xter...","og_url":"https:\/\/truusk.store\/sv\/produkt\/truusk-upphojd-badd-med-4-vaxtlador-sjalvbevattningssystem-fleecebekladnad-vaderbestandig-795-cm-x-495-cm-x-80-cm\/","og_site_name":"TRUUSK - Hem, Tr\u00e4dg\u00e5rd &amp; Fritid","article_modified_time":"2026-03-12T08:17:08+00:00","og_image":[{"width":800,"height":800,"url":"https:\/\/i0.wp.com\/truusk.se\/wp-content\/uploads\/2024\/02\/upphojd-badd-med-4-vaxtlador-sjalvbevattningssystem-fleecebekladnad-vaderbestandig-795-cm-x-495-cm-x-80-cm.webp?fit=800%2C800&ssl=1","type":"image\/webp"}],"twitter_card":"summary_large_image","twitter_misc":{"Ber\u00e4knad l\u00e4stid":"1 minut"},"schema":{"@context":"https:\/\/schema.org","@graph":[{"@type":"WebPage","@id":"https:\/\/truusk.store\/sv\/produkt\/truusk-upphojd-badd-med-4-vaxtlador-sjalvbevattningssystem-fleecebekladnad-vaderbestandig-795-cm-x-495-cm-x-80-cm\/","url":"https:\/\/truusk.store\/sv\/produkt\/truusk-upphojd-badd-med-4-vaxtlador-sjalvbevattningssystem-fleecebekladnad-vaderbestandig-795-cm-x-495-cm-x-80-cm\/","name":"TRUUSK Upph\u00f6jd B\u00e4dd Med 4 V\u00e4xtl\u00e5dor - Sj\u00e4lvbevattningssystem - Fleecebekl\u00e4dnad - V\u00e4derbest\u00e4ndig - 79,5 cm X 49,5 cm X 80 cm - TRUUSK - Hem, Tr\u00e4dg\u00e5rd &amp; Fritid","isPartOf":{"@id":"https:\/\/truusk.store\/sv\/#website"},"primaryImageOfPage":{"@id":"https:\/\/truusk.store\/sv\/produkt\/truusk-upphojd-badd-med-4-vaxtlador-sjalvbevattningssystem-fleecebekladnad-vaderbestandig-795-cm-x-495-cm-x-80-cm\/#primaryimage"},"image":{"@id":"https:\/\/truusk.store\/sv\/produkt\/truusk-upphojd-badd-med-4-vaxtlador-sjalvbevattningssystem-fleecebekladnad-vaderbestandig-795-cm-x-495-cm-x-80-cm\/#primaryimage"},"thumbnailUrl":"https:\/\/i0.wp.com\/truusk.store\/wp-content\/uploads\/2024\/02\/upphojd-badd-med-4-vaxtlador-sjalvbevattningssystem-fleecebekladnad-vaderbestandig-795-cm-x-495-cm-x-80-cm.webp?fit=800%2C800&ssl=1","datePublished":"2024-02-14T02:10:38+00:00","dateModified":"2026-03-12T08:17:08+00:00","breadcrumb":{"@id":"https:\/\/truusk.store\/sv\/produkt\/truusk-upphojd-badd-med-4-vaxtlador-sjalvbevattningssystem-fleecebekladnad-vaderbestandig-795-cm-x-495-cm-x-80-cm\/#breadcrumb"},"inLanguage":"sv-SE","potentialAction":[{"@type":"ReadAction","target":["https:\/\/truusk.store\/sv\/produkt\/truusk-upphojd-badd-med-4-vaxtlador-sjalvbevattningssystem-fleecebekladnad-vaderbestandig-795-cm-x-495-cm-x-80-cm\/"]}]},{"@type":"ImageObject","inLanguage":"sv-SE","@id":"https:\/\/truusk.store\/sv\/produkt\/truusk-upphojd-badd-med-4-vaxtlador-sjalvbevattningssystem-fleecebekladnad-vaderbestandig-795-cm-x-495-cm-x-80-cm\/#primaryimage","url":"https:\/\/i0.wp.com\/truusk.store\/wp-content\/uploads\/2024\/02\/upphojd-badd-med-4-vaxtlador-sjalvbevattningssystem-fleecebekladnad-vaderbestandig-795-cm-x-495-cm-x-80-cm.webp?fit=800%2C800&ssl=1","contentUrl":"https:\/\/i0.wp.com\/truusk.store\/wp-content\/uploads\/2024\/02\/upphojd-badd-med-4-vaxtlador-sjalvbevattningssystem-fleecebekladnad-vaderbestandig-795-cm-x-495-cm-x-80-cm.webp?fit=800%2C800&ssl=1","width":800,"height":800,"caption":"Upph\u00f6jd B\u00e4dd Med 4 V\u00e4xtl\u00e5dor, Sj\u00e4lvbevattningssystem, Fleecebekl\u00e4dnad, V\u00e4derbest\u00e4ndig, 79,5 Cm X 49,5 Cm X 80 Cm 1"},{"@type":"BreadcrumbList","@id":"https:\/\/truusk.store\/sv\/produkt\/truusk-upphojd-badd-med-4-vaxtlador-sjalvbevattningssystem-fleecebekladnad-vaderbestandig-795-cm-x-495-cm-x-80-cm\/#breadcrumb","itemListElement":[{"@type":"ListItem","position":1,"name":"Home","item":"https:\/\/truusk.store\/sv\/"},{"@type":"ListItem","position":2,"name":"Shop","item":"https:\/\/truusk.store\/shop\/"},{"@type":"ListItem","position":3,"name":"TRUUSK Upph\u00f6jd B\u00e4dd Med 4 V\u00e4xtl\u00e5dor &#8211; Sj\u00e4lvbevattningssystem &#8211; Fleecebekl\u00e4dnad &#8211; V\u00e4derbest\u00e4ndig &#8211; 79,5 cm X 49,5 cm X 80 cm"}]},{"@type":"WebSite","@id":"https:\/\/truusk.store\/sv\/#website","url":"https:\/\/truusk.store\/sv\/","name":"TRUUSK - Hem, Tr\u00e4dg\u00e5rd & Fritid","description":"","publisher":{"@id":"https:\/\/truusk.store\/sv\/#organization"},"potentialAction":[{"@type":"SearchAction","target":{"@type":"EntryPoint","urlTemplate":"https:\/\/truusk.store\/sv\/?s={search_term_string}"},"query-input":{"@type":"PropertyValueSpecification","valueRequired":true,"valueName":"search_term_string"}}],"inLanguage":"sv-SE"},{"@type":"Organization","@id":"https:\/\/truusk.store\/sv\/#organization","name":"TRUUSK - Hem, Tr\u00e4dg\u00e5rd & Fritid","url":"https:\/\/truusk.store\/sv\/","logo":{"@type":"ImageObject","inLanguage":"sv-SE","@id":"https:\/\/truusk.store\/sv\/#\/schema\/logo\/image\/","url":"https:\/\/i0.wp.com\/truusk.store\/wp-content\/uploads\/2026\/03\/cropped-TRUUSK.png?fit=2032%2C917&ssl=1","contentUrl":"https:\/\/i0.wp.com\/truusk.store\/wp-content\/uploads\/2026\/03\/cropped-TRUUSK.png?fit=2032%2C917&ssl=1","width":2032,"height":917,"caption":"TRUUSK - Hem, Tr\u00e4dg\u00e5rd & Fritid"},"image":{"@id":"https:\/\/truusk.store\/sv\/#\/schema\/logo\/image\/"}}]}},"jetpack_sharing_enabled":true,"_links":{"self":[{"href":"https:\/\/truusk.store\/sv\/wp-json\/wp\/v2\/product\/41114","targetHints":{"allow":["GET"]}}],"collection":[{"href":"https:\/\/truusk.store\/sv\/wp-json\/wp\/v2\/product"}],"about":[{"href":"https:\/\/truusk.store\/sv\/wp-json\/wp\/v2\/types\/product"}],"wp:featuredmedia":[{"embeddable":true,"href":"https:\/\/truusk.store\/sv\/wp-json\/wp\/v2\/media\/41115"}],"wp:attachment":[{"href":"https:\/\/truusk.store\/sv\/wp-json\/wp\/v2\/media?parent=41114"}],"wp:term":[{"taxonomy":"product_brand","embeddable":true,"href":"https:\/\/truusk.store\/sv\/wp-json\/wp\/v2\/product_brand?post=41114"},{"taxonomy":"product_cat","embeddable":true,"href":"https:\/\/truusk.store\/sv\/wp-json\/wp\/v2\/product_cat?post=41114"},{"taxonomy":"product_tag","embeddable":true,"href":"https:\/\/truusk.store\/sv\/wp-json\/wp\/v2\/product_tag?post=41114"}],"curies":[{"name":"wp","href":"https:\/\/api.w.org\/{rel}","templated":true}]}}