{"id":41125,"date":"2024-02-14T03:10:59","date_gmt":"2024-02-14T02:10:59","guid":{"rendered":"https:\/\/truusk.store\/product\/upphojd-sang-med-3-lador-inklusive-spalje-vaderbestandig-massivt-tra-63-cm-x-39-cm-x-160-cm-natur\/"},"modified":"2026-03-12T09:17:12","modified_gmt":"2026-03-12T08:17:12","slug":"truusk-upphojd-sang-med-3-lador-inklusive-spalje-vaderbestandig-massivt-tra-63-cm-x-39-cm-x-160-cm-natur","status":"publish","type":"product","link":"https:\/\/truusk.store\/sv\/produkt\/truusk-upphojd-sang-med-3-lador-inklusive-spalje-vaderbestandig-massivt-tra-63-cm-x-39-cm-x-160-cm-natur\/","title":{"rendered":"TRUUSK Upph\u00f6jd S\u00e4ng Med 3 L\u00e5dor &#8211; Inklusive Spalj\u00e9 &#8211; V\u00e4derbest\u00e4ndig &#8211; Massivt Tr\u00e4 &#8211; 63 cm x 39 cm x 160 cm &#8211; Natur"},"content":{"rendered":"<p>Denna upph\u00f6jda s\u00e4ng \u00e4r enkel men praktisk. Tillverkad av robust, h\u00e5llbart massivt tr\u00e4, med en extra spalj\u00e9 f\u00f6r kl\u00e4tterv\u00e4xter. Det vattenavvisande innerfodret andas, h\u00e5ller jorden inne och s\u00e4kerst\u00e4ller en h\u00e4lsosam vattenbalans f\u00f6r v\u00e4xterna. H\u00f6gb\u00e4dden skyddar dina v\u00e4xter fr\u00e5n skadedjur, frost och annan v\u00e4derp\u00e5verkan. Denna upph\u00f6jda s\u00e4ng \u00e4r den perfekta dekorationen f\u00f6r din tr\u00e4dg\u00e5rd.<\/p>\n<h3>Beskrivning:<\/h3>\n<ul>\n<li>Gott om plats f\u00f6r plantering av gr\u00f6nsaker, blommor och \u00f6rter<\/li>\n<li>Integrerad kl\u00e4tterhj\u00e4lp f\u00f6r kl\u00e4tterv\u00e4xter<\/li>\n<li>Fibertyg i planteringsl\u00e5dan h\u00e5ller jorden inne och l\u00e5ter vattnet rinna av l\u00e4tt<\/li>\n<li>Med 3-v\u00e5nings hylla f\u00f6r f\u00f6rvaring av verktyg<\/li>\n<li>Tillverkad av massivt tr\u00e4 f\u00f6r h\u00e5llbarhet och stabilitet<\/li>\n<li>Den upph\u00f6jda designen skyddar dina v\u00e4xter fr\u00e5n frost, fukt och skadedjur<\/li>\n<li>Perfekt f\u00f6r balkonger, innerg\u00e5rdar och terrasser<\/li>\n<li>Montering kr\u00e4vs<\/li>\n<\/ul>\n<h3>Teknisk data:<\/h3>\n<ul>\n<li>F\u00e4rg brun<\/li>\n<li>Material: gran<\/li>\n<li>Totalm\u00e5tt: 63 B x 39 D x 160 H cm<\/li>\n<li>Inv\u00e4ndig planteringsyta: 57W x 33D x 37H cm<\/li>\n<li>Hyllstorlek (uppifr\u00e5n och ned): 60L x 14,5W cm, 35L x 14,5W cm, 35L x 14,5W cm<\/li>\n<li>Benh\u00f6jd: 6 cm<\/li>\n<li>Viktkapacitet: 50 kg (planteringsmaskin), 5 kg (hylla)<\/li>\n<li>Artikelnamn: 845-818V00BN<\/li>\n<li>Ett meddelande:<\/li>\n<li>1. Hyllornas avst\u00e5nd \u00e4ndras p\u00e5 grund av bakv\u00e4ggens fasta l\u00e4ge<\/li>\n<li>2. Rekommenderad installationsh\u00f6jd: mittenhyllan till \u00f6versta hyllan: 38cm, 37cm (till bottenhyllan), och nedre hyllan till planteringsyta: 28cm.<\/li>\n<\/ul>\n<h3>Leveransens omfattning:<\/h3>\n<ul>\n<li>1 x kl\u00e4tterv\u00e4xtb\u00e4dd<\/li>\n<li>1 x Instruktioner<\/li>\n<\/ul>\n","protected":false},"excerpt":{"rendered":"<p>Denna upph\u00f6jda s\u00e4ng \u00e4r enkel men praktisk. Tillverkad av robust, h\u00e5llbart massivt tr\u00e4, med en extra spalj\u00e9 f\u00f6r kl\u00e4tterv\u00e4xter. Det&#8230;<\/p>\n","protected":false},"featured_media":41126,"template":"","meta":[],"product_brand":[],"product_cat":[447,435,443],"product_tag":[],"class_list":{"0":"post-41125","1":"product","2":"type-product","3":"status-publish","4":"has-post-thumbnail","6":"product_cat-planteringsmaskiner","7":"product_cat-tradgard-och-terrass","8":"product_cat-vaxthus-tradgardsskotsel","10":"first","11":"instock","12":"sale","13":"taxable","14":"shipping-taxable","15":"purchasable","16":"product-type-simple"},"yoast_head":"<!-- This site is optimized with the Yoast SEO plugin v25.4 - https:\/\/yoast.com\/wordpress\/plugins\/seo\/ -->\n<title>TRUUSK Upph\u00f6jd S\u00e4ng Med 3 L\u00e5dor - Inklusive Spalj\u00e9 - V\u00e4derbest\u00e4ndig - Massivt Tr\u00e4 - 63 cm x 39 cm x 160 cm - Natur - TRUUSK - Hem, Tr\u00e4dg\u00e5rd &amp; Fritid<\/title>\n<meta name=\"robots\" content=\"index, follow, max-snippet:-1, max-image-preview:large, max-video-preview:-1\" \/>\n<link rel=\"canonical\" href=\"https:\/\/truusk.store\/sv\/produkt\/truusk-upphojd-sang-med-3-lador-inklusive-spalje-vaderbestandig-massivt-tra-63-cm-x-39-cm-x-160-cm-natur\/\" \/>\n<meta property=\"og:locale\" content=\"sv_SE\" \/>\n<meta property=\"og:type\" content=\"article\" \/>\n<meta property=\"og:title\" content=\"TRUUSK Upph\u00f6jd S\u00e4ng Med 3 L\u00e5dor - Inklusive Spalj\u00e9 - V\u00e4derbest\u00e4ndig - Massivt Tr\u00e4 - 63 cm x 39 cm x 160 cm - Natur - TRUUSK - Hem, Tr\u00e4dg\u00e5rd &amp; Fritid\" \/>\n<meta property=\"og:description\" content=\"Denna upph\u00f6jda s\u00e4ng \u00e4r enkel men praktisk. Tillverkad av robust, h\u00e5llbart massivt tr\u00e4, med en extra spalj\u00e9 f\u00f6r kl\u00e4tterv\u00e4xter. Det...\" \/>\n<meta property=\"og:url\" content=\"https:\/\/truusk.store\/sv\/produkt\/truusk-upphojd-sang-med-3-lador-inklusive-spalje-vaderbestandig-massivt-tra-63-cm-x-39-cm-x-160-cm-natur\/\" \/>\n<meta property=\"og:site_name\" content=\"TRUUSK - Hem, Tr\u00e4dg\u00e5rd &amp; Fritid\" \/>\n<meta property=\"article:modified_time\" content=\"2026-03-12T08:17:12+00:00\" \/>\n<meta property=\"og:image\" content=\"https:\/\/i0.wp.com\/truusk.se\/wp-content\/uploads\/2024\/02\/upphojd-sang-med-3-lador-inklusive-spalje-vaderbestandig-massivt-tra-63-cm-x-39-cm-x-160-cm-natur.webp?fit=800%2C800&ssl=1\" \/>\n\t<meta property=\"og:image:width\" content=\"800\" \/>\n\t<meta property=\"og:image:height\" content=\"800\" \/>\n\t<meta property=\"og:image:type\" content=\"image\/webp\" \/>\n<meta name=\"twitter:card\" content=\"summary_large_image\" \/>\n<meta name=\"twitter:label1\" content=\"Ber\u00e4knad l\u00e4stid\" \/>\n\t<meta name=\"twitter:data1\" content=\"1 minut\" \/>\n<!-- \/ Yoast SEO plugin. -->","yoast_head_json":{"title":"TRUUSK Upph\u00f6jd S\u00e4ng Med 3 L\u00e5dor - Inklusive Spalj\u00e9 - V\u00e4derbest\u00e4ndig - Massivt Tr\u00e4 - 63 cm x 39 cm x 160 cm - Natur - TRUUSK - Hem, Tr\u00e4dg\u00e5rd &amp; Fritid","robots":{"index":"index","follow":"follow","max-snippet":"max-snippet:-1","max-image-preview":"max-image-preview:large","max-video-preview":"max-video-preview:-1"},"canonical":"https:\/\/truusk.store\/sv\/produkt\/truusk-upphojd-sang-med-3-lador-inklusive-spalje-vaderbestandig-massivt-tra-63-cm-x-39-cm-x-160-cm-natur\/","og_locale":"sv_SE","og_type":"article","og_title":"TRUUSK Upph\u00f6jd S\u00e4ng Med 3 L\u00e5dor - Inklusive Spalj\u00e9 - V\u00e4derbest\u00e4ndig - Massivt Tr\u00e4 - 63 cm x 39 cm x 160 cm - Natur - TRUUSK - Hem, Tr\u00e4dg\u00e5rd &amp; Fritid","og_description":"Denna upph\u00f6jda s\u00e4ng \u00e4r enkel men praktisk. Tillverkad av robust, h\u00e5llbart massivt tr\u00e4, med en extra spalj\u00e9 f\u00f6r kl\u00e4tterv\u00e4xter. Det...","og_url":"https:\/\/truusk.store\/sv\/produkt\/truusk-upphojd-sang-med-3-lador-inklusive-spalje-vaderbestandig-massivt-tra-63-cm-x-39-cm-x-160-cm-natur\/","og_site_name":"TRUUSK - Hem, Tr\u00e4dg\u00e5rd &amp; Fritid","article_modified_time":"2026-03-12T08:17:12+00:00","og_image":[{"width":800,"height":800,"url":"https:\/\/i0.wp.com\/truusk.se\/wp-content\/uploads\/2024\/02\/upphojd-sang-med-3-lador-inklusive-spalje-vaderbestandig-massivt-tra-63-cm-x-39-cm-x-160-cm-natur.webp?fit=800%2C800&ssl=1","type":"image\/webp"}],"twitter_card":"summary_large_image","twitter_misc":{"Ber\u00e4knad l\u00e4stid":"1 minut"},"schema":{"@context":"https:\/\/schema.org","@graph":[{"@type":"WebPage","@id":"https:\/\/truusk.store\/sv\/produkt\/truusk-upphojd-sang-med-3-lador-inklusive-spalje-vaderbestandig-massivt-tra-63-cm-x-39-cm-x-160-cm-natur\/","url":"https:\/\/truusk.store\/sv\/produkt\/truusk-upphojd-sang-med-3-lador-inklusive-spalje-vaderbestandig-massivt-tra-63-cm-x-39-cm-x-160-cm-natur\/","name":"TRUUSK Upph\u00f6jd S\u00e4ng Med 3 L\u00e5dor - Inklusive Spalj\u00e9 - V\u00e4derbest\u00e4ndig - Massivt Tr\u00e4 - 63 cm x 39 cm x 160 cm - Natur - TRUUSK - Hem, Tr\u00e4dg\u00e5rd &amp; Fritid","isPartOf":{"@id":"https:\/\/truusk.store\/sv\/#website"},"primaryImageOfPage":{"@id":"https:\/\/truusk.store\/sv\/produkt\/truusk-upphojd-sang-med-3-lador-inklusive-spalje-vaderbestandig-massivt-tra-63-cm-x-39-cm-x-160-cm-natur\/#primaryimage"},"image":{"@id":"https:\/\/truusk.store\/sv\/produkt\/truusk-upphojd-sang-med-3-lador-inklusive-spalje-vaderbestandig-massivt-tra-63-cm-x-39-cm-x-160-cm-natur\/#primaryimage"},"thumbnailUrl":"https:\/\/i0.wp.com\/truusk.store\/wp-content\/uploads\/2024\/02\/upphojd-sang-med-3-lador-inklusive-spalje-vaderbestandig-massivt-tra-63-cm-x-39-cm-x-160-cm-natur.webp?fit=800%2C800&ssl=1","datePublished":"2024-02-14T02:10:59+00:00","dateModified":"2026-03-12T08:17:12+00:00","breadcrumb":{"@id":"https:\/\/truusk.store\/sv\/produkt\/truusk-upphojd-sang-med-3-lador-inklusive-spalje-vaderbestandig-massivt-tra-63-cm-x-39-cm-x-160-cm-natur\/#breadcrumb"},"inLanguage":"sv-SE","potentialAction":[{"@type":"ReadAction","target":["https:\/\/truusk.store\/sv\/produkt\/truusk-upphojd-sang-med-3-lador-inklusive-spalje-vaderbestandig-massivt-tra-63-cm-x-39-cm-x-160-cm-natur\/"]}]},{"@type":"ImageObject","inLanguage":"sv-SE","@id":"https:\/\/truusk.store\/sv\/produkt\/truusk-upphojd-sang-med-3-lador-inklusive-spalje-vaderbestandig-massivt-tra-63-cm-x-39-cm-x-160-cm-natur\/#primaryimage","url":"https:\/\/i0.wp.com\/truusk.store\/wp-content\/uploads\/2024\/02\/upphojd-sang-med-3-lador-inklusive-spalje-vaderbestandig-massivt-tra-63-cm-x-39-cm-x-160-cm-natur.webp?fit=800%2C800&ssl=1","contentUrl":"https:\/\/i0.wp.com\/truusk.store\/wp-content\/uploads\/2024\/02\/upphojd-sang-med-3-lador-inklusive-spalje-vaderbestandig-massivt-tra-63-cm-x-39-cm-x-160-cm-natur.webp?fit=800%2C800&ssl=1","width":800,"height":800,"caption":"Upph\u00f6jd S\u00e4ng Med 3 L\u00e5dor, Inklusive Spalj\u00e9, V\u00e4derbest\u00e4ndig, Massivt Tr\u00e4, 63 Cm X 39 Cm X 160 Cm, Natur 1"},{"@type":"BreadcrumbList","@id":"https:\/\/truusk.store\/sv\/produkt\/truusk-upphojd-sang-med-3-lador-inklusive-spalje-vaderbestandig-massivt-tra-63-cm-x-39-cm-x-160-cm-natur\/#breadcrumb","itemListElement":[{"@type":"ListItem","position":1,"name":"Home","item":"https:\/\/truusk.store\/sv\/"},{"@type":"ListItem","position":2,"name":"Shop","item":"https:\/\/truusk.store\/shop\/"},{"@type":"ListItem","position":3,"name":"TRUUSK Upph\u00f6jd S\u00e4ng Med 3 L\u00e5dor &#8211; Inklusive Spalj\u00e9 &#8211; V\u00e4derbest\u00e4ndig &#8211; Massivt Tr\u00e4 &#8211; 63 cm x 39 cm x 160 cm &#8211; Natur"}]},{"@type":"WebSite","@id":"https:\/\/truusk.store\/sv\/#website","url":"https:\/\/truusk.store\/sv\/","name":"TRUUSK - Hem, Tr\u00e4dg\u00e5rd & Fritid","description":"","publisher":{"@id":"https:\/\/truusk.store\/sv\/#organization"},"potentialAction":[{"@type":"SearchAction","target":{"@type":"EntryPoint","urlTemplate":"https:\/\/truusk.store\/sv\/?s={search_term_string}"},"query-input":{"@type":"PropertyValueSpecification","valueRequired":true,"valueName":"search_term_string"}}],"inLanguage":"sv-SE"},{"@type":"Organization","@id":"https:\/\/truusk.store\/sv\/#organization","name":"TRUUSK - Hem, Tr\u00e4dg\u00e5rd & Fritid","url":"https:\/\/truusk.store\/sv\/","logo":{"@type":"ImageObject","inLanguage":"sv-SE","@id":"https:\/\/truusk.store\/sv\/#\/schema\/logo\/image\/","url":"https:\/\/i0.wp.com\/truusk.store\/wp-content\/uploads\/2026\/03\/cropped-TRUUSK.png?fit=2032%2C917&ssl=1","contentUrl":"https:\/\/i0.wp.com\/truusk.store\/wp-content\/uploads\/2026\/03\/cropped-TRUUSK.png?fit=2032%2C917&ssl=1","width":2032,"height":917,"caption":"TRUUSK - Hem, Tr\u00e4dg\u00e5rd & Fritid"},"image":{"@id":"https:\/\/truusk.store\/sv\/#\/schema\/logo\/image\/"}}]}},"jetpack_sharing_enabled":true,"_links":{"self":[{"href":"https:\/\/truusk.store\/sv\/wp-json\/wp\/v2\/product\/41125","targetHints":{"allow":["GET"]}}],"collection":[{"href":"https:\/\/truusk.store\/sv\/wp-json\/wp\/v2\/product"}],"about":[{"href":"https:\/\/truusk.store\/sv\/wp-json\/wp\/v2\/types\/product"}],"wp:featuredmedia":[{"embeddable":true,"href":"https:\/\/truusk.store\/sv\/wp-json\/wp\/v2\/media\/41126"}],"wp:attachment":[{"href":"https:\/\/truusk.store\/sv\/wp-json\/wp\/v2\/media?parent=41125"}],"wp:term":[{"taxonomy":"product_brand","embeddable":true,"href":"https:\/\/truusk.store\/sv\/wp-json\/wp\/v2\/product_brand?post=41125"},{"taxonomy":"product_cat","embeddable":true,"href":"https:\/\/truusk.store\/sv\/wp-json\/wp\/v2\/product_cat?post=41125"},{"taxonomy":"product_tag","embeddable":true,"href":"https:\/\/truusk.store\/sv\/wp-json\/wp\/v2\/product_tag?post=41125"}],"curies":[{"name":"wp","href":"https:\/\/api.w.org\/{rel}","templated":true}]}}