{"id":41172,"date":"2024-02-14T03:12:36","date_gmt":"2024-02-14T02:12:36","guid":{"rendered":"https:\/\/truusk.store\/product\/matbord-rund-skiva-i-hardat-glas-kantlos-design-for-2-4-personer-stalben-80-x-80-x-74-cm\/"},"modified":"2026-03-12T09:17:12","modified_gmt":"2026-03-12T08:17:12","slug":"truusk-matbord-rund-skiva-i-hardat-glas-kantlos-design-for-2-4-personer-stalben-80-x-80-x-74-cm","status":"publish","type":"product","link":"https:\/\/truusk.store\/sv\/produkt\/truusk-matbord-rund-skiva-i-hardat-glas-kantlos-design-for-2-4-personer-stalben-80-x-80-x-74-cm\/","title":{"rendered":"TRUUSK Matbord &#8211; Rund Skiva i H\u00e4rdat Glas &#8211; Kantl\u00f6s Design &#8211; F\u00f6r 2-4 Personer &#8211; St\u00e5lben &#8211; 80 x 80 x 74 cm"},"content":{"rendered":"<p>Detta matbord ger ditt k\u00f6k en modern, fr\u00e4sch k\u00e4nsla. Med sin h\u00e4rdade klarglasskiva och eleganta, korsande st\u00e5lben s\u00e4tter den stilfulla accenter. Bordet erbjuder tillr\u00e4ckligt med utrymme f\u00f6r en helgbrunch med v\u00e4nner eller familjemiddag och \u00e4r ocks\u00e5 perfekt f\u00f6r kompakta utrymmen p\u00e5 grund av sin stora bordsskiva. Tack vare sin lastkapacitet p\u00e5 upp till 30 kg kan du unna dina g\u00e4ster m\u00e5nga l\u00e4ckra r\u00e4tter och skapa vackra minnen.<\/p>\n<h3>Beskrivning:<\/h3>\n<ul>\n<li>Bordsskiva i h\u00e4rdat glas med kantl\u00f6s design f\u00f6r en modern touch<\/li>\n<li>Rundad bordsskiva f\u00f6rhindrar st\u00f6tar, vilket g\u00f6r det s\u00e4krare f\u00f6r barnfamiljer<\/li>\n<li>Stor bordsskiva ger tillr\u00e4ckligt med plats f\u00f6r 2-4 personer<\/li>\n<li>Pulverlackerade st\u00e5lben f\u00f6r stabilitet, lastkapacitet upp till 30 kg<\/li>\n<li>De justerbara f\u00f6tterna s\u00e4kerst\u00e4ller ett s\u00e4kert stativ och skyddar ditt golv<\/li>\n<li>Montering kr\u00e4vs<\/li>\n<\/ul>\n<h3>Teknisk data:<\/h3>\n<ul>\n<li>F\u00e4rg: Transparent+Silver<\/li>\n<li>Material: h\u00e4rdat glas, st\u00e5l<\/li>\n<li>Bordsm\u00e5tt: 80 x 74H cm<\/li>\n<li>Bordsskivans tjocklek: 0,8 cm<\/li>\n<li>Lastkapacitet: 30 kg<\/li>\n<li>Rekommenderat minsta utrymme: 2,4 m x 2,4 m (5,76 )<\/li>\n<\/ul>\n<h3>Leveransens omfattning:<\/h3>\n<ul>\n<li>1 x matbord<\/li>\n<li>1 x Instruktioner<\/li>\n<\/ul>\n","protected":false},"excerpt":{"rendered":"<p>Detta matbord ger ditt k\u00f6k en modern, fr\u00e4sch k\u00e4nsla. Med sin h\u00e4rdade klarglasskiva och eleganta, korsande st\u00e5lben s\u00e4tter den stilfulla&#8230;<\/p>\n","protected":false},"featured_media":41173,"template":"","meta":[],"product_brand":[],"product_cat":[485,509,501],"product_tag":[],"class_list":{"0":"post-41172","1":"product","2":"type-product","3":"status-publish","4":"has-post-thumbnail","6":"product_cat-hus-bo","7":"product_cat-matbord","8":"product_cat-tabeller","10":"first","11":"instock","12":"sale","13":"taxable","14":"shipping-taxable","15":"purchasable","16":"product-type-simple"},"yoast_head":"<!-- This site is optimized with the Yoast SEO plugin v25.4 - https:\/\/yoast.com\/wordpress\/plugins\/seo\/ -->\n<title>TRUUSK Matbord - Rund Skiva i H\u00e4rdat Glas - Kantl\u00f6s Design - F\u00f6r 2-4 Personer - St\u00e5lben - 80 x 80 x 74 cm - TRUUSK - Hem, Tr\u00e4dg\u00e5rd &amp; Fritid<\/title>\n<meta name=\"robots\" content=\"index, follow, max-snippet:-1, max-image-preview:large, max-video-preview:-1\" \/>\n<link rel=\"canonical\" href=\"https:\/\/truusk.store\/sv\/produkt\/truusk-matbord-rund-skiva-i-hardat-glas-kantlos-design-for-2-4-personer-stalben-80-x-80-x-74-cm\/\" \/>\n<meta property=\"og:locale\" content=\"sv_SE\" \/>\n<meta property=\"og:type\" content=\"article\" \/>\n<meta property=\"og:title\" content=\"TRUUSK Matbord - Rund Skiva i H\u00e4rdat Glas - Kantl\u00f6s Design - F\u00f6r 2-4 Personer - St\u00e5lben - 80 x 80 x 74 cm - TRUUSK - Hem, Tr\u00e4dg\u00e5rd &amp; Fritid\" \/>\n<meta property=\"og:description\" content=\"Detta matbord ger ditt k\u00f6k en modern, fr\u00e4sch k\u00e4nsla. Med sin h\u00e4rdade klarglasskiva och eleganta, korsande st\u00e5lben s\u00e4tter den stilfulla...\" \/>\n<meta property=\"og:url\" content=\"https:\/\/truusk.store\/sv\/produkt\/truusk-matbord-rund-skiva-i-hardat-glas-kantlos-design-for-2-4-personer-stalben-80-x-80-x-74-cm\/\" \/>\n<meta property=\"og:site_name\" content=\"TRUUSK - Hem, Tr\u00e4dg\u00e5rd &amp; Fritid\" \/>\n<meta property=\"article:modified_time\" content=\"2026-03-12T08:17:12+00:00\" \/>\n<meta property=\"og:image\" content=\"https:\/\/i0.wp.com\/truusk.se\/wp-content\/uploads\/2024\/02\/matbord-rund-skiva-i-hardat-glas-kantlos-design-for-2-4-personer-stalben-80-x-80-x-74-cm.webp?fit=800%2C800&ssl=1\" \/>\n\t<meta property=\"og:image:width\" content=\"800\" \/>\n\t<meta property=\"og:image:height\" content=\"800\" \/>\n\t<meta property=\"og:image:type\" content=\"image\/webp\" \/>\n<meta name=\"twitter:card\" content=\"summary_large_image\" \/>\n<meta name=\"twitter:label1\" content=\"Ber\u00e4knad l\u00e4stid\" \/>\n\t<meta name=\"twitter:data1\" content=\"1 minut\" \/>\n<!-- \/ Yoast SEO plugin. -->","yoast_head_json":{"title":"TRUUSK Matbord - Rund Skiva i H\u00e4rdat Glas - Kantl\u00f6s Design - F\u00f6r 2-4 Personer - St\u00e5lben - 80 x 80 x 74 cm - TRUUSK - Hem, Tr\u00e4dg\u00e5rd &amp; Fritid","robots":{"index":"index","follow":"follow","max-snippet":"max-snippet:-1","max-image-preview":"max-image-preview:large","max-video-preview":"max-video-preview:-1"},"canonical":"https:\/\/truusk.store\/sv\/produkt\/truusk-matbord-rund-skiva-i-hardat-glas-kantlos-design-for-2-4-personer-stalben-80-x-80-x-74-cm\/","og_locale":"sv_SE","og_type":"article","og_title":"TRUUSK Matbord - Rund Skiva i H\u00e4rdat Glas - Kantl\u00f6s Design - F\u00f6r 2-4 Personer - St\u00e5lben - 80 x 80 x 74 cm - TRUUSK - Hem, Tr\u00e4dg\u00e5rd &amp; Fritid","og_description":"Detta matbord ger ditt k\u00f6k en modern, fr\u00e4sch k\u00e4nsla. Med sin h\u00e4rdade klarglasskiva och eleganta, korsande st\u00e5lben s\u00e4tter den stilfulla...","og_url":"https:\/\/truusk.store\/sv\/produkt\/truusk-matbord-rund-skiva-i-hardat-glas-kantlos-design-for-2-4-personer-stalben-80-x-80-x-74-cm\/","og_site_name":"TRUUSK - Hem, Tr\u00e4dg\u00e5rd &amp; Fritid","article_modified_time":"2026-03-12T08:17:12+00:00","og_image":[{"width":800,"height":800,"url":"https:\/\/i0.wp.com\/truusk.se\/wp-content\/uploads\/2024\/02\/matbord-rund-skiva-i-hardat-glas-kantlos-design-for-2-4-personer-stalben-80-x-80-x-74-cm.webp?fit=800%2C800&ssl=1","type":"image\/webp"}],"twitter_card":"summary_large_image","twitter_misc":{"Ber\u00e4knad l\u00e4stid":"1 minut"},"schema":{"@context":"https:\/\/schema.org","@graph":[{"@type":"WebPage","@id":"https:\/\/truusk.store\/sv\/produkt\/truusk-matbord-rund-skiva-i-hardat-glas-kantlos-design-for-2-4-personer-stalben-80-x-80-x-74-cm\/","url":"https:\/\/truusk.store\/sv\/produkt\/truusk-matbord-rund-skiva-i-hardat-glas-kantlos-design-for-2-4-personer-stalben-80-x-80-x-74-cm\/","name":"TRUUSK Matbord - Rund Skiva i H\u00e4rdat Glas - Kantl\u00f6s Design - F\u00f6r 2-4 Personer - St\u00e5lben - 80 x 80 x 74 cm - TRUUSK - Hem, Tr\u00e4dg\u00e5rd &amp; Fritid","isPartOf":{"@id":"https:\/\/truusk.store\/sv\/#website"},"primaryImageOfPage":{"@id":"https:\/\/truusk.store\/sv\/produkt\/truusk-matbord-rund-skiva-i-hardat-glas-kantlos-design-for-2-4-personer-stalben-80-x-80-x-74-cm\/#primaryimage"},"image":{"@id":"https:\/\/truusk.store\/sv\/produkt\/truusk-matbord-rund-skiva-i-hardat-glas-kantlos-design-for-2-4-personer-stalben-80-x-80-x-74-cm\/#primaryimage"},"thumbnailUrl":"https:\/\/i0.wp.com\/truusk.store\/wp-content\/uploads\/2024\/02\/matbord-rund-skiva-i-hardat-glas-kantlos-design-for-2-4-personer-stalben-80-x-80-x-74-cm.webp?fit=800%2C800&ssl=1","datePublished":"2024-02-14T02:12:36+00:00","dateModified":"2026-03-12T08:17:12+00:00","breadcrumb":{"@id":"https:\/\/truusk.store\/sv\/produkt\/truusk-matbord-rund-skiva-i-hardat-glas-kantlos-design-for-2-4-personer-stalben-80-x-80-x-74-cm\/#breadcrumb"},"inLanguage":"sv-SE","potentialAction":[{"@type":"ReadAction","target":["https:\/\/truusk.store\/sv\/produkt\/truusk-matbord-rund-skiva-i-hardat-glas-kantlos-design-for-2-4-personer-stalben-80-x-80-x-74-cm\/"]}]},{"@type":"ImageObject","inLanguage":"sv-SE","@id":"https:\/\/truusk.store\/sv\/produkt\/truusk-matbord-rund-skiva-i-hardat-glas-kantlos-design-for-2-4-personer-stalben-80-x-80-x-74-cm\/#primaryimage","url":"https:\/\/i0.wp.com\/truusk.store\/wp-content\/uploads\/2024\/02\/matbord-rund-skiva-i-hardat-glas-kantlos-design-for-2-4-personer-stalben-80-x-80-x-74-cm.webp?fit=800%2C800&ssl=1","contentUrl":"https:\/\/i0.wp.com\/truusk.store\/wp-content\/uploads\/2024\/02\/matbord-rund-skiva-i-hardat-glas-kantlos-design-for-2-4-personer-stalben-80-x-80-x-74-cm.webp?fit=800%2C800&ssl=1","width":800,"height":800,"caption":"Matbord, Rund Skiva I H\u00e4rdat Glas, Kantl\u00f6s Design, F\u00f6r 2-4 Personer, St\u00e5lben, 80 X 80 X 74 Cm 1"},{"@type":"BreadcrumbList","@id":"https:\/\/truusk.store\/sv\/produkt\/truusk-matbord-rund-skiva-i-hardat-glas-kantlos-design-for-2-4-personer-stalben-80-x-80-x-74-cm\/#breadcrumb","itemListElement":[{"@type":"ListItem","position":1,"name":"Home","item":"https:\/\/truusk.store\/sv\/"},{"@type":"ListItem","position":2,"name":"Shop","item":"https:\/\/truusk.store\/shop\/"},{"@type":"ListItem","position":3,"name":"TRUUSK Matbord &#8211; Rund Skiva i H\u00e4rdat Glas &#8211; Kantl\u00f6s Design &#8211; F\u00f6r 2-4 Personer &#8211; St\u00e5lben &#8211; 80 x 80 x 74 cm"}]},{"@type":"WebSite","@id":"https:\/\/truusk.store\/sv\/#website","url":"https:\/\/truusk.store\/sv\/","name":"TRUUSK - Hem, Tr\u00e4dg\u00e5rd & Fritid","description":"","publisher":{"@id":"https:\/\/truusk.store\/sv\/#organization"},"potentialAction":[{"@type":"SearchAction","target":{"@type":"EntryPoint","urlTemplate":"https:\/\/truusk.store\/sv\/?s={search_term_string}"},"query-input":{"@type":"PropertyValueSpecification","valueRequired":true,"valueName":"search_term_string"}}],"inLanguage":"sv-SE"},{"@type":"Organization","@id":"https:\/\/truusk.store\/sv\/#organization","name":"TRUUSK - Hem, Tr\u00e4dg\u00e5rd & Fritid","url":"https:\/\/truusk.store\/sv\/","logo":{"@type":"ImageObject","inLanguage":"sv-SE","@id":"https:\/\/truusk.store\/sv\/#\/schema\/logo\/image\/","url":"https:\/\/i0.wp.com\/truusk.store\/wp-content\/uploads\/2026\/03\/cropped-TRUUSK.png?fit=2032%2C917&ssl=1","contentUrl":"https:\/\/i0.wp.com\/truusk.store\/wp-content\/uploads\/2026\/03\/cropped-TRUUSK.png?fit=2032%2C917&ssl=1","width":2032,"height":917,"caption":"TRUUSK - Hem, Tr\u00e4dg\u00e5rd & Fritid"},"image":{"@id":"https:\/\/truusk.store\/sv\/#\/schema\/logo\/image\/"}}]}},"jetpack_sharing_enabled":true,"_links":{"self":[{"href":"https:\/\/truusk.store\/sv\/wp-json\/wp\/v2\/product\/41172","targetHints":{"allow":["GET"]}}],"collection":[{"href":"https:\/\/truusk.store\/sv\/wp-json\/wp\/v2\/product"}],"about":[{"href":"https:\/\/truusk.store\/sv\/wp-json\/wp\/v2\/types\/product"}],"wp:featuredmedia":[{"embeddable":true,"href":"https:\/\/truusk.store\/sv\/wp-json\/wp\/v2\/media\/41173"}],"wp:attachment":[{"href":"https:\/\/truusk.store\/sv\/wp-json\/wp\/v2\/media?parent=41172"}],"wp:term":[{"taxonomy":"product_brand","embeddable":true,"href":"https:\/\/truusk.store\/sv\/wp-json\/wp\/v2\/product_brand?post=41172"},{"taxonomy":"product_cat","embeddable":true,"href":"https:\/\/truusk.store\/sv\/wp-json\/wp\/v2\/product_cat?post=41172"},{"taxonomy":"product_tag","embeddable":true,"href":"https:\/\/truusk.store\/sv\/wp-json\/wp\/v2\/product_tag?post=41172"}],"curies":[{"name":"wp","href":"https:\/\/api.w.org\/{rel}","templated":true}]}}