{"id":41225,"date":"2024-02-14T03:14:21","date_gmt":"2024-02-14T02:14:21","guid":{"rendered":"https:\/\/truusk.store\/product\/sidobord-sangbord-smal-design-med-tygpase-stal-morkbrun-svart-49-x-19-x-55cm\/"},"modified":"2026-03-12T09:17:13","modified_gmt":"2026-03-12T08:17:13","slug":"truusk-sidobord-och-sangbord-smalt-design-med-tygpase-stal-morkbrun-svart-49-x-19-x-55cm","status":"publish","type":"product","link":"https:\/\/truusk.store\/sv\/produkt\/truusk-sidobord-och-sangbord-smalt-design-med-tygpase-stal-morkbrun-svart-49-x-19-x-55cm\/","title":{"rendered":"TRUUSK Sidobord och S\u00e4ngbord &#8211; Smalt Design &#8211; Med Tygp\u00e5se &#8211; St\u00e5l &#8211; M\u00f6rkbrun + Svart &#8211; 49 x 19 x 55cm"},"content":{"rendered":"<p>Om du beh\u00f6ver extra f\u00f6rvaring men har begr\u00e4nsat utrymme \u00e4r detta kompakta sidobord perfekt f\u00f6r dig. Anv\u00e4nd den bredvid s\u00e4ngen som nattduksbord eller i ditt vardagsrum som sidobord. Den m\u00f6rkbruna ytan och svarta st\u00e5lben skapar en kontrasterande och industriell look som ger en speciell karakt\u00e4r till interi\u00f6ren. En praktisk tygv\u00e4ska \u00e4r idealisk f\u00f6r f\u00f6rvaring av tidningar eller fj\u00e4rrkontrollen.<\/p>\n<h3>Beskrivning:<\/h3>\n<ul>\n<li>Industriell stil, f\u00f6rb\u00e4ttrar din heminredning<\/li>\n<li>Fungerar bra som sidobord, s\u00e4ngbord eller kompakt arrang\u00f6r f\u00f6r sm\u00e5 rum<\/li>\n<li>Tygv\u00e4skan erbjuder praktiskt f\u00f6rvaringsutrymme f\u00f6r dina tidningar<\/li>\n<li>De robusta st\u00e5lbenen s\u00e4kerst\u00e4ller ett s\u00e4kert grepp<\/li>\n<li>Montering kr\u00e4vs<\/li>\n<\/ul>\n<h3>Teknisk data:<\/h3>\n<ul>\n<li>F\u00e4rg: M\u00f6rkbrun+svart<\/li>\n<li>Material: sp\u00e5nskiva, st\u00e5l, Oxford-tyg (100% polyester)<\/li>\n<li>\u00d6vergripande m\u00e5tt: 49L x 19W x 55H cm<\/li>\n<li>Tygp\u00e5se f\u00f6rvaringsutrymme: 29L x 17W x 27H cm<\/li>\n<li>Lastkapacitet: 10 kg (bordsskiva), 5 kg (tygp\u00e5se)<\/li>\n<\/ul>\n<h3>Leveransens omfattning:<\/h3>\n<ul>\n<li>1 x Sidobord<\/li>\n<li>1 x manuell<\/li>\n<\/ul>\n","protected":false},"excerpt":{"rendered":"<p>Om du beh\u00f6ver extra f\u00f6rvaring men har begr\u00e4nsat utrymme \u00e4r detta kompakta sidobord perfekt f\u00f6r dig. Anv\u00e4nd den bredvid s\u00e4ngen&#8230;<\/p>\n","protected":false},"featured_media":41226,"template":"","meta":[],"product_brand":[],"product_cat":[485,505,501],"product_tag":[],"class_list":{"0":"post-41225","1":"product","2":"type-product","3":"status-publish","4":"has-post-thumbnail","6":"product_cat-hus-bo","7":"product_cat-soffa-och-sidobord","8":"product_cat-tabeller","10":"first","11":"instock","12":"sale","13":"taxable","14":"shipping-taxable","15":"purchasable","16":"product-type-simple"},"yoast_head":"<!-- This site is optimized with the Yoast SEO plugin v25.4 - https:\/\/yoast.com\/wordpress\/plugins\/seo\/ -->\n<title>TRUUSK Sidobord och S\u00e4ngbord - Smalt Design - Med Tygp\u00e5se - St\u00e5l - M\u00f6rkbrun + Svart - 49 x 19 x 55cm - TRUUSK - Hem, Tr\u00e4dg\u00e5rd &amp; Fritid<\/title>\n<meta name=\"robots\" content=\"index, follow, max-snippet:-1, max-image-preview:large, max-video-preview:-1\" \/>\n<link rel=\"canonical\" href=\"https:\/\/truusk.store\/sv\/produkt\/truusk-sidobord-och-sangbord-smalt-design-med-tygpase-stal-morkbrun-svart-49-x-19-x-55cm\/\" \/>\n<meta property=\"og:locale\" content=\"sv_SE\" \/>\n<meta property=\"og:type\" content=\"article\" \/>\n<meta property=\"og:title\" content=\"TRUUSK Sidobord och S\u00e4ngbord - Smalt Design - Med Tygp\u00e5se - St\u00e5l - M\u00f6rkbrun + Svart - 49 x 19 x 55cm - TRUUSK - Hem, Tr\u00e4dg\u00e5rd &amp; Fritid\" \/>\n<meta property=\"og:description\" content=\"Om du beh\u00f6ver extra f\u00f6rvaring men har begr\u00e4nsat utrymme \u00e4r detta kompakta sidobord perfekt f\u00f6r dig. Anv\u00e4nd den bredvid s\u00e4ngen...\" \/>\n<meta property=\"og:url\" content=\"https:\/\/truusk.store\/sv\/produkt\/truusk-sidobord-och-sangbord-smalt-design-med-tygpase-stal-morkbrun-svart-49-x-19-x-55cm\/\" \/>\n<meta property=\"og:site_name\" content=\"TRUUSK - Hem, Tr\u00e4dg\u00e5rd &amp; Fritid\" \/>\n<meta property=\"article:modified_time\" content=\"2026-03-12T08:17:13+00:00\" \/>\n<meta property=\"og:image\" content=\"https:\/\/i0.wp.com\/truusk.se\/wp-content\/uploads\/2024\/02\/sidobord-sangbord-smal-design-med-tygpase-stal-morkbrun-svart-49-x-19-x-55cm.webp?fit=800%2C800&ssl=1\" \/>\n\t<meta property=\"og:image:width\" content=\"800\" \/>\n\t<meta property=\"og:image:height\" content=\"800\" \/>\n\t<meta property=\"og:image:type\" content=\"image\/webp\" \/>\n<meta name=\"twitter:card\" content=\"summary_large_image\" \/>\n<meta name=\"twitter:label1\" content=\"Ber\u00e4knad l\u00e4stid\" \/>\n\t<meta name=\"twitter:data1\" content=\"1 minut\" \/>\n<!-- \/ Yoast SEO plugin. -->","yoast_head_json":{"title":"TRUUSK Sidobord och S\u00e4ngbord - Smalt Design - Med Tygp\u00e5se - St\u00e5l - M\u00f6rkbrun + Svart - 49 x 19 x 55cm - TRUUSK - Hem, Tr\u00e4dg\u00e5rd &amp; Fritid","robots":{"index":"index","follow":"follow","max-snippet":"max-snippet:-1","max-image-preview":"max-image-preview:large","max-video-preview":"max-video-preview:-1"},"canonical":"https:\/\/truusk.store\/sv\/produkt\/truusk-sidobord-och-sangbord-smalt-design-med-tygpase-stal-morkbrun-svart-49-x-19-x-55cm\/","og_locale":"sv_SE","og_type":"article","og_title":"TRUUSK Sidobord och S\u00e4ngbord - Smalt Design - Med Tygp\u00e5se - St\u00e5l - M\u00f6rkbrun + Svart - 49 x 19 x 55cm - TRUUSK - Hem, Tr\u00e4dg\u00e5rd &amp; Fritid","og_description":"Om du beh\u00f6ver extra f\u00f6rvaring men har begr\u00e4nsat utrymme \u00e4r detta kompakta sidobord perfekt f\u00f6r dig. Anv\u00e4nd den bredvid s\u00e4ngen...","og_url":"https:\/\/truusk.store\/sv\/produkt\/truusk-sidobord-och-sangbord-smalt-design-med-tygpase-stal-morkbrun-svart-49-x-19-x-55cm\/","og_site_name":"TRUUSK - Hem, Tr\u00e4dg\u00e5rd &amp; Fritid","article_modified_time":"2026-03-12T08:17:13+00:00","og_image":[{"width":800,"height":800,"url":"https:\/\/i0.wp.com\/truusk.se\/wp-content\/uploads\/2024\/02\/sidobord-sangbord-smal-design-med-tygpase-stal-morkbrun-svart-49-x-19-x-55cm.webp?fit=800%2C800&ssl=1","type":"image\/webp"}],"twitter_card":"summary_large_image","twitter_misc":{"Ber\u00e4knad l\u00e4stid":"1 minut"},"schema":{"@context":"https:\/\/schema.org","@graph":[{"@type":"WebPage","@id":"https:\/\/truusk.store\/sv\/produkt\/truusk-sidobord-och-sangbord-smalt-design-med-tygpase-stal-morkbrun-svart-49-x-19-x-55cm\/","url":"https:\/\/truusk.store\/sv\/produkt\/truusk-sidobord-och-sangbord-smalt-design-med-tygpase-stal-morkbrun-svart-49-x-19-x-55cm\/","name":"TRUUSK Sidobord och S\u00e4ngbord - Smalt Design - Med Tygp\u00e5se - St\u00e5l - M\u00f6rkbrun + Svart - 49 x 19 x 55cm - TRUUSK - Hem, Tr\u00e4dg\u00e5rd &amp; Fritid","isPartOf":{"@id":"https:\/\/truusk.store\/sv\/#website"},"primaryImageOfPage":{"@id":"https:\/\/truusk.store\/sv\/produkt\/truusk-sidobord-och-sangbord-smalt-design-med-tygpase-stal-morkbrun-svart-49-x-19-x-55cm\/#primaryimage"},"image":{"@id":"https:\/\/truusk.store\/sv\/produkt\/truusk-sidobord-och-sangbord-smalt-design-med-tygpase-stal-morkbrun-svart-49-x-19-x-55cm\/#primaryimage"},"thumbnailUrl":"https:\/\/i0.wp.com\/truusk.store\/wp-content\/uploads\/2024\/02\/sidobord-sangbord-smal-design-med-tygpase-stal-morkbrun-svart-49-x-19-x-55cm.webp?fit=800%2C800&ssl=1","datePublished":"2024-02-14T02:14:21+00:00","dateModified":"2026-03-12T08:17:13+00:00","breadcrumb":{"@id":"https:\/\/truusk.store\/sv\/produkt\/truusk-sidobord-och-sangbord-smalt-design-med-tygpase-stal-morkbrun-svart-49-x-19-x-55cm\/#breadcrumb"},"inLanguage":"sv-SE","potentialAction":[{"@type":"ReadAction","target":["https:\/\/truusk.store\/sv\/produkt\/truusk-sidobord-och-sangbord-smalt-design-med-tygpase-stal-morkbrun-svart-49-x-19-x-55cm\/"]}]},{"@type":"ImageObject","inLanguage":"sv-SE","@id":"https:\/\/truusk.store\/sv\/produkt\/truusk-sidobord-och-sangbord-smalt-design-med-tygpase-stal-morkbrun-svart-49-x-19-x-55cm\/#primaryimage","url":"https:\/\/i0.wp.com\/truusk.store\/wp-content\/uploads\/2024\/02\/sidobord-sangbord-smal-design-med-tygpase-stal-morkbrun-svart-49-x-19-x-55cm.webp?fit=800%2C800&ssl=1","contentUrl":"https:\/\/i0.wp.com\/truusk.store\/wp-content\/uploads\/2024\/02\/sidobord-sangbord-smal-design-med-tygpase-stal-morkbrun-svart-49-x-19-x-55cm.webp?fit=800%2C800&ssl=1","width":800,"height":800,"caption":"Sidobord, S\u00e4ngbord, Smal Design, Med Tygp\u00e5se, St\u00e5l, M\u00f6rkbrun + Svart, 49 X 19 X 55cm 1"},{"@type":"BreadcrumbList","@id":"https:\/\/truusk.store\/sv\/produkt\/truusk-sidobord-och-sangbord-smalt-design-med-tygpase-stal-morkbrun-svart-49-x-19-x-55cm\/#breadcrumb","itemListElement":[{"@type":"ListItem","position":1,"name":"Home","item":"https:\/\/truusk.store\/sv\/"},{"@type":"ListItem","position":2,"name":"Shop","item":"https:\/\/truusk.store\/shop\/"},{"@type":"ListItem","position":3,"name":"TRUUSK Sidobord och S\u00e4ngbord &#8211; Smalt Design &#8211; Med Tygp\u00e5se &#8211; St\u00e5l &#8211; M\u00f6rkbrun + Svart &#8211; 49 x 19 x 55cm"}]},{"@type":"WebSite","@id":"https:\/\/truusk.store\/sv\/#website","url":"https:\/\/truusk.store\/sv\/","name":"TRUUSK - Hem, Tr\u00e4dg\u00e5rd & Fritid","description":"","publisher":{"@id":"https:\/\/truusk.store\/sv\/#organization"},"potentialAction":[{"@type":"SearchAction","target":{"@type":"EntryPoint","urlTemplate":"https:\/\/truusk.store\/sv\/?s={search_term_string}"},"query-input":{"@type":"PropertyValueSpecification","valueRequired":true,"valueName":"search_term_string"}}],"inLanguage":"sv-SE"},{"@type":"Organization","@id":"https:\/\/truusk.store\/sv\/#organization","name":"TRUUSK - Hem, Tr\u00e4dg\u00e5rd & Fritid","url":"https:\/\/truusk.store\/sv\/","logo":{"@type":"ImageObject","inLanguage":"sv-SE","@id":"https:\/\/truusk.store\/sv\/#\/schema\/logo\/image\/","url":"https:\/\/i0.wp.com\/truusk.store\/wp-content\/uploads\/2026\/03\/cropped-TRUUSK.png?fit=2032%2C917&ssl=1","contentUrl":"https:\/\/i0.wp.com\/truusk.store\/wp-content\/uploads\/2026\/03\/cropped-TRUUSK.png?fit=2032%2C917&ssl=1","width":2032,"height":917,"caption":"TRUUSK - Hem, Tr\u00e4dg\u00e5rd & Fritid"},"image":{"@id":"https:\/\/truusk.store\/sv\/#\/schema\/logo\/image\/"}}]}},"jetpack_sharing_enabled":true,"_links":{"self":[{"href":"https:\/\/truusk.store\/sv\/wp-json\/wp\/v2\/product\/41225","targetHints":{"allow":["GET"]}}],"collection":[{"href":"https:\/\/truusk.store\/sv\/wp-json\/wp\/v2\/product"}],"about":[{"href":"https:\/\/truusk.store\/sv\/wp-json\/wp\/v2\/types\/product"}],"wp:featuredmedia":[{"embeddable":true,"href":"https:\/\/truusk.store\/sv\/wp-json\/wp\/v2\/media\/41226"}],"wp:attachment":[{"href":"https:\/\/truusk.store\/sv\/wp-json\/wp\/v2\/media?parent=41225"}],"wp:term":[{"taxonomy":"product_brand","embeddable":true,"href":"https:\/\/truusk.store\/sv\/wp-json\/wp\/v2\/product_brand?post=41225"},{"taxonomy":"product_cat","embeddable":true,"href":"https:\/\/truusk.store\/sv\/wp-json\/wp\/v2\/product_cat?post=41225"},{"taxonomy":"product_tag","embeddable":true,"href":"https:\/\/truusk.store\/sv\/wp-json\/wp\/v2\/product_tag?post=41225"}],"curies":[{"name":"wp","href":"https:\/\/api.w.org\/{rel}","templated":true}]}}