{"id":41247,"date":"2024-02-14T03:15:04","date_gmt":"2024-02-14T02:15:04","guid":{"rendered":"https:\/\/truusk.store\/product\/set-med-2-barstolar-i-boho-design-pe-rotting-inklusive-fotstod-425-cm-x-52-cm-x-102-cm-gul-svart\/"},"modified":"2026-03-12T09:17:13","modified_gmt":"2026-03-12T08:17:13","slug":"truusk-set-med-2-barstolar-i-boho-design-pe-rotting-inklusive-fotstod-425-cm-x-52-cm-x-102-cm-gul-svart","status":"publish","type":"product","link":"https:\/\/truusk.store\/sv\/produkt\/truusk-set-med-2-barstolar-i-boho-design-pe-rotting-inklusive-fotstod-425-cm-x-52-cm-x-102-cm-gul-svart\/","title":{"rendered":"TRUUSK Set med 2 Barstolar i Boho-design &#8211; PE-rotting &#8211; Inklusive Fotst\u00f6d &#8211; 42,5 cm x 52 cm x 102 cm &#8211; Gul + Svart"},"content":{"rendered":"<p>Ta in boho-stilen i ditt hem. Oavsett om du vill b\u00f6rja morgonen med en l\u00e4cker brunch eller avsluta kv\u00e4llen med dina favoritdrinkar, kommer detta set med 2 barstolar att m\u00f6ta alla dina olika behov. Sitsen och ryggst\u00f6det \u00e4r gjorda av rotting och skapar en trendig boho-look. St\u00e5lbenen ger b\u00e4nkstolen en stadig bas och d\u00e4rmed ett stabilt stativ.Ett l\u00e4gre fotst\u00f6d ger dina ben ett bekv\u00e4mt st\u00f6d. Njut av dessa barstolar idag.<\/p>\n<h3>Beskrivning:<\/h3>\n<ul>\n<li>Set med 2 barstolar i boho design<\/li>\n<li>PE-rottingkonstruktionen ger en snygg sittyta som andas<\/li>\n<li>L\u00e4mplig f\u00f6r k\u00f6ksb\u00e4nkar och barbord med en h\u00f6jd p\u00e5 96 cm<\/li>\n<li>Det nedre fotst\u00f6det erbjuder en bekv\u00e4m plats att vila f\u00f6tterna p\u00e5<\/li>\n<li>En robust st\u00e5lram g\u00f6r pallarna robusta och h\u00e5llbara<\/li>\n<li>De f\u00e4sta halkfria f\u00f6tterna f\u00f6rhindrar repor p\u00e5 golvet<\/li>\n<li>Montering kr\u00e4vs<\/li>\n<\/ul>\n<h3>Teknisk data:<\/h3>\n<ul>\n<li>F\u00e4rg: Gul+svart<\/li>\n<li>Material: PE rotting, st\u00e5l<\/li>\n<li>\u00d6vergripande m\u00e5tt: 42,5L x 52W x 102H cm<\/li>\n<li>Sitsstorlek: 42,5L x 39W x 66H cm<\/li>\n<li>Ryggst\u00f6dsstorlek: 40W x 38H cm<\/li>\n<li>F\u00f6tter till golv: 22 cm<\/li>\n<li>Viktkapacitet: 120 kg<\/li>\n<\/ul>\n<h3>Leveransens omfattning:<\/h3>\n<ul>\n<li>2 x barstolar<\/li>\n<li>1 x bruksanvisning<\/li>\n<\/ul>\n","protected":false},"excerpt":{"rendered":"<p>Ta in boho-stilen i ditt hem. Oavsett om du vill b\u00f6rja morgonen med en l\u00e4cker brunch eller avsluta kv\u00e4llen med&#8230;<\/p>\n","protected":false},"featured_media":41248,"template":"","meta":[],"product_brand":[],"product_cat":[544,485,542],"product_tag":[],"class_list":{"0":"post-41247","1":"product","2":"type-product","3":"status-publish","4":"has-post-thumbnail","6":"product_cat-barstol","7":"product_cat-hus-bo","8":"product_cat-pall","10":"first","11":"instock","12":"sale","13":"taxable","14":"shipping-taxable","15":"purchasable","16":"product-type-simple"},"yoast_head":"<!-- This site is optimized with the Yoast SEO plugin v25.4 - https:\/\/yoast.com\/wordpress\/plugins\/seo\/ -->\n<title>TRUUSK Set med 2 Barstolar i Boho-design - PE-rotting - Inklusive Fotst\u00f6d - 42,5 cm x 52 cm x 102 cm - Gul + Svart - TRUUSK - Hem, Tr\u00e4dg\u00e5rd &amp; Fritid<\/title>\n<meta name=\"robots\" content=\"index, follow, max-snippet:-1, max-image-preview:large, max-video-preview:-1\" \/>\n<link rel=\"canonical\" href=\"https:\/\/truusk.store\/sv\/produkt\/truusk-set-med-2-barstolar-i-boho-design-pe-rotting-inklusive-fotstod-425-cm-x-52-cm-x-102-cm-gul-svart\/\" \/>\n<meta property=\"og:locale\" content=\"sv_SE\" \/>\n<meta property=\"og:type\" content=\"article\" \/>\n<meta property=\"og:title\" content=\"TRUUSK Set med 2 Barstolar i Boho-design - PE-rotting - Inklusive Fotst\u00f6d - 42,5 cm x 52 cm x 102 cm - Gul + Svart - TRUUSK - Hem, Tr\u00e4dg\u00e5rd &amp; Fritid\" \/>\n<meta property=\"og:description\" content=\"Ta in boho-stilen i ditt hem. Oavsett om du vill b\u00f6rja morgonen med en l\u00e4cker brunch eller avsluta kv\u00e4llen med...\" \/>\n<meta property=\"og:url\" content=\"https:\/\/truusk.store\/sv\/produkt\/truusk-set-med-2-barstolar-i-boho-design-pe-rotting-inklusive-fotstod-425-cm-x-52-cm-x-102-cm-gul-svart\/\" \/>\n<meta property=\"og:site_name\" content=\"TRUUSK - Hem, Tr\u00e4dg\u00e5rd &amp; Fritid\" \/>\n<meta property=\"article:modified_time\" content=\"2026-03-12T08:17:13+00:00\" \/>\n<meta property=\"og:image\" content=\"https:\/\/i0.wp.com\/truusk.se\/wp-content\/uploads\/2024\/02\/set-med-2-barstolar-i-boho-design-pe-rotting-inklusive-fotstod-425-cm-x-52-cm-x-102-cm-gul-svart.webp?fit=800%2C800&ssl=1\" \/>\n\t<meta property=\"og:image:width\" content=\"800\" \/>\n\t<meta property=\"og:image:height\" content=\"800\" \/>\n\t<meta property=\"og:image:type\" content=\"image\/webp\" \/>\n<meta name=\"twitter:card\" content=\"summary_large_image\" \/>\n<meta name=\"twitter:label1\" content=\"Ber\u00e4knad l\u00e4stid\" \/>\n\t<meta name=\"twitter:data1\" content=\"1 minut\" \/>\n<!-- \/ Yoast SEO plugin. -->","yoast_head_json":{"title":"TRUUSK Set med 2 Barstolar i Boho-design - PE-rotting - Inklusive Fotst\u00f6d - 42,5 cm x 52 cm x 102 cm - Gul + Svart - TRUUSK - Hem, Tr\u00e4dg\u00e5rd &amp; Fritid","robots":{"index":"index","follow":"follow","max-snippet":"max-snippet:-1","max-image-preview":"max-image-preview:large","max-video-preview":"max-video-preview:-1"},"canonical":"https:\/\/truusk.store\/sv\/produkt\/truusk-set-med-2-barstolar-i-boho-design-pe-rotting-inklusive-fotstod-425-cm-x-52-cm-x-102-cm-gul-svart\/","og_locale":"sv_SE","og_type":"article","og_title":"TRUUSK Set med 2 Barstolar i Boho-design - PE-rotting - Inklusive Fotst\u00f6d - 42,5 cm x 52 cm x 102 cm - Gul + Svart - TRUUSK - Hem, Tr\u00e4dg\u00e5rd &amp; Fritid","og_description":"Ta in boho-stilen i ditt hem. Oavsett om du vill b\u00f6rja morgonen med en l\u00e4cker brunch eller avsluta kv\u00e4llen med...","og_url":"https:\/\/truusk.store\/sv\/produkt\/truusk-set-med-2-barstolar-i-boho-design-pe-rotting-inklusive-fotstod-425-cm-x-52-cm-x-102-cm-gul-svart\/","og_site_name":"TRUUSK - Hem, Tr\u00e4dg\u00e5rd &amp; Fritid","article_modified_time":"2026-03-12T08:17:13+00:00","og_image":[{"width":800,"height":800,"url":"https:\/\/i0.wp.com\/truusk.se\/wp-content\/uploads\/2024\/02\/set-med-2-barstolar-i-boho-design-pe-rotting-inklusive-fotstod-425-cm-x-52-cm-x-102-cm-gul-svart.webp?fit=800%2C800&ssl=1","type":"image\/webp"}],"twitter_card":"summary_large_image","twitter_misc":{"Ber\u00e4knad l\u00e4stid":"1 minut"},"schema":{"@context":"https:\/\/schema.org","@graph":[{"@type":"WebPage","@id":"https:\/\/truusk.store\/sv\/produkt\/truusk-set-med-2-barstolar-i-boho-design-pe-rotting-inklusive-fotstod-425-cm-x-52-cm-x-102-cm-gul-svart\/","url":"https:\/\/truusk.store\/sv\/produkt\/truusk-set-med-2-barstolar-i-boho-design-pe-rotting-inklusive-fotstod-425-cm-x-52-cm-x-102-cm-gul-svart\/","name":"TRUUSK Set med 2 Barstolar i Boho-design - PE-rotting - Inklusive Fotst\u00f6d - 42,5 cm x 52 cm x 102 cm - Gul + Svart - TRUUSK - Hem, Tr\u00e4dg\u00e5rd &amp; Fritid","isPartOf":{"@id":"https:\/\/truusk.store\/sv\/#website"},"primaryImageOfPage":{"@id":"https:\/\/truusk.store\/sv\/produkt\/truusk-set-med-2-barstolar-i-boho-design-pe-rotting-inklusive-fotstod-425-cm-x-52-cm-x-102-cm-gul-svart\/#primaryimage"},"image":{"@id":"https:\/\/truusk.store\/sv\/produkt\/truusk-set-med-2-barstolar-i-boho-design-pe-rotting-inklusive-fotstod-425-cm-x-52-cm-x-102-cm-gul-svart\/#primaryimage"},"thumbnailUrl":"https:\/\/i0.wp.com\/truusk.store\/wp-content\/uploads\/2024\/02\/set-med-2-barstolar-i-boho-design-pe-rotting-inklusive-fotstod-425-cm-x-52-cm-x-102-cm-gul-svart.webp?fit=800%2C800&ssl=1","datePublished":"2024-02-14T02:15:04+00:00","dateModified":"2026-03-12T08:17:13+00:00","breadcrumb":{"@id":"https:\/\/truusk.store\/sv\/produkt\/truusk-set-med-2-barstolar-i-boho-design-pe-rotting-inklusive-fotstod-425-cm-x-52-cm-x-102-cm-gul-svart\/#breadcrumb"},"inLanguage":"sv-SE","potentialAction":[{"@type":"ReadAction","target":["https:\/\/truusk.store\/sv\/produkt\/truusk-set-med-2-barstolar-i-boho-design-pe-rotting-inklusive-fotstod-425-cm-x-52-cm-x-102-cm-gul-svart\/"]}]},{"@type":"ImageObject","inLanguage":"sv-SE","@id":"https:\/\/truusk.store\/sv\/produkt\/truusk-set-med-2-barstolar-i-boho-design-pe-rotting-inklusive-fotstod-425-cm-x-52-cm-x-102-cm-gul-svart\/#primaryimage","url":"https:\/\/i0.wp.com\/truusk.store\/wp-content\/uploads\/2024\/02\/set-med-2-barstolar-i-boho-design-pe-rotting-inklusive-fotstod-425-cm-x-52-cm-x-102-cm-gul-svart.webp?fit=800%2C800&ssl=1","contentUrl":"https:\/\/i0.wp.com\/truusk.store\/wp-content\/uploads\/2024\/02\/set-med-2-barstolar-i-boho-design-pe-rotting-inklusive-fotstod-425-cm-x-52-cm-x-102-cm-gul-svart.webp?fit=800%2C800&ssl=1","width":800,"height":800,"caption":"Set Med 2 Barstolar I Boho-design, PE-rotting, Inklusive Fotst\u00f6d, 42,5 Cm X 52 Cm X 102 Cm, Gul + Svart 1"},{"@type":"BreadcrumbList","@id":"https:\/\/truusk.store\/sv\/produkt\/truusk-set-med-2-barstolar-i-boho-design-pe-rotting-inklusive-fotstod-425-cm-x-52-cm-x-102-cm-gul-svart\/#breadcrumb","itemListElement":[{"@type":"ListItem","position":1,"name":"Home","item":"https:\/\/truusk.store\/sv\/"},{"@type":"ListItem","position":2,"name":"Shop","item":"https:\/\/truusk.store\/shop\/"},{"@type":"ListItem","position":3,"name":"TRUUSK Set med 2 Barstolar i Boho-design &#8211; PE-rotting &#8211; Inklusive Fotst\u00f6d &#8211; 42,5 cm x 52 cm x 102 cm &#8211; Gul + Svart"}]},{"@type":"WebSite","@id":"https:\/\/truusk.store\/sv\/#website","url":"https:\/\/truusk.store\/sv\/","name":"TRUUSK - Hem, Tr\u00e4dg\u00e5rd & Fritid","description":"","publisher":{"@id":"https:\/\/truusk.store\/sv\/#organization"},"potentialAction":[{"@type":"SearchAction","target":{"@type":"EntryPoint","urlTemplate":"https:\/\/truusk.store\/sv\/?s={search_term_string}"},"query-input":{"@type":"PropertyValueSpecification","valueRequired":true,"valueName":"search_term_string"}}],"inLanguage":"sv-SE"},{"@type":"Organization","@id":"https:\/\/truusk.store\/sv\/#organization","name":"TRUUSK - Hem, Tr\u00e4dg\u00e5rd & Fritid","url":"https:\/\/truusk.store\/sv\/","logo":{"@type":"ImageObject","inLanguage":"sv-SE","@id":"https:\/\/truusk.store\/sv\/#\/schema\/logo\/image\/","url":"https:\/\/i0.wp.com\/truusk.store\/wp-content\/uploads\/2026\/03\/cropped-TRUUSK.png?fit=2032%2C917&ssl=1","contentUrl":"https:\/\/i0.wp.com\/truusk.store\/wp-content\/uploads\/2026\/03\/cropped-TRUUSK.png?fit=2032%2C917&ssl=1","width":2032,"height":917,"caption":"TRUUSK - Hem, Tr\u00e4dg\u00e5rd & Fritid"},"image":{"@id":"https:\/\/truusk.store\/sv\/#\/schema\/logo\/image\/"}}]}},"jetpack_sharing_enabled":true,"_links":{"self":[{"href":"https:\/\/truusk.store\/sv\/wp-json\/wp\/v2\/product\/41247","targetHints":{"allow":["GET"]}}],"collection":[{"href":"https:\/\/truusk.store\/sv\/wp-json\/wp\/v2\/product"}],"about":[{"href":"https:\/\/truusk.store\/sv\/wp-json\/wp\/v2\/types\/product"}],"wp:featuredmedia":[{"embeddable":true,"href":"https:\/\/truusk.store\/sv\/wp-json\/wp\/v2\/media\/41248"}],"wp:attachment":[{"href":"https:\/\/truusk.store\/sv\/wp-json\/wp\/v2\/media?parent=41247"}],"wp:term":[{"taxonomy":"product_brand","embeddable":true,"href":"https:\/\/truusk.store\/sv\/wp-json\/wp\/v2\/product_brand?post=41247"},{"taxonomy":"product_cat","embeddable":true,"href":"https:\/\/truusk.store\/sv\/wp-json\/wp\/v2\/product_cat?post=41247"},{"taxonomy":"product_tag","embeddable":true,"href":"https:\/\/truusk.store\/sv\/wp-json\/wp\/v2\/product_tag?post=41247"}],"curies":[{"name":"wp","href":"https:\/\/api.w.org\/{rel}","templated":true}]}}