{"id":41311,"date":"2024-02-14T03:17:22","date_gmt":"2024-02-14T02:17:22","guid":{"rendered":"https:\/\/truusk.store\/product\/industriellt-barbord-med-barstolar-knappsom-120-cm-x-60-cm-x-91-cm-gra-svart\/"},"modified":"2026-03-12T09:17:15","modified_gmt":"2026-03-12T08:17:15","slug":"truusk-industriellt-barbord-och-barstolar-knappsom-matt-120-cm-x-60-cm-x-91-cm-gra-och-svart","status":"publish","type":"product","link":"https:\/\/truusk.store\/sv\/produkt\/truusk-industriellt-barbord-och-barstolar-knappsom-matt-120-cm-x-60-cm-x-91-cm-gra-och-svart\/","title":{"rendered":"TRUUSK Industriellt Barbord och Barstolar &#8211; Knapps\u00f6m &#8211; M\u00e5tt 120 cm x 60 cm x 91 cm &#8211; Gr\u00e5 och Svart"},"content":{"rendered":"<p>F\u00f6rvandla ett litet rum till en inbjudande matsal. Med 5-delade barstolsset kan du skapa ett mysigt utrymme f\u00f6r att dela dagliga m\u00e5ltider med din familj eller v\u00e4nner. Denna barstolsset \u00e4r l\u00e4mplig f\u00f6r alla rum d\u00e4r ytterligare sittplatser beh\u00f6vs, oavsett om det \u00e4r f\u00f6r middag, spel eller arbete. Skapa ett mysigt utrymme med denna enkla och moderna matsalsset i industriell design.<\/p>\n<h3>Beskrivning:<\/h3>\n<ul>\n<li>Setet i 5 delar best\u00e5r av ett bord och 4 stolar<\/li>\n<li>Knapps\u00f6mmar, tjock vaddering och tyg i linnelook f\u00f6r h\u00f6g komfort<\/li>\n<li>Bordsskivan av tr\u00e4material \u00e4r l\u00e4tt att reng\u00f6ra<\/li>\n<li>Stark st\u00e5lram f\u00f6r robusthet<\/li>\n<li>Justerbara f\u00f6tter f\u00f6r att skydda golvet fr\u00e5n repor och h\u00e5lla det stabilt<\/li>\n<li>Montering kr\u00e4vs<\/li>\n<\/ul>\n<h3>Teknisk data:<\/h3>\n<ul>\n<li>F\u00e4rg: Ljusbrun+Ljusgr\u00e5+svart<\/li>\n<li>Material: linneimitation (100 % polyester), sp\u00e5nskiva, st\u00e5l, skum<\/li>\n<li>Totala m\u00e5tt: 120L x 60W x 91H cm (bord), 49W x 43D x 91H cm (pall)<\/li>\n<li>Sitsstorlek: 43W x 36D x 62H cm<\/li>\n<li>H\u00f6jd p\u00e5 fotst\u00f6den: 14,5 H cm<\/li>\n<li>Min till\u00e4mplig area: 320L x 260W cm<\/li>\n<li>Viktkapacitet: 60 kg (bord), 120 kg (pall)<\/li>\n<\/ul>\n<h3>Leveransens omfattning:<\/h3>\n<ul>\n<li>1 x bord<\/li>\n<li>4 x pallar<\/li>\n<li>1 x Instruktioner<\/li>\n<\/ul>\n","protected":false},"excerpt":{"rendered":"<p>F\u00f6rvandla ett litet rum till en inbjudande matsal. Med 5-delade barstolsset kan du skapa ett mysigt utrymme f\u00f6r att dela&#8230;<\/p>\n","protected":false},"featured_media":41312,"template":"","meta":[],"product_brand":[],"product_cat":[731,485,501],"product_tag":[],"class_list":{"0":"post-41311","1":"product","2":"type-product","3":"status-publish","4":"has-post-thumbnail","6":"product_cat-barbordsset","7":"product_cat-hus-bo","8":"product_cat-tabeller","10":"first","11":"instock","12":"sale","13":"taxable","14":"shipping-taxable","15":"purchasable","16":"product-type-simple"},"yoast_head":"<!-- This site is optimized with the Yoast SEO plugin v25.4 - https:\/\/yoast.com\/wordpress\/plugins\/seo\/ -->\n<title>TRUUSK Industriellt Barbord och Barstolar - Knapps\u00f6m - M\u00e5tt 120 cm x 60 cm x 91 cm - Gr\u00e5 och Svart - TRUUSK - Hem, Tr\u00e4dg\u00e5rd &amp; Fritid<\/title>\n<meta name=\"robots\" content=\"index, follow, max-snippet:-1, max-image-preview:large, max-video-preview:-1\" \/>\n<link rel=\"canonical\" href=\"https:\/\/truusk.store\/sv\/produkt\/truusk-industriellt-barbord-och-barstolar-knappsom-matt-120-cm-x-60-cm-x-91-cm-gra-och-svart\/\" \/>\n<meta property=\"og:locale\" content=\"sv_SE\" \/>\n<meta property=\"og:type\" content=\"article\" \/>\n<meta property=\"og:title\" content=\"TRUUSK Industriellt Barbord och Barstolar - Knapps\u00f6m - M\u00e5tt 120 cm x 60 cm x 91 cm - Gr\u00e5 och Svart - TRUUSK - Hem, Tr\u00e4dg\u00e5rd &amp; Fritid\" \/>\n<meta property=\"og:description\" content=\"F\u00f6rvandla ett litet rum till en inbjudande matsal. Med 5-delade barstolsset kan du skapa ett mysigt utrymme f\u00f6r att dela...\" \/>\n<meta property=\"og:url\" content=\"https:\/\/truusk.store\/sv\/produkt\/truusk-industriellt-barbord-och-barstolar-knappsom-matt-120-cm-x-60-cm-x-91-cm-gra-och-svart\/\" \/>\n<meta property=\"og:site_name\" content=\"TRUUSK - Hem, Tr\u00e4dg\u00e5rd &amp; Fritid\" \/>\n<meta property=\"article:modified_time\" content=\"2026-03-12T08:17:15+00:00\" \/>\n<meta property=\"og:image\" content=\"https:\/\/i0.wp.com\/truusk.se\/wp-content\/uploads\/2024\/02\/industriellt-barbord-med-barstolar-knappsom-120-cm-x-60-cm-x-91-cm-gra-svart.webp?fit=800%2C800&ssl=1\" \/>\n\t<meta property=\"og:image:width\" content=\"800\" \/>\n\t<meta property=\"og:image:height\" content=\"800\" \/>\n\t<meta property=\"og:image:type\" content=\"image\/webp\" \/>\n<meta name=\"twitter:card\" content=\"summary_large_image\" \/>\n<meta name=\"twitter:label1\" content=\"Ber\u00e4knad l\u00e4stid\" \/>\n\t<meta name=\"twitter:data1\" content=\"1 minut\" \/>\n<!-- \/ Yoast SEO plugin. -->","yoast_head_json":{"title":"TRUUSK Industriellt Barbord och Barstolar - Knapps\u00f6m - M\u00e5tt 120 cm x 60 cm x 91 cm - Gr\u00e5 och Svart - TRUUSK - Hem, Tr\u00e4dg\u00e5rd &amp; Fritid","robots":{"index":"index","follow":"follow","max-snippet":"max-snippet:-1","max-image-preview":"max-image-preview:large","max-video-preview":"max-video-preview:-1"},"canonical":"https:\/\/truusk.store\/sv\/produkt\/truusk-industriellt-barbord-och-barstolar-knappsom-matt-120-cm-x-60-cm-x-91-cm-gra-och-svart\/","og_locale":"sv_SE","og_type":"article","og_title":"TRUUSK Industriellt Barbord och Barstolar - Knapps\u00f6m - M\u00e5tt 120 cm x 60 cm x 91 cm - Gr\u00e5 och Svart - TRUUSK - Hem, Tr\u00e4dg\u00e5rd &amp; Fritid","og_description":"F\u00f6rvandla ett litet rum till en inbjudande matsal. Med 5-delade barstolsset kan du skapa ett mysigt utrymme f\u00f6r att dela...","og_url":"https:\/\/truusk.store\/sv\/produkt\/truusk-industriellt-barbord-och-barstolar-knappsom-matt-120-cm-x-60-cm-x-91-cm-gra-och-svart\/","og_site_name":"TRUUSK - Hem, Tr\u00e4dg\u00e5rd &amp; Fritid","article_modified_time":"2026-03-12T08:17:15+00:00","og_image":[{"width":800,"height":800,"url":"https:\/\/i0.wp.com\/truusk.se\/wp-content\/uploads\/2024\/02\/industriellt-barbord-med-barstolar-knappsom-120-cm-x-60-cm-x-91-cm-gra-svart.webp?fit=800%2C800&ssl=1","type":"image\/webp"}],"twitter_card":"summary_large_image","twitter_misc":{"Ber\u00e4knad l\u00e4stid":"1 minut"},"schema":{"@context":"https:\/\/schema.org","@graph":[{"@type":"WebPage","@id":"https:\/\/truusk.store\/sv\/produkt\/truusk-industriellt-barbord-och-barstolar-knappsom-matt-120-cm-x-60-cm-x-91-cm-gra-och-svart\/","url":"https:\/\/truusk.store\/sv\/produkt\/truusk-industriellt-barbord-och-barstolar-knappsom-matt-120-cm-x-60-cm-x-91-cm-gra-och-svart\/","name":"TRUUSK Industriellt Barbord och Barstolar - Knapps\u00f6m - M\u00e5tt 120 cm x 60 cm x 91 cm - Gr\u00e5 och Svart - TRUUSK - Hem, Tr\u00e4dg\u00e5rd &amp; Fritid","isPartOf":{"@id":"https:\/\/truusk.store\/sv\/#website"},"primaryImageOfPage":{"@id":"https:\/\/truusk.store\/sv\/produkt\/truusk-industriellt-barbord-och-barstolar-knappsom-matt-120-cm-x-60-cm-x-91-cm-gra-och-svart\/#primaryimage"},"image":{"@id":"https:\/\/truusk.store\/sv\/produkt\/truusk-industriellt-barbord-och-barstolar-knappsom-matt-120-cm-x-60-cm-x-91-cm-gra-och-svart\/#primaryimage"},"thumbnailUrl":"https:\/\/i0.wp.com\/truusk.store\/wp-content\/uploads\/2024\/02\/industriellt-barbord-med-barstolar-knappsom-120-cm-x-60-cm-x-91-cm-gra-svart.webp?fit=800%2C800&ssl=1","datePublished":"2024-02-14T02:17:22+00:00","dateModified":"2026-03-12T08:17:15+00:00","breadcrumb":{"@id":"https:\/\/truusk.store\/sv\/produkt\/truusk-industriellt-barbord-och-barstolar-knappsom-matt-120-cm-x-60-cm-x-91-cm-gra-och-svart\/#breadcrumb"},"inLanguage":"sv-SE","potentialAction":[{"@type":"ReadAction","target":["https:\/\/truusk.store\/sv\/produkt\/truusk-industriellt-barbord-och-barstolar-knappsom-matt-120-cm-x-60-cm-x-91-cm-gra-och-svart\/"]}]},{"@type":"ImageObject","inLanguage":"sv-SE","@id":"https:\/\/truusk.store\/sv\/produkt\/truusk-industriellt-barbord-och-barstolar-knappsom-matt-120-cm-x-60-cm-x-91-cm-gra-och-svart\/#primaryimage","url":"https:\/\/i0.wp.com\/truusk.store\/wp-content\/uploads\/2024\/02\/industriellt-barbord-med-barstolar-knappsom-120-cm-x-60-cm-x-91-cm-gra-svart.webp?fit=800%2C800&ssl=1","contentUrl":"https:\/\/i0.wp.com\/truusk.store\/wp-content\/uploads\/2024\/02\/industriellt-barbord-med-barstolar-knappsom-120-cm-x-60-cm-x-91-cm-gra-svart.webp?fit=800%2C800&ssl=1","width":800,"height":800,"caption":"Industriellt Barbord Med Barstolar, Knapps\u00f6m, 120 Cm X 60 Cm X 91 Cm, Gr\u00e5 + Svart 1"},{"@type":"BreadcrumbList","@id":"https:\/\/truusk.store\/sv\/produkt\/truusk-industriellt-barbord-och-barstolar-knappsom-matt-120-cm-x-60-cm-x-91-cm-gra-och-svart\/#breadcrumb","itemListElement":[{"@type":"ListItem","position":1,"name":"Home","item":"https:\/\/truusk.store\/sv\/"},{"@type":"ListItem","position":2,"name":"Shop","item":"https:\/\/truusk.store\/shop\/"},{"@type":"ListItem","position":3,"name":"TRUUSK Industriellt Barbord och Barstolar &#8211; Knapps\u00f6m &#8211; M\u00e5tt 120 cm x 60 cm x 91 cm &#8211; Gr\u00e5 och Svart"}]},{"@type":"WebSite","@id":"https:\/\/truusk.store\/sv\/#website","url":"https:\/\/truusk.store\/sv\/","name":"TRUUSK - Hem, Tr\u00e4dg\u00e5rd & Fritid","description":"","publisher":{"@id":"https:\/\/truusk.store\/sv\/#organization"},"potentialAction":[{"@type":"SearchAction","target":{"@type":"EntryPoint","urlTemplate":"https:\/\/truusk.store\/sv\/?s={search_term_string}"},"query-input":{"@type":"PropertyValueSpecification","valueRequired":true,"valueName":"search_term_string"}}],"inLanguage":"sv-SE"},{"@type":"Organization","@id":"https:\/\/truusk.store\/sv\/#organization","name":"TRUUSK - Hem, Tr\u00e4dg\u00e5rd & Fritid","url":"https:\/\/truusk.store\/sv\/","logo":{"@type":"ImageObject","inLanguage":"sv-SE","@id":"https:\/\/truusk.store\/sv\/#\/schema\/logo\/image\/","url":"https:\/\/i0.wp.com\/truusk.store\/wp-content\/uploads\/2026\/03\/cropped-TRUUSK.png?fit=2032%2C917&ssl=1","contentUrl":"https:\/\/i0.wp.com\/truusk.store\/wp-content\/uploads\/2026\/03\/cropped-TRUUSK.png?fit=2032%2C917&ssl=1","width":2032,"height":917,"caption":"TRUUSK - Hem, Tr\u00e4dg\u00e5rd & Fritid"},"image":{"@id":"https:\/\/truusk.store\/sv\/#\/schema\/logo\/image\/"}}]}},"jetpack_sharing_enabled":true,"_links":{"self":[{"href":"https:\/\/truusk.store\/sv\/wp-json\/wp\/v2\/product\/41311","targetHints":{"allow":["GET"]}}],"collection":[{"href":"https:\/\/truusk.store\/sv\/wp-json\/wp\/v2\/product"}],"about":[{"href":"https:\/\/truusk.store\/sv\/wp-json\/wp\/v2\/types\/product"}],"wp:featuredmedia":[{"embeddable":true,"href":"https:\/\/truusk.store\/sv\/wp-json\/wp\/v2\/media\/41312"}],"wp:attachment":[{"href":"https:\/\/truusk.store\/sv\/wp-json\/wp\/v2\/media?parent=41311"}],"wp:term":[{"taxonomy":"product_brand","embeddable":true,"href":"https:\/\/truusk.store\/sv\/wp-json\/wp\/v2\/product_brand?post=41311"},{"taxonomy":"product_cat","embeddable":true,"href":"https:\/\/truusk.store\/sv\/wp-json\/wp\/v2\/product_cat?post=41311"},{"taxonomy":"product_tag","embeddable":true,"href":"https:\/\/truusk.store\/sv\/wp-json\/wp\/v2\/product_tag?post=41311"}],"curies":[{"name":"wp","href":"https:\/\/api.w.org\/{rel}","templated":true}]}}