{"id":41317,"date":"2024-02-14T03:17:36","date_gmt":"2024-02-14T02:17:36","guid":{"rendered":"https:\/\/truusk.store\/product\/utomhusskyddsskarm-malad-stalram-palmbladssilhuettdesign-12-x-2-m-svart\/"},"modified":"2026-03-12T09:17:15","modified_gmt":"2026-03-12T08:17:15","slug":"truusk-utomhusskyddsskarm-malad-stalram-palmbladssilhuettdesign-12-x-2-m-svart","status":"publish","type":"product","link":"https:\/\/truusk.store\/sv\/produkt\/truusk-utomhusskyddsskarm-malad-stalram-palmbladssilhuettdesign-12-x-2-m-svart\/","title":{"rendered":"TRUUSK Utomhusskyddssk\u00e4rm &#8211; M\u00e5lad St\u00e5lram &#8211; Palmbladssilhuettdesign &#8211; 1,2 X 2 M &#8211; Svart"},"content":{"rendered":"<p>Denna insynsskydd utomhus (198 x 122 cm) ger din tr\u00e4dg\u00e5rdsstil och avskildhet. Den robusta st\u00e5lkonstruktionen med skyddsf\u00e4rg s\u00e4kerst\u00e4ller kompromissl\u00f6s h\u00e5llbarhet. Den sofistikerade designen med silhuetten av ett stort palmblad i svart och vitt ger en intressant touch till ditt utomhusutrymme. Med tv\u00e5 stabila f\u00f6tter st\u00e5r utsiktsv\u00e4ggen s\u00e4kert. L\u00e4tt att montera och m\u00e5ngsidig f\u00f6r inomhus- och utomhusbruk.<\/p>\n<h3>Beskrivning:<\/h3>\n<ul>\n<li>Sekretesssk\u00e4rm med st\u00e5lram l\u00e4mplig f\u00f6r utomhusbruk med skyddande bel\u00e4ggning<\/li>\n<li>Palmbladssiluett f\u00f6r en vacker look<\/li>\n<li>Frist\u00e5ende, med tv\u00e5 f\u00f6tter f\u00f6r stabilitet Fyra skruvar ing\u00e5r<\/li>\n<li>Skapar ett avgr\u00e4nsat uteomr\u00e5de. Kan \u00e4ven anv\u00e4ndas inomhus<\/li>\n<li>L\u00e4gg till vikter f\u00f6r extra stabilitet<\/li>\n<li>Montering kr\u00e4vs<\/li>\n<\/ul>\n<h3>Teknisk data:<\/h3>\n<ul>\n<li>Stil: Bananblad<\/li>\n<li>Svart f\u00e4rg<\/li>\n<li>Material: st\u00e5l<\/li>\n<li>\u00d6vergripande m\u00e5tt: 122L x 45W x 198H cm<\/li>\n<li>Markfrig\u00e5ng: 18,5 cm<\/li>\n<\/ul>\n<h3>Leveransens omfattning:<\/h3>\n<ul>\n<li>1 x insynsskydd utomhus<\/li>\n<li>4 x skruv<\/li>\n<\/ul>\n","protected":false},"excerpt":{"rendered":"<p>Denna insynsskydd utomhus (198 x 122 cm) ger din tr\u00e4dg\u00e5rdsstil och avskildhet. Den robusta st\u00e5lkonstruktionen med skyddsf\u00e4rg s\u00e4kerst\u00e4ller kompromissl\u00f6s h\u00e5llbarhet&#8230;.<\/p>\n","protected":false},"featured_media":41318,"template":"","meta":[],"product_brand":[],"product_cat":[471,435],"product_tag":[],"class_list":{"0":"post-41317","1":"product","2":"type-product","3":"status-publish","4":"has-post-thumbnail","6":"product_cat-solskydd-integritetsskydd","7":"product_cat-tradgard-och-terrass","9":"first","10":"instock","11":"sale","12":"taxable","13":"shipping-taxable","14":"purchasable","15":"product-type-simple"},"yoast_head":"<!-- This site is optimized with the Yoast SEO plugin v25.4 - https:\/\/yoast.com\/wordpress\/plugins\/seo\/ -->\n<title>TRUUSK Utomhusskyddssk\u00e4rm - M\u00e5lad St\u00e5lram - Palmbladssilhuettdesign - 1,2 X 2 M - Svart - TRUUSK - Hem, Tr\u00e4dg\u00e5rd &amp; Fritid<\/title>\n<meta name=\"robots\" content=\"index, follow, max-snippet:-1, max-image-preview:large, max-video-preview:-1\" \/>\n<link rel=\"canonical\" href=\"https:\/\/truusk.store\/sv\/produkt\/truusk-utomhusskyddsskarm-malad-stalram-palmbladssilhuettdesign-12-x-2-m-svart\/\" \/>\n<meta property=\"og:locale\" content=\"sv_SE\" \/>\n<meta property=\"og:type\" content=\"article\" \/>\n<meta property=\"og:title\" content=\"TRUUSK Utomhusskyddssk\u00e4rm - M\u00e5lad St\u00e5lram - Palmbladssilhuettdesign - 1,2 X 2 M - Svart - TRUUSK - Hem, Tr\u00e4dg\u00e5rd &amp; Fritid\" \/>\n<meta property=\"og:description\" content=\"Denna insynsskydd utomhus (198 x 122 cm) ger din tr\u00e4dg\u00e5rdsstil och avskildhet. Den robusta st\u00e5lkonstruktionen med skyddsf\u00e4rg s\u00e4kerst\u00e4ller kompromissl\u00f6s h\u00e5llbarhet....\" \/>\n<meta property=\"og:url\" content=\"https:\/\/truusk.store\/sv\/produkt\/truusk-utomhusskyddsskarm-malad-stalram-palmbladssilhuettdesign-12-x-2-m-svart\/\" \/>\n<meta property=\"og:site_name\" content=\"TRUUSK - Hem, Tr\u00e4dg\u00e5rd &amp; Fritid\" \/>\n<meta property=\"article:modified_time\" content=\"2026-03-12T08:17:15+00:00\" \/>\n<meta property=\"og:image\" content=\"https:\/\/i0.wp.com\/truusk.se\/wp-content\/uploads\/2024\/02\/utomhusskyddsskarm-malad-stalram-palmbladssilhuettdesign-12-x-2-m-svart.webp?fit=800%2C800&ssl=1\" \/>\n\t<meta property=\"og:image:width\" content=\"800\" \/>\n\t<meta property=\"og:image:height\" content=\"800\" \/>\n\t<meta property=\"og:image:type\" content=\"image\/webp\" \/>\n<meta name=\"twitter:card\" content=\"summary_large_image\" \/>\n<meta name=\"twitter:label1\" content=\"Ber\u00e4knad l\u00e4stid\" \/>\n\t<meta name=\"twitter:data1\" content=\"1 minut\" \/>\n<!-- \/ Yoast SEO plugin. -->","yoast_head_json":{"title":"TRUUSK Utomhusskyddssk\u00e4rm - M\u00e5lad St\u00e5lram - Palmbladssilhuettdesign - 1,2 X 2 M - Svart - TRUUSK - Hem, Tr\u00e4dg\u00e5rd &amp; Fritid","robots":{"index":"index","follow":"follow","max-snippet":"max-snippet:-1","max-image-preview":"max-image-preview:large","max-video-preview":"max-video-preview:-1"},"canonical":"https:\/\/truusk.store\/sv\/produkt\/truusk-utomhusskyddsskarm-malad-stalram-palmbladssilhuettdesign-12-x-2-m-svart\/","og_locale":"sv_SE","og_type":"article","og_title":"TRUUSK Utomhusskyddssk\u00e4rm - M\u00e5lad St\u00e5lram - Palmbladssilhuettdesign - 1,2 X 2 M - Svart - TRUUSK - Hem, Tr\u00e4dg\u00e5rd &amp; Fritid","og_description":"Denna insynsskydd utomhus (198 x 122 cm) ger din tr\u00e4dg\u00e5rdsstil och avskildhet. Den robusta st\u00e5lkonstruktionen med skyddsf\u00e4rg s\u00e4kerst\u00e4ller kompromissl\u00f6s h\u00e5llbarhet....","og_url":"https:\/\/truusk.store\/sv\/produkt\/truusk-utomhusskyddsskarm-malad-stalram-palmbladssilhuettdesign-12-x-2-m-svart\/","og_site_name":"TRUUSK - Hem, Tr\u00e4dg\u00e5rd &amp; Fritid","article_modified_time":"2026-03-12T08:17:15+00:00","og_image":[{"width":800,"height":800,"url":"https:\/\/i0.wp.com\/truusk.se\/wp-content\/uploads\/2024\/02\/utomhusskyddsskarm-malad-stalram-palmbladssilhuettdesign-12-x-2-m-svart.webp?fit=800%2C800&ssl=1","type":"image\/webp"}],"twitter_card":"summary_large_image","twitter_misc":{"Ber\u00e4knad l\u00e4stid":"1 minut"},"schema":{"@context":"https:\/\/schema.org","@graph":[{"@type":"WebPage","@id":"https:\/\/truusk.store\/sv\/produkt\/truusk-utomhusskyddsskarm-malad-stalram-palmbladssilhuettdesign-12-x-2-m-svart\/","url":"https:\/\/truusk.store\/sv\/produkt\/truusk-utomhusskyddsskarm-malad-stalram-palmbladssilhuettdesign-12-x-2-m-svart\/","name":"TRUUSK Utomhusskyddssk\u00e4rm - M\u00e5lad St\u00e5lram - Palmbladssilhuettdesign - 1,2 X 2 M - Svart - TRUUSK - Hem, Tr\u00e4dg\u00e5rd &amp; Fritid","isPartOf":{"@id":"https:\/\/truusk.store\/sv\/#website"},"primaryImageOfPage":{"@id":"https:\/\/truusk.store\/sv\/produkt\/truusk-utomhusskyddsskarm-malad-stalram-palmbladssilhuettdesign-12-x-2-m-svart\/#primaryimage"},"image":{"@id":"https:\/\/truusk.store\/sv\/produkt\/truusk-utomhusskyddsskarm-malad-stalram-palmbladssilhuettdesign-12-x-2-m-svart\/#primaryimage"},"thumbnailUrl":"https:\/\/i0.wp.com\/truusk.store\/wp-content\/uploads\/2024\/02\/utomhusskyddsskarm-malad-stalram-palmbladssilhuettdesign-12-x-2-m-svart.webp?fit=800%2C800&ssl=1","datePublished":"2024-02-14T02:17:36+00:00","dateModified":"2026-03-12T08:17:15+00:00","breadcrumb":{"@id":"https:\/\/truusk.store\/sv\/produkt\/truusk-utomhusskyddsskarm-malad-stalram-palmbladssilhuettdesign-12-x-2-m-svart\/#breadcrumb"},"inLanguage":"sv-SE","potentialAction":[{"@type":"ReadAction","target":["https:\/\/truusk.store\/sv\/produkt\/truusk-utomhusskyddsskarm-malad-stalram-palmbladssilhuettdesign-12-x-2-m-svart\/"]}]},{"@type":"ImageObject","inLanguage":"sv-SE","@id":"https:\/\/truusk.store\/sv\/produkt\/truusk-utomhusskyddsskarm-malad-stalram-palmbladssilhuettdesign-12-x-2-m-svart\/#primaryimage","url":"https:\/\/i0.wp.com\/truusk.store\/wp-content\/uploads\/2024\/02\/utomhusskyddsskarm-malad-stalram-palmbladssilhuettdesign-12-x-2-m-svart.webp?fit=800%2C800&ssl=1","contentUrl":"https:\/\/i0.wp.com\/truusk.store\/wp-content\/uploads\/2024\/02\/utomhusskyddsskarm-malad-stalram-palmbladssilhuettdesign-12-x-2-m-svart.webp?fit=800%2C800&ssl=1","width":800,"height":800,"caption":"Utomhusskyddssk\u00e4rm, M\u00e5lad St\u00e5lram, Palmbladssilhuettdesign, 1,2 X 2 M, Svart 1"},{"@type":"BreadcrumbList","@id":"https:\/\/truusk.store\/sv\/produkt\/truusk-utomhusskyddsskarm-malad-stalram-palmbladssilhuettdesign-12-x-2-m-svart\/#breadcrumb","itemListElement":[{"@type":"ListItem","position":1,"name":"Home","item":"https:\/\/truusk.store\/sv\/"},{"@type":"ListItem","position":2,"name":"Shop","item":"https:\/\/truusk.store\/shop\/"},{"@type":"ListItem","position":3,"name":"TRUUSK Utomhusskyddssk\u00e4rm &#8211; M\u00e5lad St\u00e5lram &#8211; Palmbladssilhuettdesign &#8211; 1,2 X 2 M &#8211; Svart"}]},{"@type":"WebSite","@id":"https:\/\/truusk.store\/sv\/#website","url":"https:\/\/truusk.store\/sv\/","name":"TRUUSK - Hem, Tr\u00e4dg\u00e5rd & Fritid","description":"","publisher":{"@id":"https:\/\/truusk.store\/sv\/#organization"},"potentialAction":[{"@type":"SearchAction","target":{"@type":"EntryPoint","urlTemplate":"https:\/\/truusk.store\/sv\/?s={search_term_string}"},"query-input":{"@type":"PropertyValueSpecification","valueRequired":true,"valueName":"search_term_string"}}],"inLanguage":"sv-SE"},{"@type":"Organization","@id":"https:\/\/truusk.store\/sv\/#organization","name":"TRUUSK - Hem, Tr\u00e4dg\u00e5rd & Fritid","url":"https:\/\/truusk.store\/sv\/","logo":{"@type":"ImageObject","inLanguage":"sv-SE","@id":"https:\/\/truusk.store\/sv\/#\/schema\/logo\/image\/","url":"https:\/\/i0.wp.com\/truusk.store\/wp-content\/uploads\/2026\/03\/cropped-TRUUSK.png?fit=2032%2C917&ssl=1","contentUrl":"https:\/\/i0.wp.com\/truusk.store\/wp-content\/uploads\/2026\/03\/cropped-TRUUSK.png?fit=2032%2C917&ssl=1","width":2032,"height":917,"caption":"TRUUSK - Hem, Tr\u00e4dg\u00e5rd & Fritid"},"image":{"@id":"https:\/\/truusk.store\/sv\/#\/schema\/logo\/image\/"}}]}},"jetpack_sharing_enabled":true,"_links":{"self":[{"href":"https:\/\/truusk.store\/sv\/wp-json\/wp\/v2\/product\/41317","targetHints":{"allow":["GET"]}}],"collection":[{"href":"https:\/\/truusk.store\/sv\/wp-json\/wp\/v2\/product"}],"about":[{"href":"https:\/\/truusk.store\/sv\/wp-json\/wp\/v2\/types\/product"}],"wp:featuredmedia":[{"embeddable":true,"href":"https:\/\/truusk.store\/sv\/wp-json\/wp\/v2\/media\/41318"}],"wp:attachment":[{"href":"https:\/\/truusk.store\/sv\/wp-json\/wp\/v2\/media?parent=41317"}],"wp:term":[{"taxonomy":"product_brand","embeddable":true,"href":"https:\/\/truusk.store\/sv\/wp-json\/wp\/v2\/product_brand?post=41317"},{"taxonomy":"product_cat","embeddable":true,"href":"https:\/\/truusk.store\/sv\/wp-json\/wp\/v2\/product_cat?post=41317"},{"taxonomy":"product_tag","embeddable":true,"href":"https:\/\/truusk.store\/sv\/wp-json\/wp\/v2\/product_tag?post=41317"}],"curies":[{"name":"wp","href":"https:\/\/api.w.org\/{rel}","templated":true}]}}