{"id":41340,"date":"2024-02-14T03:18:27","date_gmt":"2024-02-14T02:18:27","guid":{"rendered":"https:\/\/truusk.store\/product\/skivstangsset-20-kg-inklusive-6-viktskivor-2-x-5-kg-2-x-25-kg-2-x-125-kg-halkskydd-svart-rod\/"},"modified":"2026-03-12T09:17:16","modified_gmt":"2026-03-12T08:17:16","slug":"truusk-skivstangsset-20-kg-6-viktskivor-halkskydd-svart-rod","status":"publish","type":"product","link":"https:\/\/truusk.store\/sv\/produkt\/truusk-skivstangsset-20-kg-6-viktskivor-halkskydd-svart-rod\/","title":{"rendered":"TRUUSK Skivst\u00e5ngsset 20 Kg &#8211; 6 Viktskivor &#8211; Halkskydd &#8211; Svart + R\u00f6d"},"content":{"rendered":"<p>Detta 20 kg skivst\u00e5ngsset \u00e4r idealiskt f\u00f6r nyb\u00f6rjare och avancerade anv\u00e4ndare. Den kommer med tre par skivor med olika vikt &#8211; 5 kg, 2,5 kg och 1,25 kg &#8211; s\u00e5 att du kan justera vikten som du vill. Den robusta hantelst\u00e5ngen i metall \u00e4r s\u00e4rskilt l\u00e4tt att greppa och s\u00e4kerst\u00e4ller ett s\u00e4kert grepp under tr\u00e4ningen. Viktskivorna \u00e4r \u00e4ven t\u00e4ckta med robust plast som skyddar ditt golv fr\u00e5n skador och g\u00f6r att du kan tr\u00e4na hemma utan oro.<\/p>\n<h3>Beskrivning:<\/h3>\n<ul>\n<li>20 kg totalvikt<\/li>\n<li>Plastbel\u00e4ggning f\u00f6r att skydda golvet<\/li>\n<li>Halkfritt handtag f\u00f6r att f\u00f6rhindra halka under tr\u00e4ning<\/li>\n<li>Inkluderar f\u00e4stkl\u00e4mmor f\u00f6r att h\u00e5lla viktskivorna<\/li>\n<li>F\u00f6r effektiv tr\u00e4ning av armar, axlar och rygg<\/li>\n<li>Enkel konstruktion<\/li>\n<\/ul>\n<h3>Teknisk data:<\/h3>\n<ul>\n<li>F\u00e4rg: Svart+r\u00f6d<\/li>\n<li>Material: metall, plast, sand<\/li>\n<li>Totalm\u00e5tt: 17 x 140L cm<\/li>\n<li>M\u00e5tt 5 kg skiva: 17 x 4H cm<\/li>\n<li>M\u00e5tt 2,5 kg skiva: 14 x 3H cm<\/li>\n<li>M\u00e5tt 1,25 kg skiva: 12 x 2H cm<\/li>\n<li>M\u00e5tt p\u00e5 hantelst\u00e5ng: 3 x 140L cm<\/li>\n<li>Hantelst\u00e5ngens lastkapacitet: 50 kg<\/li>\n<\/ul>\n<h3>Leveransens omfattning:<\/h3>\n<ul>\n<li>2 x 5 kg skivor<\/li>\n<li>2 x 2,5 kg skiva<\/li>\n<li>2 x 1,25 kg skiva<\/li>\n<li>1 x 2,5 kg skivst\u00e5ng<\/li>\n<li>2 x f\u00e4stkl\u00e4mmor<\/li>\n<\/ul>\n","protected":false},"excerpt":{"rendered":"<p>Detta 20 kg skivst\u00e5ngsset \u00e4r idealiskt f\u00f6r nyb\u00f6rjare och avancerade anv\u00e4ndare. Den kommer med tre par skivor med olika vikt&#8230;<\/p>\n","protected":false},"featured_media":41341,"template":"","meta":[],"product_brand":[],"product_cat":[668,661,647],"product_tag":[],"class_list":{"0":"post-41340","1":"product","2":"type-product","3":"status-publish","4":"has-post-thumbnail","6":"product_cat-hantlar","7":"product_cat-kondition-styrketraning","8":"product_cat-sport-fritid","10":"first","11":"instock","12":"sale","13":"taxable","14":"shipping-taxable","15":"purchasable","16":"product-type-simple"},"yoast_head":"<!-- This site is optimized with the Yoast SEO plugin v25.4 - https:\/\/yoast.com\/wordpress\/plugins\/seo\/ -->\n<title>TRUUSK Skivst\u00e5ngsset 20 Kg - 6 Viktskivor - Halkskydd - Svart + R\u00f6d - TRUUSK - Hem, Tr\u00e4dg\u00e5rd &amp; Fritid<\/title>\n<meta name=\"robots\" content=\"index, follow, max-snippet:-1, max-image-preview:large, max-video-preview:-1\" \/>\n<link rel=\"canonical\" href=\"https:\/\/truusk.store\/sv\/produkt\/truusk-skivstangsset-20-kg-6-viktskivor-halkskydd-svart-rod\/\" \/>\n<meta property=\"og:locale\" content=\"sv_SE\" \/>\n<meta property=\"og:type\" content=\"article\" \/>\n<meta property=\"og:title\" content=\"TRUUSK Skivst\u00e5ngsset 20 Kg - 6 Viktskivor - Halkskydd - Svart + R\u00f6d - TRUUSK - Hem, Tr\u00e4dg\u00e5rd &amp; Fritid\" \/>\n<meta property=\"og:description\" content=\"Detta 20 kg skivst\u00e5ngsset \u00e4r idealiskt f\u00f6r nyb\u00f6rjare och avancerade anv\u00e4ndare. Den kommer med tre par skivor med olika vikt...\" \/>\n<meta property=\"og:url\" content=\"https:\/\/truusk.store\/sv\/produkt\/truusk-skivstangsset-20-kg-6-viktskivor-halkskydd-svart-rod\/\" \/>\n<meta property=\"og:site_name\" content=\"TRUUSK - Hem, Tr\u00e4dg\u00e5rd &amp; Fritid\" \/>\n<meta property=\"article:modified_time\" content=\"2026-03-12T08:17:16+00:00\" \/>\n<meta property=\"og:image\" content=\"https:\/\/i0.wp.com\/truusk.se\/wp-content\/uploads\/2024\/02\/skivstangsset-20-kg-inklusive-6-viktskivor-2-x-5-kg-2-x-25-kg-2-x-125-kg-halkskydd-svart-rod.webp?fit=800%2C800&ssl=1\" \/>\n\t<meta property=\"og:image:width\" content=\"800\" \/>\n\t<meta property=\"og:image:height\" content=\"800\" \/>\n\t<meta property=\"og:image:type\" content=\"image\/webp\" \/>\n<meta name=\"twitter:card\" content=\"summary_large_image\" \/>\n<meta name=\"twitter:label1\" content=\"Ber\u00e4knad l\u00e4stid\" \/>\n\t<meta name=\"twitter:data1\" content=\"1 minut\" \/>\n<!-- \/ Yoast SEO plugin. -->","yoast_head_json":{"title":"TRUUSK Skivst\u00e5ngsset 20 Kg - 6 Viktskivor - Halkskydd - Svart + R\u00f6d - TRUUSK - Hem, Tr\u00e4dg\u00e5rd &amp; Fritid","robots":{"index":"index","follow":"follow","max-snippet":"max-snippet:-1","max-image-preview":"max-image-preview:large","max-video-preview":"max-video-preview:-1"},"canonical":"https:\/\/truusk.store\/sv\/produkt\/truusk-skivstangsset-20-kg-6-viktskivor-halkskydd-svart-rod\/","og_locale":"sv_SE","og_type":"article","og_title":"TRUUSK Skivst\u00e5ngsset 20 Kg - 6 Viktskivor - Halkskydd - Svart + R\u00f6d - TRUUSK - Hem, Tr\u00e4dg\u00e5rd &amp; Fritid","og_description":"Detta 20 kg skivst\u00e5ngsset \u00e4r idealiskt f\u00f6r nyb\u00f6rjare och avancerade anv\u00e4ndare. Den kommer med tre par skivor med olika vikt...","og_url":"https:\/\/truusk.store\/sv\/produkt\/truusk-skivstangsset-20-kg-6-viktskivor-halkskydd-svart-rod\/","og_site_name":"TRUUSK - Hem, Tr\u00e4dg\u00e5rd &amp; Fritid","article_modified_time":"2026-03-12T08:17:16+00:00","og_image":[{"width":800,"height":800,"url":"https:\/\/i0.wp.com\/truusk.se\/wp-content\/uploads\/2024\/02\/skivstangsset-20-kg-inklusive-6-viktskivor-2-x-5-kg-2-x-25-kg-2-x-125-kg-halkskydd-svart-rod.webp?fit=800%2C800&ssl=1","type":"image\/webp"}],"twitter_card":"summary_large_image","twitter_misc":{"Ber\u00e4knad l\u00e4stid":"1 minut"},"schema":{"@context":"https:\/\/schema.org","@graph":[{"@type":"WebPage","@id":"https:\/\/truusk.store\/sv\/produkt\/truusk-skivstangsset-20-kg-6-viktskivor-halkskydd-svart-rod\/","url":"https:\/\/truusk.store\/sv\/produkt\/truusk-skivstangsset-20-kg-6-viktskivor-halkskydd-svart-rod\/","name":"TRUUSK Skivst\u00e5ngsset 20 Kg - 6 Viktskivor - Halkskydd - Svart + R\u00f6d - TRUUSK - Hem, Tr\u00e4dg\u00e5rd &amp; Fritid","isPartOf":{"@id":"https:\/\/truusk.store\/sv\/#website"},"primaryImageOfPage":{"@id":"https:\/\/truusk.store\/sv\/produkt\/truusk-skivstangsset-20-kg-6-viktskivor-halkskydd-svart-rod\/#primaryimage"},"image":{"@id":"https:\/\/truusk.store\/sv\/produkt\/truusk-skivstangsset-20-kg-6-viktskivor-halkskydd-svart-rod\/#primaryimage"},"thumbnailUrl":"https:\/\/i0.wp.com\/truusk.store\/wp-content\/uploads\/2024\/02\/skivstangsset-20-kg-inklusive-6-viktskivor-2-x-5-kg-2-x-25-kg-2-x-125-kg-halkskydd-svart-rod.webp?fit=800%2C800&ssl=1","datePublished":"2024-02-14T02:18:27+00:00","dateModified":"2026-03-12T08:17:16+00:00","breadcrumb":{"@id":"https:\/\/truusk.store\/sv\/produkt\/truusk-skivstangsset-20-kg-6-viktskivor-halkskydd-svart-rod\/#breadcrumb"},"inLanguage":"sv-SE","potentialAction":[{"@type":"ReadAction","target":["https:\/\/truusk.store\/sv\/produkt\/truusk-skivstangsset-20-kg-6-viktskivor-halkskydd-svart-rod\/"]}]},{"@type":"ImageObject","inLanguage":"sv-SE","@id":"https:\/\/truusk.store\/sv\/produkt\/truusk-skivstangsset-20-kg-6-viktskivor-halkskydd-svart-rod\/#primaryimage","url":"https:\/\/i0.wp.com\/truusk.store\/wp-content\/uploads\/2024\/02\/skivstangsset-20-kg-inklusive-6-viktskivor-2-x-5-kg-2-x-25-kg-2-x-125-kg-halkskydd-svart-rod.webp?fit=800%2C800&ssl=1","contentUrl":"https:\/\/i0.wp.com\/truusk.store\/wp-content\/uploads\/2024\/02\/skivstangsset-20-kg-inklusive-6-viktskivor-2-x-5-kg-2-x-25-kg-2-x-125-kg-halkskydd-svart-rod.webp?fit=800%2C800&ssl=1","width":800,"height":800,"caption":"Skivst\u00e5ngsset 20 Kg, Inklusive 6 Viktskivor, 2 X 5 Kg, 2 X 2,5 Kg, 2 X 1,25 Kg, Halkskydd, Svart + R\u00f6d 1"},{"@type":"BreadcrumbList","@id":"https:\/\/truusk.store\/sv\/produkt\/truusk-skivstangsset-20-kg-6-viktskivor-halkskydd-svart-rod\/#breadcrumb","itemListElement":[{"@type":"ListItem","position":1,"name":"Home","item":"https:\/\/truusk.store\/sv\/"},{"@type":"ListItem","position":2,"name":"Shop","item":"https:\/\/truusk.store\/shop\/"},{"@type":"ListItem","position":3,"name":"TRUUSK Skivst\u00e5ngsset 20 Kg &#8211; 6 Viktskivor &#8211; Halkskydd &#8211; Svart + R\u00f6d"}]},{"@type":"WebSite","@id":"https:\/\/truusk.store\/sv\/#website","url":"https:\/\/truusk.store\/sv\/","name":"TRUUSK - Hem, Tr\u00e4dg\u00e5rd & Fritid","description":"","publisher":{"@id":"https:\/\/truusk.store\/sv\/#organization"},"potentialAction":[{"@type":"SearchAction","target":{"@type":"EntryPoint","urlTemplate":"https:\/\/truusk.store\/sv\/?s={search_term_string}"},"query-input":{"@type":"PropertyValueSpecification","valueRequired":true,"valueName":"search_term_string"}}],"inLanguage":"sv-SE"},{"@type":"Organization","@id":"https:\/\/truusk.store\/sv\/#organization","name":"TRUUSK - Hem, Tr\u00e4dg\u00e5rd & Fritid","url":"https:\/\/truusk.store\/sv\/","logo":{"@type":"ImageObject","inLanguage":"sv-SE","@id":"https:\/\/truusk.store\/sv\/#\/schema\/logo\/image\/","url":"https:\/\/i0.wp.com\/truusk.store\/wp-content\/uploads\/2026\/03\/cropped-TRUUSK.png?fit=2032%2C917&ssl=1","contentUrl":"https:\/\/i0.wp.com\/truusk.store\/wp-content\/uploads\/2026\/03\/cropped-TRUUSK.png?fit=2032%2C917&ssl=1","width":2032,"height":917,"caption":"TRUUSK - Hem, Tr\u00e4dg\u00e5rd & Fritid"},"image":{"@id":"https:\/\/truusk.store\/sv\/#\/schema\/logo\/image\/"}}]}},"jetpack_sharing_enabled":true,"_links":{"self":[{"href":"https:\/\/truusk.store\/sv\/wp-json\/wp\/v2\/product\/41340","targetHints":{"allow":["GET"]}}],"collection":[{"href":"https:\/\/truusk.store\/sv\/wp-json\/wp\/v2\/product"}],"about":[{"href":"https:\/\/truusk.store\/sv\/wp-json\/wp\/v2\/types\/product"}],"wp:featuredmedia":[{"embeddable":true,"href":"https:\/\/truusk.store\/sv\/wp-json\/wp\/v2\/media\/41341"}],"wp:attachment":[{"href":"https:\/\/truusk.store\/sv\/wp-json\/wp\/v2\/media?parent=41340"}],"wp:term":[{"taxonomy":"product_brand","embeddable":true,"href":"https:\/\/truusk.store\/sv\/wp-json\/wp\/v2\/product_brand?post=41340"},{"taxonomy":"product_cat","embeddable":true,"href":"https:\/\/truusk.store\/sv\/wp-json\/wp\/v2\/product_cat?post=41340"},{"taxonomy":"product_tag","embeddable":true,"href":"https:\/\/truusk.store\/sv\/wp-json\/wp\/v2\/product_tag?post=41340"}],"curies":[{"name":"wp","href":"https:\/\/api.w.org\/{rel}","templated":true}]}}