{"id":41373,"date":"2024-02-14T03:19:28","date_gmt":"2024-02-14T02:19:28","guid":{"rendered":"https:\/\/truusk.store\/product\/barstol-med-fotstod-hojdjusterbar-linnelook-54-cm-x-54-cm-x-112-cm-gra\/"},"modified":"2026-03-12T09:17:17","modified_gmt":"2026-03-12T08:17:17","slug":"truusk-barstol-med-fotstod-hojdjusterbar-linnelook-54-cm-x-54-cm-x-112-cm-gra","status":"publish","type":"product","link":"https:\/\/truusk.store\/sv\/produkt\/truusk-barstol-med-fotstod-hojdjusterbar-linnelook-54-cm-x-54-cm-x-112-cm-gra\/","title":{"rendered":"TRUUSK Barstol med fotst\u00f6d &#8211; H\u00f6jdjusterbar &#8211; Linnelook &#8211; 54 cm x 54 cm x 112 cm &#8211; Gr\u00e5"},"content":{"rendered":"<p>Accentuera din k\u00f6ksb\u00e4nk eller skapa en mysig plats att sitta p\u00e5 med denna barstol med f\u00f6tter. Justera din sits till en bekv\u00e4m h\u00f6jd och v\u00e4nd dig mot din partner f\u00f6r en sittande konversation ansikte mot ansikte. Det l\u00e5ga ryggst\u00f6det och fotst\u00f6den ger ultimat komfort och st\u00f6d. Den moderna looken passar alla heminredningar. Ta med de moderna barstolarna i ditt hem idag!<\/p>\n<h3>Beskrivning:<\/h3>\n<ul>\n<li>L\u00e4mplig f\u00f6r ett barbordsh\u00f6jd p\u00e5 93 till 113 cm<\/li>\n<li>Roterar 360 grader f\u00f6r att prata med andra eller l\u00e4mna s\u00e4tet bekv\u00e4mt<\/li>\n<li>Fotst\u00f6det hj\u00e4lper till att bibeh\u00e5lla en avslappnad h\u00e5llning<\/li>\n<li>Den vadderade sitsen och det b\u00f6jda ryggst\u00f6det ger optimal komfort<\/li>\n<li>Ytan i linnelook \u00e4r mjuk, andas och slitstark<\/li>\n<li>Bred rund bas med halkfri botten f\u00f6r ett s\u00e4kert stativ<\/li>\n<li>Montering kr\u00e4vs<\/li>\n<\/ul>\n<h3>Teknisk data:<\/h3>\n<ul>\n<li>F\u00e4rg: M\u00f6rkgr\u00e5<\/li>\n<li>Material: linneimitation (100 % polyester), skum, st\u00e5l<\/li>\n<li>\u00d6vergripande m\u00e5tt: 54L x 54W x 92-112H cm<\/li>\n<li>Sitsstorlek: 38L x 41W x 63-83H cm<\/li>\n<li>Ryggst\u00f6dsstorlek: 52W x 32H cm<\/li>\n<li>Tjocklek: 7 cm (sits), 8 cm (rygg)<\/li>\n<li>L\u00e4mplig barbordsh\u00f6jd: 93-113cm<\/li>\n<li>Basstorlek: 45 cm<\/li>\n<li>Viktkapacitet: 110 kg<\/li>\n<\/ul>\n<h3>Leveransens omfattning:<\/h3>\n<ul>\n<li>1 x Barstol<\/li>\n<li>1 x manuell<\/li>\n<\/ul>\n","protected":false},"excerpt":{"rendered":"<p>Accentuera din k\u00f6ksb\u00e4nk eller skapa en mysig plats att sitta p\u00e5 med denna barstol med f\u00f6tter. Justera din sits till&#8230;<\/p>\n","protected":false},"featured_media":41374,"template":"","meta":[],"product_brand":[],"product_cat":[544,485,542],"product_tag":[],"class_list":{"0":"post-41373","1":"product","2":"type-product","3":"status-publish","4":"has-post-thumbnail","6":"product_cat-barstol","7":"product_cat-hus-bo","8":"product_cat-pall","10":"first","11":"instock","12":"sale","13":"taxable","14":"shipping-taxable","15":"purchasable","16":"product-type-simple"},"yoast_head":"<!-- This site is optimized with the Yoast SEO plugin v25.4 - https:\/\/yoast.com\/wordpress\/plugins\/seo\/ -->\n<title>TRUUSK Barstol med fotst\u00f6d - H\u00f6jdjusterbar - Linnelook - 54 cm x 54 cm x 112 cm - Gr\u00e5 - TRUUSK - Hem, Tr\u00e4dg\u00e5rd &amp; Fritid<\/title>\n<meta name=\"robots\" content=\"index, follow, max-snippet:-1, max-image-preview:large, max-video-preview:-1\" \/>\n<link rel=\"canonical\" href=\"https:\/\/truusk.store\/sv\/produkt\/truusk-barstol-med-fotstod-hojdjusterbar-linnelook-54-cm-x-54-cm-x-112-cm-gra\/\" \/>\n<meta property=\"og:locale\" content=\"sv_SE\" \/>\n<meta property=\"og:type\" content=\"article\" \/>\n<meta property=\"og:title\" content=\"TRUUSK Barstol med fotst\u00f6d - H\u00f6jdjusterbar - Linnelook - 54 cm x 54 cm x 112 cm - Gr\u00e5 - TRUUSK - Hem, Tr\u00e4dg\u00e5rd &amp; Fritid\" \/>\n<meta property=\"og:description\" content=\"Accentuera din k\u00f6ksb\u00e4nk eller skapa en mysig plats att sitta p\u00e5 med denna barstol med f\u00f6tter. Justera din sits till...\" \/>\n<meta property=\"og:url\" content=\"https:\/\/truusk.store\/sv\/produkt\/truusk-barstol-med-fotstod-hojdjusterbar-linnelook-54-cm-x-54-cm-x-112-cm-gra\/\" \/>\n<meta property=\"og:site_name\" content=\"TRUUSK - Hem, Tr\u00e4dg\u00e5rd &amp; Fritid\" \/>\n<meta property=\"article:modified_time\" content=\"2026-03-12T08:17:17+00:00\" \/>\n<meta property=\"og:image\" content=\"https:\/\/i0.wp.com\/truusk.se\/wp-content\/uploads\/2024\/02\/barstol-med-fotstod-hojdjusterbar-linnelook-54-cm-x-54-cm-x-112-cm-gra.webp?fit=800%2C800&ssl=1\" \/>\n\t<meta property=\"og:image:width\" content=\"800\" \/>\n\t<meta property=\"og:image:height\" content=\"800\" \/>\n\t<meta property=\"og:image:type\" content=\"image\/webp\" \/>\n<meta name=\"twitter:card\" content=\"summary_large_image\" \/>\n<meta name=\"twitter:label1\" content=\"Ber\u00e4knad l\u00e4stid\" \/>\n\t<meta name=\"twitter:data1\" content=\"1 minut\" \/>\n<!-- \/ Yoast SEO plugin. -->","yoast_head_json":{"title":"TRUUSK Barstol med fotst\u00f6d - H\u00f6jdjusterbar - Linnelook - 54 cm x 54 cm x 112 cm - Gr\u00e5 - TRUUSK - Hem, Tr\u00e4dg\u00e5rd &amp; Fritid","robots":{"index":"index","follow":"follow","max-snippet":"max-snippet:-1","max-image-preview":"max-image-preview:large","max-video-preview":"max-video-preview:-1"},"canonical":"https:\/\/truusk.store\/sv\/produkt\/truusk-barstol-med-fotstod-hojdjusterbar-linnelook-54-cm-x-54-cm-x-112-cm-gra\/","og_locale":"sv_SE","og_type":"article","og_title":"TRUUSK Barstol med fotst\u00f6d - H\u00f6jdjusterbar - Linnelook - 54 cm x 54 cm x 112 cm - Gr\u00e5 - TRUUSK - Hem, Tr\u00e4dg\u00e5rd &amp; Fritid","og_description":"Accentuera din k\u00f6ksb\u00e4nk eller skapa en mysig plats att sitta p\u00e5 med denna barstol med f\u00f6tter. Justera din sits till...","og_url":"https:\/\/truusk.store\/sv\/produkt\/truusk-barstol-med-fotstod-hojdjusterbar-linnelook-54-cm-x-54-cm-x-112-cm-gra\/","og_site_name":"TRUUSK - Hem, Tr\u00e4dg\u00e5rd &amp; Fritid","article_modified_time":"2026-03-12T08:17:17+00:00","og_image":[{"width":800,"height":800,"url":"https:\/\/i0.wp.com\/truusk.se\/wp-content\/uploads\/2024\/02\/barstol-med-fotstod-hojdjusterbar-linnelook-54-cm-x-54-cm-x-112-cm-gra.webp?fit=800%2C800&ssl=1","type":"image\/webp"}],"twitter_card":"summary_large_image","twitter_misc":{"Ber\u00e4knad l\u00e4stid":"1 minut"},"schema":{"@context":"https:\/\/schema.org","@graph":[{"@type":"WebPage","@id":"https:\/\/truusk.store\/sv\/produkt\/truusk-barstol-med-fotstod-hojdjusterbar-linnelook-54-cm-x-54-cm-x-112-cm-gra\/","url":"https:\/\/truusk.store\/sv\/produkt\/truusk-barstol-med-fotstod-hojdjusterbar-linnelook-54-cm-x-54-cm-x-112-cm-gra\/","name":"TRUUSK Barstol med fotst\u00f6d - H\u00f6jdjusterbar - Linnelook - 54 cm x 54 cm x 112 cm - Gr\u00e5 - TRUUSK - Hem, Tr\u00e4dg\u00e5rd &amp; Fritid","isPartOf":{"@id":"https:\/\/truusk.store\/sv\/#website"},"primaryImageOfPage":{"@id":"https:\/\/truusk.store\/sv\/produkt\/truusk-barstol-med-fotstod-hojdjusterbar-linnelook-54-cm-x-54-cm-x-112-cm-gra\/#primaryimage"},"image":{"@id":"https:\/\/truusk.store\/sv\/produkt\/truusk-barstol-med-fotstod-hojdjusterbar-linnelook-54-cm-x-54-cm-x-112-cm-gra\/#primaryimage"},"thumbnailUrl":"https:\/\/i0.wp.com\/truusk.store\/wp-content\/uploads\/2024\/02\/barstol-med-fotstod-hojdjusterbar-linnelook-54-cm-x-54-cm-x-112-cm-gra.webp?fit=800%2C800&ssl=1","datePublished":"2024-02-14T02:19:28+00:00","dateModified":"2026-03-12T08:17:17+00:00","breadcrumb":{"@id":"https:\/\/truusk.store\/sv\/produkt\/truusk-barstol-med-fotstod-hojdjusterbar-linnelook-54-cm-x-54-cm-x-112-cm-gra\/#breadcrumb"},"inLanguage":"sv-SE","potentialAction":[{"@type":"ReadAction","target":["https:\/\/truusk.store\/sv\/produkt\/truusk-barstol-med-fotstod-hojdjusterbar-linnelook-54-cm-x-54-cm-x-112-cm-gra\/"]}]},{"@type":"ImageObject","inLanguage":"sv-SE","@id":"https:\/\/truusk.store\/sv\/produkt\/truusk-barstol-med-fotstod-hojdjusterbar-linnelook-54-cm-x-54-cm-x-112-cm-gra\/#primaryimage","url":"https:\/\/i0.wp.com\/truusk.store\/wp-content\/uploads\/2024\/02\/barstol-med-fotstod-hojdjusterbar-linnelook-54-cm-x-54-cm-x-112-cm-gra.webp?fit=800%2C800&ssl=1","contentUrl":"https:\/\/i0.wp.com\/truusk.store\/wp-content\/uploads\/2024\/02\/barstol-med-fotstod-hojdjusterbar-linnelook-54-cm-x-54-cm-x-112-cm-gra.webp?fit=800%2C800&ssl=1","width":800,"height":800,"caption":"Barstol Med Fotst\u00f6d; H\u00f6jdjusterbar, Linnelook, 54 Cm X 54 Cm X 112 Cm, Gr\u00e5 1"},{"@type":"BreadcrumbList","@id":"https:\/\/truusk.store\/sv\/produkt\/truusk-barstol-med-fotstod-hojdjusterbar-linnelook-54-cm-x-54-cm-x-112-cm-gra\/#breadcrumb","itemListElement":[{"@type":"ListItem","position":1,"name":"Home","item":"https:\/\/truusk.store\/sv\/"},{"@type":"ListItem","position":2,"name":"Shop","item":"https:\/\/truusk.store\/shop\/"},{"@type":"ListItem","position":3,"name":"TRUUSK Barstol med fotst\u00f6d &#8211; H\u00f6jdjusterbar &#8211; Linnelook &#8211; 54 cm x 54 cm x 112 cm &#8211; Gr\u00e5"}]},{"@type":"WebSite","@id":"https:\/\/truusk.store\/sv\/#website","url":"https:\/\/truusk.store\/sv\/","name":"TRUUSK - Hem, Tr\u00e4dg\u00e5rd & Fritid","description":"","publisher":{"@id":"https:\/\/truusk.store\/sv\/#organization"},"potentialAction":[{"@type":"SearchAction","target":{"@type":"EntryPoint","urlTemplate":"https:\/\/truusk.store\/sv\/?s={search_term_string}"},"query-input":{"@type":"PropertyValueSpecification","valueRequired":true,"valueName":"search_term_string"}}],"inLanguage":"sv-SE"},{"@type":"Organization","@id":"https:\/\/truusk.store\/sv\/#organization","name":"TRUUSK - Hem, Tr\u00e4dg\u00e5rd & Fritid","url":"https:\/\/truusk.store\/sv\/","logo":{"@type":"ImageObject","inLanguage":"sv-SE","@id":"https:\/\/truusk.store\/sv\/#\/schema\/logo\/image\/","url":"https:\/\/i0.wp.com\/truusk.store\/wp-content\/uploads\/2026\/03\/cropped-TRUUSK.png?fit=2032%2C917&ssl=1","contentUrl":"https:\/\/i0.wp.com\/truusk.store\/wp-content\/uploads\/2026\/03\/cropped-TRUUSK.png?fit=2032%2C917&ssl=1","width":2032,"height":917,"caption":"TRUUSK - Hem, Tr\u00e4dg\u00e5rd & Fritid"},"image":{"@id":"https:\/\/truusk.store\/sv\/#\/schema\/logo\/image\/"}}]}},"jetpack_sharing_enabled":true,"_links":{"self":[{"href":"https:\/\/truusk.store\/sv\/wp-json\/wp\/v2\/product\/41373","targetHints":{"allow":["GET"]}}],"collection":[{"href":"https:\/\/truusk.store\/sv\/wp-json\/wp\/v2\/product"}],"about":[{"href":"https:\/\/truusk.store\/sv\/wp-json\/wp\/v2\/types\/product"}],"wp:featuredmedia":[{"embeddable":true,"href":"https:\/\/truusk.store\/sv\/wp-json\/wp\/v2\/media\/41374"}],"wp:attachment":[{"href":"https:\/\/truusk.store\/sv\/wp-json\/wp\/v2\/media?parent=41373"}],"wp:term":[{"taxonomy":"product_brand","embeddable":true,"href":"https:\/\/truusk.store\/sv\/wp-json\/wp\/v2\/product_brand?post=41373"},{"taxonomy":"product_cat","embeddable":true,"href":"https:\/\/truusk.store\/sv\/wp-json\/wp\/v2\/product_cat?post=41373"},{"taxonomy":"product_tag","embeddable":true,"href":"https:\/\/truusk.store\/sv\/wp-json\/wp\/v2\/product_tag?post=41373"}],"curies":[{"name":"wp","href":"https:\/\/api.w.org\/{rel}","templated":true}]}}