{"id":41400,"date":"2024-02-14T03:20:22","date_gmt":"2024-02-14T02:20:22","guid":{"rendered":"https:\/\/truusk.store\/product\/skrapstolpe-med-katthus-flera-plattformar-hangmatta-repmatta-spetsskydd-beige-60-x-60-x-150cm\/"},"modified":"2026-03-12T09:17:18","modified_gmt":"2026-03-12T08:17:18","slug":"truusk-klostrad-med-katthus-flera-plattformar-hangmatta-repmatta-spetskydd-beige-60x60x150cm","status":"publish","type":"product","link":"https:\/\/truusk.store\/sv\/produkt\/truusk-klostrad-med-katthus-flera-plattformar-hangmatta-repmatta-spetskydd-beige-60x60x150cm\/","title":{"rendered":"TRUUSK Kl\u00f6str\u00e4d med Katthus &#8211; Flera Plattformar &#8211; H\u00e4ngmatta &#8211; Repmatta &#8211; Spetskydd &#8211; Beige &#8211; 60x60x150cm"},"content":{"rendered":"<p>Sova, klia eller kl\u00e4ttra? Varf\u00f6r inte alla tre: din katt kommer aldrig att bli uttr\u00e5kad p\u00e5 detta fantastiska skrapinl\u00e4gg! Ett mysigt katthus, en liggplattform, en mjuk h\u00e4ngmatta och ett skyddat utsiktsomr\u00e5de ger din katt gott om m\u00f6jligheter att kl\u00e4ttra och slappa. De robusta skrapstolparna och skrapmattan \u00e4r ocks\u00e5 idealiska f\u00f6r att slipa klor, s\u00e5 att dina m\u00f6bler f\u00e5r vara ifred en g\u00e5ng f\u00f6r alla.<\/p>\n<h3>Beskrivning:<\/h3>\n<ul>\n<li>Sisal-skrapstolpar \u00e4r idealiska f\u00f6r att slipa klor<\/li>\n<li>Robust k\u00e4rna av flisved som s\u00e4kerst\u00e4ller h\u00f6g stabilitet<\/li>\n<li>Kl\u00e4dd med mjuk och sk\u00f6n plysch<\/li>\n<li>Neutral f\u00e4rgs\u00e4ttning passar alla interi\u00f6rer<\/li>\n<li>Flera niv\u00e5er och plattformar erbjuder fantastiska kl\u00e4ttringsm\u00f6jligheter<\/li>\n<li>L\u00e4mplig f\u00f6r katter upp till 5 kg<\/li>\n<li>Montering kr\u00e4vs<\/li>\n<\/ul>\n<h3>Teknisk data:<\/h3>\n<ul>\n<li>F\u00e4rg beige<\/li>\n<li>Material: sp\u00e5nskiva, plysch (100% polyester), sisal<\/li>\n<li>Totala m\u00e5tt: 60L x 60W x 150H cm<\/li>\n<li>M\u00e5tt stativ: 60L x 60W cm<\/li>\n<li>M\u00e5tt p\u00e5 skrapmatta: 45L x 17W cm<\/li>\n<li>Mae katthus: 36 x 31H cm (botten), 33 x 35H cm (\u00f6verst)<\/li>\n<li>M\u00e5tt p\u00e5 h\u00e4ngmatta: 34 x 8H cm<\/li>\n<li>Diameter p\u00e5 varje skrapstolpe: 8 cm<\/li>\n<li>Rekommenderas f\u00f6r katter upp till 5 kg<\/li>\n<\/ul>\n<h3>Leveransens omfattning:<\/h3>\n<ul>\n<li>1 x skrapstolpe<\/li>\n<li>1 x manuell<\/li>\n<\/ul>\n","protected":false},"excerpt":{"rendered":"<p>Sova, klia eller kl\u00e4ttra? Varf\u00f6r inte alla tre: din katt kommer aldrig att bli uttr\u00e5kad p\u00e5 detta fantastiska skrapinl\u00e4gg! Ett&#8230;<\/p>\n","protected":false},"featured_media":41401,"template":"","meta":[],"product_brand":[],"product_cat":[573,588,589],"product_tag":[],"class_list":{"0":"post-41400","1":"product","2":"type-product","3":"status-publish","4":"has-post-thumbnail","6":"product_cat-husdjursmaterial","7":"product_cat-katttillbehor","8":"product_cat-skrapande-inlagg","10":"first","11":"instock","12":"sale","13":"taxable","14":"shipping-taxable","15":"purchasable","16":"product-type-simple"},"yoast_head":"<!-- This site is optimized with the Yoast SEO plugin v25.4 - https:\/\/yoast.com\/wordpress\/plugins\/seo\/ -->\n<title>TRUUSK Kl\u00f6str\u00e4d med Katthus - Flera Plattformar - H\u00e4ngmatta - Repmatta - Spetskydd - Beige - 60x60x150cm - TRUUSK - Hem, Tr\u00e4dg\u00e5rd &amp; Fritid<\/title>\n<meta name=\"robots\" content=\"index, follow, max-snippet:-1, max-image-preview:large, max-video-preview:-1\" \/>\n<link rel=\"canonical\" href=\"https:\/\/truusk.store\/sv\/produkt\/truusk-klostrad-med-katthus-flera-plattformar-hangmatta-repmatta-spetskydd-beige-60x60x150cm\/\" \/>\n<meta property=\"og:locale\" content=\"sv_SE\" \/>\n<meta property=\"og:type\" content=\"article\" \/>\n<meta property=\"og:title\" content=\"TRUUSK Kl\u00f6str\u00e4d med Katthus - Flera Plattformar - H\u00e4ngmatta - Repmatta - Spetskydd - Beige - 60x60x150cm - TRUUSK - Hem, Tr\u00e4dg\u00e5rd &amp; Fritid\" \/>\n<meta property=\"og:description\" content=\"Sova, klia eller kl\u00e4ttra? Varf\u00f6r inte alla tre: din katt kommer aldrig att bli uttr\u00e5kad p\u00e5 detta fantastiska skrapinl\u00e4gg! Ett...\" \/>\n<meta property=\"og:url\" content=\"https:\/\/truusk.store\/sv\/produkt\/truusk-klostrad-med-katthus-flera-plattformar-hangmatta-repmatta-spetskydd-beige-60x60x150cm\/\" \/>\n<meta property=\"og:site_name\" content=\"TRUUSK - Hem, Tr\u00e4dg\u00e5rd &amp; Fritid\" \/>\n<meta property=\"article:modified_time\" content=\"2026-03-12T08:17:18+00:00\" \/>\n<meta property=\"og:image\" content=\"https:\/\/i0.wp.com\/truusk.se\/wp-content\/uploads\/2024\/02\/skrapstolpe-med-katthus-flera-plattformar-hangmatta-repmatta-spetsskydd-beige-60-x-60-x-150cm.webp?fit=800%2C800&ssl=1\" \/>\n\t<meta property=\"og:image:width\" content=\"800\" \/>\n\t<meta property=\"og:image:height\" content=\"800\" \/>\n\t<meta property=\"og:image:type\" content=\"image\/webp\" \/>\n<meta name=\"twitter:card\" content=\"summary_large_image\" \/>\n<meta name=\"twitter:label1\" content=\"Ber\u00e4knad l\u00e4stid\" \/>\n\t<meta name=\"twitter:data1\" content=\"1 minut\" \/>\n<!-- \/ Yoast SEO plugin. -->","yoast_head_json":{"title":"TRUUSK Kl\u00f6str\u00e4d med Katthus - Flera Plattformar - H\u00e4ngmatta - Repmatta - Spetskydd - Beige - 60x60x150cm - TRUUSK - Hem, Tr\u00e4dg\u00e5rd &amp; Fritid","robots":{"index":"index","follow":"follow","max-snippet":"max-snippet:-1","max-image-preview":"max-image-preview:large","max-video-preview":"max-video-preview:-1"},"canonical":"https:\/\/truusk.store\/sv\/produkt\/truusk-klostrad-med-katthus-flera-plattformar-hangmatta-repmatta-spetskydd-beige-60x60x150cm\/","og_locale":"sv_SE","og_type":"article","og_title":"TRUUSK Kl\u00f6str\u00e4d med Katthus - Flera Plattformar - H\u00e4ngmatta - Repmatta - Spetskydd - Beige - 60x60x150cm - TRUUSK - Hem, Tr\u00e4dg\u00e5rd &amp; Fritid","og_description":"Sova, klia eller kl\u00e4ttra? Varf\u00f6r inte alla tre: din katt kommer aldrig att bli uttr\u00e5kad p\u00e5 detta fantastiska skrapinl\u00e4gg! Ett...","og_url":"https:\/\/truusk.store\/sv\/produkt\/truusk-klostrad-med-katthus-flera-plattformar-hangmatta-repmatta-spetskydd-beige-60x60x150cm\/","og_site_name":"TRUUSK - Hem, Tr\u00e4dg\u00e5rd &amp; Fritid","article_modified_time":"2026-03-12T08:17:18+00:00","og_image":[{"width":800,"height":800,"url":"https:\/\/i0.wp.com\/truusk.se\/wp-content\/uploads\/2024\/02\/skrapstolpe-med-katthus-flera-plattformar-hangmatta-repmatta-spetsskydd-beige-60-x-60-x-150cm.webp?fit=800%2C800&ssl=1","type":"image\/webp"}],"twitter_card":"summary_large_image","twitter_misc":{"Ber\u00e4knad l\u00e4stid":"1 minut"},"schema":{"@context":"https:\/\/schema.org","@graph":[{"@type":"WebPage","@id":"https:\/\/truusk.store\/sv\/produkt\/truusk-klostrad-med-katthus-flera-plattformar-hangmatta-repmatta-spetskydd-beige-60x60x150cm\/","url":"https:\/\/truusk.store\/sv\/produkt\/truusk-klostrad-med-katthus-flera-plattformar-hangmatta-repmatta-spetskydd-beige-60x60x150cm\/","name":"TRUUSK Kl\u00f6str\u00e4d med Katthus - Flera Plattformar - H\u00e4ngmatta - Repmatta - Spetskydd - Beige - 60x60x150cm - TRUUSK - Hem, Tr\u00e4dg\u00e5rd &amp; Fritid","isPartOf":{"@id":"https:\/\/truusk.store\/sv\/#website"},"primaryImageOfPage":{"@id":"https:\/\/truusk.store\/sv\/produkt\/truusk-klostrad-med-katthus-flera-plattformar-hangmatta-repmatta-spetskydd-beige-60x60x150cm\/#primaryimage"},"image":{"@id":"https:\/\/truusk.store\/sv\/produkt\/truusk-klostrad-med-katthus-flera-plattformar-hangmatta-repmatta-spetskydd-beige-60x60x150cm\/#primaryimage"},"thumbnailUrl":"https:\/\/i0.wp.com\/truusk.store\/wp-content\/uploads\/2024\/02\/skrapstolpe-med-katthus-flera-plattformar-hangmatta-repmatta-spetsskydd-beige-60-x-60-x-150cm.webp?fit=800%2C800&ssl=1","datePublished":"2024-02-14T02:20:22+00:00","dateModified":"2026-03-12T08:17:18+00:00","breadcrumb":{"@id":"https:\/\/truusk.store\/sv\/produkt\/truusk-klostrad-med-katthus-flera-plattformar-hangmatta-repmatta-spetskydd-beige-60x60x150cm\/#breadcrumb"},"inLanguage":"sv-SE","potentialAction":[{"@type":"ReadAction","target":["https:\/\/truusk.store\/sv\/produkt\/truusk-klostrad-med-katthus-flera-plattformar-hangmatta-repmatta-spetskydd-beige-60x60x150cm\/"]}]},{"@type":"ImageObject","inLanguage":"sv-SE","@id":"https:\/\/truusk.store\/sv\/produkt\/truusk-klostrad-med-katthus-flera-plattformar-hangmatta-repmatta-spetskydd-beige-60x60x150cm\/#primaryimage","url":"https:\/\/i0.wp.com\/truusk.store\/wp-content\/uploads\/2024\/02\/skrapstolpe-med-katthus-flera-plattformar-hangmatta-repmatta-spetsskydd-beige-60-x-60-x-150cm.webp?fit=800%2C800&ssl=1","contentUrl":"https:\/\/i0.wp.com\/truusk.store\/wp-content\/uploads\/2024\/02\/skrapstolpe-med-katthus-flera-plattformar-hangmatta-repmatta-spetsskydd-beige-60-x-60-x-150cm.webp?fit=800%2C800&ssl=1","width":800,"height":800,"caption":"Skrapstolpe, Med Katthus, Flera Plattformar, H\u00e4ngmatta, Repmatta, Spetsskydd, Beige, 60 X 60 X 150cm 1"},{"@type":"BreadcrumbList","@id":"https:\/\/truusk.store\/sv\/produkt\/truusk-klostrad-med-katthus-flera-plattformar-hangmatta-repmatta-spetskydd-beige-60x60x150cm\/#breadcrumb","itemListElement":[{"@type":"ListItem","position":1,"name":"Home","item":"https:\/\/truusk.store\/sv\/"},{"@type":"ListItem","position":2,"name":"Shop","item":"https:\/\/truusk.store\/shop\/"},{"@type":"ListItem","position":3,"name":"TRUUSK Kl\u00f6str\u00e4d med Katthus &#8211; Flera Plattformar &#8211; H\u00e4ngmatta &#8211; Repmatta &#8211; Spetskydd &#8211; Beige &#8211; 60x60x150cm"}]},{"@type":"WebSite","@id":"https:\/\/truusk.store\/sv\/#website","url":"https:\/\/truusk.store\/sv\/","name":"TRUUSK - Hem, Tr\u00e4dg\u00e5rd & Fritid","description":"","publisher":{"@id":"https:\/\/truusk.store\/sv\/#organization"},"potentialAction":[{"@type":"SearchAction","target":{"@type":"EntryPoint","urlTemplate":"https:\/\/truusk.store\/sv\/?s={search_term_string}"},"query-input":{"@type":"PropertyValueSpecification","valueRequired":true,"valueName":"search_term_string"}}],"inLanguage":"sv-SE"},{"@type":"Organization","@id":"https:\/\/truusk.store\/sv\/#organization","name":"TRUUSK - Hem, Tr\u00e4dg\u00e5rd & Fritid","url":"https:\/\/truusk.store\/sv\/","logo":{"@type":"ImageObject","inLanguage":"sv-SE","@id":"https:\/\/truusk.store\/sv\/#\/schema\/logo\/image\/","url":"https:\/\/i0.wp.com\/truusk.store\/wp-content\/uploads\/2026\/03\/cropped-TRUUSK.png?fit=2032%2C917&ssl=1","contentUrl":"https:\/\/i0.wp.com\/truusk.store\/wp-content\/uploads\/2026\/03\/cropped-TRUUSK.png?fit=2032%2C917&ssl=1","width":2032,"height":917,"caption":"TRUUSK - Hem, Tr\u00e4dg\u00e5rd & Fritid"},"image":{"@id":"https:\/\/truusk.store\/sv\/#\/schema\/logo\/image\/"}}]}},"jetpack_sharing_enabled":true,"_links":{"self":[{"href":"https:\/\/truusk.store\/sv\/wp-json\/wp\/v2\/product\/41400","targetHints":{"allow":["GET"]}}],"collection":[{"href":"https:\/\/truusk.store\/sv\/wp-json\/wp\/v2\/product"}],"about":[{"href":"https:\/\/truusk.store\/sv\/wp-json\/wp\/v2\/types\/product"}],"wp:featuredmedia":[{"embeddable":true,"href":"https:\/\/truusk.store\/sv\/wp-json\/wp\/v2\/media\/41401"}],"wp:attachment":[{"href":"https:\/\/truusk.store\/sv\/wp-json\/wp\/v2\/media?parent=41400"}],"wp:term":[{"taxonomy":"product_brand","embeddable":true,"href":"https:\/\/truusk.store\/sv\/wp-json\/wp\/v2\/product_brand?post=41400"},{"taxonomy":"product_cat","embeddable":true,"href":"https:\/\/truusk.store\/sv\/wp-json\/wp\/v2\/product_cat?post=41400"},{"taxonomy":"product_tag","embeddable":true,"href":"https:\/\/truusk.store\/sv\/wp-json\/wp\/v2\/product_tag?post=41400"}],"curies":[{"name":"wp","href":"https:\/\/api.w.org\/{rel}","templated":true}]}}