{"id":41458,"date":"2024-02-14T03:22:27","date_gmt":"2024-02-14T02:22:27","guid":{"rendered":"https:\/\/truusk.store\/product\/skrapstolpe-med-skraptunna-1-kattbadd-och-kattleksak-59-cm-x-35-cm-x-100-cm-kramvit\/"},"modified":"2026-03-12T09:17:19","modified_gmt":"2026-03-12T08:17:19","slug":"truusk-skrapstolpe-med-skraptunna-1-kattbadd-och-kattleksak-59-cm-x-35-cm-x-100-cm-kramvit","status":"publish","type":"product","link":"https:\/\/truusk.store\/sv\/produkt\/truusk-skrapstolpe-med-skraptunna-1-kattbadd-och-kattleksak-59-cm-x-35-cm-x-100-cm-kramvit\/","title":{"rendered":"TRUUSK Skrapstolpe med Skraptunna &#8211; 1 Kattb\u00e4dd och Kattleksak &#8211; 59 cm x 35 cm x 100 cm &#8211; Kr\u00e4mvit"},"content":{"rendered":"<p>Tillfredsst\u00e4ll din katts naturliga instinkter p\u00e5 ett s\u00e4kert s\u00e4tt med detta skrapinl\u00e4gg! Detta katttr\u00e4d inneh\u00e5ller sisalrep och skrapstolpar, plattformar, en katts\u00e4ng, en dubbellagers kattgrotta och en h\u00e4ngande bollleksak f\u00f6r m\u00e5ngsidig lek. Med detta kl\u00e4ttertr\u00e4d f\u00f6rblir dina m\u00f6bler fria fr\u00e5n repor. Ge dina lekfulla katter en s\u00e4ker plats att v\u00e4ssa klorna p\u00e5 i kattaktivitetscentret.<\/p>\n<h3>Beskrivning:<\/h3>\n<ul>\n<li>Sisalrepstolparna tillfredsst\u00e4ller dina katters behov av att klia och gr\u00e4va<\/li>\n<li>Tillverkad av konstruerat tr\u00e4 f\u00f6r ett robust tr\u00e4d<\/li>\n<li>Kl\u00e4dd med mjuk och sk\u00f6n plysch<\/li>\n<li>Bollleksak f\u00f6r underh\u00e5llning<\/li>\n<li>Klassikern kompletterar din heminredning<\/li>\n<li>Designen p\u00e5 flera niv\u00e5er tillfredsst\u00e4ller ditt husdjurs lust att kl\u00e4ttra<\/li>\n<li>L\u00e4mplig f\u00f6r katter under 5 kg<\/li>\n<li>Montering kr\u00e4vs<\/li>\n<\/ul>\n<h3>Teknisk data:<\/h3>\n<ul>\n<li>F\u00e4rg: kr\u00e4mvit<\/li>\n<li>Material: sp\u00e5nskiva, plysch (100% polyester), sisal<\/li>\n<li>\u00d6vergripande m\u00e5tt: 59L x 35W x 100H cm<\/li>\n<li>Basstorlek: 59L x 35W cm<\/li>\n<li>Cat bin innerstorlek (per styck): 30 x 28H cm, d\u00f6rrh\u00e5l: 16cm<\/li>\n<li>S\u00e4ngstorlek: 36 x 7H cm<\/li>\n<li>Rekommenderad kattvikt: mindre \u00e4n 5 kg<\/li>\n<\/ul>\n<h3>Leveransens omfattning:<\/h3>\n<ul>\n<li>1 x skrapstolpe<\/li>\n<li>1 x manuell<\/li>\n<\/ul>\n","protected":false},"excerpt":{"rendered":"<p>Tillfredsst\u00e4ll din katts naturliga instinkter p\u00e5 ett s\u00e4kert s\u00e4tt med detta skrapinl\u00e4gg! Detta katttr\u00e4d inneh\u00e5ller sisalrep och skrapstolpar, plattformar, en&#8230;<\/p>\n","protected":false},"featured_media":41459,"template":"","meta":[],"product_brand":[],"product_cat":[573,588,589],"product_tag":[],"class_list":{"0":"post-41458","1":"product","2":"type-product","3":"status-publish","4":"has-post-thumbnail","6":"product_cat-husdjursmaterial","7":"product_cat-katttillbehor","8":"product_cat-skrapande-inlagg","10":"first","11":"instock","12":"sale","13":"taxable","14":"shipping-taxable","15":"purchasable","16":"product-type-simple"},"yoast_head":"<!-- This site is optimized with the Yoast SEO plugin v25.4 - https:\/\/yoast.com\/wordpress\/plugins\/seo\/ -->\n<title>TRUUSK Skrapstolpe med Skraptunna - 1 Kattb\u00e4dd och Kattleksak - 59 cm x 35 cm x 100 cm - Kr\u00e4mvit - TRUUSK - Hem, Tr\u00e4dg\u00e5rd &amp; Fritid<\/title>\n<meta name=\"robots\" content=\"index, follow, max-snippet:-1, max-image-preview:large, max-video-preview:-1\" \/>\n<link rel=\"canonical\" href=\"https:\/\/truusk.store\/sv\/produkt\/truusk-skrapstolpe-med-skraptunna-1-kattbadd-och-kattleksak-59-cm-x-35-cm-x-100-cm-kramvit\/\" \/>\n<meta property=\"og:locale\" content=\"sv_SE\" \/>\n<meta property=\"og:type\" content=\"article\" \/>\n<meta property=\"og:title\" content=\"TRUUSK Skrapstolpe med Skraptunna - 1 Kattb\u00e4dd och Kattleksak - 59 cm x 35 cm x 100 cm - Kr\u00e4mvit - TRUUSK - Hem, Tr\u00e4dg\u00e5rd &amp; Fritid\" \/>\n<meta property=\"og:description\" content=\"Tillfredsst\u00e4ll din katts naturliga instinkter p\u00e5 ett s\u00e4kert s\u00e4tt med detta skrapinl\u00e4gg! Detta katttr\u00e4d inneh\u00e5ller sisalrep och skrapstolpar, plattformar, en...\" \/>\n<meta property=\"og:url\" content=\"https:\/\/truusk.store\/sv\/produkt\/truusk-skrapstolpe-med-skraptunna-1-kattbadd-och-kattleksak-59-cm-x-35-cm-x-100-cm-kramvit\/\" \/>\n<meta property=\"og:site_name\" content=\"TRUUSK - Hem, Tr\u00e4dg\u00e5rd &amp; Fritid\" \/>\n<meta property=\"article:modified_time\" content=\"2026-03-12T08:17:19+00:00\" \/>\n<meta property=\"og:image\" content=\"https:\/\/i0.wp.com\/truusk.se\/wp-content\/uploads\/2024\/02\/skrapstolpe-med-skraptunna-1-kattbadd-och-kattleksak-59-cm-x-35-cm-x-100-cm-kramvit.webp?fit=800%2C800&ssl=1\" \/>\n\t<meta property=\"og:image:width\" content=\"800\" \/>\n\t<meta property=\"og:image:height\" content=\"800\" \/>\n\t<meta property=\"og:image:type\" content=\"image\/webp\" \/>\n<meta name=\"twitter:card\" content=\"summary_large_image\" \/>\n<meta name=\"twitter:label1\" content=\"Ber\u00e4knad l\u00e4stid\" \/>\n\t<meta name=\"twitter:data1\" content=\"1 minut\" \/>\n<!-- \/ Yoast SEO plugin. -->","yoast_head_json":{"title":"TRUUSK Skrapstolpe med Skraptunna - 1 Kattb\u00e4dd och Kattleksak - 59 cm x 35 cm x 100 cm - Kr\u00e4mvit - TRUUSK - Hem, Tr\u00e4dg\u00e5rd &amp; Fritid","robots":{"index":"index","follow":"follow","max-snippet":"max-snippet:-1","max-image-preview":"max-image-preview:large","max-video-preview":"max-video-preview:-1"},"canonical":"https:\/\/truusk.store\/sv\/produkt\/truusk-skrapstolpe-med-skraptunna-1-kattbadd-och-kattleksak-59-cm-x-35-cm-x-100-cm-kramvit\/","og_locale":"sv_SE","og_type":"article","og_title":"TRUUSK Skrapstolpe med Skraptunna - 1 Kattb\u00e4dd och Kattleksak - 59 cm x 35 cm x 100 cm - Kr\u00e4mvit - TRUUSK - Hem, Tr\u00e4dg\u00e5rd &amp; Fritid","og_description":"Tillfredsst\u00e4ll din katts naturliga instinkter p\u00e5 ett s\u00e4kert s\u00e4tt med detta skrapinl\u00e4gg! Detta katttr\u00e4d inneh\u00e5ller sisalrep och skrapstolpar, plattformar, en...","og_url":"https:\/\/truusk.store\/sv\/produkt\/truusk-skrapstolpe-med-skraptunna-1-kattbadd-och-kattleksak-59-cm-x-35-cm-x-100-cm-kramvit\/","og_site_name":"TRUUSK - Hem, Tr\u00e4dg\u00e5rd &amp; Fritid","article_modified_time":"2026-03-12T08:17:19+00:00","og_image":[{"width":800,"height":800,"url":"https:\/\/i0.wp.com\/truusk.se\/wp-content\/uploads\/2024\/02\/skrapstolpe-med-skraptunna-1-kattbadd-och-kattleksak-59-cm-x-35-cm-x-100-cm-kramvit.webp?fit=800%2C800&ssl=1","type":"image\/webp"}],"twitter_card":"summary_large_image","twitter_misc":{"Ber\u00e4knad l\u00e4stid":"1 minut"},"schema":{"@context":"https:\/\/schema.org","@graph":[{"@type":"WebPage","@id":"https:\/\/truusk.store\/sv\/produkt\/truusk-skrapstolpe-med-skraptunna-1-kattbadd-och-kattleksak-59-cm-x-35-cm-x-100-cm-kramvit\/","url":"https:\/\/truusk.store\/sv\/produkt\/truusk-skrapstolpe-med-skraptunna-1-kattbadd-och-kattleksak-59-cm-x-35-cm-x-100-cm-kramvit\/","name":"TRUUSK Skrapstolpe med Skraptunna - 1 Kattb\u00e4dd och Kattleksak - 59 cm x 35 cm x 100 cm - Kr\u00e4mvit - TRUUSK - Hem, Tr\u00e4dg\u00e5rd &amp; Fritid","isPartOf":{"@id":"https:\/\/truusk.store\/sv\/#website"},"primaryImageOfPage":{"@id":"https:\/\/truusk.store\/sv\/produkt\/truusk-skrapstolpe-med-skraptunna-1-kattbadd-och-kattleksak-59-cm-x-35-cm-x-100-cm-kramvit\/#primaryimage"},"image":{"@id":"https:\/\/truusk.store\/sv\/produkt\/truusk-skrapstolpe-med-skraptunna-1-kattbadd-och-kattleksak-59-cm-x-35-cm-x-100-cm-kramvit\/#primaryimage"},"thumbnailUrl":"https:\/\/i0.wp.com\/truusk.store\/wp-content\/uploads\/2024\/02\/skrapstolpe-med-skraptunna-1-kattbadd-och-kattleksak-59-cm-x-35-cm-x-100-cm-kramvit.webp?fit=800%2C800&ssl=1","datePublished":"2024-02-14T02:22:27+00:00","dateModified":"2026-03-12T08:17:19+00:00","breadcrumb":{"@id":"https:\/\/truusk.store\/sv\/produkt\/truusk-skrapstolpe-med-skraptunna-1-kattbadd-och-kattleksak-59-cm-x-35-cm-x-100-cm-kramvit\/#breadcrumb"},"inLanguage":"sv-SE","potentialAction":[{"@type":"ReadAction","target":["https:\/\/truusk.store\/sv\/produkt\/truusk-skrapstolpe-med-skraptunna-1-kattbadd-och-kattleksak-59-cm-x-35-cm-x-100-cm-kramvit\/"]}]},{"@type":"ImageObject","inLanguage":"sv-SE","@id":"https:\/\/truusk.store\/sv\/produkt\/truusk-skrapstolpe-med-skraptunna-1-kattbadd-och-kattleksak-59-cm-x-35-cm-x-100-cm-kramvit\/#primaryimage","url":"https:\/\/i0.wp.com\/truusk.store\/wp-content\/uploads\/2024\/02\/skrapstolpe-med-skraptunna-1-kattbadd-och-kattleksak-59-cm-x-35-cm-x-100-cm-kramvit.webp?fit=800%2C800&ssl=1","contentUrl":"https:\/\/i0.wp.com\/truusk.store\/wp-content\/uploads\/2024\/02\/skrapstolpe-med-skraptunna-1-kattbadd-och-kattleksak-59-cm-x-35-cm-x-100-cm-kramvit.webp?fit=800%2C800&ssl=1","width":800,"height":800,"caption":"Skrapstolpe Med Skraptunna, 1 Kattb\u00e4dd Och Kattleksak, 59 Cm X 35 Cm X 100 Cm, Kr\u00e4mvit 1"},{"@type":"BreadcrumbList","@id":"https:\/\/truusk.store\/sv\/produkt\/truusk-skrapstolpe-med-skraptunna-1-kattbadd-och-kattleksak-59-cm-x-35-cm-x-100-cm-kramvit\/#breadcrumb","itemListElement":[{"@type":"ListItem","position":1,"name":"Home","item":"https:\/\/truusk.store\/sv\/"},{"@type":"ListItem","position":2,"name":"Shop","item":"https:\/\/truusk.store\/shop\/"},{"@type":"ListItem","position":3,"name":"TRUUSK Skrapstolpe med Skraptunna &#8211; 1 Kattb\u00e4dd och Kattleksak &#8211; 59 cm x 35 cm x 100 cm &#8211; Kr\u00e4mvit"}]},{"@type":"WebSite","@id":"https:\/\/truusk.store\/sv\/#website","url":"https:\/\/truusk.store\/sv\/","name":"TRUUSK - Hem, Tr\u00e4dg\u00e5rd & Fritid","description":"","publisher":{"@id":"https:\/\/truusk.store\/sv\/#organization"},"potentialAction":[{"@type":"SearchAction","target":{"@type":"EntryPoint","urlTemplate":"https:\/\/truusk.store\/sv\/?s={search_term_string}"},"query-input":{"@type":"PropertyValueSpecification","valueRequired":true,"valueName":"search_term_string"}}],"inLanguage":"sv-SE"},{"@type":"Organization","@id":"https:\/\/truusk.store\/sv\/#organization","name":"TRUUSK - Hem, Tr\u00e4dg\u00e5rd & Fritid","url":"https:\/\/truusk.store\/sv\/","logo":{"@type":"ImageObject","inLanguage":"sv-SE","@id":"https:\/\/truusk.store\/sv\/#\/schema\/logo\/image\/","url":"https:\/\/i0.wp.com\/truusk.store\/wp-content\/uploads\/2026\/03\/cropped-TRUUSK.png?fit=2032%2C917&ssl=1","contentUrl":"https:\/\/i0.wp.com\/truusk.store\/wp-content\/uploads\/2026\/03\/cropped-TRUUSK.png?fit=2032%2C917&ssl=1","width":2032,"height":917,"caption":"TRUUSK - Hem, Tr\u00e4dg\u00e5rd & Fritid"},"image":{"@id":"https:\/\/truusk.store\/sv\/#\/schema\/logo\/image\/"}}]}},"jetpack_sharing_enabled":true,"_links":{"self":[{"href":"https:\/\/truusk.store\/sv\/wp-json\/wp\/v2\/product\/41458","targetHints":{"allow":["GET"]}}],"collection":[{"href":"https:\/\/truusk.store\/sv\/wp-json\/wp\/v2\/product"}],"about":[{"href":"https:\/\/truusk.store\/sv\/wp-json\/wp\/v2\/types\/product"}],"wp:featuredmedia":[{"embeddable":true,"href":"https:\/\/truusk.store\/sv\/wp-json\/wp\/v2\/media\/41459"}],"wp:attachment":[{"href":"https:\/\/truusk.store\/sv\/wp-json\/wp\/v2\/media?parent=41458"}],"wp:term":[{"taxonomy":"product_brand","embeddable":true,"href":"https:\/\/truusk.store\/sv\/wp-json\/wp\/v2\/product_brand?post=41458"},{"taxonomy":"product_cat","embeddable":true,"href":"https:\/\/truusk.store\/sv\/wp-json\/wp\/v2\/product_cat?post=41458"},{"taxonomy":"product_tag","embeddable":true,"href":"https:\/\/truusk.store\/sv\/wp-json\/wp\/v2\/product_tag?post=41458"}],"curies":[{"name":"wp","href":"https:\/\/api.w.org\/{rel}","templated":true}]}}