{"id":41508,"date":"2024-02-14T03:24:14","date_gmt":"2024-02-14T02:24:14","guid":{"rendered":"https:\/\/truusk.store\/product\/utebord-tradgardsbord-for-4-personer-fallbart-hoj-och-sankbart-tralook-gratt-svart-118-x-60-x-74-cm\/"},"modified":"2026-03-12T09:17:20","modified_gmt":"2026-03-12T08:17:20","slug":"truusk-utebord-for-4-personer-fallbart-hoj-och-sankbart-tralook-gratt-och-svart-118-x-60-x-74-cm","status":"publish","type":"product","link":"https:\/\/truusk.store\/sv\/produkt\/truusk-utebord-for-4-personer-fallbart-hoj-och-sankbart-tralook-gratt-och-svart-118-x-60-x-74-cm\/","title":{"rendered":"TRUUSK Utebord f\u00f6r 4 personer &#8211; F\u00e4llbart &#8211; H\u00f6j- och s\u00e4nkbart &#8211; Tr\u00e4look &#8211; Gr\u00e5tt och svart &#8211; 118 x 60 x 74 cm"},"content":{"rendered":"<p>Detta praktiska utomhusbord kommer att l\u00e4gga till en praktisk, fr\u00e4sch accent till din uteplats! Kombinationen av st\u00e5lram och plastbordsskiva ger inte bara h\u00f6g stabilitet, utan \u00e4r ocks\u00e5 extra l\u00e4ttsk\u00f6tt. Bordet \u00e4r h\u00f6j- och s\u00e4nkbart i tv\u00e5 steg och tack vare f\u00e4llfunktionen kan det enkelt tas med var som helst och f\u00f6rvaras f\u00f6r att spara utrymme n\u00e4r det inte anv\u00e4nds. Att ge mer komfort till din uteplats har aldrig varit s\u00e5 enkelt!<\/p>\n<h3>Beskrivning:<\/h3>\n<ul>\n<li>Stort matbord f\u00f6r 4 personer<\/li>\n<li>F\u00e4lls snabbt ner till en kompakt storlek f\u00f6r enkel f\u00f6rvaring<\/li>\n<li>Bordsh\u00f6jden kan justeras till 56 cm eller 74 cm<\/li>\n<li>Robust plastbordsskiva med tr\u00e4look \u00e4r v\u00e4derbest\u00e4ndig och extremt dekorativ<\/li>\n<li>Den pulverlackerade st\u00e5lramen \u00e4r robust och idealisk f\u00f6r l\u00e5ngvarig utomhusbruk<\/li>\n<li>L\u00e4tt att reng\u00f6ra med en fuktig trasa<\/li>\n<li>Ett handtag p\u00e5 sidan s\u00e4kerst\u00e4ller bekv\u00e4m transport<\/li>\n<li>Ingen montering kr\u00e4vs<\/li>\n<li>Obs: Produkten levereras med bruksanvisning. Vik upp och vik den som visas i bruksanvisningen.<\/li>\n<\/ul>\n<h3>Teknisk data:<\/h3>\n<ul>\n<li>F\u00e4rg: M\u00f6rkgr\u00e5+svart<\/li>\n<li>Material: st\u00e5l, HDPE<\/li>\n<li>\u00d6vergripande m\u00e5tt: 118L x 60W x 74H cm<\/li>\n<li>Vikm\u00e5tt: 61L x 60W x 8H cm<\/li>\n<li>Bordsskivans tjocklek: 3,8 cm<\/li>\n<li>Lastkapacitet: 60 kg<\/li>\n<\/ul>\n<h3>Leveransens omfattning:<\/h3>\n<ul>\n<li>1 x Utematsbord<\/li>\n<li>1 x Instruktioner<\/li>\n<\/ul>\n","protected":false},"excerpt":{"rendered":"<p>Detta praktiska utomhusbord kommer att l\u00e4gga till en praktisk, fr\u00e4sch accent till din uteplats! Kombinationen av st\u00e5lram och plastbordsskiva ger&#8230;<\/p>\n","protected":false},"featured_media":41509,"template":"","meta":[],"product_brand":[],"product_cat":[435,457,450],"product_tag":[],"class_list":{"0":"post-41508","1":"product","2":"type-product","3":"status-publish","4":"has-post-thumbnail","6":"product_cat-tradgard-och-terrass","7":"product_cat-tradgardsbord","8":"product_cat-tradgardsmobler","10":"first","11":"instock","12":"sale","13":"taxable","14":"shipping-taxable","15":"purchasable","16":"product-type-simple"},"yoast_head":"<!-- This site is optimized with the Yoast SEO plugin v25.4 - https:\/\/yoast.com\/wordpress\/plugins\/seo\/ -->\n<title>TRUUSK Utebord f\u00f6r 4 personer - F\u00e4llbart - H\u00f6j- och s\u00e4nkbart - Tr\u00e4look - Gr\u00e5tt och svart - 118 x 60 x 74 cm - TRUUSK - Hem, Tr\u00e4dg\u00e5rd &amp; Fritid<\/title>\n<meta name=\"robots\" content=\"index, follow, max-snippet:-1, max-image-preview:large, max-video-preview:-1\" \/>\n<link rel=\"canonical\" href=\"https:\/\/truusk.store\/sv\/produkt\/truusk-utebord-for-4-personer-fallbart-hoj-och-sankbart-tralook-gratt-och-svart-118-x-60-x-74-cm\/\" \/>\n<meta property=\"og:locale\" content=\"sv_SE\" \/>\n<meta property=\"og:type\" content=\"article\" \/>\n<meta property=\"og:title\" content=\"TRUUSK Utebord f\u00f6r 4 personer - F\u00e4llbart - H\u00f6j- och s\u00e4nkbart - Tr\u00e4look - Gr\u00e5tt och svart - 118 x 60 x 74 cm - TRUUSK - Hem, Tr\u00e4dg\u00e5rd &amp; Fritid\" \/>\n<meta property=\"og:description\" content=\"Detta praktiska utomhusbord kommer att l\u00e4gga till en praktisk, fr\u00e4sch accent till din uteplats! Kombinationen av st\u00e5lram och plastbordsskiva ger...\" \/>\n<meta property=\"og:url\" content=\"https:\/\/truusk.store\/sv\/produkt\/truusk-utebord-for-4-personer-fallbart-hoj-och-sankbart-tralook-gratt-och-svart-118-x-60-x-74-cm\/\" \/>\n<meta property=\"og:site_name\" content=\"TRUUSK - Hem, Tr\u00e4dg\u00e5rd &amp; Fritid\" \/>\n<meta property=\"article:modified_time\" content=\"2026-03-12T08:17:20+00:00\" \/>\n<meta property=\"og:image\" content=\"https:\/\/i0.wp.com\/truusk.se\/wp-content\/uploads\/2024\/02\/utebord-tradgardsbord-for-4-personer-fallbart-hoj-och-sankbart-tralook-gratt-svart-118-x-60-x-74-cm.webp?fit=800%2C800&ssl=1\" \/>\n\t<meta property=\"og:image:width\" content=\"800\" \/>\n\t<meta property=\"og:image:height\" content=\"800\" \/>\n\t<meta property=\"og:image:type\" content=\"image\/webp\" \/>\n<meta name=\"twitter:card\" content=\"summary_large_image\" \/>\n<meta name=\"twitter:label1\" content=\"Ber\u00e4knad l\u00e4stid\" \/>\n\t<meta name=\"twitter:data1\" content=\"1 minut\" \/>\n<!-- \/ Yoast SEO plugin. -->","yoast_head_json":{"title":"TRUUSK Utebord f\u00f6r 4 personer - F\u00e4llbart - H\u00f6j- och s\u00e4nkbart - Tr\u00e4look - Gr\u00e5tt och svart - 118 x 60 x 74 cm - TRUUSK - Hem, Tr\u00e4dg\u00e5rd &amp; Fritid","robots":{"index":"index","follow":"follow","max-snippet":"max-snippet:-1","max-image-preview":"max-image-preview:large","max-video-preview":"max-video-preview:-1"},"canonical":"https:\/\/truusk.store\/sv\/produkt\/truusk-utebord-for-4-personer-fallbart-hoj-och-sankbart-tralook-gratt-och-svart-118-x-60-x-74-cm\/","og_locale":"sv_SE","og_type":"article","og_title":"TRUUSK Utebord f\u00f6r 4 personer - F\u00e4llbart - H\u00f6j- och s\u00e4nkbart - Tr\u00e4look - Gr\u00e5tt och svart - 118 x 60 x 74 cm - TRUUSK - Hem, Tr\u00e4dg\u00e5rd &amp; Fritid","og_description":"Detta praktiska utomhusbord kommer att l\u00e4gga till en praktisk, fr\u00e4sch accent till din uteplats! Kombinationen av st\u00e5lram och plastbordsskiva ger...","og_url":"https:\/\/truusk.store\/sv\/produkt\/truusk-utebord-for-4-personer-fallbart-hoj-och-sankbart-tralook-gratt-och-svart-118-x-60-x-74-cm\/","og_site_name":"TRUUSK - Hem, Tr\u00e4dg\u00e5rd &amp; Fritid","article_modified_time":"2026-03-12T08:17:20+00:00","og_image":[{"width":800,"height":800,"url":"https:\/\/i0.wp.com\/truusk.se\/wp-content\/uploads\/2024\/02\/utebord-tradgardsbord-for-4-personer-fallbart-hoj-och-sankbart-tralook-gratt-svart-118-x-60-x-74-cm.webp?fit=800%2C800&ssl=1","type":"image\/webp"}],"twitter_card":"summary_large_image","twitter_misc":{"Ber\u00e4knad l\u00e4stid":"1 minut"},"schema":{"@context":"https:\/\/schema.org","@graph":[{"@type":"WebPage","@id":"https:\/\/truusk.store\/sv\/produkt\/truusk-utebord-for-4-personer-fallbart-hoj-och-sankbart-tralook-gratt-och-svart-118-x-60-x-74-cm\/","url":"https:\/\/truusk.store\/sv\/produkt\/truusk-utebord-for-4-personer-fallbart-hoj-och-sankbart-tralook-gratt-och-svart-118-x-60-x-74-cm\/","name":"TRUUSK Utebord f\u00f6r 4 personer - F\u00e4llbart - H\u00f6j- och s\u00e4nkbart - Tr\u00e4look - Gr\u00e5tt och svart - 118 x 60 x 74 cm - TRUUSK - Hem, Tr\u00e4dg\u00e5rd &amp; Fritid","isPartOf":{"@id":"https:\/\/truusk.store\/sv\/#website"},"primaryImageOfPage":{"@id":"https:\/\/truusk.store\/sv\/produkt\/truusk-utebord-for-4-personer-fallbart-hoj-och-sankbart-tralook-gratt-och-svart-118-x-60-x-74-cm\/#primaryimage"},"image":{"@id":"https:\/\/truusk.store\/sv\/produkt\/truusk-utebord-for-4-personer-fallbart-hoj-och-sankbart-tralook-gratt-och-svart-118-x-60-x-74-cm\/#primaryimage"},"thumbnailUrl":"https:\/\/i0.wp.com\/truusk.store\/wp-content\/uploads\/2024\/02\/utebord-tradgardsbord-for-4-personer-fallbart-hoj-och-sankbart-tralook-gratt-svart-118-x-60-x-74-cm.webp?fit=800%2C800&ssl=1","datePublished":"2024-02-14T02:24:14+00:00","dateModified":"2026-03-12T08:17:20+00:00","breadcrumb":{"@id":"https:\/\/truusk.store\/sv\/produkt\/truusk-utebord-for-4-personer-fallbart-hoj-och-sankbart-tralook-gratt-och-svart-118-x-60-x-74-cm\/#breadcrumb"},"inLanguage":"sv-SE","potentialAction":[{"@type":"ReadAction","target":["https:\/\/truusk.store\/sv\/produkt\/truusk-utebord-for-4-personer-fallbart-hoj-och-sankbart-tralook-gratt-och-svart-118-x-60-x-74-cm\/"]}]},{"@type":"ImageObject","inLanguage":"sv-SE","@id":"https:\/\/truusk.store\/sv\/produkt\/truusk-utebord-for-4-personer-fallbart-hoj-och-sankbart-tralook-gratt-och-svart-118-x-60-x-74-cm\/#primaryimage","url":"https:\/\/i0.wp.com\/truusk.store\/wp-content\/uploads\/2024\/02\/utebord-tradgardsbord-for-4-personer-fallbart-hoj-och-sankbart-tralook-gratt-svart-118-x-60-x-74-cm.webp?fit=800%2C800&ssl=1","contentUrl":"https:\/\/i0.wp.com\/truusk.store\/wp-content\/uploads\/2024\/02\/utebord-tradgardsbord-for-4-personer-fallbart-hoj-och-sankbart-tralook-gratt-svart-118-x-60-x-74-cm.webp?fit=800%2C800&ssl=1","width":800,"height":800,"caption":"Utebord, Tr\u00e4dg\u00e5rdsbord, F\u00f6r 4 Personer, F\u00e4llbart, H\u00f6j- Och S\u00e4nkbart, Tr\u00e4look, Gr\u00e5tt + Svart, 118 X 60 X 74 Cm 1"},{"@type":"BreadcrumbList","@id":"https:\/\/truusk.store\/sv\/produkt\/truusk-utebord-for-4-personer-fallbart-hoj-och-sankbart-tralook-gratt-och-svart-118-x-60-x-74-cm\/#breadcrumb","itemListElement":[{"@type":"ListItem","position":1,"name":"Home","item":"https:\/\/truusk.store\/sv\/"},{"@type":"ListItem","position":2,"name":"Shop","item":"https:\/\/truusk.store\/shop\/"},{"@type":"ListItem","position":3,"name":"TRUUSK Utebord f\u00f6r 4 personer &#8211; F\u00e4llbart &#8211; H\u00f6j- och s\u00e4nkbart &#8211; Tr\u00e4look &#8211; Gr\u00e5tt och svart &#8211; 118 x 60 x 74 cm"}]},{"@type":"WebSite","@id":"https:\/\/truusk.store\/sv\/#website","url":"https:\/\/truusk.store\/sv\/","name":"TRUUSK - Hem, Tr\u00e4dg\u00e5rd & Fritid","description":"","publisher":{"@id":"https:\/\/truusk.store\/sv\/#organization"},"potentialAction":[{"@type":"SearchAction","target":{"@type":"EntryPoint","urlTemplate":"https:\/\/truusk.store\/sv\/?s={search_term_string}"},"query-input":{"@type":"PropertyValueSpecification","valueRequired":true,"valueName":"search_term_string"}}],"inLanguage":"sv-SE"},{"@type":"Organization","@id":"https:\/\/truusk.store\/sv\/#organization","name":"TRUUSK - Hem, Tr\u00e4dg\u00e5rd & Fritid","url":"https:\/\/truusk.store\/sv\/","logo":{"@type":"ImageObject","inLanguage":"sv-SE","@id":"https:\/\/truusk.store\/sv\/#\/schema\/logo\/image\/","url":"https:\/\/i0.wp.com\/truusk.store\/wp-content\/uploads\/2026\/03\/cropped-TRUUSK.png?fit=2032%2C917&ssl=1","contentUrl":"https:\/\/i0.wp.com\/truusk.store\/wp-content\/uploads\/2026\/03\/cropped-TRUUSK.png?fit=2032%2C917&ssl=1","width":2032,"height":917,"caption":"TRUUSK - Hem, Tr\u00e4dg\u00e5rd & Fritid"},"image":{"@id":"https:\/\/truusk.store\/sv\/#\/schema\/logo\/image\/"}}]}},"jetpack_sharing_enabled":true,"_links":{"self":[{"href":"https:\/\/truusk.store\/sv\/wp-json\/wp\/v2\/product\/41508","targetHints":{"allow":["GET"]}}],"collection":[{"href":"https:\/\/truusk.store\/sv\/wp-json\/wp\/v2\/product"}],"about":[{"href":"https:\/\/truusk.store\/sv\/wp-json\/wp\/v2\/types\/product"}],"wp:featuredmedia":[{"embeddable":true,"href":"https:\/\/truusk.store\/sv\/wp-json\/wp\/v2\/media\/41509"}],"wp:attachment":[{"href":"https:\/\/truusk.store\/sv\/wp-json\/wp\/v2\/media?parent=41508"}],"wp:term":[{"taxonomy":"product_brand","embeddable":true,"href":"https:\/\/truusk.store\/sv\/wp-json\/wp\/v2\/product_brand?post=41508"},{"taxonomy":"product_cat","embeddable":true,"href":"https:\/\/truusk.store\/sv\/wp-json\/wp\/v2\/product_cat?post=41508"},{"taxonomy":"product_tag","embeddable":true,"href":"https:\/\/truusk.store\/sv\/wp-json\/wp\/v2\/product_tag?post=41508"}],"curies":[{"name":"wp","href":"https:\/\/api.w.org\/{rel}","templated":true}]}}