{"id":41529,"date":"2024-02-14T03:24:54","date_gmt":"2024-02-14T02:24:54","guid":{"rendered":"https:\/\/truusk.store\/product\/kattgrotta-med-kudde-kattsang-resesang-for-husdjur-tvattbar-kudde-khakigron\/"},"modified":"2026-03-12T09:17:21","modified_gmt":"2026-03-12T08:17:21","slug":"truusk-kattgrotta-med-kudde-resesang-for-husdjur-tvattbar-khakigron","status":"publish","type":"product","link":"https:\/\/truusk.store\/sv\/produkt\/truusk-kattgrotta-med-kudde-resesang-for-husdjur-tvattbar-khakigron\/","title":{"rendered":"TRUUSK Kattgrotta med Kudde &#8211; Reses\u00e4ng f\u00f6r Husdjur &#8211; Tv\u00e4ttbar &#8211; Khakigr\u00f6n"},"content":{"rendered":"<p>Ge ditt husdjur ett eget boende med denna kattgrotta. Den moderna designen kompletterar din befintliga inredning och kan anv\u00e4ndas i vardagsrum, hallar, sovrum eller vilket annat rum som helst i huset. Den mysiga och s\u00e4kra kattgrottan \u00e4r idealisk f\u00f6r katter att krypa ihop, ta en tupplur eller leka. Denna katts\u00e4ng f\u00f6r att sova \u00e4r en vacker och praktisk l\u00f6sning f\u00f6r ditt husdjurs behov och kommer med en mjuk kudde.<\/p>\n<h3>Beskrivning:<\/h3>\n<ul>\n<li>En halv\u00f6ppen kattgrotta f\u00f6r vila och s\u00f6mn<\/li>\n<li>En mjuk, tv\u00e4ttbar kudde ger extra komfort.<\/li>\n<li>L\u00e4ttviktsdesign f\u00f6r enkel transport<\/li>\n<li>Tv\u00e5 d\u00f6rrar f\u00f6r enkel \u00e5tkomst<\/li>\n<li>L\u00e4mplig f\u00f6r katter under 5 kg<\/li>\n<li>Enkel montering<\/li>\n<\/ul>\n<h3>Teknisk data:<\/h3>\n<ul>\n<li>F\u00e4rg: gr\u00e5gr\u00f6n<\/li>\n<li>Material: MDF, linneimitation (100 % polyester), plysch, PVC<\/li>\n<li>\u00d6vergripande m\u00e5tt: 39L x 43,5W x 40,5H cm<\/li>\n<li>Innerm\u00e5tt: Botten: 34L x 38W x 40H cm<\/li>\n<li>M\u00e5tt Tr: Fram: 17,5W x 19,5H cm. Sida: 15,5 cm<\/li>\n<li>Kuddens m\u00e5tt: 34L x 38W x 1,5H cm<\/li>\n<\/ul>\n<h3>Leveransens omfattning:<\/h3>\n<ul>\n<li>1 x Katthus<\/li>\n<li>1 x manuell<\/li>\n<\/ul>\n","protected":false},"excerpt":{"rendered":"<p>Ge ditt husdjur ett eget boende med denna kattgrotta. Den moderna designen kompletterar din befintliga inredning och kan anv\u00e4ndas i&#8230;<\/p>\n","protected":false},"featured_media":41530,"template":"","meta":[],"product_brand":[],"product_cat":[573,590,588],"product_tag":[],"class_list":{"0":"post-41529","1":"product","2":"type-product","3":"status-publish","4":"has-post-thumbnail","6":"product_cat-husdjursmaterial","7":"product_cat-kattgrottor-kattsangar","8":"product_cat-katttillbehor","10":"first","11":"instock","12":"sale","13":"taxable","14":"shipping-taxable","15":"purchasable","16":"product-type-simple"},"yoast_head":"<!-- This site is optimized with the Yoast SEO plugin v25.4 - https:\/\/yoast.com\/wordpress\/plugins\/seo\/ -->\n<title>TRUUSK Kattgrotta med Kudde - Reses\u00e4ng f\u00f6r Husdjur - Tv\u00e4ttbar - Khakigr\u00f6n - TRUUSK - Hem, Tr\u00e4dg\u00e5rd &amp; Fritid<\/title>\n<meta name=\"robots\" content=\"index, follow, max-snippet:-1, max-image-preview:large, max-video-preview:-1\" \/>\n<link rel=\"canonical\" href=\"https:\/\/truusk.store\/sv\/produkt\/truusk-kattgrotta-med-kudde-resesang-for-husdjur-tvattbar-khakigron\/\" \/>\n<meta property=\"og:locale\" content=\"sv_SE\" \/>\n<meta property=\"og:type\" content=\"article\" \/>\n<meta property=\"og:title\" content=\"TRUUSK Kattgrotta med Kudde - Reses\u00e4ng f\u00f6r Husdjur - Tv\u00e4ttbar - Khakigr\u00f6n - TRUUSK - Hem, Tr\u00e4dg\u00e5rd &amp; Fritid\" \/>\n<meta property=\"og:description\" content=\"Ge ditt husdjur ett eget boende med denna kattgrotta. Den moderna designen kompletterar din befintliga inredning och kan anv\u00e4ndas i...\" \/>\n<meta property=\"og:url\" content=\"https:\/\/truusk.store\/sv\/produkt\/truusk-kattgrotta-med-kudde-resesang-for-husdjur-tvattbar-khakigron\/\" \/>\n<meta property=\"og:site_name\" content=\"TRUUSK - Hem, Tr\u00e4dg\u00e5rd &amp; Fritid\" \/>\n<meta property=\"article:modified_time\" content=\"2026-03-12T08:17:21+00:00\" \/>\n<meta property=\"og:image\" content=\"https:\/\/i0.wp.com\/truusk.se\/wp-content\/uploads\/2024\/02\/kattgrotta-med-kudde-kattsang-resesang-for-husdjur-tvattbar-kudde-khakigron.webp?fit=800%2C800&ssl=1\" \/>\n\t<meta property=\"og:image:width\" content=\"800\" \/>\n\t<meta property=\"og:image:height\" content=\"800\" \/>\n\t<meta property=\"og:image:type\" content=\"image\/webp\" \/>\n<meta name=\"twitter:card\" content=\"summary_large_image\" \/>\n<meta name=\"twitter:label1\" content=\"Ber\u00e4knad l\u00e4stid\" \/>\n\t<meta name=\"twitter:data1\" content=\"1 minut\" \/>\n<!-- \/ Yoast SEO plugin. -->","yoast_head_json":{"title":"TRUUSK Kattgrotta med Kudde - Reses\u00e4ng f\u00f6r Husdjur - Tv\u00e4ttbar - Khakigr\u00f6n - TRUUSK - Hem, Tr\u00e4dg\u00e5rd &amp; Fritid","robots":{"index":"index","follow":"follow","max-snippet":"max-snippet:-1","max-image-preview":"max-image-preview:large","max-video-preview":"max-video-preview:-1"},"canonical":"https:\/\/truusk.store\/sv\/produkt\/truusk-kattgrotta-med-kudde-resesang-for-husdjur-tvattbar-khakigron\/","og_locale":"sv_SE","og_type":"article","og_title":"TRUUSK Kattgrotta med Kudde - Reses\u00e4ng f\u00f6r Husdjur - Tv\u00e4ttbar - Khakigr\u00f6n - TRUUSK - Hem, Tr\u00e4dg\u00e5rd &amp; Fritid","og_description":"Ge ditt husdjur ett eget boende med denna kattgrotta. Den moderna designen kompletterar din befintliga inredning och kan anv\u00e4ndas i...","og_url":"https:\/\/truusk.store\/sv\/produkt\/truusk-kattgrotta-med-kudde-resesang-for-husdjur-tvattbar-khakigron\/","og_site_name":"TRUUSK - Hem, Tr\u00e4dg\u00e5rd &amp; Fritid","article_modified_time":"2026-03-12T08:17:21+00:00","og_image":[{"width":800,"height":800,"url":"https:\/\/i0.wp.com\/truusk.se\/wp-content\/uploads\/2024\/02\/kattgrotta-med-kudde-kattsang-resesang-for-husdjur-tvattbar-kudde-khakigron.webp?fit=800%2C800&ssl=1","type":"image\/webp"}],"twitter_card":"summary_large_image","twitter_misc":{"Ber\u00e4knad l\u00e4stid":"1 minut"},"schema":{"@context":"https:\/\/schema.org","@graph":[{"@type":"WebPage","@id":"https:\/\/truusk.store\/sv\/produkt\/truusk-kattgrotta-med-kudde-resesang-for-husdjur-tvattbar-khakigron\/","url":"https:\/\/truusk.store\/sv\/produkt\/truusk-kattgrotta-med-kudde-resesang-for-husdjur-tvattbar-khakigron\/","name":"TRUUSK Kattgrotta med Kudde - Reses\u00e4ng f\u00f6r Husdjur - Tv\u00e4ttbar - Khakigr\u00f6n - TRUUSK - Hem, Tr\u00e4dg\u00e5rd &amp; Fritid","isPartOf":{"@id":"https:\/\/truusk.store\/sv\/#website"},"primaryImageOfPage":{"@id":"https:\/\/truusk.store\/sv\/produkt\/truusk-kattgrotta-med-kudde-resesang-for-husdjur-tvattbar-khakigron\/#primaryimage"},"image":{"@id":"https:\/\/truusk.store\/sv\/produkt\/truusk-kattgrotta-med-kudde-resesang-for-husdjur-tvattbar-khakigron\/#primaryimage"},"thumbnailUrl":"https:\/\/i0.wp.com\/truusk.store\/wp-content\/uploads\/2024\/02\/kattgrotta-med-kudde-kattsang-resesang-for-husdjur-tvattbar-kudde-khakigron.webp?fit=800%2C800&ssl=1","datePublished":"2024-02-14T02:24:54+00:00","dateModified":"2026-03-12T08:17:21+00:00","breadcrumb":{"@id":"https:\/\/truusk.store\/sv\/produkt\/truusk-kattgrotta-med-kudde-resesang-for-husdjur-tvattbar-khakigron\/#breadcrumb"},"inLanguage":"sv-SE","potentialAction":[{"@type":"ReadAction","target":["https:\/\/truusk.store\/sv\/produkt\/truusk-kattgrotta-med-kudde-resesang-for-husdjur-tvattbar-khakigron\/"]}]},{"@type":"ImageObject","inLanguage":"sv-SE","@id":"https:\/\/truusk.store\/sv\/produkt\/truusk-kattgrotta-med-kudde-resesang-for-husdjur-tvattbar-khakigron\/#primaryimage","url":"https:\/\/i0.wp.com\/truusk.store\/wp-content\/uploads\/2024\/02\/kattgrotta-med-kudde-kattsang-resesang-for-husdjur-tvattbar-kudde-khakigron.webp?fit=800%2C800&ssl=1","contentUrl":"https:\/\/i0.wp.com\/truusk.store\/wp-content\/uploads\/2024\/02\/kattgrotta-med-kudde-kattsang-resesang-for-husdjur-tvattbar-kudde-khakigron.webp?fit=800%2C800&ssl=1","width":800,"height":800,"caption":"Kattgrotta Med Kudde Katts\u00e4ng Reses\u00e4ng F\u00f6r Husdjur Tv\u00e4ttbar Kudde Khakigr\u00f6n 1"},{"@type":"BreadcrumbList","@id":"https:\/\/truusk.store\/sv\/produkt\/truusk-kattgrotta-med-kudde-resesang-for-husdjur-tvattbar-khakigron\/#breadcrumb","itemListElement":[{"@type":"ListItem","position":1,"name":"Home","item":"https:\/\/truusk.store\/sv\/"},{"@type":"ListItem","position":2,"name":"Shop","item":"https:\/\/truusk.store\/shop\/"},{"@type":"ListItem","position":3,"name":"TRUUSK Kattgrotta med Kudde &#8211; Reses\u00e4ng f\u00f6r Husdjur &#8211; Tv\u00e4ttbar &#8211; Khakigr\u00f6n"}]},{"@type":"WebSite","@id":"https:\/\/truusk.store\/sv\/#website","url":"https:\/\/truusk.store\/sv\/","name":"TRUUSK - Hem, Tr\u00e4dg\u00e5rd & Fritid","description":"","publisher":{"@id":"https:\/\/truusk.store\/sv\/#organization"},"potentialAction":[{"@type":"SearchAction","target":{"@type":"EntryPoint","urlTemplate":"https:\/\/truusk.store\/sv\/?s={search_term_string}"},"query-input":{"@type":"PropertyValueSpecification","valueRequired":true,"valueName":"search_term_string"}}],"inLanguage":"sv-SE"},{"@type":"Organization","@id":"https:\/\/truusk.store\/sv\/#organization","name":"TRUUSK - Hem, Tr\u00e4dg\u00e5rd & Fritid","url":"https:\/\/truusk.store\/sv\/","logo":{"@type":"ImageObject","inLanguage":"sv-SE","@id":"https:\/\/truusk.store\/sv\/#\/schema\/logo\/image\/","url":"https:\/\/i0.wp.com\/truusk.store\/wp-content\/uploads\/2026\/03\/cropped-TRUUSK.png?fit=2032%2C917&ssl=1","contentUrl":"https:\/\/i0.wp.com\/truusk.store\/wp-content\/uploads\/2026\/03\/cropped-TRUUSK.png?fit=2032%2C917&ssl=1","width":2032,"height":917,"caption":"TRUUSK - Hem, Tr\u00e4dg\u00e5rd & Fritid"},"image":{"@id":"https:\/\/truusk.store\/sv\/#\/schema\/logo\/image\/"}}]}},"jetpack_sharing_enabled":true,"_links":{"self":[{"href":"https:\/\/truusk.store\/sv\/wp-json\/wp\/v2\/product\/41529","targetHints":{"allow":["GET"]}}],"collection":[{"href":"https:\/\/truusk.store\/sv\/wp-json\/wp\/v2\/product"}],"about":[{"href":"https:\/\/truusk.store\/sv\/wp-json\/wp\/v2\/types\/product"}],"wp:featuredmedia":[{"embeddable":true,"href":"https:\/\/truusk.store\/sv\/wp-json\/wp\/v2\/media\/41530"}],"wp:attachment":[{"href":"https:\/\/truusk.store\/sv\/wp-json\/wp\/v2\/media?parent=41529"}],"wp:term":[{"taxonomy":"product_brand","embeddable":true,"href":"https:\/\/truusk.store\/sv\/wp-json\/wp\/v2\/product_brand?post=41529"},{"taxonomy":"product_cat","embeddable":true,"href":"https:\/\/truusk.store\/sv\/wp-json\/wp\/v2\/product_cat?post=41529"},{"taxonomy":"product_tag","embeddable":true,"href":"https:\/\/truusk.store\/sv\/wp-json\/wp\/v2\/product_tag?post=41529"}],"curies":[{"name":"wp","href":"https:\/\/api.w.org\/{rel}","templated":true}]}}