{"id":41581,"date":"2024-02-14T03:26:38","date_gmt":"2024-02-14T02:26:38","guid":{"rendered":"https:\/\/truusk.store\/product\/skrapstolpe-industridesign-3-plattformar-2-kuddar-skrapvagg-stalram-svart-85-x-48-x-170-cm\/"},"modified":"2026-03-12T09:17:22","modified_gmt":"2026-03-12T08:17:22","slug":"truusk-skrapstolpe-med-industridesign-3-plattformar-2-kuddar-skrapvagg-stalram-svart-85-x-48-x-170-cm","status":"publish","type":"product","link":"https:\/\/truusk.store\/sv\/produkt\/truusk-skrapstolpe-med-industridesign-3-plattformar-2-kuddar-skrapvagg-stalram-svart-85-x-48-x-170-cm\/","title":{"rendered":"TRUUSK Skrapstolpe med Industridesign &#8211; 3 Plattformar &#8211; 2 Kuddar &#8211; Skrapv\u00e4gg &#8211; St\u00e5lram &#8211; Svart &#8211; 85 x 48 x 170 cm"},"content":{"rendered":"<p>Katter \u00e4lskar att lata sig n\u00e5gonstans h\u00f6gt upp och observera sin omgivning med en s\u00f6mnig blick. Detta moderna katttr\u00e4d har fyra niv\u00e5er och erbjuder gott om plats f\u00f6r att sova och leka. Tillverkad av sp\u00e5nskiva och st\u00e5l och f\u00f6rsedd med tippskydd, st\u00f6djer skrapstolpen enkelt tv\u00e5 v\u00e4lmatade katter som vardera v\u00e4ger upp till 5 kg. Tv\u00e5 plattformar \u00e4r f\u00f6rsedda med mjuka solstolsdynor f\u00f6r att fullborda komforten.<\/p>\n<h3>Beskrivning:<\/h3>\n<ul>\n<li>Skrapstolpen tillfredsst\u00e4ller din katts skrapinstinkt och skyddar dina m\u00f6bler fr\u00e5n repor<\/li>\n<li>St\u00e5l- och sp\u00e5nskivakonstruktionen \u00e4r elegant och robust<\/li>\n<li>Tv\u00e5 plattformar med mjuka kuddar ger en bekv\u00e4m plats att koppla av och sova<\/li>\n<li>Med spetsskydd f\u00f6r mer s\u00e4kerhet<\/li>\n<li>Flera plattformar f\u00f6r kl\u00e4ttring och vila<\/li>\n<li>L\u00e4mplig f\u00f6r tv\u00e5 katter upp till 5 kg vardera<\/li>\n<li>Montering kr\u00e4vs<\/li>\n<\/ul>\n<h3>Teknisk data:<\/h3>\n<ul>\n<li>Svart f\u00e4rg<\/li>\n<li>Material: st\u00e5l, sp\u00e5nskiva, plysch, sisal<\/li>\n<li>Totala m\u00e5tt: 85L x 48W x 170H cm<\/li>\n<li>M\u00e5tt bottenplatta: 85L x 48W cm<\/li>\n<li>M\u00e5tt andra plattform: 48L x 40W cm. Markfrig\u00e5ng: 42 cm<\/li>\n<li>Tredje plattformsm\u00e5tt: 48L x 40W cm. Markfrig\u00e5ng: 83 cm<\/li>\n<li>M\u00e5tt fj\u00e4rde plattform: 48L x 40W cm. Markfrig\u00e5ng: 125 cm. \u00d6ppning: 18 cm<\/li>\n<li>M\u00e5tt p\u00e5 skrapv\u00e4gg: 21W x 37,5H cm<\/li>\n<li>M\u00e5tt p\u00e5 solstolsdyna: 48L x 40W x 2H cm<\/li>\n<\/ul>\n<h3>Leveransens omfattning:<\/h3>\n<ul>\n<li>1 x skrapstolpe<\/li>\n<li>1 x manuell<\/li>\n<\/ul>\n","protected":false},"excerpt":{"rendered":"<p>Katter \u00e4lskar att lata sig n\u00e5gonstans h\u00f6gt upp och observera sin omgivning med en s\u00f6mnig blick. Detta moderna katttr\u00e4d har&#8230;<\/p>\n","protected":false},"featured_media":41582,"template":"","meta":[],"product_brand":[],"product_cat":[573,588,589],"product_tag":[],"class_list":{"0":"post-41581","1":"product","2":"type-product","3":"status-publish","4":"has-post-thumbnail","6":"product_cat-husdjursmaterial","7":"product_cat-katttillbehor","8":"product_cat-skrapande-inlagg","10":"first","11":"instock","12":"sale","13":"taxable","14":"shipping-taxable","15":"purchasable","16":"product-type-simple"},"yoast_head":"<!-- This site is optimized with the Yoast SEO plugin v25.4 - https:\/\/yoast.com\/wordpress\/plugins\/seo\/ -->\n<title>TRUUSK Skrapstolpe med Industridesign - 3 Plattformar - 2 Kuddar - Skrapv\u00e4gg - St\u00e5lram - Svart - 85 x 48 x 170 cm - TRUUSK - Hem, Tr\u00e4dg\u00e5rd &amp; Fritid<\/title>\n<meta name=\"robots\" content=\"index, follow, max-snippet:-1, max-image-preview:large, max-video-preview:-1\" \/>\n<link rel=\"canonical\" href=\"https:\/\/truusk.store\/sv\/produkt\/truusk-skrapstolpe-med-industridesign-3-plattformar-2-kuddar-skrapvagg-stalram-svart-85-x-48-x-170-cm\/\" \/>\n<meta property=\"og:locale\" content=\"sv_SE\" \/>\n<meta property=\"og:type\" content=\"article\" \/>\n<meta property=\"og:title\" content=\"TRUUSK Skrapstolpe med Industridesign - 3 Plattformar - 2 Kuddar - Skrapv\u00e4gg - St\u00e5lram - Svart - 85 x 48 x 170 cm - TRUUSK - Hem, Tr\u00e4dg\u00e5rd &amp; Fritid\" \/>\n<meta property=\"og:description\" content=\"Katter \u00e4lskar att lata sig n\u00e5gonstans h\u00f6gt upp och observera sin omgivning med en s\u00f6mnig blick. Detta moderna katttr\u00e4d har...\" \/>\n<meta property=\"og:url\" content=\"https:\/\/truusk.store\/sv\/produkt\/truusk-skrapstolpe-med-industridesign-3-plattformar-2-kuddar-skrapvagg-stalram-svart-85-x-48-x-170-cm\/\" \/>\n<meta property=\"og:site_name\" content=\"TRUUSK - Hem, Tr\u00e4dg\u00e5rd &amp; Fritid\" \/>\n<meta property=\"article:modified_time\" content=\"2026-03-12T08:17:22+00:00\" \/>\n<meta property=\"og:image\" content=\"https:\/\/i0.wp.com\/truusk.se\/wp-content\/uploads\/2024\/02\/skrapstolpe-industridesign-3-plattformar-2-kuddar-skrapvagg-stalram-svart-85-x-48-x-170-cm.webp?fit=800%2C800&ssl=1\" \/>\n\t<meta property=\"og:image:width\" content=\"800\" \/>\n\t<meta property=\"og:image:height\" content=\"800\" \/>\n\t<meta property=\"og:image:type\" content=\"image\/webp\" \/>\n<meta name=\"twitter:card\" content=\"summary_large_image\" \/>\n<meta name=\"twitter:label1\" content=\"Ber\u00e4knad l\u00e4stid\" \/>\n\t<meta name=\"twitter:data1\" content=\"1 minut\" \/>\n<!-- \/ Yoast SEO plugin. -->","yoast_head_json":{"title":"TRUUSK Skrapstolpe med Industridesign - 3 Plattformar - 2 Kuddar - Skrapv\u00e4gg - St\u00e5lram - Svart - 85 x 48 x 170 cm - TRUUSK - Hem, Tr\u00e4dg\u00e5rd &amp; Fritid","robots":{"index":"index","follow":"follow","max-snippet":"max-snippet:-1","max-image-preview":"max-image-preview:large","max-video-preview":"max-video-preview:-1"},"canonical":"https:\/\/truusk.store\/sv\/produkt\/truusk-skrapstolpe-med-industridesign-3-plattformar-2-kuddar-skrapvagg-stalram-svart-85-x-48-x-170-cm\/","og_locale":"sv_SE","og_type":"article","og_title":"TRUUSK Skrapstolpe med Industridesign - 3 Plattformar - 2 Kuddar - Skrapv\u00e4gg - St\u00e5lram - Svart - 85 x 48 x 170 cm - TRUUSK - Hem, Tr\u00e4dg\u00e5rd &amp; Fritid","og_description":"Katter \u00e4lskar att lata sig n\u00e5gonstans h\u00f6gt upp och observera sin omgivning med en s\u00f6mnig blick. Detta moderna katttr\u00e4d har...","og_url":"https:\/\/truusk.store\/sv\/produkt\/truusk-skrapstolpe-med-industridesign-3-plattformar-2-kuddar-skrapvagg-stalram-svart-85-x-48-x-170-cm\/","og_site_name":"TRUUSK - Hem, Tr\u00e4dg\u00e5rd &amp; Fritid","article_modified_time":"2026-03-12T08:17:22+00:00","og_image":[{"width":800,"height":800,"url":"https:\/\/i0.wp.com\/truusk.se\/wp-content\/uploads\/2024\/02\/skrapstolpe-industridesign-3-plattformar-2-kuddar-skrapvagg-stalram-svart-85-x-48-x-170-cm.webp?fit=800%2C800&ssl=1","type":"image\/webp"}],"twitter_card":"summary_large_image","twitter_misc":{"Ber\u00e4knad l\u00e4stid":"1 minut"},"schema":{"@context":"https:\/\/schema.org","@graph":[{"@type":"WebPage","@id":"https:\/\/truusk.store\/sv\/produkt\/truusk-skrapstolpe-med-industridesign-3-plattformar-2-kuddar-skrapvagg-stalram-svart-85-x-48-x-170-cm\/","url":"https:\/\/truusk.store\/sv\/produkt\/truusk-skrapstolpe-med-industridesign-3-plattformar-2-kuddar-skrapvagg-stalram-svart-85-x-48-x-170-cm\/","name":"TRUUSK Skrapstolpe med Industridesign - 3 Plattformar - 2 Kuddar - Skrapv\u00e4gg - St\u00e5lram - Svart - 85 x 48 x 170 cm - TRUUSK - Hem, Tr\u00e4dg\u00e5rd &amp; Fritid","isPartOf":{"@id":"https:\/\/truusk.store\/sv\/#website"},"primaryImageOfPage":{"@id":"https:\/\/truusk.store\/sv\/produkt\/truusk-skrapstolpe-med-industridesign-3-plattformar-2-kuddar-skrapvagg-stalram-svart-85-x-48-x-170-cm\/#primaryimage"},"image":{"@id":"https:\/\/truusk.store\/sv\/produkt\/truusk-skrapstolpe-med-industridesign-3-plattformar-2-kuddar-skrapvagg-stalram-svart-85-x-48-x-170-cm\/#primaryimage"},"thumbnailUrl":"https:\/\/i0.wp.com\/truusk.store\/wp-content\/uploads\/2024\/02\/skrapstolpe-industridesign-3-plattformar-2-kuddar-skrapvagg-stalram-svart-85-x-48-x-170-cm.webp?fit=800%2C800&ssl=1","datePublished":"2024-02-14T02:26:38+00:00","dateModified":"2026-03-12T08:17:22+00:00","breadcrumb":{"@id":"https:\/\/truusk.store\/sv\/produkt\/truusk-skrapstolpe-med-industridesign-3-plattformar-2-kuddar-skrapvagg-stalram-svart-85-x-48-x-170-cm\/#breadcrumb"},"inLanguage":"sv-SE","potentialAction":[{"@type":"ReadAction","target":["https:\/\/truusk.store\/sv\/produkt\/truusk-skrapstolpe-med-industridesign-3-plattformar-2-kuddar-skrapvagg-stalram-svart-85-x-48-x-170-cm\/"]}]},{"@type":"ImageObject","inLanguage":"sv-SE","@id":"https:\/\/truusk.store\/sv\/produkt\/truusk-skrapstolpe-med-industridesign-3-plattformar-2-kuddar-skrapvagg-stalram-svart-85-x-48-x-170-cm\/#primaryimage","url":"https:\/\/i0.wp.com\/truusk.store\/wp-content\/uploads\/2024\/02\/skrapstolpe-industridesign-3-plattformar-2-kuddar-skrapvagg-stalram-svart-85-x-48-x-170-cm.webp?fit=800%2C800&ssl=1","contentUrl":"https:\/\/i0.wp.com\/truusk.store\/wp-content\/uploads\/2024\/02\/skrapstolpe-industridesign-3-plattformar-2-kuddar-skrapvagg-stalram-svart-85-x-48-x-170-cm.webp?fit=800%2C800&ssl=1","width":800,"height":800,"caption":"Skrapstolpe, Industridesign, 3 Plattformar, 2 Kuddar, Skrapv\u00e4gg, St\u00e5lram, Svart, 85 X 48 X 170 Cm 1"},{"@type":"BreadcrumbList","@id":"https:\/\/truusk.store\/sv\/produkt\/truusk-skrapstolpe-med-industridesign-3-plattformar-2-kuddar-skrapvagg-stalram-svart-85-x-48-x-170-cm\/#breadcrumb","itemListElement":[{"@type":"ListItem","position":1,"name":"Home","item":"https:\/\/truusk.store\/sv\/"},{"@type":"ListItem","position":2,"name":"Shop","item":"https:\/\/truusk.store\/shop\/"},{"@type":"ListItem","position":3,"name":"TRUUSK Skrapstolpe med Industridesign &#8211; 3 Plattformar &#8211; 2 Kuddar &#8211; Skrapv\u00e4gg &#8211; St\u00e5lram &#8211; Svart &#8211; 85 x 48 x 170 cm"}]},{"@type":"WebSite","@id":"https:\/\/truusk.store\/sv\/#website","url":"https:\/\/truusk.store\/sv\/","name":"TRUUSK - Hem, Tr\u00e4dg\u00e5rd & Fritid","description":"","publisher":{"@id":"https:\/\/truusk.store\/sv\/#organization"},"potentialAction":[{"@type":"SearchAction","target":{"@type":"EntryPoint","urlTemplate":"https:\/\/truusk.store\/sv\/?s={search_term_string}"},"query-input":{"@type":"PropertyValueSpecification","valueRequired":true,"valueName":"search_term_string"}}],"inLanguage":"sv-SE"},{"@type":"Organization","@id":"https:\/\/truusk.store\/sv\/#organization","name":"TRUUSK - Hem, Tr\u00e4dg\u00e5rd & Fritid","url":"https:\/\/truusk.store\/sv\/","logo":{"@type":"ImageObject","inLanguage":"sv-SE","@id":"https:\/\/truusk.store\/sv\/#\/schema\/logo\/image\/","url":"https:\/\/i0.wp.com\/truusk.store\/wp-content\/uploads\/2026\/03\/cropped-TRUUSK.png?fit=2032%2C917&ssl=1","contentUrl":"https:\/\/i0.wp.com\/truusk.store\/wp-content\/uploads\/2026\/03\/cropped-TRUUSK.png?fit=2032%2C917&ssl=1","width":2032,"height":917,"caption":"TRUUSK - Hem, Tr\u00e4dg\u00e5rd & Fritid"},"image":{"@id":"https:\/\/truusk.store\/sv\/#\/schema\/logo\/image\/"}}]}},"jetpack_sharing_enabled":true,"_links":{"self":[{"href":"https:\/\/truusk.store\/sv\/wp-json\/wp\/v2\/product\/41581","targetHints":{"allow":["GET"]}}],"collection":[{"href":"https:\/\/truusk.store\/sv\/wp-json\/wp\/v2\/product"}],"about":[{"href":"https:\/\/truusk.store\/sv\/wp-json\/wp\/v2\/types\/product"}],"wp:featuredmedia":[{"embeddable":true,"href":"https:\/\/truusk.store\/sv\/wp-json\/wp\/v2\/media\/41582"}],"wp:attachment":[{"href":"https:\/\/truusk.store\/sv\/wp-json\/wp\/v2\/media?parent=41581"}],"wp:term":[{"taxonomy":"product_brand","embeddable":true,"href":"https:\/\/truusk.store\/sv\/wp-json\/wp\/v2\/product_brand?post=41581"},{"taxonomy":"product_cat","embeddable":true,"href":"https:\/\/truusk.store\/sv\/wp-json\/wp\/v2\/product_cat?post=41581"},{"taxonomy":"product_tag","embeddable":true,"href":"https:\/\/truusk.store\/sv\/wp-json\/wp\/v2\/product_tag?post=41581"}],"curies":[{"name":"wp","href":"https:\/\/api.w.org\/{rel}","templated":true}]}}