{"id":41592,"date":"2024-02-14T03:26:59","date_gmt":"2024-02-14T02:26:59","guid":{"rendered":"https:\/\/truusk.store\/product\/hundbur-med-2-dorrar-hundlada-lasbar-stalnat-80-cm-x-50-cm-x-565-cm-vit-silver\/"},"modified":"2026-03-12T09:17:22","modified_gmt":"2026-03-12T08:17:22","slug":"truusk-hundbur-med-2-dorrar-lasbar-stalnat-80-cm-x-50-cm-x-565-cm-vit-silver","status":"publish","type":"product","link":"https:\/\/truusk.store\/sv\/produkt\/truusk-hundbur-med-2-dorrar-lasbar-stalnat-80-cm-x-50-cm-x-565-cm-vit-silver\/","title":{"rendered":"TRUUSK Hundbur med 2 d\u00f6rrar &#8211; L\u00e5sbar &#8211; St\u00e5ln\u00e4t &#8211; 80 cm x 50 cm x 56,5 cm &#8211; Vit + Silver"},"content":{"rendered":"<p>Denna moderna hundbox erbjuder din hund ett skyddat och s\u00e4kert tillflyktsort. Tillverkat av st\u00e5l och MDF, \u00e4r detta hundhus l\u00e4mpligt f\u00f6r medelstora hundar. Ytterd\u00f6rren och sidod\u00f6rren \u00e4r l\u00e5sbara och kan anv\u00e4ndas f\u00f6r korttidsboende. Den moderna designen g\u00e5r bra med olika inredningsstilar.<\/p>\n<h3>Beskrivning:<\/h3>\n<ul>\n<li>Ett skyddat och s\u00e4kert tillflyktsort f\u00f6r din hund<\/li>\n<li>Tv\u00e5 l\u00e5sbara d\u00f6rrar f\u00f6r att h\u00e5lla dina hundar s\u00e4kra inne<\/li>\n<li>Bra ventilation och observation genom st\u00e5lgaller<\/li>\n<li>Den \u00f6vre luckan \u00e4r l\u00e4tt att reng\u00f6ra och st\u00e4ngs f\u00f6rsiktigt<\/li>\n<li>Tillverkad av st\u00e5l och MDF, ger mer stabilitet<\/li>\n<li>L\u00e4mplig f\u00f6r medelstora hundar upp till 20 kg, rekommenderas att hunden ska vara mindre \u00e4n 50 cm l\u00e5ng<\/li>\n<li>Montering kr\u00e4vs<\/li>\n<li>Obs: Med st\u00e4ngda d\u00f6rrar \u00e4r denna hundbur endast l\u00e4mplig f\u00f6r korttidsboende eller f\u00f6r att transportera din hund. Hundar ska aldrig h\u00e5llas i en st\u00e4ngd bur under en l\u00e4ngre tid.<\/li>\n<\/ul>\n<h3>Teknisk data:<\/h3>\n<ul>\n<li>F\u00e4rg vit<\/li>\n<li>Material: st\u00e5l, MDF<\/li>\n<li>\u00d6vergripande m\u00e5tt: 80W x 50D x 56,5H cm<\/li>\n<li>Innerm\u00e5tt p\u00e5 buren: 77W x 47D x 53H cm<\/li>\n<li>M\u00e5tt sidod\u00f6rr: 37,5W x 43H cm<\/li>\n<li>\u00d6vre d\u00f6rrm\u00e5tt: 40L x 50W cm<\/li>\n<li>St\u00e5lr\u00f6rsavst\u00e5nd: 4,5 cm (\u00f6verd\u00f6rr), 5 cm (fram), 4,8 cm (h\u00f6ger sida), 4,7 cm (sidod\u00f6rr)<\/li>\n<li>Viktkapacitet: 30 kg (inuti), 15 kg (\u00f6verst)<\/li>\n<\/ul>\n<h3>Leveransens omfattning:<\/h3>\n<ul>\n<li>1 hundbur<\/li>\n<li>1 manual<\/li>\n<\/ul>\n","protected":false},"excerpt":{"rendered":"<p>Denna moderna hundbox erbjuder din hund ett skyddat och s\u00e4kert tillflyktsort. Tillverkat av st\u00e5l och MDF, \u00e4r detta hundhus l\u00e4mpligt&#8230;<\/p>\n","protected":false},"featured_media":41593,"template":"","meta":[],"product_brand":[],"product_cat":[583,574,573],"product_tag":[],"class_list":{"0":"post-41592","1":"product","2":"type-product","3":"status-publish","4":"has-post-thumbnail","6":"product_cat-hundburar","7":"product_cat-hundtillbehor","8":"product_cat-husdjursmaterial","10":"first","11":"instock","12":"sale","13":"taxable","14":"shipping-taxable","15":"purchasable","16":"product-type-simple"},"yoast_head":"<!-- This site is optimized with the Yoast SEO plugin v25.4 - https:\/\/yoast.com\/wordpress\/plugins\/seo\/ -->\n<title>TRUUSK Hundbur med 2 d\u00f6rrar - L\u00e5sbar - St\u00e5ln\u00e4t - 80 cm x 50 cm x 56,5 cm - Vit + Silver - TRUUSK - Hem, Tr\u00e4dg\u00e5rd &amp; Fritid<\/title>\n<meta name=\"robots\" content=\"index, follow, max-snippet:-1, max-image-preview:large, max-video-preview:-1\" \/>\n<link rel=\"canonical\" href=\"https:\/\/truusk.store\/sv\/produkt\/truusk-hundbur-med-2-dorrar-lasbar-stalnat-80-cm-x-50-cm-x-565-cm-vit-silver\/\" \/>\n<meta property=\"og:locale\" content=\"sv_SE\" \/>\n<meta property=\"og:type\" content=\"article\" \/>\n<meta property=\"og:title\" content=\"TRUUSK Hundbur med 2 d\u00f6rrar - L\u00e5sbar - St\u00e5ln\u00e4t - 80 cm x 50 cm x 56,5 cm - Vit + Silver - TRUUSK - Hem, Tr\u00e4dg\u00e5rd &amp; Fritid\" \/>\n<meta property=\"og:description\" content=\"Denna moderna hundbox erbjuder din hund ett skyddat och s\u00e4kert tillflyktsort. Tillverkat av st\u00e5l och MDF, \u00e4r detta hundhus l\u00e4mpligt...\" \/>\n<meta property=\"og:url\" content=\"https:\/\/truusk.store\/sv\/produkt\/truusk-hundbur-med-2-dorrar-lasbar-stalnat-80-cm-x-50-cm-x-565-cm-vit-silver\/\" \/>\n<meta property=\"og:site_name\" content=\"TRUUSK - Hem, Tr\u00e4dg\u00e5rd &amp; Fritid\" \/>\n<meta property=\"article:modified_time\" content=\"2026-03-12T08:17:22+00:00\" \/>\n<meta property=\"og:image\" content=\"https:\/\/i0.wp.com\/truusk.se\/wp-content\/uploads\/2024\/02\/hundbur-med-2-dorrar-hundlada-lasbar-stalnat-80-cm-x-50-cm-x-565-cm-vit-silver.webp?fit=800%2C800&ssl=1\" \/>\n\t<meta property=\"og:image:width\" content=\"800\" \/>\n\t<meta property=\"og:image:height\" content=\"800\" \/>\n\t<meta property=\"og:image:type\" content=\"image\/webp\" \/>\n<meta name=\"twitter:card\" content=\"summary_large_image\" \/>\n<meta name=\"twitter:label1\" content=\"Ber\u00e4knad l\u00e4stid\" \/>\n\t<meta name=\"twitter:data1\" content=\"1 minut\" \/>\n<!-- \/ Yoast SEO plugin. -->","yoast_head_json":{"title":"TRUUSK Hundbur med 2 d\u00f6rrar - L\u00e5sbar - St\u00e5ln\u00e4t - 80 cm x 50 cm x 56,5 cm - Vit + Silver - TRUUSK - Hem, Tr\u00e4dg\u00e5rd &amp; Fritid","robots":{"index":"index","follow":"follow","max-snippet":"max-snippet:-1","max-image-preview":"max-image-preview:large","max-video-preview":"max-video-preview:-1"},"canonical":"https:\/\/truusk.store\/sv\/produkt\/truusk-hundbur-med-2-dorrar-lasbar-stalnat-80-cm-x-50-cm-x-565-cm-vit-silver\/","og_locale":"sv_SE","og_type":"article","og_title":"TRUUSK Hundbur med 2 d\u00f6rrar - L\u00e5sbar - St\u00e5ln\u00e4t - 80 cm x 50 cm x 56,5 cm - Vit + Silver - TRUUSK - Hem, Tr\u00e4dg\u00e5rd &amp; Fritid","og_description":"Denna moderna hundbox erbjuder din hund ett skyddat och s\u00e4kert tillflyktsort. Tillverkat av st\u00e5l och MDF, \u00e4r detta hundhus l\u00e4mpligt...","og_url":"https:\/\/truusk.store\/sv\/produkt\/truusk-hundbur-med-2-dorrar-lasbar-stalnat-80-cm-x-50-cm-x-565-cm-vit-silver\/","og_site_name":"TRUUSK - Hem, Tr\u00e4dg\u00e5rd &amp; Fritid","article_modified_time":"2026-03-12T08:17:22+00:00","og_image":[{"width":800,"height":800,"url":"https:\/\/i0.wp.com\/truusk.se\/wp-content\/uploads\/2024\/02\/hundbur-med-2-dorrar-hundlada-lasbar-stalnat-80-cm-x-50-cm-x-565-cm-vit-silver.webp?fit=800%2C800&ssl=1","type":"image\/webp"}],"twitter_card":"summary_large_image","twitter_misc":{"Ber\u00e4knad l\u00e4stid":"1 minut"},"schema":{"@context":"https:\/\/schema.org","@graph":[{"@type":"WebPage","@id":"https:\/\/truusk.store\/sv\/produkt\/truusk-hundbur-med-2-dorrar-lasbar-stalnat-80-cm-x-50-cm-x-565-cm-vit-silver\/","url":"https:\/\/truusk.store\/sv\/produkt\/truusk-hundbur-med-2-dorrar-lasbar-stalnat-80-cm-x-50-cm-x-565-cm-vit-silver\/","name":"TRUUSK Hundbur med 2 d\u00f6rrar - L\u00e5sbar - St\u00e5ln\u00e4t - 80 cm x 50 cm x 56,5 cm - Vit + Silver - TRUUSK - Hem, Tr\u00e4dg\u00e5rd &amp; Fritid","isPartOf":{"@id":"https:\/\/truusk.store\/sv\/#website"},"primaryImageOfPage":{"@id":"https:\/\/truusk.store\/sv\/produkt\/truusk-hundbur-med-2-dorrar-lasbar-stalnat-80-cm-x-50-cm-x-565-cm-vit-silver\/#primaryimage"},"image":{"@id":"https:\/\/truusk.store\/sv\/produkt\/truusk-hundbur-med-2-dorrar-lasbar-stalnat-80-cm-x-50-cm-x-565-cm-vit-silver\/#primaryimage"},"thumbnailUrl":"https:\/\/i0.wp.com\/truusk.store\/wp-content\/uploads\/2024\/02\/hundbur-med-2-dorrar-hundlada-lasbar-stalnat-80-cm-x-50-cm-x-565-cm-vit-silver.webp?fit=800%2C800&ssl=1","datePublished":"2024-02-14T02:26:59+00:00","dateModified":"2026-03-12T08:17:22+00:00","breadcrumb":{"@id":"https:\/\/truusk.store\/sv\/produkt\/truusk-hundbur-med-2-dorrar-lasbar-stalnat-80-cm-x-50-cm-x-565-cm-vit-silver\/#breadcrumb"},"inLanguage":"sv-SE","potentialAction":[{"@type":"ReadAction","target":["https:\/\/truusk.store\/sv\/produkt\/truusk-hundbur-med-2-dorrar-lasbar-stalnat-80-cm-x-50-cm-x-565-cm-vit-silver\/"]}]},{"@type":"ImageObject","inLanguage":"sv-SE","@id":"https:\/\/truusk.store\/sv\/produkt\/truusk-hundbur-med-2-dorrar-lasbar-stalnat-80-cm-x-50-cm-x-565-cm-vit-silver\/#primaryimage","url":"https:\/\/i0.wp.com\/truusk.store\/wp-content\/uploads\/2024\/02\/hundbur-med-2-dorrar-hundlada-lasbar-stalnat-80-cm-x-50-cm-x-565-cm-vit-silver.webp?fit=800%2C800&ssl=1","contentUrl":"https:\/\/i0.wp.com\/truusk.store\/wp-content\/uploads\/2024\/02\/hundbur-med-2-dorrar-hundlada-lasbar-stalnat-80-cm-x-50-cm-x-565-cm-vit-silver.webp?fit=800%2C800&ssl=1","width":800,"height":800,"caption":"Hundbur Med 2 D\u00f6rrar, Hundl\u00e5da, L\u00e5sbar, St\u00e5ln\u00e4t, 80 Cm X 50 Cm X 56,5 Cm, Vit + Silver 1"},{"@type":"BreadcrumbList","@id":"https:\/\/truusk.store\/sv\/produkt\/truusk-hundbur-med-2-dorrar-lasbar-stalnat-80-cm-x-50-cm-x-565-cm-vit-silver\/#breadcrumb","itemListElement":[{"@type":"ListItem","position":1,"name":"Home","item":"https:\/\/truusk.store\/sv\/"},{"@type":"ListItem","position":2,"name":"Shop","item":"https:\/\/truusk.store\/shop\/"},{"@type":"ListItem","position":3,"name":"TRUUSK Hundbur med 2 d\u00f6rrar &#8211; L\u00e5sbar &#8211; St\u00e5ln\u00e4t &#8211; 80 cm x 50 cm x 56,5 cm &#8211; Vit + Silver"}]},{"@type":"WebSite","@id":"https:\/\/truusk.store\/sv\/#website","url":"https:\/\/truusk.store\/sv\/","name":"TRUUSK - Hem, Tr\u00e4dg\u00e5rd & Fritid","description":"","publisher":{"@id":"https:\/\/truusk.store\/sv\/#organization"},"potentialAction":[{"@type":"SearchAction","target":{"@type":"EntryPoint","urlTemplate":"https:\/\/truusk.store\/sv\/?s={search_term_string}"},"query-input":{"@type":"PropertyValueSpecification","valueRequired":true,"valueName":"search_term_string"}}],"inLanguage":"sv-SE"},{"@type":"Organization","@id":"https:\/\/truusk.store\/sv\/#organization","name":"TRUUSK - Hem, Tr\u00e4dg\u00e5rd & Fritid","url":"https:\/\/truusk.store\/sv\/","logo":{"@type":"ImageObject","inLanguage":"sv-SE","@id":"https:\/\/truusk.store\/sv\/#\/schema\/logo\/image\/","url":"https:\/\/i0.wp.com\/truusk.store\/wp-content\/uploads\/2026\/03\/cropped-TRUUSK.png?fit=2032%2C917&ssl=1","contentUrl":"https:\/\/i0.wp.com\/truusk.store\/wp-content\/uploads\/2026\/03\/cropped-TRUUSK.png?fit=2032%2C917&ssl=1","width":2032,"height":917,"caption":"TRUUSK - Hem, Tr\u00e4dg\u00e5rd & Fritid"},"image":{"@id":"https:\/\/truusk.store\/sv\/#\/schema\/logo\/image\/"}}]}},"jetpack_sharing_enabled":true,"_links":{"self":[{"href":"https:\/\/truusk.store\/sv\/wp-json\/wp\/v2\/product\/41592","targetHints":{"allow":["GET"]}}],"collection":[{"href":"https:\/\/truusk.store\/sv\/wp-json\/wp\/v2\/product"}],"about":[{"href":"https:\/\/truusk.store\/sv\/wp-json\/wp\/v2\/types\/product"}],"wp:featuredmedia":[{"embeddable":true,"href":"https:\/\/truusk.store\/sv\/wp-json\/wp\/v2\/media\/41593"}],"wp:attachment":[{"href":"https:\/\/truusk.store\/sv\/wp-json\/wp\/v2\/media?parent=41592"}],"wp:term":[{"taxonomy":"product_brand","embeddable":true,"href":"https:\/\/truusk.store\/sv\/wp-json\/wp\/v2\/product_brand?post=41592"},{"taxonomy":"product_cat","embeddable":true,"href":"https:\/\/truusk.store\/sv\/wp-json\/wp\/v2\/product_cat?post=41592"},{"taxonomy":"product_tag","embeddable":true,"href":"https:\/\/truusk.store\/sv\/wp-json\/wp\/v2\/product_tag?post=41592"}],"curies":[{"name":"wp","href":"https:\/\/api.w.org\/{rel}","templated":true}]}}