{"id":41602,"date":"2024-02-14T03:27:19","date_gmt":"2024-02-14T02:27:19","guid":{"rendered":"https:\/\/truusk.store\/product\/skraptunna-med-2-kattgrottor-1-liggyta-sisal-skrapmatta-plysch-gra-naturlig\/"},"modified":"2026-03-12T09:17:22","modified_gmt":"2026-03-12T08:17:22","slug":"truusk-kattskratchtunnel-med-2-grottor-plysch-liggyta-sisalmatta-gra-naturlig","status":"publish","type":"product","link":"https:\/\/truusk.store\/sv\/produkt\/truusk-kattskratchtunnel-med-2-grottor-plysch-liggyta-sisalmatta-gra-naturlig\/","title":{"rendered":"TRUUSK Kattskratchtunnel med 2 Grottor &#8211; Plysch Liggyta &#8211; Sisalmatta &#8211; Gr\u00e5 + Naturlig"},"content":{"rendered":"<p>Denna skrapa f\u00f6r katter kommer att bli dina katters nya favoritst\u00e4lle. Det \u00e4r den perfekta platsen att koppla av, sova och g\u00f6mma sig. Tv\u00e5 kattgrottor till\u00e5ter katter att krypa ihop och g\u00f6mma sig. Det \u00f6vre liggande omr\u00e5det erbjuder dina katter en fantastisk plats att observera sin omgivning. Skrapmattan \u00e4r tillr\u00e4ckligt h\u00f6g f\u00f6r att katter ska kunna klia och str\u00e4cka sig. Neutrala f\u00e4rger passar bra till olika heminredningar.<\/p>\n<h3>Beskrivning:<\/h3>\n<ul>\n<li>Tv\u00e5 kattgrottor och en liggplats<\/li>\n<li>Sisalskrapmattan m\u00f6ter katters behov av att repa och str\u00e4cka sig, vilket f\u00f6rhindrar att de skadar m\u00f6bler<\/li>\n<li>T\u00e4ckt med mjuk, kort plysch f\u00f6r mer komfort<\/li>\n<li>Neutrala f\u00e4rger passar bra med alla heminredningar<\/li>\n<li>L\u00e4mplig f\u00f6r stora katter under 6 kg<\/li>\n<li>Montering kr\u00e4vs<\/li>\n<\/ul>\n<h3>Teknisk data:<\/h3>\n<ul>\n<li>F\u00e4rg: M\u00f6rkgr\u00e5<\/li>\n<li>Material: sp\u00e5nskiva, kort plysch, sisal<\/li>\n<li>Totala m\u00e5tt: 45L x 45W x 81H cm<\/li>\n<li>Innerm\u00e5tt: 42L x 42W x 33H cm (varje lager)<\/li>\n<li>D\u00f6rrstorlek: 22W x 26H cm (\u00f6verst). 22W x 29H cm (botten)<\/li>\n<li>Toppsektionens m\u00e5tt: 42L x 42W x 5H cm. \u00d6ppningsstorlek: 17 cm<\/li>\n<li>Storlek p\u00e5 skrapmattan: 37W x 68,5H cm<\/li>\n<\/ul>\n<h3>Leveransens omfattning:<\/h3>\n<ul>\n<li>1 x Cat Tower<\/li>\n<li>1 x manuell<\/li>\n<\/ul>\n","protected":false},"excerpt":{"rendered":"<p>Denna skrapa f\u00f6r katter kommer att bli dina katters nya favoritst\u00e4lle. Det \u00e4r den perfekta platsen att koppla av, sova&#8230;<\/p>\n","protected":false},"featured_media":41603,"template":"","meta":[],"product_brand":[],"product_cat":[573,588,589],"product_tag":[],"class_list":{"0":"post-41602","1":"product","2":"type-product","3":"status-publish","4":"has-post-thumbnail","6":"product_cat-husdjursmaterial","7":"product_cat-katttillbehor","8":"product_cat-skrapande-inlagg","10":"first","11":"instock","12":"sale","13":"taxable","14":"shipping-taxable","15":"purchasable","16":"product-type-simple"},"yoast_head":"<!-- This site is optimized with the Yoast SEO plugin v25.4 - https:\/\/yoast.com\/wordpress\/plugins\/seo\/ -->\n<title>TRUUSK Kattskratchtunnel med 2 Grottor - Plysch Liggyta - Sisalmatta - Gr\u00e5 + Naturlig - TRUUSK - Hem, Tr\u00e4dg\u00e5rd &amp; Fritid<\/title>\n<meta name=\"robots\" content=\"index, follow, max-snippet:-1, max-image-preview:large, max-video-preview:-1\" \/>\n<link rel=\"canonical\" href=\"https:\/\/truusk.store\/sv\/produkt\/truusk-kattskratchtunnel-med-2-grottor-plysch-liggyta-sisalmatta-gra-naturlig\/\" \/>\n<meta property=\"og:locale\" content=\"sv_SE\" \/>\n<meta property=\"og:type\" content=\"article\" \/>\n<meta property=\"og:title\" content=\"TRUUSK Kattskratchtunnel med 2 Grottor - Plysch Liggyta - Sisalmatta - Gr\u00e5 + Naturlig - TRUUSK - Hem, Tr\u00e4dg\u00e5rd &amp; Fritid\" \/>\n<meta property=\"og:description\" content=\"Denna skrapa f\u00f6r katter kommer att bli dina katters nya favoritst\u00e4lle. Det \u00e4r den perfekta platsen att koppla av, sova...\" \/>\n<meta property=\"og:url\" content=\"https:\/\/truusk.store\/sv\/produkt\/truusk-kattskratchtunnel-med-2-grottor-plysch-liggyta-sisalmatta-gra-naturlig\/\" \/>\n<meta property=\"og:site_name\" content=\"TRUUSK - Hem, Tr\u00e4dg\u00e5rd &amp; Fritid\" \/>\n<meta property=\"article:modified_time\" content=\"2026-03-12T08:17:22+00:00\" \/>\n<meta property=\"og:image\" content=\"https:\/\/i0.wp.com\/truusk.se\/wp-content\/uploads\/2024\/02\/skraptunna-med-2-kattgrottor-1-liggyta-sisal-skrapmatta-plysch-gra-naturlig.webp?fit=800%2C800&ssl=1\" \/>\n\t<meta property=\"og:image:width\" content=\"800\" \/>\n\t<meta property=\"og:image:height\" content=\"800\" \/>\n\t<meta property=\"og:image:type\" content=\"image\/webp\" \/>\n<meta name=\"twitter:card\" content=\"summary_large_image\" \/>\n<meta name=\"twitter:label1\" content=\"Ber\u00e4knad l\u00e4stid\" \/>\n\t<meta name=\"twitter:data1\" content=\"1 minut\" \/>\n<!-- \/ Yoast SEO plugin. -->","yoast_head_json":{"title":"TRUUSK Kattskratchtunnel med 2 Grottor - Plysch Liggyta - Sisalmatta - Gr\u00e5 + Naturlig - TRUUSK - Hem, Tr\u00e4dg\u00e5rd &amp; Fritid","robots":{"index":"index","follow":"follow","max-snippet":"max-snippet:-1","max-image-preview":"max-image-preview:large","max-video-preview":"max-video-preview:-1"},"canonical":"https:\/\/truusk.store\/sv\/produkt\/truusk-kattskratchtunnel-med-2-grottor-plysch-liggyta-sisalmatta-gra-naturlig\/","og_locale":"sv_SE","og_type":"article","og_title":"TRUUSK Kattskratchtunnel med 2 Grottor - Plysch Liggyta - Sisalmatta - Gr\u00e5 + Naturlig - TRUUSK - Hem, Tr\u00e4dg\u00e5rd &amp; Fritid","og_description":"Denna skrapa f\u00f6r katter kommer att bli dina katters nya favoritst\u00e4lle. Det \u00e4r den perfekta platsen att koppla av, sova...","og_url":"https:\/\/truusk.store\/sv\/produkt\/truusk-kattskratchtunnel-med-2-grottor-plysch-liggyta-sisalmatta-gra-naturlig\/","og_site_name":"TRUUSK - Hem, Tr\u00e4dg\u00e5rd &amp; Fritid","article_modified_time":"2026-03-12T08:17:22+00:00","og_image":[{"width":800,"height":800,"url":"https:\/\/i0.wp.com\/truusk.se\/wp-content\/uploads\/2024\/02\/skraptunna-med-2-kattgrottor-1-liggyta-sisal-skrapmatta-plysch-gra-naturlig.webp?fit=800%2C800&ssl=1","type":"image\/webp"}],"twitter_card":"summary_large_image","twitter_misc":{"Ber\u00e4knad l\u00e4stid":"1 minut"},"schema":{"@context":"https:\/\/schema.org","@graph":[{"@type":"WebPage","@id":"https:\/\/truusk.store\/sv\/produkt\/truusk-kattskratchtunnel-med-2-grottor-plysch-liggyta-sisalmatta-gra-naturlig\/","url":"https:\/\/truusk.store\/sv\/produkt\/truusk-kattskratchtunnel-med-2-grottor-plysch-liggyta-sisalmatta-gra-naturlig\/","name":"TRUUSK Kattskratchtunnel med 2 Grottor - Plysch Liggyta - Sisalmatta - Gr\u00e5 + Naturlig - TRUUSK - Hem, Tr\u00e4dg\u00e5rd &amp; Fritid","isPartOf":{"@id":"https:\/\/truusk.store\/sv\/#website"},"primaryImageOfPage":{"@id":"https:\/\/truusk.store\/sv\/produkt\/truusk-kattskratchtunnel-med-2-grottor-plysch-liggyta-sisalmatta-gra-naturlig\/#primaryimage"},"image":{"@id":"https:\/\/truusk.store\/sv\/produkt\/truusk-kattskratchtunnel-med-2-grottor-plysch-liggyta-sisalmatta-gra-naturlig\/#primaryimage"},"thumbnailUrl":"https:\/\/i0.wp.com\/truusk.store\/wp-content\/uploads\/2024\/02\/skraptunna-med-2-kattgrottor-1-liggyta-sisal-skrapmatta-plysch-gra-naturlig.webp?fit=800%2C800&ssl=1","datePublished":"2024-02-14T02:27:19+00:00","dateModified":"2026-03-12T08:17:22+00:00","breadcrumb":{"@id":"https:\/\/truusk.store\/sv\/produkt\/truusk-kattskratchtunnel-med-2-grottor-plysch-liggyta-sisalmatta-gra-naturlig\/#breadcrumb"},"inLanguage":"sv-SE","potentialAction":[{"@type":"ReadAction","target":["https:\/\/truusk.store\/sv\/produkt\/truusk-kattskratchtunnel-med-2-grottor-plysch-liggyta-sisalmatta-gra-naturlig\/"]}]},{"@type":"ImageObject","inLanguage":"sv-SE","@id":"https:\/\/truusk.store\/sv\/produkt\/truusk-kattskratchtunnel-med-2-grottor-plysch-liggyta-sisalmatta-gra-naturlig\/#primaryimage","url":"https:\/\/i0.wp.com\/truusk.store\/wp-content\/uploads\/2024\/02\/skraptunna-med-2-kattgrottor-1-liggyta-sisal-skrapmatta-plysch-gra-naturlig.webp?fit=800%2C800&ssl=1","contentUrl":"https:\/\/i0.wp.com\/truusk.store\/wp-content\/uploads\/2024\/02\/skraptunna-med-2-kattgrottor-1-liggyta-sisal-skrapmatta-plysch-gra-naturlig.webp?fit=800%2C800&ssl=1","width":800,"height":800,"caption":"Skraptunna Med 2 Kattgrottor, 1 Liggyta, Sisal Skrapmatta, Plysch, Gr\u00e5 + Naturlig 1"},{"@type":"BreadcrumbList","@id":"https:\/\/truusk.store\/sv\/produkt\/truusk-kattskratchtunnel-med-2-grottor-plysch-liggyta-sisalmatta-gra-naturlig\/#breadcrumb","itemListElement":[{"@type":"ListItem","position":1,"name":"Home","item":"https:\/\/truusk.store\/sv\/"},{"@type":"ListItem","position":2,"name":"Shop","item":"https:\/\/truusk.store\/shop\/"},{"@type":"ListItem","position":3,"name":"TRUUSK Kattskratchtunnel med 2 Grottor &#8211; Plysch Liggyta &#8211; Sisalmatta &#8211; Gr\u00e5 + Naturlig"}]},{"@type":"WebSite","@id":"https:\/\/truusk.store\/sv\/#website","url":"https:\/\/truusk.store\/sv\/","name":"TRUUSK - Hem, Tr\u00e4dg\u00e5rd & Fritid","description":"","publisher":{"@id":"https:\/\/truusk.store\/sv\/#organization"},"potentialAction":[{"@type":"SearchAction","target":{"@type":"EntryPoint","urlTemplate":"https:\/\/truusk.store\/sv\/?s={search_term_string}"},"query-input":{"@type":"PropertyValueSpecification","valueRequired":true,"valueName":"search_term_string"}}],"inLanguage":"sv-SE"},{"@type":"Organization","@id":"https:\/\/truusk.store\/sv\/#organization","name":"TRUUSK - Hem, Tr\u00e4dg\u00e5rd & Fritid","url":"https:\/\/truusk.store\/sv\/","logo":{"@type":"ImageObject","inLanguage":"sv-SE","@id":"https:\/\/truusk.store\/sv\/#\/schema\/logo\/image\/","url":"https:\/\/i0.wp.com\/truusk.store\/wp-content\/uploads\/2026\/03\/cropped-TRUUSK.png?fit=2032%2C917&ssl=1","contentUrl":"https:\/\/i0.wp.com\/truusk.store\/wp-content\/uploads\/2026\/03\/cropped-TRUUSK.png?fit=2032%2C917&ssl=1","width":2032,"height":917,"caption":"TRUUSK - Hem, Tr\u00e4dg\u00e5rd & Fritid"},"image":{"@id":"https:\/\/truusk.store\/sv\/#\/schema\/logo\/image\/"}}]}},"jetpack_sharing_enabled":true,"_links":{"self":[{"href":"https:\/\/truusk.store\/sv\/wp-json\/wp\/v2\/product\/41602","targetHints":{"allow":["GET"]}}],"collection":[{"href":"https:\/\/truusk.store\/sv\/wp-json\/wp\/v2\/product"}],"about":[{"href":"https:\/\/truusk.store\/sv\/wp-json\/wp\/v2\/types\/product"}],"wp:featuredmedia":[{"embeddable":true,"href":"https:\/\/truusk.store\/sv\/wp-json\/wp\/v2\/media\/41603"}],"wp:attachment":[{"href":"https:\/\/truusk.store\/sv\/wp-json\/wp\/v2\/media?parent=41602"}],"wp:term":[{"taxonomy":"product_brand","embeddable":true,"href":"https:\/\/truusk.store\/sv\/wp-json\/wp\/v2\/product_brand?post=41602"},{"taxonomy":"product_cat","embeddable":true,"href":"https:\/\/truusk.store\/sv\/wp-json\/wp\/v2\/product_cat?post=41602"},{"taxonomy":"product_tag","embeddable":true,"href":"https:\/\/truusk.store\/sv\/wp-json\/wp\/v2\/product_tag?post=41602"}],"curies":[{"name":"wp","href":"https:\/\/api.w.org\/{rel}","templated":true}]}}