{"id":41612,"date":"2024-02-14T03:27:40","date_gmt":"2024-02-14T02:27:40","guid":{"rendered":"https:\/\/truusk.store\/product\/katttoalett-katthus-med-avdelare-magnetisk-dubbeldorr-sidohylla-vit-86-x-48-x-52cm\/"},"modified":"2026-03-12T09:17:22","modified_gmt":"2026-03-12T08:17:22","slug":"truusk-katttoalett-med-avdelare-magnetisk-dubbeldorr-sidohylla-vit-86-x-48-x-52cm","status":"publish","type":"product","link":"https:\/\/truusk.store\/sv\/produkt\/truusk-katttoalett-med-avdelare-magnetisk-dubbeldorr-sidohylla-vit-86-x-48-x-52cm\/","title":{"rendered":"TRUUSK Katttoalett med Avdelare &#8211; Magnetisk Dubbeld\u00f6rr &#8211; Sidohylla &#8211; Vit &#8211; 86 x 48 x 52cm"},"content":{"rendered":"<p>Denna sofistikerade katttoaletten erbjuder dina katter den avskildhet de beh\u00f6ver och kan till och med anv\u00e4ndas som ett praktiskt sidobord. Det \u00f6vre f\u00f6rvaringsutrymmet, sidof\u00f6rvaringsfacken och den rymliga interi\u00f6ren erbjuder gott om plats f\u00f6r att f\u00f6rvara ett brett utbud av husdjurstillbeh\u00f6r och andra f\u00f6rem\u00e5l. Den inre skiljev\u00e4ggen kan flyttas eller tas bort helt. Din katt kommer uppenbarligen att k\u00e4nna sig bekv\u00e4m i den och vill inte vara utan den!<\/p>\n<h3>Beskrivning:<\/h3>\n<ul>\n<li>Kan anv\u00e4ndas som kattl\u00e5da eller katthus och sidobord<\/li>\n<li>Dubbeld\u00f6rrar med magnetiska sp\u00e4rrar ger enkel \u00e5tkomst f\u00f6r reng\u00f6ring och ger skydd mot hundar<\/li>\n<li>En justerbar inre avdelare skiljer toalettomr\u00e5det fr\u00e5n f\u00f6rvaringsfacket<\/li>\n<li>Robust, h\u00e5llbart MDF-hus<\/li>\n<li>Gott om plats f\u00f6r att f\u00f6rvara husdjurstillbeh\u00f6r, leksaker, en toalettsk\u00e5l och mycket mer.<\/li>\n<li>F\u00f6rhindrar att obehagliga lukter sprider sig<\/li>\n<li>En upph\u00f6jd l\u00e4pp runt den \u00f6versta hyllan f\u00f6rhindrar f\u00f6rem\u00e5l fr\u00e5n att falla bakom sk\u00e5pet n\u00e4r katten hoppar p\u00e5 det<\/li>\n<li>Montering kr\u00e4vs<\/li>\n<\/ul>\n<h3>Teknisk data:<\/h3>\n<ul>\n<li>F\u00e4rg vit<\/li>\n<li>Material: MDF<\/li>\n<li>\u00d6vergripande m\u00e5tt: 86W x 48D x 52H cm<\/li>\n<li>Sk\u00e5pets inredning: 68W x 43D x 41,5H cm<\/li>\n<li>M\u00e5tt per d\u00f6rr: 33,7W x 41,2H cm<\/li>\n<li>M\u00e5tt p\u00e5 sido\u00f6ppningen: 20W x 23,5H cm<\/li>\n<li>M\u00e5tt p\u00e5 bordsskivan: 67,5W x 46,5D cm<\/li>\n<li>Avst\u00e5nd mellan mellanv\u00e4gg och ytterv\u00e4gg: 46,5\/20 cm<\/li>\n<li>M\u00e5tt p\u00e5 varje sidof\u00f6rvaringsfack: 19,3L x 12,6W x 27,8H cm<\/li>\n<li>Markfrig\u00e5ng: 5,7 cm<\/li>\n<li>Lastkapacitet: 30 kg (interi\u00f6r), 30 kg (bordsskiva), 5 kg (sidohylla)<\/li>\n<\/ul>\n<h3>Leveransens omfattning:<\/h3>\n<ul>\n<li>1 x kattl\u00e5da<\/li>\n<li>1 x Instruktioner<\/li>\n<\/ul>\n","protected":false},"excerpt":{"rendered":"<p>Denna sofistikerade katttoaletten erbjuder dina katter den avskildhet de beh\u00f6ver och kan till och med anv\u00e4ndas som ett praktiskt sidobord&#8230;.<\/p>\n","protected":false},"featured_media":41613,"template":"","meta":[],"product_brand":[],"product_cat":[573,593,588],"product_tag":[],"class_list":{"0":"post-41612","1":"product","2":"type-product","3":"status-publish","4":"has-post-thumbnail","6":"product_cat-husdjursmaterial","7":"product_cat-kattskap","8":"product_cat-katttillbehor","10":"first","11":"instock","12":"sale","13":"taxable","14":"shipping-taxable","15":"purchasable","16":"product-type-simple"},"yoast_head":"<!-- This site is optimized with the Yoast SEO plugin v25.4 - https:\/\/yoast.com\/wordpress\/plugins\/seo\/ -->\n<title>TRUUSK Katttoalett med Avdelare - Magnetisk Dubbeld\u00f6rr - Sidohylla - Vit - 86 x 48 x 52cm - TRUUSK - Hem, Tr\u00e4dg\u00e5rd &amp; Fritid<\/title>\n<meta name=\"robots\" content=\"index, follow, max-snippet:-1, max-image-preview:large, max-video-preview:-1\" \/>\n<link rel=\"canonical\" href=\"https:\/\/truusk.store\/sv\/produkt\/truusk-katttoalett-med-avdelare-magnetisk-dubbeldorr-sidohylla-vit-86-x-48-x-52cm\/\" \/>\n<meta property=\"og:locale\" content=\"sv_SE\" \/>\n<meta property=\"og:type\" content=\"article\" \/>\n<meta property=\"og:title\" content=\"TRUUSK Katttoalett med Avdelare - Magnetisk Dubbeld\u00f6rr - Sidohylla - Vit - 86 x 48 x 52cm - TRUUSK - Hem, Tr\u00e4dg\u00e5rd &amp; Fritid\" \/>\n<meta property=\"og:description\" content=\"Denna sofistikerade katttoaletten erbjuder dina katter den avskildhet de beh\u00f6ver och kan till och med anv\u00e4ndas som ett praktiskt sidobord....\" \/>\n<meta property=\"og:url\" content=\"https:\/\/truusk.store\/sv\/produkt\/truusk-katttoalett-med-avdelare-magnetisk-dubbeldorr-sidohylla-vit-86-x-48-x-52cm\/\" \/>\n<meta property=\"og:site_name\" content=\"TRUUSK - Hem, Tr\u00e4dg\u00e5rd &amp; Fritid\" \/>\n<meta property=\"article:modified_time\" content=\"2026-03-12T08:17:22+00:00\" \/>\n<meta property=\"og:image\" content=\"https:\/\/i0.wp.com\/truusk.se\/wp-content\/uploads\/2024\/02\/katttoalett-katthus-med-avdelare-magnetisk-dubbeldorr-sidohylla-vit-86-x-48-x-52cm.webp?fit=800%2C800&ssl=1\" \/>\n\t<meta property=\"og:image:width\" content=\"800\" \/>\n\t<meta property=\"og:image:height\" content=\"800\" \/>\n\t<meta property=\"og:image:type\" content=\"image\/webp\" \/>\n<meta name=\"twitter:card\" content=\"summary_large_image\" \/>\n<meta name=\"twitter:label1\" content=\"Ber\u00e4knad l\u00e4stid\" \/>\n\t<meta name=\"twitter:data1\" content=\"1 minut\" \/>\n<!-- \/ Yoast SEO plugin. -->","yoast_head_json":{"title":"TRUUSK Katttoalett med Avdelare - Magnetisk Dubbeld\u00f6rr - Sidohylla - Vit - 86 x 48 x 52cm - TRUUSK - Hem, Tr\u00e4dg\u00e5rd &amp; Fritid","robots":{"index":"index","follow":"follow","max-snippet":"max-snippet:-1","max-image-preview":"max-image-preview:large","max-video-preview":"max-video-preview:-1"},"canonical":"https:\/\/truusk.store\/sv\/produkt\/truusk-katttoalett-med-avdelare-magnetisk-dubbeldorr-sidohylla-vit-86-x-48-x-52cm\/","og_locale":"sv_SE","og_type":"article","og_title":"TRUUSK Katttoalett med Avdelare - Magnetisk Dubbeld\u00f6rr - Sidohylla - Vit - 86 x 48 x 52cm - TRUUSK - Hem, Tr\u00e4dg\u00e5rd &amp; Fritid","og_description":"Denna sofistikerade katttoaletten erbjuder dina katter den avskildhet de beh\u00f6ver och kan till och med anv\u00e4ndas som ett praktiskt sidobord....","og_url":"https:\/\/truusk.store\/sv\/produkt\/truusk-katttoalett-med-avdelare-magnetisk-dubbeldorr-sidohylla-vit-86-x-48-x-52cm\/","og_site_name":"TRUUSK - Hem, Tr\u00e4dg\u00e5rd &amp; Fritid","article_modified_time":"2026-03-12T08:17:22+00:00","og_image":[{"width":800,"height":800,"url":"https:\/\/i0.wp.com\/truusk.se\/wp-content\/uploads\/2024\/02\/katttoalett-katthus-med-avdelare-magnetisk-dubbeldorr-sidohylla-vit-86-x-48-x-52cm.webp?fit=800%2C800&ssl=1","type":"image\/webp"}],"twitter_card":"summary_large_image","twitter_misc":{"Ber\u00e4knad l\u00e4stid":"1 minut"},"schema":{"@context":"https:\/\/schema.org","@graph":[{"@type":"WebPage","@id":"https:\/\/truusk.store\/sv\/produkt\/truusk-katttoalett-med-avdelare-magnetisk-dubbeldorr-sidohylla-vit-86-x-48-x-52cm\/","url":"https:\/\/truusk.store\/sv\/produkt\/truusk-katttoalett-med-avdelare-magnetisk-dubbeldorr-sidohylla-vit-86-x-48-x-52cm\/","name":"TRUUSK Katttoalett med Avdelare - Magnetisk Dubbeld\u00f6rr - Sidohylla - Vit - 86 x 48 x 52cm - TRUUSK - Hem, Tr\u00e4dg\u00e5rd &amp; Fritid","isPartOf":{"@id":"https:\/\/truusk.store\/sv\/#website"},"primaryImageOfPage":{"@id":"https:\/\/truusk.store\/sv\/produkt\/truusk-katttoalett-med-avdelare-magnetisk-dubbeldorr-sidohylla-vit-86-x-48-x-52cm\/#primaryimage"},"image":{"@id":"https:\/\/truusk.store\/sv\/produkt\/truusk-katttoalett-med-avdelare-magnetisk-dubbeldorr-sidohylla-vit-86-x-48-x-52cm\/#primaryimage"},"thumbnailUrl":"https:\/\/i0.wp.com\/truusk.store\/wp-content\/uploads\/2024\/02\/katttoalett-katthus-med-avdelare-magnetisk-dubbeldorr-sidohylla-vit-86-x-48-x-52cm.webp?fit=800%2C800&ssl=1","datePublished":"2024-02-14T02:27:40+00:00","dateModified":"2026-03-12T08:17:22+00:00","breadcrumb":{"@id":"https:\/\/truusk.store\/sv\/produkt\/truusk-katttoalett-med-avdelare-magnetisk-dubbeldorr-sidohylla-vit-86-x-48-x-52cm\/#breadcrumb"},"inLanguage":"sv-SE","potentialAction":[{"@type":"ReadAction","target":["https:\/\/truusk.store\/sv\/produkt\/truusk-katttoalett-med-avdelare-magnetisk-dubbeldorr-sidohylla-vit-86-x-48-x-52cm\/"]}]},{"@type":"ImageObject","inLanguage":"sv-SE","@id":"https:\/\/truusk.store\/sv\/produkt\/truusk-katttoalett-med-avdelare-magnetisk-dubbeldorr-sidohylla-vit-86-x-48-x-52cm\/#primaryimage","url":"https:\/\/i0.wp.com\/truusk.store\/wp-content\/uploads\/2024\/02\/katttoalett-katthus-med-avdelare-magnetisk-dubbeldorr-sidohylla-vit-86-x-48-x-52cm.webp?fit=800%2C800&ssl=1","contentUrl":"https:\/\/i0.wp.com\/truusk.store\/wp-content\/uploads\/2024\/02\/katttoalett-katthus-med-avdelare-magnetisk-dubbeldorr-sidohylla-vit-86-x-48-x-52cm.webp?fit=800%2C800&ssl=1","width":800,"height":800,"caption":"Katttoalett, Katthus, Med Avdelare, Magnetisk Dubbeld\u00f6rr, Sidohylla, Vit, 86 X 48 X 52cm 1"},{"@type":"BreadcrumbList","@id":"https:\/\/truusk.store\/sv\/produkt\/truusk-katttoalett-med-avdelare-magnetisk-dubbeldorr-sidohylla-vit-86-x-48-x-52cm\/#breadcrumb","itemListElement":[{"@type":"ListItem","position":1,"name":"Home","item":"https:\/\/truusk.store\/sv\/"},{"@type":"ListItem","position":2,"name":"Shop","item":"https:\/\/truusk.store\/shop\/"},{"@type":"ListItem","position":3,"name":"TRUUSK Katttoalett med Avdelare &#8211; Magnetisk Dubbeld\u00f6rr &#8211; Sidohylla &#8211; Vit &#8211; 86 x 48 x 52cm"}]},{"@type":"WebSite","@id":"https:\/\/truusk.store\/sv\/#website","url":"https:\/\/truusk.store\/sv\/","name":"TRUUSK - Hem, Tr\u00e4dg\u00e5rd & Fritid","description":"","publisher":{"@id":"https:\/\/truusk.store\/sv\/#organization"},"potentialAction":[{"@type":"SearchAction","target":{"@type":"EntryPoint","urlTemplate":"https:\/\/truusk.store\/sv\/?s={search_term_string}"},"query-input":{"@type":"PropertyValueSpecification","valueRequired":true,"valueName":"search_term_string"}}],"inLanguage":"sv-SE"},{"@type":"Organization","@id":"https:\/\/truusk.store\/sv\/#organization","name":"TRUUSK - Hem, Tr\u00e4dg\u00e5rd & Fritid","url":"https:\/\/truusk.store\/sv\/","logo":{"@type":"ImageObject","inLanguage":"sv-SE","@id":"https:\/\/truusk.store\/sv\/#\/schema\/logo\/image\/","url":"https:\/\/i0.wp.com\/truusk.store\/wp-content\/uploads\/2026\/03\/cropped-TRUUSK.png?fit=2032%2C917&ssl=1","contentUrl":"https:\/\/i0.wp.com\/truusk.store\/wp-content\/uploads\/2026\/03\/cropped-TRUUSK.png?fit=2032%2C917&ssl=1","width":2032,"height":917,"caption":"TRUUSK - Hem, Tr\u00e4dg\u00e5rd & Fritid"},"image":{"@id":"https:\/\/truusk.store\/sv\/#\/schema\/logo\/image\/"}}]}},"jetpack_sharing_enabled":true,"_links":{"self":[{"href":"https:\/\/truusk.store\/sv\/wp-json\/wp\/v2\/product\/41612","targetHints":{"allow":["GET"]}}],"collection":[{"href":"https:\/\/truusk.store\/sv\/wp-json\/wp\/v2\/product"}],"about":[{"href":"https:\/\/truusk.store\/sv\/wp-json\/wp\/v2\/types\/product"}],"wp:featuredmedia":[{"embeddable":true,"href":"https:\/\/truusk.store\/sv\/wp-json\/wp\/v2\/media\/41613"}],"wp:attachment":[{"href":"https:\/\/truusk.store\/sv\/wp-json\/wp\/v2\/media?parent=41612"}],"wp:term":[{"taxonomy":"product_brand","embeddable":true,"href":"https:\/\/truusk.store\/sv\/wp-json\/wp\/v2\/product_brand?post=41612"},{"taxonomy":"product_cat","embeddable":true,"href":"https:\/\/truusk.store\/sv\/wp-json\/wp\/v2\/product_cat?post=41612"},{"taxonomy":"product_tag","embeddable":true,"href":"https:\/\/truusk.store\/sv\/wp-json\/wp\/v2\/product_tag?post=41612"}],"curies":[{"name":"wp","href":"https:\/\/api.w.org\/{rel}","templated":true}]}}