{"id":41674,"date":"2024-02-14T03:29:46","date_gmt":"2024-02-14T02:29:46","guid":{"rendered":"https:\/\/truusk.store\/product\/cat-cave-kattbadd-2-i-1-kattgrotta-inkl-dyna-365-x-365-x-33-cm-gron\/"},"modified":"2026-03-12T09:17:26","modified_gmt":"2026-03-12T08:17:26","slug":"truusk-kattgrotta-och-kattbadd-2-i-1-inkl-dyna-365-x-365-x-33-cm-gron","status":"publish","type":"product","link":"https:\/\/truusk.store\/sv\/produkt\/truusk-kattgrotta-och-kattbadd-2-i-1-inkl-dyna-365-x-365-x-33-cm-gron\/","title":{"rendered":"TRUUSK Kattgrotta och Kattb\u00e4dd 2-i-1 &#8211; Inkl. Dyna &#8211; 36,5 x 36,5 x 33 cm &#8211; Gr\u00f6n"},"content":{"rendered":"<p>Dina bed\u00e5rande katter kommer s\u00e4kert att njuta av denna grotta. Det kommer snabbt att bli en riktig tillflyktsort f\u00f6r ditt djur. De tv\u00e5 relax- och observationsomr\u00e5dena \u00e4r popul\u00e4ra. Mycket praktisk \u00e4r katthusets l\u00e4tta och b\u00e4rbara design, vilket g\u00f6r att du kan ta med dig den var som helst och f\u00f6rvara den mycket enkelt.<\/p>\n<h3>Beskrivning:<\/h3>\n<ul>\n<li>Praktisk 2-i-1 m\u00f6bel: katthus med design och observationsplattform<\/li>\n<li>Erbjud din kattunge ett underbart utrymme f\u00f6r maximal komfort (tv\u00e4ttbar, mjuk plyschkudde med en lurvig look ing\u00e5r)<\/li>\n<li>Kattgrotta med \u00f6ppning framtill f\u00f6r enkel \u00e5tkomst<\/li>\n<li>Tillverkad av polyesterbelagd MDF, denna nisch \u00e4r robust och h\u00e5llbar f\u00f6r l\u00e5ngvarig anv\u00e4ndning<\/li>\n<li>En modern och enkel design av katthuset kompletterar din inredning.<\/li>\n<li>L\u00e4tt f\u00f6r enkel r\u00f6rlighet, inga verktyg kr\u00e4vs f\u00f6r installation, l\u00e4tt att montera<\/li>\n<li>Snabb och enkel montering med den bifogade illustrerade monteringsanvisningen<\/li>\n<\/ul>\n<h3>Teknisk data:<\/h3>\n<ul>\n<li>F\u00e4rg: gr\u00f6n<\/li>\n<li>Material: MDF, linneimitation (100 % polyester), plast<\/li>\n<li>Totalstorlek: 36,5L x 36,5W x 33H cm<\/li>\n<li>Innerm\u00e5tt: 36L x 36W x 22H cm<\/li>\n<li>Entr\u00e9diameter: 18,5 cm<\/li>\n<li>Toppm\u00e5tt: 35L x 35W x 7H cm<\/li>\n<li>Kuddstorlek: 36L x 36W cm<\/li>\n<\/ul>\n<h3>Leveransens omfattning:<\/h3>\n<ul>\n<li>1 katthus<\/li>\n<li>1 instruktion<\/li>\n<\/ul>\n","protected":false},"excerpt":{"rendered":"<p>Dina bed\u00e5rande katter kommer s\u00e4kert att njuta av denna grotta. Det kommer snabbt att bli en riktig tillflyktsort f\u00f6r ditt&#8230;<\/p>\n","protected":false},"featured_media":41675,"template":"","meta":[],"product_brand":[],"product_cat":[573,590,588],"product_tag":[],"class_list":{"0":"post-41674","1":"product","2":"type-product","3":"status-publish","4":"has-post-thumbnail","6":"product_cat-husdjursmaterial","7":"product_cat-kattgrottor-kattsangar","8":"product_cat-katttillbehor","10":"first","11":"instock","12":"sale","13":"taxable","14":"shipping-taxable","15":"purchasable","16":"product-type-simple"},"yoast_head":"<!-- This site is optimized with the Yoast SEO plugin v25.4 - https:\/\/yoast.com\/wordpress\/plugins\/seo\/ -->\n<title>TRUUSK Kattgrotta och Kattb\u00e4dd 2-i-1 - Inkl. Dyna - 36,5 x 36,5 x 33 cm - Gr\u00f6n - TRUUSK - Hem, Tr\u00e4dg\u00e5rd &amp; Fritid<\/title>\n<meta name=\"robots\" content=\"index, follow, max-snippet:-1, max-image-preview:large, max-video-preview:-1\" \/>\n<link rel=\"canonical\" href=\"https:\/\/truusk.store\/sv\/produkt\/truusk-kattgrotta-och-kattbadd-2-i-1-inkl-dyna-365-x-365-x-33-cm-gron\/\" \/>\n<meta property=\"og:locale\" content=\"sv_SE\" \/>\n<meta property=\"og:type\" content=\"article\" \/>\n<meta property=\"og:title\" content=\"TRUUSK Kattgrotta och Kattb\u00e4dd 2-i-1 - Inkl. Dyna - 36,5 x 36,5 x 33 cm - Gr\u00f6n - TRUUSK - Hem, Tr\u00e4dg\u00e5rd &amp; Fritid\" \/>\n<meta property=\"og:description\" content=\"Dina bed\u00e5rande katter kommer s\u00e4kert att njuta av denna grotta. Det kommer snabbt att bli en riktig tillflyktsort f\u00f6r ditt...\" \/>\n<meta property=\"og:url\" content=\"https:\/\/truusk.store\/sv\/produkt\/truusk-kattgrotta-och-kattbadd-2-i-1-inkl-dyna-365-x-365-x-33-cm-gron\/\" \/>\n<meta property=\"og:site_name\" content=\"TRUUSK - Hem, Tr\u00e4dg\u00e5rd &amp; Fritid\" \/>\n<meta property=\"article:modified_time\" content=\"2026-03-12T08:17:26+00:00\" \/>\n<meta property=\"og:image\" content=\"https:\/\/i0.wp.com\/truusk.se\/wp-content\/uploads\/2024\/02\/cat-cave-kattbadd-2-i-1-kattgrotta-inkl-dyna-365-x-365-x-33-cm-gron.webp?fit=800%2C800&ssl=1\" \/>\n\t<meta property=\"og:image:width\" content=\"800\" \/>\n\t<meta property=\"og:image:height\" content=\"800\" \/>\n\t<meta property=\"og:image:type\" content=\"image\/webp\" \/>\n<meta name=\"twitter:card\" content=\"summary_large_image\" \/>\n<meta name=\"twitter:label1\" content=\"Ber\u00e4knad l\u00e4stid\" \/>\n\t<meta name=\"twitter:data1\" content=\"1 minut\" \/>\n<!-- \/ Yoast SEO plugin. -->","yoast_head_json":{"title":"TRUUSK Kattgrotta och Kattb\u00e4dd 2-i-1 - Inkl. Dyna - 36,5 x 36,5 x 33 cm - Gr\u00f6n - TRUUSK - Hem, Tr\u00e4dg\u00e5rd &amp; Fritid","robots":{"index":"index","follow":"follow","max-snippet":"max-snippet:-1","max-image-preview":"max-image-preview:large","max-video-preview":"max-video-preview:-1"},"canonical":"https:\/\/truusk.store\/sv\/produkt\/truusk-kattgrotta-och-kattbadd-2-i-1-inkl-dyna-365-x-365-x-33-cm-gron\/","og_locale":"sv_SE","og_type":"article","og_title":"TRUUSK Kattgrotta och Kattb\u00e4dd 2-i-1 - Inkl. Dyna - 36,5 x 36,5 x 33 cm - Gr\u00f6n - TRUUSK - Hem, Tr\u00e4dg\u00e5rd &amp; Fritid","og_description":"Dina bed\u00e5rande katter kommer s\u00e4kert att njuta av denna grotta. Det kommer snabbt att bli en riktig tillflyktsort f\u00f6r ditt...","og_url":"https:\/\/truusk.store\/sv\/produkt\/truusk-kattgrotta-och-kattbadd-2-i-1-inkl-dyna-365-x-365-x-33-cm-gron\/","og_site_name":"TRUUSK - Hem, Tr\u00e4dg\u00e5rd &amp; Fritid","article_modified_time":"2026-03-12T08:17:26+00:00","og_image":[{"width":800,"height":800,"url":"https:\/\/i0.wp.com\/truusk.se\/wp-content\/uploads\/2024\/02\/cat-cave-kattbadd-2-i-1-kattgrotta-inkl-dyna-365-x-365-x-33-cm-gron.webp?fit=800%2C800&ssl=1","type":"image\/webp"}],"twitter_card":"summary_large_image","twitter_misc":{"Ber\u00e4knad l\u00e4stid":"1 minut"},"schema":{"@context":"https:\/\/schema.org","@graph":[{"@type":"WebPage","@id":"https:\/\/truusk.store\/sv\/produkt\/truusk-kattgrotta-och-kattbadd-2-i-1-inkl-dyna-365-x-365-x-33-cm-gron\/","url":"https:\/\/truusk.store\/sv\/produkt\/truusk-kattgrotta-och-kattbadd-2-i-1-inkl-dyna-365-x-365-x-33-cm-gron\/","name":"TRUUSK Kattgrotta och Kattb\u00e4dd 2-i-1 - Inkl. Dyna - 36,5 x 36,5 x 33 cm - Gr\u00f6n - TRUUSK - Hem, Tr\u00e4dg\u00e5rd &amp; Fritid","isPartOf":{"@id":"https:\/\/truusk.store\/sv\/#website"},"primaryImageOfPage":{"@id":"https:\/\/truusk.store\/sv\/produkt\/truusk-kattgrotta-och-kattbadd-2-i-1-inkl-dyna-365-x-365-x-33-cm-gron\/#primaryimage"},"image":{"@id":"https:\/\/truusk.store\/sv\/produkt\/truusk-kattgrotta-och-kattbadd-2-i-1-inkl-dyna-365-x-365-x-33-cm-gron\/#primaryimage"},"thumbnailUrl":"https:\/\/i0.wp.com\/truusk.store\/wp-content\/uploads\/2024\/02\/cat-cave-kattbadd-2-i-1-kattgrotta-inkl-dyna-365-x-365-x-33-cm-gron.webp?fit=800%2C800&ssl=1","datePublished":"2024-02-14T02:29:46+00:00","dateModified":"2026-03-12T08:17:26+00:00","breadcrumb":{"@id":"https:\/\/truusk.store\/sv\/produkt\/truusk-kattgrotta-och-kattbadd-2-i-1-inkl-dyna-365-x-365-x-33-cm-gron\/#breadcrumb"},"inLanguage":"sv-SE","potentialAction":[{"@type":"ReadAction","target":["https:\/\/truusk.store\/sv\/produkt\/truusk-kattgrotta-och-kattbadd-2-i-1-inkl-dyna-365-x-365-x-33-cm-gron\/"]}]},{"@type":"ImageObject","inLanguage":"sv-SE","@id":"https:\/\/truusk.store\/sv\/produkt\/truusk-kattgrotta-och-kattbadd-2-i-1-inkl-dyna-365-x-365-x-33-cm-gron\/#primaryimage","url":"https:\/\/i0.wp.com\/truusk.store\/wp-content\/uploads\/2024\/02\/cat-cave-kattbadd-2-i-1-kattgrotta-inkl-dyna-365-x-365-x-33-cm-gron.webp?fit=800%2C800&ssl=1","contentUrl":"https:\/\/i0.wp.com\/truusk.store\/wp-content\/uploads\/2024\/02\/cat-cave-kattbadd-2-i-1-kattgrotta-inkl-dyna-365-x-365-x-33-cm-gron.webp?fit=800%2C800&ssl=1","width":800,"height":800,"caption":"Cat Cave Kattb\u00e4dd 2-i-1 Kattgrotta, Inkl. Dyna, 36,5 X 36,5 X 33 Cm, Gr\u00f6n 1"},{"@type":"BreadcrumbList","@id":"https:\/\/truusk.store\/sv\/produkt\/truusk-kattgrotta-och-kattbadd-2-i-1-inkl-dyna-365-x-365-x-33-cm-gron\/#breadcrumb","itemListElement":[{"@type":"ListItem","position":1,"name":"Home","item":"https:\/\/truusk.store\/sv\/"},{"@type":"ListItem","position":2,"name":"Shop","item":"https:\/\/truusk.store\/shop\/"},{"@type":"ListItem","position":3,"name":"TRUUSK Kattgrotta och Kattb\u00e4dd 2-i-1 &#8211; Inkl. Dyna &#8211; 36,5 x 36,5 x 33 cm &#8211; Gr\u00f6n"}]},{"@type":"WebSite","@id":"https:\/\/truusk.store\/sv\/#website","url":"https:\/\/truusk.store\/sv\/","name":"TRUUSK - Hem, Tr\u00e4dg\u00e5rd & Fritid","description":"","publisher":{"@id":"https:\/\/truusk.store\/sv\/#organization"},"potentialAction":[{"@type":"SearchAction","target":{"@type":"EntryPoint","urlTemplate":"https:\/\/truusk.store\/sv\/?s={search_term_string}"},"query-input":{"@type":"PropertyValueSpecification","valueRequired":true,"valueName":"search_term_string"}}],"inLanguage":"sv-SE"},{"@type":"Organization","@id":"https:\/\/truusk.store\/sv\/#organization","name":"TRUUSK - Hem, Tr\u00e4dg\u00e5rd & Fritid","url":"https:\/\/truusk.store\/sv\/","logo":{"@type":"ImageObject","inLanguage":"sv-SE","@id":"https:\/\/truusk.store\/sv\/#\/schema\/logo\/image\/","url":"https:\/\/i0.wp.com\/truusk.store\/wp-content\/uploads\/2026\/03\/cropped-TRUUSK.png?fit=2032%2C917&ssl=1","contentUrl":"https:\/\/i0.wp.com\/truusk.store\/wp-content\/uploads\/2026\/03\/cropped-TRUUSK.png?fit=2032%2C917&ssl=1","width":2032,"height":917,"caption":"TRUUSK - Hem, Tr\u00e4dg\u00e5rd & Fritid"},"image":{"@id":"https:\/\/truusk.store\/sv\/#\/schema\/logo\/image\/"}}]}},"jetpack_sharing_enabled":true,"_links":{"self":[{"href":"https:\/\/truusk.store\/sv\/wp-json\/wp\/v2\/product\/41674","targetHints":{"allow":["GET"]}}],"collection":[{"href":"https:\/\/truusk.store\/sv\/wp-json\/wp\/v2\/product"}],"about":[{"href":"https:\/\/truusk.store\/sv\/wp-json\/wp\/v2\/types\/product"}],"wp:featuredmedia":[{"embeddable":true,"href":"https:\/\/truusk.store\/sv\/wp-json\/wp\/v2\/media\/41675"}],"wp:attachment":[{"href":"https:\/\/truusk.store\/sv\/wp-json\/wp\/v2\/media?parent=41674"}],"wp:term":[{"taxonomy":"product_brand","embeddable":true,"href":"https:\/\/truusk.store\/sv\/wp-json\/wp\/v2\/product_brand?post=41674"},{"taxonomy":"product_cat","embeddable":true,"href":"https:\/\/truusk.store\/sv\/wp-json\/wp\/v2\/product_cat?post=41674"},{"taxonomy":"product_tag","embeddable":true,"href":"https:\/\/truusk.store\/sv\/wp-json\/wp\/v2\/product_tag?post=41674"}],"curies":[{"name":"wp","href":"https:\/\/api.w.org\/{rel}","templated":true}]}}