{"id":41713,"date":"2024-02-14T03:31:09","date_gmt":"2024-02-14T02:31:09","guid":{"rendered":"https:\/\/truusk.store\/product\/barstolar-pallar-set-om-2-hoj-och-sankbar-vridbar-sits-fotstod-stal-gra-46-x-55-x-123cm\/"},"modified":"2026-03-12T09:17:26","modified_gmt":"2026-03-12T08:17:26","slug":"truusk-set-med-2-barstolar-och-pallar-hoj-och-sankbar-vridbar-sits-fotstod-stal-gra-46-x-55-x-123cm","status":"publish","type":"product","link":"https:\/\/truusk.store\/sv\/produkt\/truusk-set-med-2-barstolar-och-pallar-hoj-och-sankbar-vridbar-sits-fotstod-stal-gra-46-x-55-x-123cm\/","title":{"rendered":"TRUUSK Set med 2 barstolar och pallar &#8211; H\u00f6j- och s\u00e4nkbar &#8211; Vridbar sits &#8211; Fotst\u00f6d &#8211; St\u00e5l &#8211; Gr\u00e5 &#8211; 46 x 55 x 123cm"},"content":{"rendered":"<p>Oavsett om du vill b\u00f6rja morgonen med en lugn frukost eller avsluta den l\u00e5nga dagen med en drink &#8211; dessa eleganta barstolar erbjuder dig enast\u00e5ende sittkomfort och passar perfekt in i din interi\u00f6r. Justera sitth\u00f6jden med en hand och luta dig tillbaka och slappna av medan det v\u00e4lformade ryggst\u00f6det och armst\u00f6den st\u00f6der dig bekv\u00e4mt. Placera dina ben bekv\u00e4mt p\u00e5 det praktiska fotst\u00f6det f\u00f6r att fullborda sittupplevelsen.<\/p>\n<h3>Beskrivning:<\/h3>\n<ul>\n<li>Tv\u00e5 eleganta pallar l\u00e4mpliga f\u00f6r antika, klassiska och moderna interi\u00f6rer<\/li>\n<li>S\u00e4rskilt dekorativa accenter tack vare tuftdesignen och nitdekorationen<\/li>\n<li>Sitth\u00f6jden \u00e4r justerbar fr\u00e5n normal bordsh\u00f6jd till bardiskh\u00f6jd<\/li>\n<li>Tjockt vadderad sits med sammetsmjuka tyg\u00f6verdrag f\u00f6r h\u00f6g komfort<\/li>\n<li>Fritt roterande s\u00e4te ger maximal r\u00f6relsefrihet<\/li>\n<li>T-formade fotst\u00f6d g\u00f6r att du kan s\u00e4tta ner benen bekv\u00e4mt<\/li>\n<li>Tungmetallbas ger stadigt st\u00f6d<\/li>\n<li>Halkfria gummiknoppar p\u00e5 basen f\u00f6rhindrar repor p\u00e5 golvet<\/li>\n<li>Montering kr\u00e4vs<\/li>\n<\/ul>\n<h3>Teknisk data:<\/h3>\n<ul>\n<li>F\u00e4rg: Gr\u00e5+Silver<\/li>\n<li>Material: 100% polyester (\u00f6verdrag), st\u00e5l, skum<\/li>\n<li>\u00d6vergripande m\u00e5tt: 46L x 55W x 102-123H cm<\/li>\n<li>Sitsm\u00e5tt: 45L x 43W x 65-86H cm<\/li>\n<li>Ryggst\u00f6dsm\u00e5tt: 42W x 38H cm<\/li>\n<li>H\u00f6jd p\u00e5 fotst\u00f6d: 24-45 cm<\/li>\n<li>M\u00e5tt p\u00e5 stativ: 45 cm<\/li>\n<li>Sitth\u00f6jd: 88-104 cm<\/li>\n<li>Lastkapacitet: 120 kg<\/li>\n<\/ul>\n<h3>Leveransens omfattning:<\/h3>\n<ul>\n<li>2 x pallar<\/li>\n<li>1 x Instruktioner<\/li>\n<\/ul>\n","protected":false},"excerpt":{"rendered":"<p>Oavsett om du vill b\u00f6rja morgonen med en lugn frukost eller avsluta den l\u00e5nga dagen med en drink &#8211; dessa&#8230;<\/p>\n","protected":false},"featured_media":41714,"template":"","meta":[],"product_brand":[],"product_cat":[544,485,542],"product_tag":[],"class_list":{"0":"post-41713","1":"product","2":"type-product","3":"status-publish","4":"has-post-thumbnail","6":"product_cat-barstol","7":"product_cat-hus-bo","8":"product_cat-pall","10":"first","11":"instock","12":"sale","13":"taxable","14":"shipping-taxable","15":"purchasable","16":"product-type-simple"},"yoast_head":"<!-- This site is optimized with the Yoast SEO plugin v25.4 - https:\/\/yoast.com\/wordpress\/plugins\/seo\/ -->\n<title>TRUUSK Set med 2 barstolar och pallar - H\u00f6j- och s\u00e4nkbar - Vridbar sits - Fotst\u00f6d - St\u00e5l - Gr\u00e5 - 46 x 55 x 123cm - TRUUSK - Hem, Tr\u00e4dg\u00e5rd &amp; Fritid<\/title>\n<meta name=\"robots\" content=\"index, follow, max-snippet:-1, max-image-preview:large, max-video-preview:-1\" \/>\n<link rel=\"canonical\" href=\"https:\/\/truusk.store\/sv\/produkt\/truusk-set-med-2-barstolar-och-pallar-hoj-och-sankbar-vridbar-sits-fotstod-stal-gra-46-x-55-x-123cm\/\" \/>\n<meta property=\"og:locale\" content=\"sv_SE\" \/>\n<meta property=\"og:type\" content=\"article\" \/>\n<meta property=\"og:title\" content=\"TRUUSK Set med 2 barstolar och pallar - H\u00f6j- och s\u00e4nkbar - Vridbar sits - Fotst\u00f6d - St\u00e5l - Gr\u00e5 - 46 x 55 x 123cm - TRUUSK - Hem, Tr\u00e4dg\u00e5rd &amp; Fritid\" \/>\n<meta property=\"og:description\" content=\"Oavsett om du vill b\u00f6rja morgonen med en lugn frukost eller avsluta den l\u00e5nga dagen med en drink &#8211; dessa...\" \/>\n<meta property=\"og:url\" content=\"https:\/\/truusk.store\/sv\/produkt\/truusk-set-med-2-barstolar-och-pallar-hoj-och-sankbar-vridbar-sits-fotstod-stal-gra-46-x-55-x-123cm\/\" \/>\n<meta property=\"og:site_name\" content=\"TRUUSK - Hem, Tr\u00e4dg\u00e5rd &amp; Fritid\" \/>\n<meta property=\"article:modified_time\" content=\"2026-03-12T08:17:26+00:00\" \/>\n<meta property=\"og:image\" content=\"https:\/\/i0.wp.com\/truusk.se\/wp-content\/uploads\/2024\/02\/barstolar-pallar-set-om-2-hoj-och-sankbar-vridbar-sits-fotstod-stal-gra-46-x-55-x-123cm.webp?fit=800%2C800&ssl=1\" \/>\n\t<meta property=\"og:image:width\" content=\"800\" \/>\n\t<meta property=\"og:image:height\" content=\"800\" \/>\n\t<meta property=\"og:image:type\" content=\"image\/webp\" \/>\n<meta name=\"twitter:card\" content=\"summary_large_image\" \/>\n<meta name=\"twitter:label1\" content=\"Ber\u00e4knad l\u00e4stid\" \/>\n\t<meta name=\"twitter:data1\" content=\"1 minut\" \/>\n<!-- \/ Yoast SEO plugin. -->","yoast_head_json":{"title":"TRUUSK Set med 2 barstolar och pallar - H\u00f6j- och s\u00e4nkbar - Vridbar sits - Fotst\u00f6d - St\u00e5l - Gr\u00e5 - 46 x 55 x 123cm - TRUUSK - Hem, Tr\u00e4dg\u00e5rd &amp; Fritid","robots":{"index":"index","follow":"follow","max-snippet":"max-snippet:-1","max-image-preview":"max-image-preview:large","max-video-preview":"max-video-preview:-1"},"canonical":"https:\/\/truusk.store\/sv\/produkt\/truusk-set-med-2-barstolar-och-pallar-hoj-och-sankbar-vridbar-sits-fotstod-stal-gra-46-x-55-x-123cm\/","og_locale":"sv_SE","og_type":"article","og_title":"TRUUSK Set med 2 barstolar och pallar - H\u00f6j- och s\u00e4nkbar - Vridbar sits - Fotst\u00f6d - St\u00e5l - Gr\u00e5 - 46 x 55 x 123cm - TRUUSK - Hem, Tr\u00e4dg\u00e5rd &amp; Fritid","og_description":"Oavsett om du vill b\u00f6rja morgonen med en lugn frukost eller avsluta den l\u00e5nga dagen med en drink &#8211; dessa...","og_url":"https:\/\/truusk.store\/sv\/produkt\/truusk-set-med-2-barstolar-och-pallar-hoj-och-sankbar-vridbar-sits-fotstod-stal-gra-46-x-55-x-123cm\/","og_site_name":"TRUUSK - Hem, Tr\u00e4dg\u00e5rd &amp; Fritid","article_modified_time":"2026-03-12T08:17:26+00:00","og_image":[{"width":800,"height":800,"url":"https:\/\/i0.wp.com\/truusk.se\/wp-content\/uploads\/2024\/02\/barstolar-pallar-set-om-2-hoj-och-sankbar-vridbar-sits-fotstod-stal-gra-46-x-55-x-123cm.webp?fit=800%2C800&ssl=1","type":"image\/webp"}],"twitter_card":"summary_large_image","twitter_misc":{"Ber\u00e4knad l\u00e4stid":"1 minut"},"schema":{"@context":"https:\/\/schema.org","@graph":[{"@type":"WebPage","@id":"https:\/\/truusk.store\/sv\/produkt\/truusk-set-med-2-barstolar-och-pallar-hoj-och-sankbar-vridbar-sits-fotstod-stal-gra-46-x-55-x-123cm\/","url":"https:\/\/truusk.store\/sv\/produkt\/truusk-set-med-2-barstolar-och-pallar-hoj-och-sankbar-vridbar-sits-fotstod-stal-gra-46-x-55-x-123cm\/","name":"TRUUSK Set med 2 barstolar och pallar - H\u00f6j- och s\u00e4nkbar - Vridbar sits - Fotst\u00f6d - St\u00e5l - Gr\u00e5 - 46 x 55 x 123cm - TRUUSK - Hem, Tr\u00e4dg\u00e5rd &amp; Fritid","isPartOf":{"@id":"https:\/\/truusk.store\/sv\/#website"},"primaryImageOfPage":{"@id":"https:\/\/truusk.store\/sv\/produkt\/truusk-set-med-2-barstolar-och-pallar-hoj-och-sankbar-vridbar-sits-fotstod-stal-gra-46-x-55-x-123cm\/#primaryimage"},"image":{"@id":"https:\/\/truusk.store\/sv\/produkt\/truusk-set-med-2-barstolar-och-pallar-hoj-och-sankbar-vridbar-sits-fotstod-stal-gra-46-x-55-x-123cm\/#primaryimage"},"thumbnailUrl":"https:\/\/i0.wp.com\/truusk.store\/wp-content\/uploads\/2024\/02\/barstolar-pallar-set-om-2-hoj-och-sankbar-vridbar-sits-fotstod-stal-gra-46-x-55-x-123cm.webp?fit=800%2C800&ssl=1","datePublished":"2024-02-14T02:31:09+00:00","dateModified":"2026-03-12T08:17:26+00:00","breadcrumb":{"@id":"https:\/\/truusk.store\/sv\/produkt\/truusk-set-med-2-barstolar-och-pallar-hoj-och-sankbar-vridbar-sits-fotstod-stal-gra-46-x-55-x-123cm\/#breadcrumb"},"inLanguage":"sv-SE","potentialAction":[{"@type":"ReadAction","target":["https:\/\/truusk.store\/sv\/produkt\/truusk-set-med-2-barstolar-och-pallar-hoj-och-sankbar-vridbar-sits-fotstod-stal-gra-46-x-55-x-123cm\/"]}]},{"@type":"ImageObject","inLanguage":"sv-SE","@id":"https:\/\/truusk.store\/sv\/produkt\/truusk-set-med-2-barstolar-och-pallar-hoj-och-sankbar-vridbar-sits-fotstod-stal-gra-46-x-55-x-123cm\/#primaryimage","url":"https:\/\/i0.wp.com\/truusk.store\/wp-content\/uploads\/2024\/02\/barstolar-pallar-set-om-2-hoj-och-sankbar-vridbar-sits-fotstod-stal-gra-46-x-55-x-123cm.webp?fit=800%2C800&ssl=1","contentUrl":"https:\/\/i0.wp.com\/truusk.store\/wp-content\/uploads\/2024\/02\/barstolar-pallar-set-om-2-hoj-och-sankbar-vridbar-sits-fotstod-stal-gra-46-x-55-x-123cm.webp?fit=800%2C800&ssl=1","width":800,"height":800,"caption":"Barstolar, Pallar, Set Om 2, H\u00f6j- Och S\u00e4nkbar, Vridbar Sits, Fotst\u00f6d, St\u00e5l, Gr\u00e5, 46 X 55 X 123cm 1"},{"@type":"BreadcrumbList","@id":"https:\/\/truusk.store\/sv\/produkt\/truusk-set-med-2-barstolar-och-pallar-hoj-och-sankbar-vridbar-sits-fotstod-stal-gra-46-x-55-x-123cm\/#breadcrumb","itemListElement":[{"@type":"ListItem","position":1,"name":"Home","item":"https:\/\/truusk.store\/sv\/"},{"@type":"ListItem","position":2,"name":"Shop","item":"https:\/\/truusk.store\/shop\/"},{"@type":"ListItem","position":3,"name":"TRUUSK Set med 2 barstolar och pallar &#8211; H\u00f6j- och s\u00e4nkbar &#8211; Vridbar sits &#8211; Fotst\u00f6d &#8211; St\u00e5l &#8211; Gr\u00e5 &#8211; 46 x 55 x 123cm"}]},{"@type":"WebSite","@id":"https:\/\/truusk.store\/sv\/#website","url":"https:\/\/truusk.store\/sv\/","name":"TRUUSK - Hem, Tr\u00e4dg\u00e5rd & Fritid","description":"","publisher":{"@id":"https:\/\/truusk.store\/sv\/#organization"},"potentialAction":[{"@type":"SearchAction","target":{"@type":"EntryPoint","urlTemplate":"https:\/\/truusk.store\/sv\/?s={search_term_string}"},"query-input":{"@type":"PropertyValueSpecification","valueRequired":true,"valueName":"search_term_string"}}],"inLanguage":"sv-SE"},{"@type":"Organization","@id":"https:\/\/truusk.store\/sv\/#organization","name":"TRUUSK - Hem, Tr\u00e4dg\u00e5rd & Fritid","url":"https:\/\/truusk.store\/sv\/","logo":{"@type":"ImageObject","inLanguage":"sv-SE","@id":"https:\/\/truusk.store\/sv\/#\/schema\/logo\/image\/","url":"https:\/\/i0.wp.com\/truusk.store\/wp-content\/uploads\/2026\/03\/cropped-TRUUSK.png?fit=2032%2C917&ssl=1","contentUrl":"https:\/\/i0.wp.com\/truusk.store\/wp-content\/uploads\/2026\/03\/cropped-TRUUSK.png?fit=2032%2C917&ssl=1","width":2032,"height":917,"caption":"TRUUSK - Hem, Tr\u00e4dg\u00e5rd & Fritid"},"image":{"@id":"https:\/\/truusk.store\/sv\/#\/schema\/logo\/image\/"}}]}},"jetpack_sharing_enabled":true,"_links":{"self":[{"href":"https:\/\/truusk.store\/sv\/wp-json\/wp\/v2\/product\/41713","targetHints":{"allow":["GET"]}}],"collection":[{"href":"https:\/\/truusk.store\/sv\/wp-json\/wp\/v2\/product"}],"about":[{"href":"https:\/\/truusk.store\/sv\/wp-json\/wp\/v2\/types\/product"}],"wp:featuredmedia":[{"embeddable":true,"href":"https:\/\/truusk.store\/sv\/wp-json\/wp\/v2\/media\/41714"}],"wp:attachment":[{"href":"https:\/\/truusk.store\/sv\/wp-json\/wp\/v2\/media?parent=41713"}],"wp:term":[{"taxonomy":"product_brand","embeddable":true,"href":"https:\/\/truusk.store\/sv\/wp-json\/wp\/v2\/product_brand?post=41713"},{"taxonomy":"product_cat","embeddable":true,"href":"https:\/\/truusk.store\/sv\/wp-json\/wp\/v2\/product_cat?post=41713"},{"taxonomy":"product_tag","embeddable":true,"href":"https:\/\/truusk.store\/sv\/wp-json\/wp\/v2\/product_tag?post=41713"}],"curies":[{"name":"wp","href":"https:\/\/api.w.org\/{rel}","templated":true}]}}