{"id":41772,"date":"2024-02-14T03:33:08","date_gmt":"2024-02-14T02:33:08","guid":{"rendered":"https:\/\/truusk.store\/product\/helkroppsspegel-med-stativ-fristaende-40-cm-x-150-cm-natur\/"},"modified":"2026-03-12T09:17:27","modified_gmt":"2026-03-12T08:17:27","slug":"truusk-helkroppsspegel-med-stativ-fristaende-40-cm-x-150-cm-natur-enkel-att-montera","status":"publish","type":"product","link":"https:\/\/truusk.store\/sv\/produkt\/truusk-helkroppsspegel-med-stativ-fristaende-40-cm-x-150-cm-natur-enkel-att-montera\/","title":{"rendered":"TRUUSK Helkroppsspegel med Stativ &#8211; Frist\u00e5ende &#8211; 40 cm x 150 cm &#8211; Natur &#8211; Enkel att montera"},"content":{"rendered":"<p>Se till att du ser bra ut varje morgon med denna stora st\u00e5ende spegel. Helkroppsspegeln \u00e4r gjord av MDF-tr\u00e4 f\u00f6r l\u00e5ngvarig anv\u00e4ndning. Den kommer i en fr\u00e4sch och anpassningsbar f\u00e4rg som l\u00e4tt passar in i din inredning. F\u00f6r \u00f6kad stabilitet \u00e4r f\u00e4stet och dressingspegeln stadigt f\u00f6rbundna med metallg\u00e5ngj\u00e4rn &#8211; ett m\u00e5ste f\u00f6r alla sovrum, vardagsrum eller hall.<\/p>\n<h3>Beskrivning:<\/h3>\n<ul>\n<li>Helkroppsspegel f\u00f6r att kontrollera hela outfiten<\/li>\n<li>Silverspegel f\u00f6r en blank och s\u00e4ker reflektion<\/li>\n<li>Den tr\u00e4fibrer fanerade MDF-ramen \u00e4r solid och h\u00e5llbar och kommer att bli en oumb\u00e4rlig del av din heminredning<\/li>\n<li>Enkel f\u00e4rgdesign sm\u00e4lter l\u00e4tt in i ditt sovrum, vardagsrum och hall<\/li>\n<li>Ingen montering kr\u00e4vs<\/li>\n<\/ul>\n<h3>Teknisk data:<\/h3>\n<ul>\n<li>F\u00e4rg: Silver+Ljusbrun<\/li>\n<li>Material: MDF, glas<\/li>\n<li>\u00d6vergripande m\u00e5tt: 40W x 3D x 150H cm (vikt), 40W x 47D x 147H cm (ovikt)<\/li>\n<li>Spegelm\u00e5tt: 148L x 38W cm<\/li>\n<li>Spegeltjocklek: 3,2 mm<\/li>\n<\/ul>\n<h3>Leveransens omfattning:<\/h3>\n<ul>\n<li>1 x dressing spegel;<\/li>\n<\/ul>\n","protected":false},"excerpt":{"rendered":"<p>Se till att du ser bra ut varje morgon med denna stora st\u00e5ende spegel. Helkroppsspegeln \u00e4r gjord av MDF-tr\u00e4 f\u00f6r&#8230;<\/p>\n","protected":false},"featured_media":41773,"template":"","meta":[],"product_brand":[],"product_cat":[485,504,721,501],"product_tag":[],"class_list":{"0":"post-41772","1":"product","2":"type-product","3":"status-publish","4":"has-post-thumbnail","6":"product_cat-hus-bo","7":"product_cat-sminkbord-speglar","8":"product_cat-spegel","9":"product_cat-tabeller","11":"first","12":"instock","13":"sale","14":"taxable","15":"shipping-taxable","16":"purchasable","17":"product-type-simple"},"yoast_head":"<!-- This site is optimized with the Yoast SEO plugin v25.4 - https:\/\/yoast.com\/wordpress\/plugins\/seo\/ -->\n<title>TRUUSK Helkroppsspegel med Stativ - Frist\u00e5ende - 40 cm x 150 cm - Natur - Enkel att montera - TRUUSK - Hem, Tr\u00e4dg\u00e5rd &amp; Fritid<\/title>\n<meta name=\"robots\" content=\"index, follow, max-snippet:-1, max-image-preview:large, max-video-preview:-1\" \/>\n<link rel=\"canonical\" href=\"https:\/\/truusk.store\/sv\/produkt\/truusk-helkroppsspegel-med-stativ-fristaende-40-cm-x-150-cm-natur-enkel-att-montera\/\" \/>\n<meta property=\"og:locale\" content=\"sv_SE\" \/>\n<meta property=\"og:type\" content=\"article\" \/>\n<meta property=\"og:title\" content=\"TRUUSK Helkroppsspegel med Stativ - Frist\u00e5ende - 40 cm x 150 cm - Natur - Enkel att montera - TRUUSK - Hem, Tr\u00e4dg\u00e5rd &amp; Fritid\" \/>\n<meta property=\"og:description\" content=\"Se till att du ser bra ut varje morgon med denna stora st\u00e5ende spegel. Helkroppsspegeln \u00e4r gjord av MDF-tr\u00e4 f\u00f6r...\" \/>\n<meta property=\"og:url\" content=\"https:\/\/truusk.store\/sv\/produkt\/truusk-helkroppsspegel-med-stativ-fristaende-40-cm-x-150-cm-natur-enkel-att-montera\/\" \/>\n<meta property=\"og:site_name\" content=\"TRUUSK - Hem, Tr\u00e4dg\u00e5rd &amp; Fritid\" \/>\n<meta property=\"article:modified_time\" content=\"2026-03-12T08:17:27+00:00\" \/>\n<meta property=\"og:image\" content=\"https:\/\/i0.wp.com\/truusk.se\/wp-content\/uploads\/2024\/02\/helkroppsspegel-med-stativ-fristaende-40-cm-x-150-cm-natur.webp?fit=800%2C800&ssl=1\" \/>\n\t<meta property=\"og:image:width\" content=\"800\" \/>\n\t<meta property=\"og:image:height\" content=\"800\" \/>\n\t<meta property=\"og:image:type\" content=\"image\/webp\" \/>\n<meta name=\"twitter:card\" content=\"summary_large_image\" \/>\n<meta name=\"twitter:label1\" content=\"Ber\u00e4knad l\u00e4stid\" \/>\n\t<meta name=\"twitter:data1\" content=\"1 minut\" \/>\n<!-- \/ Yoast SEO plugin. -->","yoast_head_json":{"title":"TRUUSK Helkroppsspegel med Stativ - Frist\u00e5ende - 40 cm x 150 cm - Natur - Enkel att montera - TRUUSK - Hem, Tr\u00e4dg\u00e5rd &amp; Fritid","robots":{"index":"index","follow":"follow","max-snippet":"max-snippet:-1","max-image-preview":"max-image-preview:large","max-video-preview":"max-video-preview:-1"},"canonical":"https:\/\/truusk.store\/sv\/produkt\/truusk-helkroppsspegel-med-stativ-fristaende-40-cm-x-150-cm-natur-enkel-att-montera\/","og_locale":"sv_SE","og_type":"article","og_title":"TRUUSK Helkroppsspegel med Stativ - Frist\u00e5ende - 40 cm x 150 cm - Natur - Enkel att montera - TRUUSK - Hem, Tr\u00e4dg\u00e5rd &amp; Fritid","og_description":"Se till att du ser bra ut varje morgon med denna stora st\u00e5ende spegel. Helkroppsspegeln \u00e4r gjord av MDF-tr\u00e4 f\u00f6r...","og_url":"https:\/\/truusk.store\/sv\/produkt\/truusk-helkroppsspegel-med-stativ-fristaende-40-cm-x-150-cm-natur-enkel-att-montera\/","og_site_name":"TRUUSK - Hem, Tr\u00e4dg\u00e5rd &amp; Fritid","article_modified_time":"2026-03-12T08:17:27+00:00","og_image":[{"width":800,"height":800,"url":"https:\/\/i0.wp.com\/truusk.se\/wp-content\/uploads\/2024\/02\/helkroppsspegel-med-stativ-fristaende-40-cm-x-150-cm-natur.webp?fit=800%2C800&ssl=1","type":"image\/webp"}],"twitter_card":"summary_large_image","twitter_misc":{"Ber\u00e4knad l\u00e4stid":"1 minut"},"schema":{"@context":"https:\/\/schema.org","@graph":[{"@type":"WebPage","@id":"https:\/\/truusk.store\/sv\/produkt\/truusk-helkroppsspegel-med-stativ-fristaende-40-cm-x-150-cm-natur-enkel-att-montera\/","url":"https:\/\/truusk.store\/sv\/produkt\/truusk-helkroppsspegel-med-stativ-fristaende-40-cm-x-150-cm-natur-enkel-att-montera\/","name":"TRUUSK Helkroppsspegel med Stativ - Frist\u00e5ende - 40 cm x 150 cm - Natur - Enkel att montera - TRUUSK - Hem, Tr\u00e4dg\u00e5rd &amp; Fritid","isPartOf":{"@id":"https:\/\/truusk.store\/sv\/#website"},"primaryImageOfPage":{"@id":"https:\/\/truusk.store\/sv\/produkt\/truusk-helkroppsspegel-med-stativ-fristaende-40-cm-x-150-cm-natur-enkel-att-montera\/#primaryimage"},"image":{"@id":"https:\/\/truusk.store\/sv\/produkt\/truusk-helkroppsspegel-med-stativ-fristaende-40-cm-x-150-cm-natur-enkel-att-montera\/#primaryimage"},"thumbnailUrl":"https:\/\/i0.wp.com\/truusk.store\/wp-content\/uploads\/2024\/02\/helkroppsspegel-med-stativ-fristaende-40-cm-x-150-cm-natur.webp?fit=800%2C800&ssl=1","datePublished":"2024-02-14T02:33:08+00:00","dateModified":"2026-03-12T08:17:27+00:00","breadcrumb":{"@id":"https:\/\/truusk.store\/sv\/produkt\/truusk-helkroppsspegel-med-stativ-fristaende-40-cm-x-150-cm-natur-enkel-att-montera\/#breadcrumb"},"inLanguage":"sv-SE","potentialAction":[{"@type":"ReadAction","target":["https:\/\/truusk.store\/sv\/produkt\/truusk-helkroppsspegel-med-stativ-fristaende-40-cm-x-150-cm-natur-enkel-att-montera\/"]}]},{"@type":"ImageObject","inLanguage":"sv-SE","@id":"https:\/\/truusk.store\/sv\/produkt\/truusk-helkroppsspegel-med-stativ-fristaende-40-cm-x-150-cm-natur-enkel-att-montera\/#primaryimage","url":"https:\/\/i0.wp.com\/truusk.store\/wp-content\/uploads\/2024\/02\/helkroppsspegel-med-stativ-fristaende-40-cm-x-150-cm-natur.webp?fit=800%2C800&ssl=1","contentUrl":"https:\/\/i0.wp.com\/truusk.store\/wp-content\/uploads\/2024\/02\/helkroppsspegel-med-stativ-fristaende-40-cm-x-150-cm-natur.webp?fit=800%2C800&ssl=1","width":800,"height":800,"caption":"Helkroppsspegel Med Stativ, Frist\u00e5ende, 40 Cm X 150 Cm, Natur 1"},{"@type":"BreadcrumbList","@id":"https:\/\/truusk.store\/sv\/produkt\/truusk-helkroppsspegel-med-stativ-fristaende-40-cm-x-150-cm-natur-enkel-att-montera\/#breadcrumb","itemListElement":[{"@type":"ListItem","position":1,"name":"Home","item":"https:\/\/truusk.store\/sv\/"},{"@type":"ListItem","position":2,"name":"Shop","item":"https:\/\/truusk.store\/shop\/"},{"@type":"ListItem","position":3,"name":"TRUUSK Helkroppsspegel med Stativ &#8211; Frist\u00e5ende &#8211; 40 cm x 150 cm &#8211; Natur &#8211; Enkel att montera"}]},{"@type":"WebSite","@id":"https:\/\/truusk.store\/sv\/#website","url":"https:\/\/truusk.store\/sv\/","name":"TRUUSK - Hem, Tr\u00e4dg\u00e5rd & Fritid","description":"","publisher":{"@id":"https:\/\/truusk.store\/sv\/#organization"},"potentialAction":[{"@type":"SearchAction","target":{"@type":"EntryPoint","urlTemplate":"https:\/\/truusk.store\/sv\/?s={search_term_string}"},"query-input":{"@type":"PropertyValueSpecification","valueRequired":true,"valueName":"search_term_string"}}],"inLanguage":"sv-SE"},{"@type":"Organization","@id":"https:\/\/truusk.store\/sv\/#organization","name":"TRUUSK - Hem, Tr\u00e4dg\u00e5rd & Fritid","url":"https:\/\/truusk.store\/sv\/","logo":{"@type":"ImageObject","inLanguage":"sv-SE","@id":"https:\/\/truusk.store\/sv\/#\/schema\/logo\/image\/","url":"https:\/\/i0.wp.com\/truusk.store\/wp-content\/uploads\/2026\/03\/cropped-TRUUSK.png?fit=2032%2C917&ssl=1","contentUrl":"https:\/\/i0.wp.com\/truusk.store\/wp-content\/uploads\/2026\/03\/cropped-TRUUSK.png?fit=2032%2C917&ssl=1","width":2032,"height":917,"caption":"TRUUSK - Hem, Tr\u00e4dg\u00e5rd & Fritid"},"image":{"@id":"https:\/\/truusk.store\/sv\/#\/schema\/logo\/image\/"}}]}},"jetpack_sharing_enabled":true,"_links":{"self":[{"href":"https:\/\/truusk.store\/sv\/wp-json\/wp\/v2\/product\/41772","targetHints":{"allow":["GET"]}}],"collection":[{"href":"https:\/\/truusk.store\/sv\/wp-json\/wp\/v2\/product"}],"about":[{"href":"https:\/\/truusk.store\/sv\/wp-json\/wp\/v2\/types\/product"}],"wp:featuredmedia":[{"embeddable":true,"href":"https:\/\/truusk.store\/sv\/wp-json\/wp\/v2\/media\/41773"}],"wp:attachment":[{"href":"https:\/\/truusk.store\/sv\/wp-json\/wp\/v2\/media?parent=41772"}],"wp:term":[{"taxonomy":"product_brand","embeddable":true,"href":"https:\/\/truusk.store\/sv\/wp-json\/wp\/v2\/product_brand?post=41772"},{"taxonomy":"product_cat","embeddable":true,"href":"https:\/\/truusk.store\/sv\/wp-json\/wp\/v2\/product_cat?post=41772"},{"taxonomy":"product_tag","embeddable":true,"href":"https:\/\/truusk.store\/sv\/wp-json\/wp\/v2\/product_tag?post=41772"}],"curies":[{"name":"wp","href":"https:\/\/api.w.org\/{rel}","templated":true}]}}