{"id":41886,"date":"2024-02-14T03:37:09","date_gmt":"2024-02-14T02:37:09","guid":{"rendered":"https:\/\/truusk.store\/product\/boho-style-gungstol-pe-rotting-rotting-gungstol-tvattbara-kladseloverdrag-naturlig-ljusgra\/"},"modified":"2026-03-12T09:17:28","modified_gmt":"2026-03-12T08:17:28","slug":"truusk-boho-style-gungstol-rotting-tvattbara-kladseloverdrag-naturlig-ljusgra-pe-rotting-stilfull-design-hallbart","status":"publish","type":"product","link":"https:\/\/truusk.store\/sv\/produkt\/truusk-boho-style-gungstol-rotting-tvattbara-kladseloverdrag-naturlig-ljusgra-pe-rotting-stilfull-design-hallbart\/","title":{"rendered":"TRUUSK Boho Style Gungstol &#8211; Rotting &#8211; Tv\u00e4ttbara Kl\u00e4dsel\u00f6verdrag &#8211; Naturlig + Ljusgr\u00e5 &#8211; PE Rotting &#8211; Stilfull design &#8211; H\u00e5llbart"},"content":{"rendered":"<p>Gillar du att vara utomhus? D\u00e5 \u00e4r denna gungstol precis r\u00e4tt f\u00f6r dig. P\u00e5 denna gungstol i rotting kan du gunga mot solnedg\u00e5ngen med stil utan att ge avkall p\u00e5 komforten. Bekv\u00e4ma sittdynor och en mjuk gungfunktion inbjuder dig att sitta och dr\u00f6ja kvar. Njut av vackra sommarkv\u00e4llar utomhus p\u00e5 denna trendiga gungstol. Oavsett om du \u00e4r i tr\u00e4dg\u00e5rden, p\u00e5 verandan eller p\u00e5 terrassen &#8211; denna trendiga gungstol kommer snabbt att bli din favoritplats.<\/p>\n<h3>Beskrivning:<\/h3>\n<ul>\n<li>Tillverkad av en robust st\u00e5lram, PE-rottingv\u00e4v och ovandel som andas<\/li>\n<li>Med h\u00f6gt ryggst\u00f6d och b\u00f6jda armst\u00f6d f\u00f6r b\u00e4ttre komfort och avkoppling<\/li>\n<li>Mjukt vadderade kuddar f\u00f6r ultimat komfort och h\u00e5llbarhet<\/li>\n<li>Avtagbart kuddfodral med dragkedja f\u00f6r enkel reng\u00f6ring<\/li>\n<li>Perfekt f\u00f6r alla utomhusomr\u00e5den inklusive bakg\u00e5rdar, uteplatser, tr\u00e4dg\u00e5rdar, verandor och mer<\/li>\n<li>Montering kr\u00e4vs<\/li>\n<\/ul>\n<h3>Teknisk data:<\/h3>\n<ul>\n<li>F\u00e4rg: Gul PE-rotting, ljusgr\u00e5tt tyg<\/li>\n<li>Material: st\u00e5l, PE-rotting, polyester<\/li>\n<li>\u00d6vergripande m\u00e5tt: 69L x 92W x 100H cm<\/li>\n<li>Sitsstorlek: 50W x 50D cm<\/li>\n<li>Sitsh\u00f6jd till golv: 41 cm<\/li>\n<li>Ryggst\u00f6dsstorlek: 68L x 62W cm<\/li>\n<li>Viktkapacitet: 160 kg<\/li>\n<\/ul>\n<h3>Leveransens omfattning:<\/h3>\n<ul>\n<li>1 x gungstol<\/li>\n<li>1 x Sittdyna<\/li>\n<li>1 x Ryggkudde<\/li>\n<li>1 x Instruktioner<\/li>\n<\/ul>\n","protected":false},"excerpt":{"rendered":"<p>Gillar du att vara utomhus? D\u00e5 \u00e4r denna gungstol precis r\u00e4tt f\u00f6r dig. P\u00e5 denna gungstol i rotting kan du&#8230;<\/p>\n","protected":false},"featured_media":41887,"template":"","meta":[],"product_brand":[],"product_cat":[435,450,452],"product_tag":[],"class_list":{"0":"post-41886","1":"product","2":"type-product","3":"status-publish","4":"has-post-thumbnail","6":"product_cat-tradgard-och-terrass","7":"product_cat-tradgardsmobler","8":"product_cat-tradgardsstolar","10":"first","11":"instock","12":"sale","13":"taxable","14":"shipping-taxable","15":"purchasable","16":"product-type-simple"},"yoast_head":"<!-- This site is optimized with the Yoast SEO plugin v25.4 - https:\/\/yoast.com\/wordpress\/plugins\/seo\/ -->\n<title>TRUUSK Boho Style Gungstol - Rotting - Tv\u00e4ttbara Kl\u00e4dsel\u00f6verdrag - Naturlig + Ljusgr\u00e5 - PE Rotting - Stilfull design - H\u00e5llbart - TRUUSK - Hem, Tr\u00e4dg\u00e5rd &amp; Fritid<\/title>\n<meta name=\"robots\" content=\"index, follow, max-snippet:-1, max-image-preview:large, max-video-preview:-1\" \/>\n<link rel=\"canonical\" href=\"https:\/\/truusk.store\/sv\/produkt\/truusk-boho-style-gungstol-rotting-tvattbara-kladseloverdrag-naturlig-ljusgra-pe-rotting-stilfull-design-hallbart\/\" \/>\n<meta property=\"og:locale\" content=\"sv_SE\" \/>\n<meta property=\"og:type\" content=\"article\" \/>\n<meta property=\"og:title\" content=\"TRUUSK Boho Style Gungstol - Rotting - Tv\u00e4ttbara Kl\u00e4dsel\u00f6verdrag - Naturlig + Ljusgr\u00e5 - PE Rotting - Stilfull design - H\u00e5llbart - TRUUSK - Hem, Tr\u00e4dg\u00e5rd &amp; Fritid\" \/>\n<meta property=\"og:description\" content=\"Gillar du att vara utomhus? D\u00e5 \u00e4r denna gungstol precis r\u00e4tt f\u00f6r dig. P\u00e5 denna gungstol i rotting kan du...\" \/>\n<meta property=\"og:url\" content=\"https:\/\/truusk.store\/sv\/produkt\/truusk-boho-style-gungstol-rotting-tvattbara-kladseloverdrag-naturlig-ljusgra-pe-rotting-stilfull-design-hallbart\/\" \/>\n<meta property=\"og:site_name\" content=\"TRUUSK - Hem, Tr\u00e4dg\u00e5rd &amp; Fritid\" \/>\n<meta property=\"article:modified_time\" content=\"2026-03-12T08:17:28+00:00\" \/>\n<meta property=\"og:image\" content=\"https:\/\/i0.wp.com\/truusk.se\/wp-content\/uploads\/2024\/02\/boho-style-gungstol-pe-rotting-rotting-gungstol-tvattbara-kladseloverdrag-naturlig-ljusgra.webp?fit=800%2C800&ssl=1\" \/>\n\t<meta property=\"og:image:width\" content=\"800\" \/>\n\t<meta property=\"og:image:height\" content=\"800\" \/>\n\t<meta property=\"og:image:type\" content=\"image\/webp\" \/>\n<meta name=\"twitter:card\" content=\"summary_large_image\" \/>\n<meta name=\"twitter:label1\" content=\"Ber\u00e4knad l\u00e4stid\" \/>\n\t<meta name=\"twitter:data1\" content=\"1 minut\" \/>\n<!-- \/ Yoast SEO plugin. -->","yoast_head_json":{"title":"TRUUSK Boho Style Gungstol - Rotting - Tv\u00e4ttbara Kl\u00e4dsel\u00f6verdrag - Naturlig + Ljusgr\u00e5 - PE Rotting - Stilfull design - H\u00e5llbart - TRUUSK - Hem, Tr\u00e4dg\u00e5rd &amp; Fritid","robots":{"index":"index","follow":"follow","max-snippet":"max-snippet:-1","max-image-preview":"max-image-preview:large","max-video-preview":"max-video-preview:-1"},"canonical":"https:\/\/truusk.store\/sv\/produkt\/truusk-boho-style-gungstol-rotting-tvattbara-kladseloverdrag-naturlig-ljusgra-pe-rotting-stilfull-design-hallbart\/","og_locale":"sv_SE","og_type":"article","og_title":"TRUUSK Boho Style Gungstol - Rotting - Tv\u00e4ttbara Kl\u00e4dsel\u00f6verdrag - Naturlig + Ljusgr\u00e5 - PE Rotting - Stilfull design - H\u00e5llbart - TRUUSK - Hem, Tr\u00e4dg\u00e5rd &amp; Fritid","og_description":"Gillar du att vara utomhus? D\u00e5 \u00e4r denna gungstol precis r\u00e4tt f\u00f6r dig. P\u00e5 denna gungstol i rotting kan du...","og_url":"https:\/\/truusk.store\/sv\/produkt\/truusk-boho-style-gungstol-rotting-tvattbara-kladseloverdrag-naturlig-ljusgra-pe-rotting-stilfull-design-hallbart\/","og_site_name":"TRUUSK - Hem, Tr\u00e4dg\u00e5rd &amp; Fritid","article_modified_time":"2026-03-12T08:17:28+00:00","og_image":[{"width":800,"height":800,"url":"https:\/\/i0.wp.com\/truusk.se\/wp-content\/uploads\/2024\/02\/boho-style-gungstol-pe-rotting-rotting-gungstol-tvattbara-kladseloverdrag-naturlig-ljusgra.webp?fit=800%2C800&ssl=1","type":"image\/webp"}],"twitter_card":"summary_large_image","twitter_misc":{"Ber\u00e4knad l\u00e4stid":"1 minut"},"schema":{"@context":"https:\/\/schema.org","@graph":[{"@type":"WebPage","@id":"https:\/\/truusk.store\/sv\/produkt\/truusk-boho-style-gungstol-rotting-tvattbara-kladseloverdrag-naturlig-ljusgra-pe-rotting-stilfull-design-hallbart\/","url":"https:\/\/truusk.store\/sv\/produkt\/truusk-boho-style-gungstol-rotting-tvattbara-kladseloverdrag-naturlig-ljusgra-pe-rotting-stilfull-design-hallbart\/","name":"TRUUSK Boho Style Gungstol - Rotting - Tv\u00e4ttbara Kl\u00e4dsel\u00f6verdrag - Naturlig + Ljusgr\u00e5 - PE Rotting - Stilfull design - H\u00e5llbart - TRUUSK - Hem, Tr\u00e4dg\u00e5rd &amp; Fritid","isPartOf":{"@id":"https:\/\/truusk.store\/sv\/#website"},"primaryImageOfPage":{"@id":"https:\/\/truusk.store\/sv\/produkt\/truusk-boho-style-gungstol-rotting-tvattbara-kladseloverdrag-naturlig-ljusgra-pe-rotting-stilfull-design-hallbart\/#primaryimage"},"image":{"@id":"https:\/\/truusk.store\/sv\/produkt\/truusk-boho-style-gungstol-rotting-tvattbara-kladseloverdrag-naturlig-ljusgra-pe-rotting-stilfull-design-hallbart\/#primaryimage"},"thumbnailUrl":"https:\/\/i0.wp.com\/truusk.store\/wp-content\/uploads\/2024\/02\/boho-style-gungstol-pe-rotting-rotting-gungstol-tvattbara-kladseloverdrag-naturlig-ljusgra.webp?fit=800%2C800&ssl=1","datePublished":"2024-02-14T02:37:09+00:00","dateModified":"2026-03-12T08:17:28+00:00","breadcrumb":{"@id":"https:\/\/truusk.store\/sv\/produkt\/truusk-boho-style-gungstol-rotting-tvattbara-kladseloverdrag-naturlig-ljusgra-pe-rotting-stilfull-design-hallbart\/#breadcrumb"},"inLanguage":"sv-SE","potentialAction":[{"@type":"ReadAction","target":["https:\/\/truusk.store\/sv\/produkt\/truusk-boho-style-gungstol-rotting-tvattbara-kladseloverdrag-naturlig-ljusgra-pe-rotting-stilfull-design-hallbart\/"]}]},{"@type":"ImageObject","inLanguage":"sv-SE","@id":"https:\/\/truusk.store\/sv\/produkt\/truusk-boho-style-gungstol-rotting-tvattbara-kladseloverdrag-naturlig-ljusgra-pe-rotting-stilfull-design-hallbart\/#primaryimage","url":"https:\/\/i0.wp.com\/truusk.store\/wp-content\/uploads\/2024\/02\/boho-style-gungstol-pe-rotting-rotting-gungstol-tvattbara-kladseloverdrag-naturlig-ljusgra.webp?fit=800%2C800&ssl=1","contentUrl":"https:\/\/i0.wp.com\/truusk.store\/wp-content\/uploads\/2024\/02\/boho-style-gungstol-pe-rotting-rotting-gungstol-tvattbara-kladseloverdrag-naturlig-ljusgra.webp?fit=800%2C800&ssl=1","width":800,"height":800,"caption":"Boho Style Gungstol PE Rotting Rotting Gungstol Tv\u00e4ttbara Kl\u00e4dsel\u00f6verdrag Naturlig + Ljusgr\u00e5 1"},{"@type":"BreadcrumbList","@id":"https:\/\/truusk.store\/sv\/produkt\/truusk-boho-style-gungstol-rotting-tvattbara-kladseloverdrag-naturlig-ljusgra-pe-rotting-stilfull-design-hallbart\/#breadcrumb","itemListElement":[{"@type":"ListItem","position":1,"name":"Home","item":"https:\/\/truusk.store\/sv\/"},{"@type":"ListItem","position":2,"name":"Shop","item":"https:\/\/truusk.store\/shop\/"},{"@type":"ListItem","position":3,"name":"TRUUSK Boho Style Gungstol &#8211; Rotting &#8211; Tv\u00e4ttbara Kl\u00e4dsel\u00f6verdrag &#8211; Naturlig + Ljusgr\u00e5 &#8211; PE Rotting &#8211; Stilfull design &#8211; H\u00e5llbart"}]},{"@type":"WebSite","@id":"https:\/\/truusk.store\/sv\/#website","url":"https:\/\/truusk.store\/sv\/","name":"TRUUSK - Hem, Tr\u00e4dg\u00e5rd & Fritid","description":"","publisher":{"@id":"https:\/\/truusk.store\/sv\/#organization"},"potentialAction":[{"@type":"SearchAction","target":{"@type":"EntryPoint","urlTemplate":"https:\/\/truusk.store\/sv\/?s={search_term_string}"},"query-input":{"@type":"PropertyValueSpecification","valueRequired":true,"valueName":"search_term_string"}}],"inLanguage":"sv-SE"},{"@type":"Organization","@id":"https:\/\/truusk.store\/sv\/#organization","name":"TRUUSK - Hem, Tr\u00e4dg\u00e5rd & Fritid","url":"https:\/\/truusk.store\/sv\/","logo":{"@type":"ImageObject","inLanguage":"sv-SE","@id":"https:\/\/truusk.store\/sv\/#\/schema\/logo\/image\/","url":"https:\/\/i0.wp.com\/truusk.store\/wp-content\/uploads\/2026\/03\/cropped-TRUUSK.png?fit=2032%2C917&ssl=1","contentUrl":"https:\/\/i0.wp.com\/truusk.store\/wp-content\/uploads\/2026\/03\/cropped-TRUUSK.png?fit=2032%2C917&ssl=1","width":2032,"height":917,"caption":"TRUUSK - Hem, Tr\u00e4dg\u00e5rd & Fritid"},"image":{"@id":"https:\/\/truusk.store\/sv\/#\/schema\/logo\/image\/"}}]}},"jetpack_sharing_enabled":true,"_links":{"self":[{"href":"https:\/\/truusk.store\/sv\/wp-json\/wp\/v2\/product\/41886","targetHints":{"allow":["GET"]}}],"collection":[{"href":"https:\/\/truusk.store\/sv\/wp-json\/wp\/v2\/product"}],"about":[{"href":"https:\/\/truusk.store\/sv\/wp-json\/wp\/v2\/types\/product"}],"wp:featuredmedia":[{"embeddable":true,"href":"https:\/\/truusk.store\/sv\/wp-json\/wp\/v2\/media\/41887"}],"wp:attachment":[{"href":"https:\/\/truusk.store\/sv\/wp-json\/wp\/v2\/media?parent=41886"}],"wp:term":[{"taxonomy":"product_brand","embeddable":true,"href":"https:\/\/truusk.store\/sv\/wp-json\/wp\/v2\/product_brand?post=41886"},{"taxonomy":"product_cat","embeddable":true,"href":"https:\/\/truusk.store\/sv\/wp-json\/wp\/v2\/product_cat?post=41886"},{"taxonomy":"product_tag","embeddable":true,"href":"https:\/\/truusk.store\/sv\/wp-json\/wp\/v2\/product_tag?post=41886"}],"curies":[{"name":"wp","href":"https:\/\/api.w.org\/{rel}","templated":true}]}}