{"id":41902,"date":"2024-02-14T03:37:48","date_gmt":"2024-02-14T02:37:48","guid":{"rendered":"https:\/\/truusk.store\/product\/tradgardsbord-sidobord-stalstomme-brun-91-x-51-x-46-cm\/"},"modified":"2026-03-12T09:17:29","modified_gmt":"2026-03-12T08:17:29","slug":"truusk-tradgardsbord-sidobord-med-stalstomme-matt-91-x-51-x-46-cm-brun","status":"publish","type":"product","link":"https:\/\/truusk.store\/sv\/produkt\/truusk-tradgardsbord-sidobord-med-stalstomme-matt-91-x-51-x-46-cm-brun\/","title":{"rendered":"TRUUSK Tr\u00e4dg\u00e5rdsbord &#8211; Sidobord med St\u00e5lstomme &#8211; M\u00e5tt 91 x 51 x 46 cm &#8211; Brun"},"content":{"rendered":"<p>Detta tr\u00e4dg\u00e5rdsbord tar ditt hem till n\u00e4sta niv\u00e5. Tr\u00e4dg\u00e5rdsbordet best\u00e5r av en stadig st\u00e5lstomme med metallskiva, som \u00e4r slitstark och l\u00e4tt att reng\u00f6ra med v\u00e5tservetter. Det kan anv\u00e4ndas som ett soffbord f\u00f6r din kopp kaffe, en barvagn f\u00f6r vin eller ett v\u00e4xtst\u00e4ll f\u00f6r din skyddade murgr\u00f6na, vilket g\u00f6r det till ett perfekt val f\u00f6r alla utomhusutrymmen.<\/p>\n<h3>Beskrivning:<\/h3>\n<ul>\n<li>Stor bordsskiva f\u00f6r f\u00f6rvaring av b\u00f6cker, tidningar eller f\u00f6r att placera drycker och blomkrukor<\/li>\n<li>Stabil ram i rostfritt st\u00e5l f\u00f6r kompromissl\u00f6st st\u00f6d<\/li>\n<li>Slitsar i bordsskivan l\u00e5ter regnvatten rinna bort obehindrat<\/li>\n<li>Fotskydd skyddar ditt golv fr\u00e5n repor<\/li>\n<li>Montering kr\u00e4vs<\/li>\n<\/ul>\n<h3>Teknisk data:<\/h3>\n<ul>\n<li>F\u00e4rg brun<\/li>\n<li>Material: St\u00e5l<\/li>\n<li>\u00d6vergripande m\u00e5tt: 91L x 51W x 46H cm<\/li>\n<li>M\u00e5tt bordsskiva: 91L x 51W cm<\/li>\n<li>Viktkapacitet: 30 kg<\/li>\n<\/ul>\n<h3>Leveransens omfattning:<\/h3>\n<ul>\n<li>1 x bord<\/li>\n<li>1 x Instruktioner<\/li>\n<\/ul>\n","protected":false},"excerpt":{"rendered":"<p>Detta tr\u00e4dg\u00e5rdsbord tar ditt hem till n\u00e4sta niv\u00e5. Tr\u00e4dg\u00e5rdsbordet best\u00e5r av en stadig st\u00e5lstomme med metallskiva, som \u00e4r slitstark och&#8230;<\/p>\n","protected":false},"featured_media":41903,"template":"","meta":[],"product_brand":[],"product_cat":[435,457,450],"product_tag":[],"class_list":{"0":"post-41902","1":"product","2":"type-product","3":"status-publish","4":"has-post-thumbnail","6":"product_cat-tradgard-och-terrass","7":"product_cat-tradgardsbord","8":"product_cat-tradgardsmobler","10":"first","11":"instock","12":"sale","13":"taxable","14":"shipping-taxable","15":"purchasable","16":"product-type-simple"},"yoast_head":"<!-- This site is optimized with the Yoast SEO plugin v25.4 - https:\/\/yoast.com\/wordpress\/plugins\/seo\/ -->\n<title>TRUUSK Tr\u00e4dg\u00e5rdsbord - Sidobord med St\u00e5lstomme - M\u00e5tt 91 x 51 x 46 cm - Brun - TRUUSK - Hem, Tr\u00e4dg\u00e5rd &amp; Fritid<\/title>\n<meta name=\"robots\" content=\"index, follow, max-snippet:-1, max-image-preview:large, max-video-preview:-1\" \/>\n<link rel=\"canonical\" href=\"https:\/\/truusk.store\/sv\/produkt\/truusk-tradgardsbord-sidobord-med-stalstomme-matt-91-x-51-x-46-cm-brun\/\" \/>\n<meta property=\"og:locale\" content=\"sv_SE\" \/>\n<meta property=\"og:type\" content=\"article\" \/>\n<meta property=\"og:title\" content=\"TRUUSK Tr\u00e4dg\u00e5rdsbord - Sidobord med St\u00e5lstomme - M\u00e5tt 91 x 51 x 46 cm - Brun - TRUUSK - Hem, Tr\u00e4dg\u00e5rd &amp; Fritid\" \/>\n<meta property=\"og:description\" content=\"Detta tr\u00e4dg\u00e5rdsbord tar ditt hem till n\u00e4sta niv\u00e5. Tr\u00e4dg\u00e5rdsbordet best\u00e5r av en stadig st\u00e5lstomme med metallskiva, som \u00e4r slitstark och...\" \/>\n<meta property=\"og:url\" content=\"https:\/\/truusk.store\/sv\/produkt\/truusk-tradgardsbord-sidobord-med-stalstomme-matt-91-x-51-x-46-cm-brun\/\" \/>\n<meta property=\"og:site_name\" content=\"TRUUSK - Hem, Tr\u00e4dg\u00e5rd &amp; Fritid\" \/>\n<meta property=\"article:modified_time\" content=\"2026-03-12T08:17:29+00:00\" \/>\n<meta property=\"og:image\" content=\"https:\/\/i0.wp.com\/truusk.se\/wp-content\/uploads\/2024\/02\/tradgardsbord-sidobord-stalstomme-brun-91-x-51-x-46-cm.webp?fit=800%2C800&ssl=1\" \/>\n\t<meta property=\"og:image:width\" content=\"800\" \/>\n\t<meta property=\"og:image:height\" content=\"800\" \/>\n\t<meta property=\"og:image:type\" content=\"image\/webp\" \/>\n<meta name=\"twitter:card\" content=\"summary_large_image\" \/>\n<meta name=\"twitter:label1\" content=\"Ber\u00e4knad l\u00e4stid\" \/>\n\t<meta name=\"twitter:data1\" content=\"1 minut\" \/>\n<!-- \/ Yoast SEO plugin. -->","yoast_head_json":{"title":"TRUUSK Tr\u00e4dg\u00e5rdsbord - Sidobord med St\u00e5lstomme - M\u00e5tt 91 x 51 x 46 cm - Brun - TRUUSK - Hem, Tr\u00e4dg\u00e5rd &amp; Fritid","robots":{"index":"index","follow":"follow","max-snippet":"max-snippet:-1","max-image-preview":"max-image-preview:large","max-video-preview":"max-video-preview:-1"},"canonical":"https:\/\/truusk.store\/sv\/produkt\/truusk-tradgardsbord-sidobord-med-stalstomme-matt-91-x-51-x-46-cm-brun\/","og_locale":"sv_SE","og_type":"article","og_title":"TRUUSK Tr\u00e4dg\u00e5rdsbord - Sidobord med St\u00e5lstomme - M\u00e5tt 91 x 51 x 46 cm - Brun - TRUUSK - Hem, Tr\u00e4dg\u00e5rd &amp; Fritid","og_description":"Detta tr\u00e4dg\u00e5rdsbord tar ditt hem till n\u00e4sta niv\u00e5. Tr\u00e4dg\u00e5rdsbordet best\u00e5r av en stadig st\u00e5lstomme med metallskiva, som \u00e4r slitstark och...","og_url":"https:\/\/truusk.store\/sv\/produkt\/truusk-tradgardsbord-sidobord-med-stalstomme-matt-91-x-51-x-46-cm-brun\/","og_site_name":"TRUUSK - Hem, Tr\u00e4dg\u00e5rd &amp; Fritid","article_modified_time":"2026-03-12T08:17:29+00:00","og_image":[{"width":800,"height":800,"url":"https:\/\/i0.wp.com\/truusk.se\/wp-content\/uploads\/2024\/02\/tradgardsbord-sidobord-stalstomme-brun-91-x-51-x-46-cm.webp?fit=800%2C800&ssl=1","type":"image\/webp"}],"twitter_card":"summary_large_image","twitter_misc":{"Ber\u00e4knad l\u00e4stid":"1 minut"},"schema":{"@context":"https:\/\/schema.org","@graph":[{"@type":"WebPage","@id":"https:\/\/truusk.store\/sv\/produkt\/truusk-tradgardsbord-sidobord-med-stalstomme-matt-91-x-51-x-46-cm-brun\/","url":"https:\/\/truusk.store\/sv\/produkt\/truusk-tradgardsbord-sidobord-med-stalstomme-matt-91-x-51-x-46-cm-brun\/","name":"TRUUSK Tr\u00e4dg\u00e5rdsbord - Sidobord med St\u00e5lstomme - M\u00e5tt 91 x 51 x 46 cm - Brun - TRUUSK - Hem, Tr\u00e4dg\u00e5rd &amp; Fritid","isPartOf":{"@id":"https:\/\/truusk.store\/sv\/#website"},"primaryImageOfPage":{"@id":"https:\/\/truusk.store\/sv\/produkt\/truusk-tradgardsbord-sidobord-med-stalstomme-matt-91-x-51-x-46-cm-brun\/#primaryimage"},"image":{"@id":"https:\/\/truusk.store\/sv\/produkt\/truusk-tradgardsbord-sidobord-med-stalstomme-matt-91-x-51-x-46-cm-brun\/#primaryimage"},"thumbnailUrl":"https:\/\/i0.wp.com\/truusk.store\/wp-content\/uploads\/2024\/02\/tradgardsbord-sidobord-stalstomme-brun-91-x-51-x-46-cm.webp?fit=800%2C800&ssl=1","datePublished":"2024-02-14T02:37:48+00:00","dateModified":"2026-03-12T08:17:29+00:00","breadcrumb":{"@id":"https:\/\/truusk.store\/sv\/produkt\/truusk-tradgardsbord-sidobord-med-stalstomme-matt-91-x-51-x-46-cm-brun\/#breadcrumb"},"inLanguage":"sv-SE","potentialAction":[{"@type":"ReadAction","target":["https:\/\/truusk.store\/sv\/produkt\/truusk-tradgardsbord-sidobord-med-stalstomme-matt-91-x-51-x-46-cm-brun\/"]}]},{"@type":"ImageObject","inLanguage":"sv-SE","@id":"https:\/\/truusk.store\/sv\/produkt\/truusk-tradgardsbord-sidobord-med-stalstomme-matt-91-x-51-x-46-cm-brun\/#primaryimage","url":"https:\/\/i0.wp.com\/truusk.store\/wp-content\/uploads\/2024\/02\/tradgardsbord-sidobord-stalstomme-brun-91-x-51-x-46-cm.webp?fit=800%2C800&ssl=1","contentUrl":"https:\/\/i0.wp.com\/truusk.store\/wp-content\/uploads\/2024\/02\/tradgardsbord-sidobord-stalstomme-brun-91-x-51-x-46-cm.webp?fit=800%2C800&ssl=1","width":800,"height":800,"caption":"Tr\u00e4dg\u00e5rdsbord, Sidobord, St\u00e5lstomme, Brun, 91 X 51 X 46 Cm 1"},{"@type":"BreadcrumbList","@id":"https:\/\/truusk.store\/sv\/produkt\/truusk-tradgardsbord-sidobord-med-stalstomme-matt-91-x-51-x-46-cm-brun\/#breadcrumb","itemListElement":[{"@type":"ListItem","position":1,"name":"Home","item":"https:\/\/truusk.store\/sv\/"},{"@type":"ListItem","position":2,"name":"Shop","item":"https:\/\/truusk.store\/shop\/"},{"@type":"ListItem","position":3,"name":"TRUUSK Tr\u00e4dg\u00e5rdsbord &#8211; Sidobord med St\u00e5lstomme &#8211; M\u00e5tt 91 x 51 x 46 cm &#8211; Brun"}]},{"@type":"WebSite","@id":"https:\/\/truusk.store\/sv\/#website","url":"https:\/\/truusk.store\/sv\/","name":"TRUUSK - Hem, Tr\u00e4dg\u00e5rd & Fritid","description":"","publisher":{"@id":"https:\/\/truusk.store\/sv\/#organization"},"potentialAction":[{"@type":"SearchAction","target":{"@type":"EntryPoint","urlTemplate":"https:\/\/truusk.store\/sv\/?s={search_term_string}"},"query-input":{"@type":"PropertyValueSpecification","valueRequired":true,"valueName":"search_term_string"}}],"inLanguage":"sv-SE"},{"@type":"Organization","@id":"https:\/\/truusk.store\/sv\/#organization","name":"TRUUSK - Hem, Tr\u00e4dg\u00e5rd & Fritid","url":"https:\/\/truusk.store\/sv\/","logo":{"@type":"ImageObject","inLanguage":"sv-SE","@id":"https:\/\/truusk.store\/sv\/#\/schema\/logo\/image\/","url":"https:\/\/i0.wp.com\/truusk.store\/wp-content\/uploads\/2026\/03\/cropped-TRUUSK.png?fit=2032%2C917&ssl=1","contentUrl":"https:\/\/i0.wp.com\/truusk.store\/wp-content\/uploads\/2026\/03\/cropped-TRUUSK.png?fit=2032%2C917&ssl=1","width":2032,"height":917,"caption":"TRUUSK - Hem, Tr\u00e4dg\u00e5rd & Fritid"},"image":{"@id":"https:\/\/truusk.store\/sv\/#\/schema\/logo\/image\/"}}]}},"jetpack_sharing_enabled":true,"_links":{"self":[{"href":"https:\/\/truusk.store\/sv\/wp-json\/wp\/v2\/product\/41902","targetHints":{"allow":["GET"]}}],"collection":[{"href":"https:\/\/truusk.store\/sv\/wp-json\/wp\/v2\/product"}],"about":[{"href":"https:\/\/truusk.store\/sv\/wp-json\/wp\/v2\/types\/product"}],"wp:featuredmedia":[{"embeddable":true,"href":"https:\/\/truusk.store\/sv\/wp-json\/wp\/v2\/media\/41903"}],"wp:attachment":[{"href":"https:\/\/truusk.store\/sv\/wp-json\/wp\/v2\/media?parent=41902"}],"wp:term":[{"taxonomy":"product_brand","embeddable":true,"href":"https:\/\/truusk.store\/sv\/wp-json\/wp\/v2\/product_brand?post=41902"},{"taxonomy":"product_cat","embeddable":true,"href":"https:\/\/truusk.store\/sv\/wp-json\/wp\/v2\/product_cat?post=41902"},{"taxonomy":"product_tag","embeddable":true,"href":"https:\/\/truusk.store\/sv\/wp-json\/wp\/v2\/product_tag?post=41902"}],"curies":[{"name":"wp","href":"https:\/\/api.w.org\/{rel}","templated":true}]}}