{"id":42057,"date":"2024-02-14T03:43:22","date_gmt":"2024-02-14T02:43:22","guid":{"rendered":"https:\/\/truusk.store\/product\/korgstol-i-rottinglook-mjuka-sittdynor-aluminiumram-khakibeige-105-x-97-x-150-cm\/"},"modified":"2026-03-12T09:17:31","modified_gmt":"2026-03-12T08:17:31","slug":"truusk-rottingslook-hangstol-mjuka-sittdynor-aluminiumram-khaki-beige-105-x-97-x-150-cm","status":"publish","type":"product","link":"https:\/\/truusk.store\/sv\/produkt\/truusk-rottingslook-hangstol-mjuka-sittdynor-aluminiumram-khaki-beige-105-x-97-x-150-cm\/","title":{"rendered":"TRUUSK Rottingslook H\u00e4ngstol &#8211; Mjuka Sittdynor &#8211; Aluminiumram &#8211; Khaki &amp; Beige &#8211; 105 x 97 x 150 cm"},"content":{"rendered":"<p>Skapa den perfekta tillflyktsorten i din tr\u00e4dg\u00e5rd med denna korgstol. Metallramen s\u00e4kerst\u00e4ller l\u00e5ng livsl\u00e4ngd och h\u00f6g tillf\u00f6rlitlighet. Den sofistikerade formen erbjuder oj\u00e4mf\u00f6rlig sittkomfort och en liten retr\u00e4tt fr\u00e5n vardagens liv och r\u00f6relse. Korgen \u00e4r gjord av slitstark syntetisk rotting och ger ett starkt st\u00f6d samtidigt som du bekv\u00e4mt sjunker ner i de mjuka kuddarna och njuter av gr\u00f6nskan i din tr\u00e4dg\u00e5rd.<\/p>\n<h3>Beskrivning:<\/h3>\n<ul>\n<li>Elegant och djup sitsform, perfekt f\u00f6r att sjunka och g\u00f6mma sig, sova och koppla av<\/li>\n<li>Stabil och t\u00e5lig st\u00e5lram med rotting i syntetisk rotting f\u00f6r enkel v\u00e4derbest\u00e4ndighet<\/li>\n<li>Fyra metallben med justerbara f\u00f6tter f\u00f6r att skydda golvet<\/li>\n<li>Tjockt vadderade kuddar f\u00f6r h\u00f6g sittkomfort<\/li>\n<li>Montering kr\u00e4vs<\/li>\n<\/ul>\n<h3>Teknisk data:<\/h3>\n<ul>\n<li>F\u00e4rg: Khaki+Beige<\/li>\n<li>Material: st\u00e5l, polyester, PE<\/li>\n<li>\u00d6vergripande m\u00e5tt: 105L x 90W x 148H cm<\/li>\n<li>Sittyta: 54W x 58D cm<\/li>\n<li>Lastkapacitet: 120 kg<\/li>\n<\/ul>\n<h3>Leveransens omfattning:<\/h3>\n<ul>\n<li>1 x korgstol<\/li>\n<li>1 x Sittdyna<\/li>\n<li>1 x Ryggkudde<\/li>\n<li>2 x sidokuddar<\/li>\n<li>1 x Instruktioner<\/li>\n<\/ul>\n","protected":false},"excerpt":{"rendered":"<p>Skapa den perfekta tillflyktsorten i din tr\u00e4dg\u00e5rd med denna korgstol. Metallramen s\u00e4kerst\u00e4ller l\u00e5ng livsl\u00e4ngd och h\u00f6g tillf\u00f6rlitlighet. Den sofistikerade formen&#8230;<\/p>\n","protected":false},"featured_media":42058,"template":"","meta":[],"product_brand":[],"product_cat":[451,435,450],"product_tag":[],"class_list":{"0":"post-42057","1":"product","2":"type-product","3":"status-publish","4":"has-post-thumbnail","6":"product_cat-solstolar","7":"product_cat-tradgard-och-terrass","8":"product_cat-tradgardsmobler","10":"first","11":"instock","12":"sale","13":"taxable","14":"shipping-taxable","15":"purchasable","16":"product-type-simple"},"yoast_head":"<!-- This site is optimized with the Yoast SEO plugin v25.4 - https:\/\/yoast.com\/wordpress\/plugins\/seo\/ -->\n<title>TRUUSK Rottingslook H\u00e4ngstol - Mjuka Sittdynor - Aluminiumram - Khaki &amp; Beige - 105 x 97 x 150 cm - TRUUSK - Hem, Tr\u00e4dg\u00e5rd &amp; Fritid<\/title>\n<meta name=\"robots\" content=\"index, follow, max-snippet:-1, max-image-preview:large, max-video-preview:-1\" \/>\n<link rel=\"canonical\" href=\"https:\/\/truusk.store\/sv\/produkt\/truusk-rottingslook-hangstol-mjuka-sittdynor-aluminiumram-khaki-beige-105-x-97-x-150-cm\/\" \/>\n<meta property=\"og:locale\" content=\"sv_SE\" \/>\n<meta property=\"og:type\" content=\"article\" \/>\n<meta property=\"og:title\" content=\"TRUUSK Rottingslook H\u00e4ngstol - Mjuka Sittdynor - Aluminiumram - Khaki &amp; Beige - 105 x 97 x 150 cm - TRUUSK - Hem, Tr\u00e4dg\u00e5rd &amp; Fritid\" \/>\n<meta property=\"og:description\" content=\"Skapa den perfekta tillflyktsorten i din tr\u00e4dg\u00e5rd med denna korgstol. Metallramen s\u00e4kerst\u00e4ller l\u00e5ng livsl\u00e4ngd och h\u00f6g tillf\u00f6rlitlighet. Den sofistikerade formen...\" \/>\n<meta property=\"og:url\" content=\"https:\/\/truusk.store\/sv\/produkt\/truusk-rottingslook-hangstol-mjuka-sittdynor-aluminiumram-khaki-beige-105-x-97-x-150-cm\/\" \/>\n<meta property=\"og:site_name\" content=\"TRUUSK - Hem, Tr\u00e4dg\u00e5rd &amp; Fritid\" \/>\n<meta property=\"article:modified_time\" content=\"2026-03-12T08:17:31+00:00\" \/>\n<meta property=\"og:image\" content=\"https:\/\/i0.wp.com\/truusk.se\/wp-content\/uploads\/2024\/02\/korgstol-i-rottinglook-mjuka-sittdynor-aluminiumram-khakibeige-105-x-97-x-150-cm.webp?fit=800%2C800&ssl=1\" \/>\n\t<meta property=\"og:image:width\" content=\"800\" \/>\n\t<meta property=\"og:image:height\" content=\"800\" \/>\n\t<meta property=\"og:image:type\" content=\"image\/webp\" \/>\n<meta name=\"twitter:card\" content=\"summary_large_image\" \/>\n<meta name=\"twitter:label1\" content=\"Ber\u00e4knad l\u00e4stid\" \/>\n\t<meta name=\"twitter:data1\" content=\"1 minut\" \/>\n<!-- \/ Yoast SEO plugin. -->","yoast_head_json":{"title":"TRUUSK Rottingslook H\u00e4ngstol - Mjuka Sittdynor - Aluminiumram - Khaki &amp; Beige - 105 x 97 x 150 cm - TRUUSK - Hem, Tr\u00e4dg\u00e5rd &amp; Fritid","robots":{"index":"index","follow":"follow","max-snippet":"max-snippet:-1","max-image-preview":"max-image-preview:large","max-video-preview":"max-video-preview:-1"},"canonical":"https:\/\/truusk.store\/sv\/produkt\/truusk-rottingslook-hangstol-mjuka-sittdynor-aluminiumram-khaki-beige-105-x-97-x-150-cm\/","og_locale":"sv_SE","og_type":"article","og_title":"TRUUSK Rottingslook H\u00e4ngstol - Mjuka Sittdynor - Aluminiumram - Khaki &amp; Beige - 105 x 97 x 150 cm - TRUUSK - Hem, Tr\u00e4dg\u00e5rd &amp; Fritid","og_description":"Skapa den perfekta tillflyktsorten i din tr\u00e4dg\u00e5rd med denna korgstol. Metallramen s\u00e4kerst\u00e4ller l\u00e5ng livsl\u00e4ngd och h\u00f6g tillf\u00f6rlitlighet. Den sofistikerade formen...","og_url":"https:\/\/truusk.store\/sv\/produkt\/truusk-rottingslook-hangstol-mjuka-sittdynor-aluminiumram-khaki-beige-105-x-97-x-150-cm\/","og_site_name":"TRUUSK - Hem, Tr\u00e4dg\u00e5rd &amp; Fritid","article_modified_time":"2026-03-12T08:17:31+00:00","og_image":[{"width":800,"height":800,"url":"https:\/\/i0.wp.com\/truusk.se\/wp-content\/uploads\/2024\/02\/korgstol-i-rottinglook-mjuka-sittdynor-aluminiumram-khakibeige-105-x-97-x-150-cm.webp?fit=800%2C800&ssl=1","type":"image\/webp"}],"twitter_card":"summary_large_image","twitter_misc":{"Ber\u00e4knad l\u00e4stid":"1 minut"},"schema":{"@context":"https:\/\/schema.org","@graph":[{"@type":"WebPage","@id":"https:\/\/truusk.store\/sv\/produkt\/truusk-rottingslook-hangstol-mjuka-sittdynor-aluminiumram-khaki-beige-105-x-97-x-150-cm\/","url":"https:\/\/truusk.store\/sv\/produkt\/truusk-rottingslook-hangstol-mjuka-sittdynor-aluminiumram-khaki-beige-105-x-97-x-150-cm\/","name":"TRUUSK Rottingslook H\u00e4ngstol - Mjuka Sittdynor - Aluminiumram - Khaki &amp; Beige - 105 x 97 x 150 cm - TRUUSK - Hem, Tr\u00e4dg\u00e5rd &amp; Fritid","isPartOf":{"@id":"https:\/\/truusk.store\/sv\/#website"},"primaryImageOfPage":{"@id":"https:\/\/truusk.store\/sv\/produkt\/truusk-rottingslook-hangstol-mjuka-sittdynor-aluminiumram-khaki-beige-105-x-97-x-150-cm\/#primaryimage"},"image":{"@id":"https:\/\/truusk.store\/sv\/produkt\/truusk-rottingslook-hangstol-mjuka-sittdynor-aluminiumram-khaki-beige-105-x-97-x-150-cm\/#primaryimage"},"thumbnailUrl":"https:\/\/i0.wp.com\/truusk.store\/wp-content\/uploads\/2024\/02\/korgstol-i-rottinglook-mjuka-sittdynor-aluminiumram-khakibeige-105-x-97-x-150-cm.webp?fit=800%2C800&ssl=1","datePublished":"2024-02-14T02:43:22+00:00","dateModified":"2026-03-12T08:17:31+00:00","breadcrumb":{"@id":"https:\/\/truusk.store\/sv\/produkt\/truusk-rottingslook-hangstol-mjuka-sittdynor-aluminiumram-khaki-beige-105-x-97-x-150-cm\/#breadcrumb"},"inLanguage":"sv-SE","potentialAction":[{"@type":"ReadAction","target":["https:\/\/truusk.store\/sv\/produkt\/truusk-rottingslook-hangstol-mjuka-sittdynor-aluminiumram-khaki-beige-105-x-97-x-150-cm\/"]}]},{"@type":"ImageObject","inLanguage":"sv-SE","@id":"https:\/\/truusk.store\/sv\/produkt\/truusk-rottingslook-hangstol-mjuka-sittdynor-aluminiumram-khaki-beige-105-x-97-x-150-cm\/#primaryimage","url":"https:\/\/i0.wp.com\/truusk.store\/wp-content\/uploads\/2024\/02\/korgstol-i-rottinglook-mjuka-sittdynor-aluminiumram-khakibeige-105-x-97-x-150-cm.webp?fit=800%2C800&ssl=1","contentUrl":"https:\/\/i0.wp.com\/truusk.store\/wp-content\/uploads\/2024\/02\/korgstol-i-rottinglook-mjuka-sittdynor-aluminiumram-khakibeige-105-x-97-x-150-cm.webp?fit=800%2C800&ssl=1","width":800,"height":800,"caption":"Korgstol I Rottinglook, Mjuka Sittdynor, Aluminiumram, Khaki+beige, 105 X 97 X 150 Cm 1"},{"@type":"BreadcrumbList","@id":"https:\/\/truusk.store\/sv\/produkt\/truusk-rottingslook-hangstol-mjuka-sittdynor-aluminiumram-khaki-beige-105-x-97-x-150-cm\/#breadcrumb","itemListElement":[{"@type":"ListItem","position":1,"name":"Home","item":"https:\/\/truusk.store\/sv\/"},{"@type":"ListItem","position":2,"name":"Shop","item":"https:\/\/truusk.store\/shop\/"},{"@type":"ListItem","position":3,"name":"TRUUSK Rottingslook H\u00e4ngstol &#8211; Mjuka Sittdynor &#8211; Aluminiumram &#8211; Khaki &amp; Beige &#8211; 105 x 97 x 150 cm"}]},{"@type":"WebSite","@id":"https:\/\/truusk.store\/sv\/#website","url":"https:\/\/truusk.store\/sv\/","name":"TRUUSK - Hem, Tr\u00e4dg\u00e5rd & Fritid","description":"","publisher":{"@id":"https:\/\/truusk.store\/sv\/#organization"},"potentialAction":[{"@type":"SearchAction","target":{"@type":"EntryPoint","urlTemplate":"https:\/\/truusk.store\/sv\/?s={search_term_string}"},"query-input":{"@type":"PropertyValueSpecification","valueRequired":true,"valueName":"search_term_string"}}],"inLanguage":"sv-SE"},{"@type":"Organization","@id":"https:\/\/truusk.store\/sv\/#organization","name":"TRUUSK - Hem, Tr\u00e4dg\u00e5rd & Fritid","url":"https:\/\/truusk.store\/sv\/","logo":{"@type":"ImageObject","inLanguage":"sv-SE","@id":"https:\/\/truusk.store\/sv\/#\/schema\/logo\/image\/","url":"https:\/\/i0.wp.com\/truusk.store\/wp-content\/uploads\/2026\/03\/cropped-TRUUSK.png?fit=2032%2C917&ssl=1","contentUrl":"https:\/\/i0.wp.com\/truusk.store\/wp-content\/uploads\/2026\/03\/cropped-TRUUSK.png?fit=2032%2C917&ssl=1","width":2032,"height":917,"caption":"TRUUSK - Hem, Tr\u00e4dg\u00e5rd & Fritid"},"image":{"@id":"https:\/\/truusk.store\/sv\/#\/schema\/logo\/image\/"}}]}},"jetpack_sharing_enabled":true,"_links":{"self":[{"href":"https:\/\/truusk.store\/sv\/wp-json\/wp\/v2\/product\/42057","targetHints":{"allow":["GET"]}}],"collection":[{"href":"https:\/\/truusk.store\/sv\/wp-json\/wp\/v2\/product"}],"about":[{"href":"https:\/\/truusk.store\/sv\/wp-json\/wp\/v2\/types\/product"}],"wp:featuredmedia":[{"embeddable":true,"href":"https:\/\/truusk.store\/sv\/wp-json\/wp\/v2\/media\/42058"}],"wp:attachment":[{"href":"https:\/\/truusk.store\/sv\/wp-json\/wp\/v2\/media?parent=42057"}],"wp:term":[{"taxonomy":"product_brand","embeddable":true,"href":"https:\/\/truusk.store\/sv\/wp-json\/wp\/v2\/product_brand?post=42057"},{"taxonomy":"product_cat","embeddable":true,"href":"https:\/\/truusk.store\/sv\/wp-json\/wp\/v2\/product_cat?post=42057"},{"taxonomy":"product_tag","embeddable":true,"href":"https:\/\/truusk.store\/sv\/wp-json\/wp\/v2\/product_tag?post=42057"}],"curies":[{"name":"wp","href":"https:\/\/api.w.org\/{rel}","templated":true}]}}