{"id":42109,"date":"2024-02-14T03:45:08","date_gmt":"2024-02-14T02:45:08","guid":{"rendered":"https:\/\/truusk.store\/product\/skrapstolpe-for-kattungar-inklusive-leksaker-marmorbana-boll-med-fjader-35-cm-x-23-cm-x-40-cm-naturlig\/"},"modified":"2026-03-12T09:17:32","modified_gmt":"2026-03-12T08:17:32","slug":"truusk-skrapstolpe-for-kattungar-inklusive-leksaker-marmorbana-boll-med-fjader-naturlig-35-cm-x-23-cm-x-40-cm","status":"publish","type":"product","link":"https:\/\/truusk.store\/sv\/produkt\/truusk-skrapstolpe-for-kattungar-inklusive-leksaker-marmorbana-boll-med-fjader-naturlig-35-cm-x-23-cm-x-40-cm\/","title":{"rendered":"TRUUSK Skrapstolpe f\u00f6r Kattungar &#8211; Inklusive Leksaker &#8211; Marmorbana &#8211; Boll med Fj\u00e4der &#8211; Naturlig &#8211; 35 cm x 23 cm x 40 cm"},"content":{"rendered":"<p>Denna leksakskrapstolpe kommer att h\u00e5lla din katt glad n\u00e4r du inte \u00e4r d\u00e4r f\u00f6r att leka. Med en boll p\u00e5 en fj\u00e4der och en bana med sm\u00e5 bollar f\u00f6r o\u00e4ndligt n\u00f6je. Dina katter kommer att leka hela dagen med detta utrymmesbesparande katttr\u00e4d med inbyggd aktivitet. Katttr\u00e4det av jute g\u00f6r att katter kan h\u00e5lla klorna vassa och h\u00e5lla sig borta fr\u00e5n dina m\u00f6bler. Den enkla designen och neutrala f\u00e4rgerna passar bra till din heminredning.<\/p>\n<h3>Beskrivning:<\/h3>\n<ul>\n<li>Med en boll p\u00e5 en fj\u00e4der och en bana med sm\u00e5 bollar f\u00f6r o\u00e4ndligt n\u00f6je<\/li>\n<li>Jute-repstolpen tillfredsst\u00e4ller dina katters lust att repa och skyddar dina m\u00f6bler fr\u00e5n repor<\/li>\n<li>Tillverkad av tr\u00e4material f\u00f6r ett stabilt stativ<\/li>\n<li>L\u00e4tt och l\u00e4tt att transportera<\/li>\n<li>L\u00e4mplig f\u00f6r kattungar under 4 kg<\/li>\n<li>Enkel montering kr\u00e4vs<\/li>\n<\/ul>\n<h3>Teknisk data:<\/h3>\n<ul>\n<li>F\u00e4rg: Naturlig<\/li>\n<li>Material: sp\u00e5nskiva, jute<\/li>\n<li>Totala m\u00e5tt: 35L x 23W x 40H cm<\/li>\n<li>Basstorlek: 35L x 23W cm (botten), 29L x 17W cm (\u00f6verst)<\/li>\n<li>Storlek kula: 2,5 cm (i skenan). 4 cm (p\u00e5 fj\u00e4dern)<\/li>\n<li>Fj\u00e4derl\u00e4ngd: 14 cm<\/li>\n<li>Skrapstolps storlek: 6,5 x 34H cm<\/li>\n<li>Diskplattformsm\u00e5tt: 7 x 1,5H cm<\/li>\n<\/ul>\n<h3>Leveransens omfattning:<\/h3>\n<ul>\n<li>1 x skrapstolpe<\/li>\n<li>1 x Instruktioner<\/li>\n<\/ul>\n","protected":false},"excerpt":{"rendered":"<p>Denna leksakskrapstolpe kommer att h\u00e5lla din katt glad n\u00e4r du inte \u00e4r d\u00e4r f\u00f6r att leka. Med en boll p\u00e5&#8230;<\/p>\n","protected":false},"featured_media":42110,"template":"","meta":[],"product_brand":[],"product_cat":[573,588,589],"product_tag":[],"class_list":{"0":"post-42109","1":"product","2":"type-product","3":"status-publish","4":"has-post-thumbnail","6":"product_cat-husdjursmaterial","7":"product_cat-katttillbehor","8":"product_cat-skrapande-inlagg","10":"first","11":"instock","12":"sale","13":"taxable","14":"shipping-taxable","15":"purchasable","16":"product-type-simple"},"yoast_head":"<!-- This site is optimized with the Yoast SEO plugin v25.4 - https:\/\/yoast.com\/wordpress\/plugins\/seo\/ -->\n<title>TRUUSK Skrapstolpe f\u00f6r Kattungar - Inklusive Leksaker - Marmorbana - Boll med Fj\u00e4der - Naturlig - 35 cm x 23 cm x 40 cm - TRUUSK - Hem, Tr\u00e4dg\u00e5rd &amp; Fritid<\/title>\n<meta name=\"robots\" content=\"index, follow, max-snippet:-1, max-image-preview:large, max-video-preview:-1\" \/>\n<link rel=\"canonical\" href=\"https:\/\/truusk.store\/sv\/produkt\/truusk-skrapstolpe-for-kattungar-inklusive-leksaker-marmorbana-boll-med-fjader-naturlig-35-cm-x-23-cm-x-40-cm\/\" \/>\n<meta property=\"og:locale\" content=\"sv_SE\" \/>\n<meta property=\"og:type\" content=\"article\" \/>\n<meta property=\"og:title\" content=\"TRUUSK Skrapstolpe f\u00f6r Kattungar - Inklusive Leksaker - Marmorbana - Boll med Fj\u00e4der - Naturlig - 35 cm x 23 cm x 40 cm - TRUUSK - Hem, Tr\u00e4dg\u00e5rd &amp; Fritid\" \/>\n<meta property=\"og:description\" content=\"Denna leksakskrapstolpe kommer att h\u00e5lla din katt glad n\u00e4r du inte \u00e4r d\u00e4r f\u00f6r att leka. Med en boll p\u00e5...\" \/>\n<meta property=\"og:url\" content=\"https:\/\/truusk.store\/sv\/produkt\/truusk-skrapstolpe-for-kattungar-inklusive-leksaker-marmorbana-boll-med-fjader-naturlig-35-cm-x-23-cm-x-40-cm\/\" \/>\n<meta property=\"og:site_name\" content=\"TRUUSK - Hem, Tr\u00e4dg\u00e5rd &amp; Fritid\" \/>\n<meta property=\"article:modified_time\" content=\"2026-03-12T08:17:32+00:00\" \/>\n<meta property=\"og:image\" content=\"https:\/\/i0.wp.com\/truusk.se\/wp-content\/uploads\/2024\/02\/skrapstolpe-for-kattungar-inklusive-leksaker-marmorbana-boll-med-fjader-35-cm-x-23-cm-x-40-cm-naturlig.webp?fit=800%2C800&ssl=1\" \/>\n\t<meta property=\"og:image:width\" content=\"800\" \/>\n\t<meta property=\"og:image:height\" content=\"800\" \/>\n\t<meta property=\"og:image:type\" content=\"image\/webp\" \/>\n<meta name=\"twitter:card\" content=\"summary_large_image\" \/>\n<meta name=\"twitter:label1\" content=\"Ber\u00e4knad l\u00e4stid\" \/>\n\t<meta name=\"twitter:data1\" content=\"1 minut\" \/>\n<!-- \/ Yoast SEO plugin. -->","yoast_head_json":{"title":"TRUUSK Skrapstolpe f\u00f6r Kattungar - Inklusive Leksaker - Marmorbana - Boll med Fj\u00e4der - Naturlig - 35 cm x 23 cm x 40 cm - TRUUSK - Hem, Tr\u00e4dg\u00e5rd &amp; Fritid","robots":{"index":"index","follow":"follow","max-snippet":"max-snippet:-1","max-image-preview":"max-image-preview:large","max-video-preview":"max-video-preview:-1"},"canonical":"https:\/\/truusk.store\/sv\/produkt\/truusk-skrapstolpe-for-kattungar-inklusive-leksaker-marmorbana-boll-med-fjader-naturlig-35-cm-x-23-cm-x-40-cm\/","og_locale":"sv_SE","og_type":"article","og_title":"TRUUSK Skrapstolpe f\u00f6r Kattungar - Inklusive Leksaker - Marmorbana - Boll med Fj\u00e4der - Naturlig - 35 cm x 23 cm x 40 cm - TRUUSK - Hem, Tr\u00e4dg\u00e5rd &amp; Fritid","og_description":"Denna leksakskrapstolpe kommer att h\u00e5lla din katt glad n\u00e4r du inte \u00e4r d\u00e4r f\u00f6r att leka. Med en boll p\u00e5...","og_url":"https:\/\/truusk.store\/sv\/produkt\/truusk-skrapstolpe-for-kattungar-inklusive-leksaker-marmorbana-boll-med-fjader-naturlig-35-cm-x-23-cm-x-40-cm\/","og_site_name":"TRUUSK - Hem, Tr\u00e4dg\u00e5rd &amp; Fritid","article_modified_time":"2026-03-12T08:17:32+00:00","og_image":[{"width":800,"height":800,"url":"https:\/\/i0.wp.com\/truusk.se\/wp-content\/uploads\/2024\/02\/skrapstolpe-for-kattungar-inklusive-leksaker-marmorbana-boll-med-fjader-35-cm-x-23-cm-x-40-cm-naturlig.webp?fit=800%2C800&ssl=1","type":"image\/webp"}],"twitter_card":"summary_large_image","twitter_misc":{"Ber\u00e4knad l\u00e4stid":"1 minut"},"schema":{"@context":"https:\/\/schema.org","@graph":[{"@type":"WebPage","@id":"https:\/\/truusk.store\/sv\/produkt\/truusk-skrapstolpe-for-kattungar-inklusive-leksaker-marmorbana-boll-med-fjader-naturlig-35-cm-x-23-cm-x-40-cm\/","url":"https:\/\/truusk.store\/sv\/produkt\/truusk-skrapstolpe-for-kattungar-inklusive-leksaker-marmorbana-boll-med-fjader-naturlig-35-cm-x-23-cm-x-40-cm\/","name":"TRUUSK Skrapstolpe f\u00f6r Kattungar - Inklusive Leksaker - Marmorbana - Boll med Fj\u00e4der - Naturlig - 35 cm x 23 cm x 40 cm - TRUUSK - Hem, Tr\u00e4dg\u00e5rd &amp; Fritid","isPartOf":{"@id":"https:\/\/truusk.store\/sv\/#website"},"primaryImageOfPage":{"@id":"https:\/\/truusk.store\/sv\/produkt\/truusk-skrapstolpe-for-kattungar-inklusive-leksaker-marmorbana-boll-med-fjader-naturlig-35-cm-x-23-cm-x-40-cm\/#primaryimage"},"image":{"@id":"https:\/\/truusk.store\/sv\/produkt\/truusk-skrapstolpe-for-kattungar-inklusive-leksaker-marmorbana-boll-med-fjader-naturlig-35-cm-x-23-cm-x-40-cm\/#primaryimage"},"thumbnailUrl":"https:\/\/i0.wp.com\/truusk.store\/wp-content\/uploads\/2024\/02\/skrapstolpe-for-kattungar-inklusive-leksaker-marmorbana-boll-med-fjader-35-cm-x-23-cm-x-40-cm-naturlig.webp?fit=800%2C800&ssl=1","datePublished":"2024-02-14T02:45:08+00:00","dateModified":"2026-03-12T08:17:32+00:00","breadcrumb":{"@id":"https:\/\/truusk.store\/sv\/produkt\/truusk-skrapstolpe-for-kattungar-inklusive-leksaker-marmorbana-boll-med-fjader-naturlig-35-cm-x-23-cm-x-40-cm\/#breadcrumb"},"inLanguage":"sv-SE","potentialAction":[{"@type":"ReadAction","target":["https:\/\/truusk.store\/sv\/produkt\/truusk-skrapstolpe-for-kattungar-inklusive-leksaker-marmorbana-boll-med-fjader-naturlig-35-cm-x-23-cm-x-40-cm\/"]}]},{"@type":"ImageObject","inLanguage":"sv-SE","@id":"https:\/\/truusk.store\/sv\/produkt\/truusk-skrapstolpe-for-kattungar-inklusive-leksaker-marmorbana-boll-med-fjader-naturlig-35-cm-x-23-cm-x-40-cm\/#primaryimage","url":"https:\/\/i0.wp.com\/truusk.store\/wp-content\/uploads\/2024\/02\/skrapstolpe-for-kattungar-inklusive-leksaker-marmorbana-boll-med-fjader-35-cm-x-23-cm-x-40-cm-naturlig.webp?fit=800%2C800&ssl=1","contentUrl":"https:\/\/i0.wp.com\/truusk.store\/wp-content\/uploads\/2024\/02\/skrapstolpe-for-kattungar-inklusive-leksaker-marmorbana-boll-med-fjader-35-cm-x-23-cm-x-40-cm-naturlig.webp?fit=800%2C800&ssl=1","width":800,"height":800,"caption":"Skrapstolpe F\u00f6r Kattungar Inklusive Leksaker, Marmorbana, Boll Med Fj\u00e4der, 35 Cm X 23 Cm X 40 Cm, Naturlig 1"},{"@type":"BreadcrumbList","@id":"https:\/\/truusk.store\/sv\/produkt\/truusk-skrapstolpe-for-kattungar-inklusive-leksaker-marmorbana-boll-med-fjader-naturlig-35-cm-x-23-cm-x-40-cm\/#breadcrumb","itemListElement":[{"@type":"ListItem","position":1,"name":"Home","item":"https:\/\/truusk.store\/sv\/"},{"@type":"ListItem","position":2,"name":"Shop","item":"https:\/\/truusk.store\/shop\/"},{"@type":"ListItem","position":3,"name":"TRUUSK Skrapstolpe f\u00f6r Kattungar &#8211; Inklusive Leksaker &#8211; Marmorbana &#8211; Boll med Fj\u00e4der &#8211; Naturlig &#8211; 35 cm x 23 cm x 40 cm"}]},{"@type":"WebSite","@id":"https:\/\/truusk.store\/sv\/#website","url":"https:\/\/truusk.store\/sv\/","name":"TRUUSK - Hem, Tr\u00e4dg\u00e5rd & Fritid","description":"","publisher":{"@id":"https:\/\/truusk.store\/sv\/#organization"},"potentialAction":[{"@type":"SearchAction","target":{"@type":"EntryPoint","urlTemplate":"https:\/\/truusk.store\/sv\/?s={search_term_string}"},"query-input":{"@type":"PropertyValueSpecification","valueRequired":true,"valueName":"search_term_string"}}],"inLanguage":"sv-SE"},{"@type":"Organization","@id":"https:\/\/truusk.store\/sv\/#organization","name":"TRUUSK - Hem, Tr\u00e4dg\u00e5rd & Fritid","url":"https:\/\/truusk.store\/sv\/","logo":{"@type":"ImageObject","inLanguage":"sv-SE","@id":"https:\/\/truusk.store\/sv\/#\/schema\/logo\/image\/","url":"https:\/\/i0.wp.com\/truusk.store\/wp-content\/uploads\/2026\/03\/cropped-TRUUSK.png?fit=2032%2C917&ssl=1","contentUrl":"https:\/\/i0.wp.com\/truusk.store\/wp-content\/uploads\/2026\/03\/cropped-TRUUSK.png?fit=2032%2C917&ssl=1","width":2032,"height":917,"caption":"TRUUSK - Hem, Tr\u00e4dg\u00e5rd & Fritid"},"image":{"@id":"https:\/\/truusk.store\/sv\/#\/schema\/logo\/image\/"}}]}},"jetpack_sharing_enabled":true,"_links":{"self":[{"href":"https:\/\/truusk.store\/sv\/wp-json\/wp\/v2\/product\/42109","targetHints":{"allow":["GET"]}}],"collection":[{"href":"https:\/\/truusk.store\/sv\/wp-json\/wp\/v2\/product"}],"about":[{"href":"https:\/\/truusk.store\/sv\/wp-json\/wp\/v2\/types\/product"}],"wp:featuredmedia":[{"embeddable":true,"href":"https:\/\/truusk.store\/sv\/wp-json\/wp\/v2\/media\/42110"}],"wp:attachment":[{"href":"https:\/\/truusk.store\/sv\/wp-json\/wp\/v2\/media?parent=42109"}],"wp:term":[{"taxonomy":"product_brand","embeddable":true,"href":"https:\/\/truusk.store\/sv\/wp-json\/wp\/v2\/product_brand?post=42109"},{"taxonomy":"product_cat","embeddable":true,"href":"https:\/\/truusk.store\/sv\/wp-json\/wp\/v2\/product_cat?post=42109"},{"taxonomy":"product_tag","embeddable":true,"href":"https:\/\/truusk.store\/sv\/wp-json\/wp\/v2\/product_tag?post=42109"}],"curies":[{"name":"wp","href":"https:\/\/api.w.org\/{rel}","templated":true}]}}