{"id":42129,"date":"2024-02-14T03:45:50","date_gmt":"2024-02-14T02:45:50","guid":{"rendered":"https:\/\/truusk.store\/product\/tradgardsbank-i-metall-2-sits-blommonster-vaderbestandig-127-x-63-x-83-cm-svart\/"},"modified":"2026-03-12T09:17:33","modified_gmt":"2026-03-12T08:17:33","slug":"truusk-tradgardsbank-i-metall-2-sits-blommonster-vaderbestandig-127-x-63-x-83-cm-svart","status":"publish","type":"product","link":"https:\/\/truusk.store\/sv\/produkt\/truusk-tradgardsbank-i-metall-2-sits-blommonster-vaderbestandig-127-x-63-x-83-cm-svart\/","title":{"rendered":"TRUUSK Tr\u00e4dg\u00e5rdsb\u00e4nk i Metall &#8211; 2-sits &#8211; Blomm\u00f6nster &#8211; V\u00e4derbest\u00e4ndig &#8211; 127 x 63 x 83 cm &#8211; Svart"},"content":{"rendered":"<p>Njut av din favoritplats i tr\u00e4dg\u00e5rden p\u00e5 denna tr\u00e4dg\u00e5rdsb\u00e4nk. Tillverkad av st\u00e5l, \u00e4r b\u00e4nken robust, v\u00e4derbest\u00e4ndig, men \u00e4nd\u00e5 bekv\u00e4m nog att koppla av i solen i timmar. De tv\u00e5 armst\u00f6den ger gott om plats att vila armarna och g\u00f6r balkongb\u00e4nken till den perfekta platsen f\u00f6r tv\u00e5 att koppla av. L\u00e4gg till en touch av elegans till ditt utomhusomr\u00e5de med denna nostalgiska tr\u00e4dg\u00e5rdsb\u00e4nk.<\/p>\n<h3>Beskrivning:<\/h3>\n<ul>\n<li>Tidl\u00f6s stil passar in i varje tr\u00e4dg\u00e5rd och terrass<\/li>\n<li>Sitsen \u00e4r tillverkad av st\u00e5l f\u00f6r att s\u00e4kerst\u00e4lla en l\u00e5ng livsl\u00e4ngd<\/li>\n<li>De tv\u00e5 armst\u00f6den g\u00f6r denna tr\u00e4dg\u00e5rdsb\u00e4nk extra bekv\u00e4m<\/li>\n<li>Det blommiga ryggst\u00f6det och det vattengenomsl\u00e4ppliga s\u00e4tet g\u00f6r denna b\u00e4nk till en bekv\u00e4m plats att vila p\u00e5<\/li>\n<li>Den robusta konstruktionen av balkongb\u00e4nken erbjuder sittplatser f\u00f6r tv\u00e5 personer och t\u00e5l en vikt p\u00e5 upp till 240 kg<\/li>\n<li>Sitsen \u00e4r gjord av lameller och l\u00e5ter regnvatten rinna fritt<\/li>\n<li>Montering kr\u00e4vs<\/li>\n<\/ul>\n<h3>Teknisk data:<\/h3>\n<ul>\n<li>Svart f\u00e4rg<\/li>\n<li>Material: st\u00e5l<\/li>\n<li>\u00d6vergripande m\u00e5tt: 127L x 63W x 83H cm<\/li>\n<li>Sitsstorlek: 122W x 41D cm<\/li>\n<li>Sitth\u00f6jd: 40 cm<\/li>\n<li>Ryggst\u00f6dsstorlek: 120W x 38,5D cm<\/li>\n<li>Lastkapacitet: 240 kg<\/li>\n<\/ul>\n<h3>Leveransens omfattning:<\/h3>\n<ul>\n<li>1 x Tr\u00e4dg\u00e5rdsb\u00e4nk<\/li>\n<li>1 x Instruktioner<\/li>\n<\/ul>\n","protected":false},"excerpt":{"rendered":"<p>Njut av din favoritplats i tr\u00e4dg\u00e5rden p\u00e5 denna tr\u00e4dg\u00e5rdsb\u00e4nk. Tillverkad av st\u00e5l, \u00e4r b\u00e4nken robust, v\u00e4derbest\u00e4ndig, men \u00e4nd\u00e5 bekv\u00e4m nog&#8230;<\/p>\n","protected":false},"featured_media":42130,"template":"","meta":[],"product_brand":[],"product_cat":[435,454,450],"product_tag":[],"class_list":{"0":"post-42129","1":"product","2":"type-product","3":"status-publish","4":"has-post-thumbnail","6":"product_cat-tradgard-och-terrass","7":"product_cat-tradgardsbankar","8":"product_cat-tradgardsmobler","10":"first","11":"instock","12":"sale","13":"taxable","14":"shipping-taxable","15":"purchasable","16":"product-type-simple"},"yoast_head":"<!-- This site is optimized with the Yoast SEO plugin v25.4 - https:\/\/yoast.com\/wordpress\/plugins\/seo\/ -->\n<title>TRUUSK Tr\u00e4dg\u00e5rdsb\u00e4nk i Metall - 2-sits - Blomm\u00f6nster - V\u00e4derbest\u00e4ndig - 127 x 63 x 83 cm - Svart - TRUUSK - Hem, Tr\u00e4dg\u00e5rd &amp; Fritid<\/title>\n<meta name=\"robots\" content=\"index, follow, max-snippet:-1, max-image-preview:large, max-video-preview:-1\" \/>\n<link rel=\"canonical\" href=\"https:\/\/truusk.store\/sv\/produkt\/truusk-tradgardsbank-i-metall-2-sits-blommonster-vaderbestandig-127-x-63-x-83-cm-svart\/\" \/>\n<meta property=\"og:locale\" content=\"sv_SE\" \/>\n<meta property=\"og:type\" content=\"article\" \/>\n<meta property=\"og:title\" content=\"TRUUSK Tr\u00e4dg\u00e5rdsb\u00e4nk i Metall - 2-sits - Blomm\u00f6nster - V\u00e4derbest\u00e4ndig - 127 x 63 x 83 cm - Svart - TRUUSK - Hem, Tr\u00e4dg\u00e5rd &amp; Fritid\" \/>\n<meta property=\"og:description\" content=\"Njut av din favoritplats i tr\u00e4dg\u00e5rden p\u00e5 denna tr\u00e4dg\u00e5rdsb\u00e4nk. Tillverkad av st\u00e5l, \u00e4r b\u00e4nken robust, v\u00e4derbest\u00e4ndig, men \u00e4nd\u00e5 bekv\u00e4m nog...\" \/>\n<meta property=\"og:url\" content=\"https:\/\/truusk.store\/sv\/produkt\/truusk-tradgardsbank-i-metall-2-sits-blommonster-vaderbestandig-127-x-63-x-83-cm-svart\/\" \/>\n<meta property=\"og:site_name\" content=\"TRUUSK - Hem, Tr\u00e4dg\u00e5rd &amp; Fritid\" \/>\n<meta property=\"article:modified_time\" content=\"2026-03-12T08:17:33+00:00\" \/>\n<meta property=\"og:image\" content=\"https:\/\/i0.wp.com\/truusk.se\/wp-content\/uploads\/2024\/02\/tradgardsbank-i-metall-2-sits-blommonster-vaderbestandig-127-x-63-x-83-cm-svart.webp?fit=800%2C800&ssl=1\" \/>\n\t<meta property=\"og:image:width\" content=\"800\" \/>\n\t<meta property=\"og:image:height\" content=\"800\" \/>\n\t<meta property=\"og:image:type\" content=\"image\/webp\" \/>\n<meta name=\"twitter:card\" content=\"summary_large_image\" \/>\n<meta name=\"twitter:label1\" content=\"Ber\u00e4knad l\u00e4stid\" \/>\n\t<meta name=\"twitter:data1\" content=\"1 minut\" \/>\n<!-- \/ Yoast SEO plugin. -->","yoast_head_json":{"title":"TRUUSK Tr\u00e4dg\u00e5rdsb\u00e4nk i Metall - 2-sits - Blomm\u00f6nster - V\u00e4derbest\u00e4ndig - 127 x 63 x 83 cm - Svart - TRUUSK - Hem, Tr\u00e4dg\u00e5rd &amp; Fritid","robots":{"index":"index","follow":"follow","max-snippet":"max-snippet:-1","max-image-preview":"max-image-preview:large","max-video-preview":"max-video-preview:-1"},"canonical":"https:\/\/truusk.store\/sv\/produkt\/truusk-tradgardsbank-i-metall-2-sits-blommonster-vaderbestandig-127-x-63-x-83-cm-svart\/","og_locale":"sv_SE","og_type":"article","og_title":"TRUUSK Tr\u00e4dg\u00e5rdsb\u00e4nk i Metall - 2-sits - Blomm\u00f6nster - V\u00e4derbest\u00e4ndig - 127 x 63 x 83 cm - Svart - TRUUSK - Hem, Tr\u00e4dg\u00e5rd &amp; Fritid","og_description":"Njut av din favoritplats i tr\u00e4dg\u00e5rden p\u00e5 denna tr\u00e4dg\u00e5rdsb\u00e4nk. Tillverkad av st\u00e5l, \u00e4r b\u00e4nken robust, v\u00e4derbest\u00e4ndig, men \u00e4nd\u00e5 bekv\u00e4m nog...","og_url":"https:\/\/truusk.store\/sv\/produkt\/truusk-tradgardsbank-i-metall-2-sits-blommonster-vaderbestandig-127-x-63-x-83-cm-svart\/","og_site_name":"TRUUSK - Hem, Tr\u00e4dg\u00e5rd &amp; Fritid","article_modified_time":"2026-03-12T08:17:33+00:00","og_image":[{"width":800,"height":800,"url":"https:\/\/i0.wp.com\/truusk.se\/wp-content\/uploads\/2024\/02\/tradgardsbank-i-metall-2-sits-blommonster-vaderbestandig-127-x-63-x-83-cm-svart.webp?fit=800%2C800&ssl=1","type":"image\/webp"}],"twitter_card":"summary_large_image","twitter_misc":{"Ber\u00e4knad l\u00e4stid":"1 minut"},"schema":{"@context":"https:\/\/schema.org","@graph":[{"@type":"WebPage","@id":"https:\/\/truusk.store\/sv\/produkt\/truusk-tradgardsbank-i-metall-2-sits-blommonster-vaderbestandig-127-x-63-x-83-cm-svart\/","url":"https:\/\/truusk.store\/sv\/produkt\/truusk-tradgardsbank-i-metall-2-sits-blommonster-vaderbestandig-127-x-63-x-83-cm-svart\/","name":"TRUUSK Tr\u00e4dg\u00e5rdsb\u00e4nk i Metall - 2-sits - Blomm\u00f6nster - V\u00e4derbest\u00e4ndig - 127 x 63 x 83 cm - Svart - TRUUSK - Hem, Tr\u00e4dg\u00e5rd &amp; Fritid","isPartOf":{"@id":"https:\/\/truusk.store\/sv\/#website"},"primaryImageOfPage":{"@id":"https:\/\/truusk.store\/sv\/produkt\/truusk-tradgardsbank-i-metall-2-sits-blommonster-vaderbestandig-127-x-63-x-83-cm-svart\/#primaryimage"},"image":{"@id":"https:\/\/truusk.store\/sv\/produkt\/truusk-tradgardsbank-i-metall-2-sits-blommonster-vaderbestandig-127-x-63-x-83-cm-svart\/#primaryimage"},"thumbnailUrl":"https:\/\/i0.wp.com\/truusk.store\/wp-content\/uploads\/2024\/02\/tradgardsbank-i-metall-2-sits-blommonster-vaderbestandig-127-x-63-x-83-cm-svart.webp?fit=800%2C800&ssl=1","datePublished":"2024-02-14T02:45:50+00:00","dateModified":"2026-03-12T08:17:33+00:00","breadcrumb":{"@id":"https:\/\/truusk.store\/sv\/produkt\/truusk-tradgardsbank-i-metall-2-sits-blommonster-vaderbestandig-127-x-63-x-83-cm-svart\/#breadcrumb"},"inLanguage":"sv-SE","potentialAction":[{"@type":"ReadAction","target":["https:\/\/truusk.store\/sv\/produkt\/truusk-tradgardsbank-i-metall-2-sits-blommonster-vaderbestandig-127-x-63-x-83-cm-svart\/"]}]},{"@type":"ImageObject","inLanguage":"sv-SE","@id":"https:\/\/truusk.store\/sv\/produkt\/truusk-tradgardsbank-i-metall-2-sits-blommonster-vaderbestandig-127-x-63-x-83-cm-svart\/#primaryimage","url":"https:\/\/i0.wp.com\/truusk.store\/wp-content\/uploads\/2024\/02\/tradgardsbank-i-metall-2-sits-blommonster-vaderbestandig-127-x-63-x-83-cm-svart.webp?fit=800%2C800&ssl=1","contentUrl":"https:\/\/i0.wp.com\/truusk.store\/wp-content\/uploads\/2024\/02\/tradgardsbank-i-metall-2-sits-blommonster-vaderbestandig-127-x-63-x-83-cm-svart.webp?fit=800%2C800&ssl=1","width":800,"height":800,"caption":"Tr\u00e4dg\u00e5rdsb\u00e4nk I Metall, 2-sits, Blomm\u00f6nster, V\u00e4derbest\u00e4ndig, 127 X 63 X 83 Cm, Svart 1"},{"@type":"BreadcrumbList","@id":"https:\/\/truusk.store\/sv\/produkt\/truusk-tradgardsbank-i-metall-2-sits-blommonster-vaderbestandig-127-x-63-x-83-cm-svart\/#breadcrumb","itemListElement":[{"@type":"ListItem","position":1,"name":"Home","item":"https:\/\/truusk.store\/sv\/"},{"@type":"ListItem","position":2,"name":"Shop","item":"https:\/\/truusk.store\/shop\/"},{"@type":"ListItem","position":3,"name":"TRUUSK Tr\u00e4dg\u00e5rdsb\u00e4nk i Metall &#8211; 2-sits &#8211; Blomm\u00f6nster &#8211; V\u00e4derbest\u00e4ndig &#8211; 127 x 63 x 83 cm &#8211; Svart"}]},{"@type":"WebSite","@id":"https:\/\/truusk.store\/sv\/#website","url":"https:\/\/truusk.store\/sv\/","name":"TRUUSK - Hem, Tr\u00e4dg\u00e5rd & Fritid","description":"","publisher":{"@id":"https:\/\/truusk.store\/sv\/#organization"},"potentialAction":[{"@type":"SearchAction","target":{"@type":"EntryPoint","urlTemplate":"https:\/\/truusk.store\/sv\/?s={search_term_string}"},"query-input":{"@type":"PropertyValueSpecification","valueRequired":true,"valueName":"search_term_string"}}],"inLanguage":"sv-SE"},{"@type":"Organization","@id":"https:\/\/truusk.store\/sv\/#organization","name":"TRUUSK - Hem, Tr\u00e4dg\u00e5rd & Fritid","url":"https:\/\/truusk.store\/sv\/","logo":{"@type":"ImageObject","inLanguage":"sv-SE","@id":"https:\/\/truusk.store\/sv\/#\/schema\/logo\/image\/","url":"https:\/\/i0.wp.com\/truusk.store\/wp-content\/uploads\/2026\/03\/cropped-TRUUSK.png?fit=2032%2C917&ssl=1","contentUrl":"https:\/\/i0.wp.com\/truusk.store\/wp-content\/uploads\/2026\/03\/cropped-TRUUSK.png?fit=2032%2C917&ssl=1","width":2032,"height":917,"caption":"TRUUSK - Hem, Tr\u00e4dg\u00e5rd & Fritid"},"image":{"@id":"https:\/\/truusk.store\/sv\/#\/schema\/logo\/image\/"}}]}},"jetpack_sharing_enabled":true,"_links":{"self":[{"href":"https:\/\/truusk.store\/sv\/wp-json\/wp\/v2\/product\/42129","targetHints":{"allow":["GET"]}}],"collection":[{"href":"https:\/\/truusk.store\/sv\/wp-json\/wp\/v2\/product"}],"about":[{"href":"https:\/\/truusk.store\/sv\/wp-json\/wp\/v2\/types\/product"}],"wp:featuredmedia":[{"embeddable":true,"href":"https:\/\/truusk.store\/sv\/wp-json\/wp\/v2\/media\/42130"}],"wp:attachment":[{"href":"https:\/\/truusk.store\/sv\/wp-json\/wp\/v2\/media?parent=42129"}],"wp:term":[{"taxonomy":"product_brand","embeddable":true,"href":"https:\/\/truusk.store\/sv\/wp-json\/wp\/v2\/product_brand?post=42129"},{"taxonomy":"product_cat","embeddable":true,"href":"https:\/\/truusk.store\/sv\/wp-json\/wp\/v2\/product_cat?post=42129"},{"taxonomy":"product_tag","embeddable":true,"href":"https:\/\/truusk.store\/sv\/wp-json\/wp\/v2\/product_tag?post=42129"}],"curies":[{"name":"wp","href":"https:\/\/api.w.org\/{rel}","templated":true}]}}