{"id":42136,"date":"2024-02-14T03:46:07","date_gmt":"2024-02-14T02:46:07","guid":{"rendered":"https:\/\/truusk.store\/product\/kattkorg-kattgrotta-inklusive-kudde-2-delad-50-cm-x-50-cm-x-60-cm-kramvit-brun\/"},"modified":"2026-03-12T09:18:06","modified_gmt":"2026-03-12T08:18:06","slug":"truusk-kattkorg-med-kudde-2-delad-design-50x50x60-cm-kramvit-brun","status":"publish","type":"product","link":"https:\/\/truusk.store\/sv\/produkt\/truusk-kattkorg-med-kudde-2-delad-design-50x50x60-cm-kramvit-brun\/","title":{"rendered":"TRUUSK Kattkorg Med Kudde &#8211; 2-delad Design &#8211; 50x50x60 cm &#8211; Kr\u00e4mvit &amp; Brun"},"content":{"rendered":"<p>Denna kattgrotta erbjuder din katt en skyddad plats att sova och tupplur p\u00e5. En mjuk kudde ing\u00e5r f\u00f6r extra komfort. Denna kattkorg \u00e4r stabil och s\u00e4ker och rymmer upp till 5 kg. Ge din lurviga v\u00e4n en katts\u00e4ng d\u00e4r han kan sova och sova.<\/p>\n<h3>Beskrivning:<\/h3>\n<ul>\n<li>Den fl\u00e4tade designen ger en naturlig, klassisk stil till ditt hem<\/li>\n<li>Modern och flexibel konstruktion, passar alla heminredningar<\/li>\n<li>Tillverkad med en metallram \u00e4r stabil, h\u00e5llbar och l\u00e4tt att reng\u00f6ra.<\/li>\n<li>Den mjuka kudden ing\u00e5r f\u00f6r extra komfort<\/li>\n<li>Den f\u00f6rh\u00f6jda designen erbjuder sp\u00e4nnande nya s\u00e4tt att sova och leka<\/li>\n<li>L\u00e4mplig f\u00f6r katter under 5 kg<\/li>\n<li>Cylindrisk bas f\u00f6r stabilitet<\/li>\n<\/ul>\n<h3>Teknisk data:<\/h3>\n<ul>\n<li>F\u00e4rg: lila+kr\u00e4mvit<\/li>\n<li>Material: st\u00e5ltr\u00e5d, polyesterrep, flanell (100% polyester), PP-bomull<\/li>\n<li>Max lastkapacitet: 10 kg<\/li>\n<li>Totala m\u00e5tt: 50L x 50W x 60H cm<\/li>\n<li>Innerdiameter: 45 cm<\/li>\n<li>M\u00e5tt p\u00e5 katth\u00e5let: 38 cm<\/li>\n<\/ul>\n<h3>Leveransens omfattning:<\/h3>\n<ul>\n<li>1 x kattkorg;<\/li>\n<\/ul>\n","protected":false},"excerpt":{"rendered":"<p>Denna kattgrotta erbjuder din katt en skyddad plats att sova och tupplur p\u00e5. En mjuk kudde ing\u00e5r f\u00f6r extra komfort&#8230;.<\/p>\n","protected":false},"featured_media":42137,"template":"","meta":[],"product_brand":[],"product_cat":[573,590,588],"product_tag":[],"class_list":{"0":"post-42136","1":"product","2":"type-product","3":"status-publish","4":"has-post-thumbnail","6":"product_cat-husdjursmaterial","7":"product_cat-kattgrottor-kattsangar","8":"product_cat-katttillbehor","10":"first","11":"instock","12":"sale","13":"taxable","14":"shipping-taxable","15":"purchasable","16":"product-type-simple"},"yoast_head":"<!-- This site is optimized with the Yoast SEO plugin v25.4 - https:\/\/yoast.com\/wordpress\/plugins\/seo\/ -->\n<title>TRUUSK Kattkorg Med Kudde - 2-delad Design - 50x50x60 cm - Kr\u00e4mvit &amp; Brun - TRUUSK - Hem, Tr\u00e4dg\u00e5rd &amp; Fritid<\/title>\n<meta name=\"robots\" content=\"index, follow, max-snippet:-1, max-image-preview:large, max-video-preview:-1\" \/>\n<link rel=\"canonical\" href=\"https:\/\/truusk.store\/sv\/produkt\/truusk-kattkorg-med-kudde-2-delad-design-50x50x60-cm-kramvit-brun\/\" \/>\n<meta property=\"og:locale\" content=\"sv_SE\" \/>\n<meta property=\"og:type\" content=\"article\" \/>\n<meta property=\"og:title\" content=\"TRUUSK Kattkorg Med Kudde - 2-delad Design - 50x50x60 cm - Kr\u00e4mvit &amp; Brun - TRUUSK - Hem, Tr\u00e4dg\u00e5rd &amp; Fritid\" \/>\n<meta property=\"og:description\" content=\"Denna kattgrotta erbjuder din katt en skyddad plats att sova och tupplur p\u00e5. En mjuk kudde ing\u00e5r f\u00f6r extra komfort....\" \/>\n<meta property=\"og:url\" content=\"https:\/\/truusk.store\/sv\/produkt\/truusk-kattkorg-med-kudde-2-delad-design-50x50x60-cm-kramvit-brun\/\" \/>\n<meta property=\"og:site_name\" content=\"TRUUSK - Hem, Tr\u00e4dg\u00e5rd &amp; Fritid\" \/>\n<meta property=\"article:modified_time\" content=\"2026-03-12T08:18:06+00:00\" \/>\n<meta property=\"og:image\" content=\"https:\/\/i0.wp.com\/truusk.se\/wp-content\/uploads\/2024\/02\/kattkorg-kattgrotta-inklusive-kudde-2-delad-50-cm-x-50-cm-x-60-cm-kramvit-brun.webp?fit=800%2C800&ssl=1\" \/>\n\t<meta property=\"og:image:width\" content=\"800\" \/>\n\t<meta property=\"og:image:height\" content=\"800\" \/>\n\t<meta property=\"og:image:type\" content=\"image\/webp\" \/>\n<meta name=\"twitter:card\" content=\"summary_large_image\" \/>\n<meta name=\"twitter:label1\" content=\"Ber\u00e4knad l\u00e4stid\" \/>\n\t<meta name=\"twitter:data1\" content=\"1 minut\" \/>\n<!-- \/ Yoast SEO plugin. -->","yoast_head_json":{"title":"TRUUSK Kattkorg Med Kudde - 2-delad Design - 50x50x60 cm - Kr\u00e4mvit &amp; Brun - TRUUSK - Hem, Tr\u00e4dg\u00e5rd &amp; Fritid","robots":{"index":"index","follow":"follow","max-snippet":"max-snippet:-1","max-image-preview":"max-image-preview:large","max-video-preview":"max-video-preview:-1"},"canonical":"https:\/\/truusk.store\/sv\/produkt\/truusk-kattkorg-med-kudde-2-delad-design-50x50x60-cm-kramvit-brun\/","og_locale":"sv_SE","og_type":"article","og_title":"TRUUSK Kattkorg Med Kudde - 2-delad Design - 50x50x60 cm - Kr\u00e4mvit &amp; Brun - TRUUSK - Hem, Tr\u00e4dg\u00e5rd &amp; Fritid","og_description":"Denna kattgrotta erbjuder din katt en skyddad plats att sova och tupplur p\u00e5. En mjuk kudde ing\u00e5r f\u00f6r extra komfort....","og_url":"https:\/\/truusk.store\/sv\/produkt\/truusk-kattkorg-med-kudde-2-delad-design-50x50x60-cm-kramvit-brun\/","og_site_name":"TRUUSK - Hem, Tr\u00e4dg\u00e5rd &amp; Fritid","article_modified_time":"2026-03-12T08:18:06+00:00","og_image":[{"width":800,"height":800,"url":"https:\/\/i0.wp.com\/truusk.se\/wp-content\/uploads\/2024\/02\/kattkorg-kattgrotta-inklusive-kudde-2-delad-50-cm-x-50-cm-x-60-cm-kramvit-brun.webp?fit=800%2C800&ssl=1","type":"image\/webp"}],"twitter_card":"summary_large_image","twitter_misc":{"Ber\u00e4knad l\u00e4stid":"1 minut"},"schema":{"@context":"https:\/\/schema.org","@graph":[{"@type":"WebPage","@id":"https:\/\/truusk.store\/sv\/produkt\/truusk-kattkorg-med-kudde-2-delad-design-50x50x60-cm-kramvit-brun\/","url":"https:\/\/truusk.store\/sv\/produkt\/truusk-kattkorg-med-kudde-2-delad-design-50x50x60-cm-kramvit-brun\/","name":"TRUUSK Kattkorg Med Kudde - 2-delad Design - 50x50x60 cm - Kr\u00e4mvit &amp; Brun - TRUUSK - Hem, Tr\u00e4dg\u00e5rd &amp; Fritid","isPartOf":{"@id":"https:\/\/truusk.store\/sv\/#website"},"primaryImageOfPage":{"@id":"https:\/\/truusk.store\/sv\/produkt\/truusk-kattkorg-med-kudde-2-delad-design-50x50x60-cm-kramvit-brun\/#primaryimage"},"image":{"@id":"https:\/\/truusk.store\/sv\/produkt\/truusk-kattkorg-med-kudde-2-delad-design-50x50x60-cm-kramvit-brun\/#primaryimage"},"thumbnailUrl":"https:\/\/i0.wp.com\/truusk.store\/wp-content\/uploads\/2024\/02\/kattkorg-kattgrotta-inklusive-kudde-2-delad-50-cm-x-50-cm-x-60-cm-kramvit-brun.webp?fit=800%2C800&ssl=1","datePublished":"2024-02-14T02:46:07+00:00","dateModified":"2026-03-12T08:18:06+00:00","breadcrumb":{"@id":"https:\/\/truusk.store\/sv\/produkt\/truusk-kattkorg-med-kudde-2-delad-design-50x50x60-cm-kramvit-brun\/#breadcrumb"},"inLanguage":"sv-SE","potentialAction":[{"@type":"ReadAction","target":["https:\/\/truusk.store\/sv\/produkt\/truusk-kattkorg-med-kudde-2-delad-design-50x50x60-cm-kramvit-brun\/"]}]},{"@type":"ImageObject","inLanguage":"sv-SE","@id":"https:\/\/truusk.store\/sv\/produkt\/truusk-kattkorg-med-kudde-2-delad-design-50x50x60-cm-kramvit-brun\/#primaryimage","url":"https:\/\/i0.wp.com\/truusk.store\/wp-content\/uploads\/2024\/02\/kattkorg-kattgrotta-inklusive-kudde-2-delad-50-cm-x-50-cm-x-60-cm-kramvit-brun.webp?fit=800%2C800&ssl=1","contentUrl":"https:\/\/i0.wp.com\/truusk.store\/wp-content\/uploads\/2024\/02\/kattkorg-kattgrotta-inklusive-kudde-2-delad-50-cm-x-50-cm-x-60-cm-kramvit-brun.webp?fit=800%2C800&ssl=1","width":800,"height":800,"caption":"Kattkorg, Kattgrotta Inklusive Kudde, 2-delad, 50 Cm X 50 Cm X 60 Cm, Kr\u00e4mvit + Brun 1"},{"@type":"BreadcrumbList","@id":"https:\/\/truusk.store\/sv\/produkt\/truusk-kattkorg-med-kudde-2-delad-design-50x50x60-cm-kramvit-brun\/#breadcrumb","itemListElement":[{"@type":"ListItem","position":1,"name":"Home","item":"https:\/\/truusk.store\/sv\/"},{"@type":"ListItem","position":2,"name":"Shop","item":"https:\/\/truusk.store\/shop\/"},{"@type":"ListItem","position":3,"name":"TRUUSK Kattkorg Med Kudde &#8211; 2-delad Design &#8211; 50x50x60 cm &#8211; Kr\u00e4mvit &amp; Brun"}]},{"@type":"WebSite","@id":"https:\/\/truusk.store\/sv\/#website","url":"https:\/\/truusk.store\/sv\/","name":"TRUUSK - Hem, Tr\u00e4dg\u00e5rd & Fritid","description":"","publisher":{"@id":"https:\/\/truusk.store\/sv\/#organization"},"potentialAction":[{"@type":"SearchAction","target":{"@type":"EntryPoint","urlTemplate":"https:\/\/truusk.store\/sv\/?s={search_term_string}"},"query-input":{"@type":"PropertyValueSpecification","valueRequired":true,"valueName":"search_term_string"}}],"inLanguage":"sv-SE"},{"@type":"Organization","@id":"https:\/\/truusk.store\/sv\/#organization","name":"TRUUSK - Hem, Tr\u00e4dg\u00e5rd & Fritid","url":"https:\/\/truusk.store\/sv\/","logo":{"@type":"ImageObject","inLanguage":"sv-SE","@id":"https:\/\/truusk.store\/sv\/#\/schema\/logo\/image\/","url":"https:\/\/i0.wp.com\/truusk.store\/wp-content\/uploads\/2026\/03\/cropped-TRUUSK.png?fit=2032%2C917&ssl=1","contentUrl":"https:\/\/i0.wp.com\/truusk.store\/wp-content\/uploads\/2026\/03\/cropped-TRUUSK.png?fit=2032%2C917&ssl=1","width":2032,"height":917,"caption":"TRUUSK - Hem, Tr\u00e4dg\u00e5rd & Fritid"},"image":{"@id":"https:\/\/truusk.store\/sv\/#\/schema\/logo\/image\/"}}]}},"jetpack_sharing_enabled":true,"_links":{"self":[{"href":"https:\/\/truusk.store\/sv\/wp-json\/wp\/v2\/product\/42136","targetHints":{"allow":["GET"]}}],"collection":[{"href":"https:\/\/truusk.store\/sv\/wp-json\/wp\/v2\/product"}],"about":[{"href":"https:\/\/truusk.store\/sv\/wp-json\/wp\/v2\/types\/product"}],"wp:featuredmedia":[{"embeddable":true,"href":"https:\/\/truusk.store\/sv\/wp-json\/wp\/v2\/media\/42137"}],"wp:attachment":[{"href":"https:\/\/truusk.store\/sv\/wp-json\/wp\/v2\/media?parent=42136"}],"wp:term":[{"taxonomy":"product_brand","embeddable":true,"href":"https:\/\/truusk.store\/sv\/wp-json\/wp\/v2\/product_brand?post=42136"},{"taxonomy":"product_cat","embeddable":true,"href":"https:\/\/truusk.store\/sv\/wp-json\/wp\/v2\/product_cat?post=42136"},{"taxonomy":"product_tag","embeddable":true,"href":"https:\/\/truusk.store\/sv\/wp-json\/wp\/v2\/product_tag?post=42136"}],"curies":[{"name":"wp","href":"https:\/\/api.w.org\/{rel}","templated":true}]}}