{"id":42227,"date":"2024-02-14T03:49:26","date_gmt":"2024-02-14T02:49:26","guid":{"rendered":"https:\/\/truusk.store\/product\/skrapstolpe-hogt-i-tak-katthus-tva-plattformar-hangmatta-spetsskydd-ljusbrun-beige-40-x-40-x-260-cm\/"},"modified":"2026-03-12T09:18:12","modified_gmt":"2026-03-12T08:18:12","slug":"truusk-skrapstolpe-for-katter-hogt-i-tak-katthus-med-tva-plattformar-hangmatta-spetsskydd-ljusbrun-beige-40-x-40-x","status":"publish","type":"product","link":"https:\/\/truusk.store\/sv\/produkt\/truusk-skrapstolpe-for-katter-hogt-i-tak-katthus-med-tva-plattformar-hangmatta-spetsskydd-ljusbrun-beige-40-x-40-x\/","title":{"rendered":"TRUUSK Skrapstolpe f\u00f6r Katter &#8211; H\u00f6gt i Tak &#8211; Katthus med Tv\u00e5 Plattformar &#8211; H\u00e4ngmatta &#8211; Spetsskydd &#8211; Ljusbrun + Beige &#8211; 40 x 40 x"},"content":{"rendered":"<p>Denna skrapstolpe fr\u00e5n golv till tak \u00e4r den perfekta lek- och viloplatsen f\u00f6r ditt husdjur. Flera plattformar g\u00f6r kl\u00e4ttring kul f\u00f6r katter och erbjuder olika viloplatser f\u00f6r bekv\u00e4m avkoppling. Skrapstolpen \u00e4r tillverkad av slitstark sp\u00e5nskiva och \u00e4r f\u00f6rsedd med ett lutningsskydd, s\u00e5 att dina katter utan bekymmer kan repa och stoja av sig sj\u00e4lv. N\u00e4r tristess s\u00e4tter in ger en h\u00e4ngande leksaksboll variation.<\/p>\n<h3>Beskrivning:<\/h3>\n<ul>\n<li>H\u00f6jden varierar mellan 240 och 260 cm inklusive sp\u00e4nnst\u00e5ng<\/li>\n<li>Skrapstolparna med jute rep tillfredsst\u00e4ller kattens skrapinstinkt och f\u00f6rhindrar att de skadar dina m\u00f6bler<\/li>\n<li>Flera plattformar f\u00f6r kl\u00e4ttring, vila och lek<\/li>\n<li>Spetsskydd f\u00f6r mer s\u00e4kerhet<\/li>\n<li>Med ett hus och en h\u00e4ngmatta att koppla av<\/li>\n<li>Tv\u00e4ttbar kudde f\u00f6r mer komfort<\/li>\n<li>Leksaksboll f\u00f6r underh\u00e5llning<\/li>\n<li>L\u00e4mplig f\u00f6r katter upp till 5 kg<\/li>\n<li>Montering kr\u00e4vs<\/li>\n<\/ul>\n<h3>Teknisk data:<\/h3>\n<ul>\n<li>F\u00e4rg: ljusbrun+beige<\/li>\n<li>Material: sp\u00e5nskiva, plysch (100% polyester), jute, PP-bomull<\/li>\n<li>\u00d6vergripande m\u00e5tt: 40L x 40W x 240-260H cm<\/li>\n<li>M\u00e5tt bottenplatta: 40L x 40W cm<\/li>\n<li>M\u00e5tt andra plattform: 34W x 40D cm<\/li>\n<li>Mae katthus: 34W x 34D x 34H cm. \u00d6ppning: 20 cm<\/li>\n<li>M\u00e5tt kudde: 30L x 30W x 3H cm<\/li>\n<li>M\u00e5tt stege: 39L x 18W cm<\/li>\n<li>M\u00e5tt p\u00e5 toppplattform: 34 cm<\/li>\n<li>M\u00e5tt p\u00e5 h\u00e4ngmatta: 30 x 13H cm<\/li>\n<li>M\u00e5tt p\u00e5 skrapstolpe: 8,5 cm<\/li>\n<li>Rekommenderad kattvikt: upp till 5 kg<\/li>\n<\/ul>\n<h3>Leveransens omfattning:<\/h3>\n<ul>\n<li>1 x skrapstolpe<\/li>\n<li>1 x manuell<\/li>\n<\/ul>\n","protected":false},"excerpt":{"rendered":"<p>Denna skrapstolpe fr\u00e5n golv till tak \u00e4r den perfekta lek- och viloplatsen f\u00f6r ditt husdjur. Flera plattformar g\u00f6r kl\u00e4ttring kul&#8230;<\/p>\n","protected":false},"featured_media":42228,"template":"","meta":[],"product_brand":[],"product_cat":[573,588,589],"product_tag":[],"class_list":{"0":"post-42227","1":"product","2":"type-product","3":"status-publish","4":"has-post-thumbnail","6":"product_cat-husdjursmaterial","7":"product_cat-katttillbehor","8":"product_cat-skrapande-inlagg","10":"first","11":"instock","12":"sale","13":"taxable","14":"shipping-taxable","15":"purchasable","16":"product-type-simple"},"yoast_head":"<!-- This site is optimized with the Yoast SEO plugin v25.4 - https:\/\/yoast.com\/wordpress\/plugins\/seo\/ -->\n<title>TRUUSK Skrapstolpe f\u00f6r Katter - H\u00f6gt i Tak - Katthus med Tv\u00e5 Plattformar - H\u00e4ngmatta - Spetsskydd - Ljusbrun + Beige - 40 x 40 x - TRUUSK - Hem, Tr\u00e4dg\u00e5rd &amp; Fritid<\/title>\n<meta name=\"robots\" content=\"index, follow, max-snippet:-1, max-image-preview:large, max-video-preview:-1\" \/>\n<link rel=\"canonical\" href=\"https:\/\/truusk.store\/sv\/produkt\/truusk-skrapstolpe-for-katter-hogt-i-tak-katthus-med-tva-plattformar-hangmatta-spetsskydd-ljusbrun-beige-40-x-40-x\/\" \/>\n<meta property=\"og:locale\" content=\"sv_SE\" \/>\n<meta property=\"og:type\" content=\"article\" \/>\n<meta property=\"og:title\" content=\"TRUUSK Skrapstolpe f\u00f6r Katter - H\u00f6gt i Tak - Katthus med Tv\u00e5 Plattformar - H\u00e4ngmatta - Spetsskydd - Ljusbrun + Beige - 40 x 40 x - TRUUSK - Hem, Tr\u00e4dg\u00e5rd &amp; Fritid\" \/>\n<meta property=\"og:description\" content=\"Denna skrapstolpe fr\u00e5n golv till tak \u00e4r den perfekta lek- och viloplatsen f\u00f6r ditt husdjur. Flera plattformar g\u00f6r kl\u00e4ttring kul...\" \/>\n<meta property=\"og:url\" content=\"https:\/\/truusk.store\/sv\/produkt\/truusk-skrapstolpe-for-katter-hogt-i-tak-katthus-med-tva-plattformar-hangmatta-spetsskydd-ljusbrun-beige-40-x-40-x\/\" \/>\n<meta property=\"og:site_name\" content=\"TRUUSK - Hem, Tr\u00e4dg\u00e5rd &amp; Fritid\" \/>\n<meta property=\"article:modified_time\" content=\"2026-03-12T08:18:12+00:00\" \/>\n<meta property=\"og:image\" content=\"https:\/\/i0.wp.com\/truusk.se\/wp-content\/uploads\/2024\/02\/skrapstolpe-hogt-i-tak-katthus-tva-plattformar-hangmatta-spetsskydd-ljusbrun-beige-40-x-40-x-260-cm.webp?fit=800%2C800&ssl=1\" \/>\n\t<meta property=\"og:image:width\" content=\"800\" \/>\n\t<meta property=\"og:image:height\" content=\"800\" \/>\n\t<meta property=\"og:image:type\" content=\"image\/webp\" \/>\n<meta name=\"twitter:card\" content=\"summary_large_image\" \/>\n<meta name=\"twitter:label1\" content=\"Ber\u00e4knad l\u00e4stid\" \/>\n\t<meta name=\"twitter:data1\" content=\"1 minut\" \/>\n<!-- \/ Yoast SEO plugin. -->","yoast_head_json":{"title":"TRUUSK Skrapstolpe f\u00f6r Katter - H\u00f6gt i Tak - Katthus med Tv\u00e5 Plattformar - H\u00e4ngmatta - Spetsskydd - Ljusbrun + Beige - 40 x 40 x - TRUUSK - Hem, Tr\u00e4dg\u00e5rd &amp; Fritid","robots":{"index":"index","follow":"follow","max-snippet":"max-snippet:-1","max-image-preview":"max-image-preview:large","max-video-preview":"max-video-preview:-1"},"canonical":"https:\/\/truusk.store\/sv\/produkt\/truusk-skrapstolpe-for-katter-hogt-i-tak-katthus-med-tva-plattformar-hangmatta-spetsskydd-ljusbrun-beige-40-x-40-x\/","og_locale":"sv_SE","og_type":"article","og_title":"TRUUSK Skrapstolpe f\u00f6r Katter - H\u00f6gt i Tak - Katthus med Tv\u00e5 Plattformar - H\u00e4ngmatta - Spetsskydd - Ljusbrun + Beige - 40 x 40 x - TRUUSK - Hem, Tr\u00e4dg\u00e5rd &amp; Fritid","og_description":"Denna skrapstolpe fr\u00e5n golv till tak \u00e4r den perfekta lek- och viloplatsen f\u00f6r ditt husdjur. Flera plattformar g\u00f6r kl\u00e4ttring kul...","og_url":"https:\/\/truusk.store\/sv\/produkt\/truusk-skrapstolpe-for-katter-hogt-i-tak-katthus-med-tva-plattformar-hangmatta-spetsskydd-ljusbrun-beige-40-x-40-x\/","og_site_name":"TRUUSK - Hem, Tr\u00e4dg\u00e5rd &amp; Fritid","article_modified_time":"2026-03-12T08:18:12+00:00","og_image":[{"width":800,"height":800,"url":"https:\/\/i0.wp.com\/truusk.se\/wp-content\/uploads\/2024\/02\/skrapstolpe-hogt-i-tak-katthus-tva-plattformar-hangmatta-spetsskydd-ljusbrun-beige-40-x-40-x-260-cm.webp?fit=800%2C800&ssl=1","type":"image\/webp"}],"twitter_card":"summary_large_image","twitter_misc":{"Ber\u00e4knad l\u00e4stid":"1 minut"},"schema":{"@context":"https:\/\/schema.org","@graph":[{"@type":"WebPage","@id":"https:\/\/truusk.store\/sv\/produkt\/truusk-skrapstolpe-for-katter-hogt-i-tak-katthus-med-tva-plattformar-hangmatta-spetsskydd-ljusbrun-beige-40-x-40-x\/","url":"https:\/\/truusk.store\/sv\/produkt\/truusk-skrapstolpe-for-katter-hogt-i-tak-katthus-med-tva-plattformar-hangmatta-spetsskydd-ljusbrun-beige-40-x-40-x\/","name":"TRUUSK Skrapstolpe f\u00f6r Katter - H\u00f6gt i Tak - Katthus med Tv\u00e5 Plattformar - H\u00e4ngmatta - Spetsskydd - Ljusbrun + Beige - 40 x 40 x - TRUUSK - Hem, Tr\u00e4dg\u00e5rd &amp; Fritid","isPartOf":{"@id":"https:\/\/truusk.store\/sv\/#website"},"primaryImageOfPage":{"@id":"https:\/\/truusk.store\/sv\/produkt\/truusk-skrapstolpe-for-katter-hogt-i-tak-katthus-med-tva-plattformar-hangmatta-spetsskydd-ljusbrun-beige-40-x-40-x\/#primaryimage"},"image":{"@id":"https:\/\/truusk.store\/sv\/produkt\/truusk-skrapstolpe-for-katter-hogt-i-tak-katthus-med-tva-plattformar-hangmatta-spetsskydd-ljusbrun-beige-40-x-40-x\/#primaryimage"},"thumbnailUrl":"https:\/\/i0.wp.com\/truusk.store\/wp-content\/uploads\/2024\/02\/skrapstolpe-hogt-i-tak-katthus-tva-plattformar-hangmatta-spetsskydd-ljusbrun-beige-40-x-40-x-260-cm.webp?fit=800%2C800&ssl=1","datePublished":"2024-02-14T02:49:26+00:00","dateModified":"2026-03-12T08:18:12+00:00","breadcrumb":{"@id":"https:\/\/truusk.store\/sv\/produkt\/truusk-skrapstolpe-for-katter-hogt-i-tak-katthus-med-tva-plattformar-hangmatta-spetsskydd-ljusbrun-beige-40-x-40-x\/#breadcrumb"},"inLanguage":"sv-SE","potentialAction":[{"@type":"ReadAction","target":["https:\/\/truusk.store\/sv\/produkt\/truusk-skrapstolpe-for-katter-hogt-i-tak-katthus-med-tva-plattformar-hangmatta-spetsskydd-ljusbrun-beige-40-x-40-x\/"]}]},{"@type":"ImageObject","inLanguage":"sv-SE","@id":"https:\/\/truusk.store\/sv\/produkt\/truusk-skrapstolpe-for-katter-hogt-i-tak-katthus-med-tva-plattformar-hangmatta-spetsskydd-ljusbrun-beige-40-x-40-x\/#primaryimage","url":"https:\/\/i0.wp.com\/truusk.store\/wp-content\/uploads\/2024\/02\/skrapstolpe-hogt-i-tak-katthus-tva-plattformar-hangmatta-spetsskydd-ljusbrun-beige-40-x-40-x-260-cm.webp?fit=800%2C800&ssl=1","contentUrl":"https:\/\/i0.wp.com\/truusk.store\/wp-content\/uploads\/2024\/02\/skrapstolpe-hogt-i-tak-katthus-tva-plattformar-hangmatta-spetsskydd-ljusbrun-beige-40-x-40-x-260-cm.webp?fit=800%2C800&ssl=1","width":800,"height":800,"caption":"Skrapstolpe, H\u00f6gt I Tak, Katthus, Tv\u00e5 Plattformar, H\u00e4ngmatta, Spetsskydd, Ljusbrun + Beige, 40 X 40 X 260 Cm 1"},{"@type":"BreadcrumbList","@id":"https:\/\/truusk.store\/sv\/produkt\/truusk-skrapstolpe-for-katter-hogt-i-tak-katthus-med-tva-plattformar-hangmatta-spetsskydd-ljusbrun-beige-40-x-40-x\/#breadcrumb","itemListElement":[{"@type":"ListItem","position":1,"name":"Home","item":"https:\/\/truusk.store\/sv\/"},{"@type":"ListItem","position":2,"name":"Shop","item":"https:\/\/truusk.store\/shop\/"},{"@type":"ListItem","position":3,"name":"TRUUSK Skrapstolpe f\u00f6r Katter &#8211; H\u00f6gt i Tak &#8211; Katthus med Tv\u00e5 Plattformar &#8211; H\u00e4ngmatta &#8211; Spetsskydd &#8211; Ljusbrun + Beige &#8211; 40 x 40 x"}]},{"@type":"WebSite","@id":"https:\/\/truusk.store\/sv\/#website","url":"https:\/\/truusk.store\/sv\/","name":"TRUUSK - Hem, Tr\u00e4dg\u00e5rd & Fritid","description":"","publisher":{"@id":"https:\/\/truusk.store\/sv\/#organization"},"potentialAction":[{"@type":"SearchAction","target":{"@type":"EntryPoint","urlTemplate":"https:\/\/truusk.store\/sv\/?s={search_term_string}"},"query-input":{"@type":"PropertyValueSpecification","valueRequired":true,"valueName":"search_term_string"}}],"inLanguage":"sv-SE"},{"@type":"Organization","@id":"https:\/\/truusk.store\/sv\/#organization","name":"TRUUSK - Hem, Tr\u00e4dg\u00e5rd & Fritid","url":"https:\/\/truusk.store\/sv\/","logo":{"@type":"ImageObject","inLanguage":"sv-SE","@id":"https:\/\/truusk.store\/sv\/#\/schema\/logo\/image\/","url":"https:\/\/i0.wp.com\/truusk.store\/wp-content\/uploads\/2026\/03\/cropped-TRUUSK.png?fit=2032%2C917&ssl=1","contentUrl":"https:\/\/i0.wp.com\/truusk.store\/wp-content\/uploads\/2026\/03\/cropped-TRUUSK.png?fit=2032%2C917&ssl=1","width":2032,"height":917,"caption":"TRUUSK - Hem, Tr\u00e4dg\u00e5rd & Fritid"},"image":{"@id":"https:\/\/truusk.store\/sv\/#\/schema\/logo\/image\/"}}]}},"jetpack_sharing_enabled":true,"_links":{"self":[{"href":"https:\/\/truusk.store\/sv\/wp-json\/wp\/v2\/product\/42227","targetHints":{"allow":["GET"]}}],"collection":[{"href":"https:\/\/truusk.store\/sv\/wp-json\/wp\/v2\/product"}],"about":[{"href":"https:\/\/truusk.store\/sv\/wp-json\/wp\/v2\/types\/product"}],"wp:featuredmedia":[{"embeddable":true,"href":"https:\/\/truusk.store\/sv\/wp-json\/wp\/v2\/media\/42228"}],"wp:attachment":[{"href":"https:\/\/truusk.store\/sv\/wp-json\/wp\/v2\/media?parent=42227"}],"wp:term":[{"taxonomy":"product_brand","embeddable":true,"href":"https:\/\/truusk.store\/sv\/wp-json\/wp\/v2\/product_brand?post=42227"},{"taxonomy":"product_cat","embeddable":true,"href":"https:\/\/truusk.store\/sv\/wp-json\/wp\/v2\/product_cat?post=42227"},{"taxonomy":"product_tag","embeddable":true,"href":"https:\/\/truusk.store\/sv\/wp-json\/wp\/v2\/product_tag?post=42227"}],"curies":[{"name":"wp","href":"https:\/\/api.w.org\/{rel}","templated":true}]}}