{"id":42301,"date":"2024-02-14T03:51:55","date_gmt":"2024-02-14T02:51:55","guid":{"rendered":"https:\/\/truusk.store\/product\/boho-style-vaderbestandigt-pe-rotting-tradgardsbord-40cm-x-40cm-x-42cm-svart\/"},"modified":"2026-03-12T09:18:13","modified_gmt":"2026-03-12T08:18:13","slug":"truusk-boho-style-utemobel-vaderbestandigt-pe-rotting-tradgardsbord-40cm-x-40cm-x-42cm-svart","status":"publish","type":"product","link":"https:\/\/truusk.store\/sv\/produkt\/truusk-boho-style-utemobel-vaderbestandigt-pe-rotting-tradgardsbord-40cm-x-40cm-x-42cm-svart\/","title":{"rendered":"TRUUSK Boho Style Utem\u00f6bel &#8211; V\u00e4derbest\u00e4ndigt PE Rotting &#8211; Tr\u00e4dg\u00e5rdsbord 40cm x 40cm x 42cm &#8211; Svart"},"content":{"rendered":"<p>Sm\u00e5 tr\u00e4dg\u00e5rdsbord \u00e4r inte obetydliga, de \u00e4r viktiga m\u00f6bler f\u00f6r en mysig tr\u00e4dg\u00e5rd. Detta bord ger din uteplats en modern boho-stil. Tr\u00e4dg\u00e5rdsbordet i rotting kan enkelt flyttas fr\u00e5n en plats till en annan. Det passar som sidobord f\u00f6r terrassen, tr\u00e4dg\u00e5rden eller verandan. Oavsett om det \u00e4r som v\u00e4xtpall, soffbord eller som hylla &#8211; detta tr\u00e4dg\u00e5rdsbord f\u00f6rh\u00f6jer alla utomhusomr\u00e5den.<\/p>\n<h3>Beskrivning:<\/h3>\n<ul>\n<li>Det perfekta komplementet till din uteplats, tr\u00e4dg\u00e5rd eller poolomr\u00e5de<\/li>\n<li>En metallram g\u00f6r detta tr\u00e4dg\u00e5rdsbord solidt, slitstarkt och v\u00e4l l\u00e4mpat f\u00f6r dagligt bruk<\/li>\n<li>Modern PE rotting ger detta bord en boho chic k\u00e4nsla<\/li>\n<li>Bordsskivan av h\u00e4rdat glas \u00e4r l\u00e4tt att reng\u00f6ra<\/li>\n<li>Kan anv\u00e4ndas som soffbord, sidobord, v\u00e4xtpall med mera<\/li>\n<li>Fotkuddar skyddar golvet fr\u00e5n repor<\/li>\n<li>Montering kr\u00e4vs<\/li>\n<\/ul>\n<h3>Teknisk data:<\/h3>\n<ul>\n<li>Svart f\u00e4rg<\/li>\n<li>Material: metall, PE-rotting<\/li>\n<li>\u00d6vergripande m\u00e5tt: 40L x 40W x 42H cm<\/li>\n<li>Produktdata f\u00f6r bordsskivan: 40cm<\/li>\n<li>Viktkapacitet: 30 kg<\/li>\n<\/ul>\n<h3>Leveransens omfattning:<\/h3>\n<ul>\n<li>1 x Sidobord;<\/li>\n<\/ul>\n","protected":false},"excerpt":{"rendered":"<p>Sm\u00e5 tr\u00e4dg\u00e5rdsbord \u00e4r inte obetydliga, de \u00e4r viktiga m\u00f6bler f\u00f6r en mysig tr\u00e4dg\u00e5rd. Detta bord ger din uteplats en modern&#8230;<\/p>\n","protected":false},"featured_media":42302,"template":"","meta":[],"product_brand":[],"product_cat":[435,457,450],"product_tag":[],"class_list":{"0":"post-42301","1":"product","2":"type-product","3":"status-publish","4":"has-post-thumbnail","6":"product_cat-tradgard-och-terrass","7":"product_cat-tradgardsbord","8":"product_cat-tradgardsmobler","10":"first","11":"instock","12":"sale","13":"taxable","14":"shipping-taxable","15":"purchasable","16":"product-type-simple"},"yoast_head":"<!-- This site is optimized with the Yoast SEO plugin v25.4 - https:\/\/yoast.com\/wordpress\/plugins\/seo\/ -->\n<title>TRUUSK Boho Style Utem\u00f6bel - V\u00e4derbest\u00e4ndigt PE Rotting - Tr\u00e4dg\u00e5rdsbord 40cm x 40cm x 42cm - Svart - TRUUSK - Hem, Tr\u00e4dg\u00e5rd &amp; Fritid<\/title>\n<meta name=\"robots\" content=\"index, follow, max-snippet:-1, max-image-preview:large, max-video-preview:-1\" \/>\n<link rel=\"canonical\" href=\"https:\/\/truusk.store\/sv\/produkt\/truusk-boho-style-utemobel-vaderbestandigt-pe-rotting-tradgardsbord-40cm-x-40cm-x-42cm-svart\/\" \/>\n<meta property=\"og:locale\" content=\"sv_SE\" \/>\n<meta property=\"og:type\" content=\"article\" \/>\n<meta property=\"og:title\" content=\"TRUUSK Boho Style Utem\u00f6bel - V\u00e4derbest\u00e4ndigt PE Rotting - Tr\u00e4dg\u00e5rdsbord 40cm x 40cm x 42cm - Svart - TRUUSK - Hem, Tr\u00e4dg\u00e5rd &amp; Fritid\" \/>\n<meta property=\"og:description\" content=\"Sm\u00e5 tr\u00e4dg\u00e5rdsbord \u00e4r inte obetydliga, de \u00e4r viktiga m\u00f6bler f\u00f6r en mysig tr\u00e4dg\u00e5rd. Detta bord ger din uteplats en modern...\" \/>\n<meta property=\"og:url\" content=\"https:\/\/truusk.store\/sv\/produkt\/truusk-boho-style-utemobel-vaderbestandigt-pe-rotting-tradgardsbord-40cm-x-40cm-x-42cm-svart\/\" \/>\n<meta property=\"og:site_name\" content=\"TRUUSK - Hem, Tr\u00e4dg\u00e5rd &amp; Fritid\" \/>\n<meta property=\"article:modified_time\" content=\"2026-03-12T08:18:13+00:00\" \/>\n<meta property=\"og:image\" content=\"https:\/\/i0.wp.com\/truusk.se\/wp-content\/uploads\/2024\/02\/boho-style-vaderbestandigt-pe-rotting-tradgardsbord-40cm-x-40cm-x-42cm-svart.webp?fit=800%2C800&ssl=1\" \/>\n\t<meta property=\"og:image:width\" content=\"800\" \/>\n\t<meta property=\"og:image:height\" content=\"800\" \/>\n\t<meta property=\"og:image:type\" content=\"image\/webp\" \/>\n<meta name=\"twitter:card\" content=\"summary_large_image\" \/>\n<meta name=\"twitter:label1\" content=\"Ber\u00e4knad l\u00e4stid\" \/>\n\t<meta name=\"twitter:data1\" content=\"1 minut\" \/>\n<!-- \/ Yoast SEO plugin. -->","yoast_head_json":{"title":"TRUUSK Boho Style Utem\u00f6bel - V\u00e4derbest\u00e4ndigt PE Rotting - Tr\u00e4dg\u00e5rdsbord 40cm x 40cm x 42cm - Svart - TRUUSK - Hem, Tr\u00e4dg\u00e5rd &amp; Fritid","robots":{"index":"index","follow":"follow","max-snippet":"max-snippet:-1","max-image-preview":"max-image-preview:large","max-video-preview":"max-video-preview:-1"},"canonical":"https:\/\/truusk.store\/sv\/produkt\/truusk-boho-style-utemobel-vaderbestandigt-pe-rotting-tradgardsbord-40cm-x-40cm-x-42cm-svart\/","og_locale":"sv_SE","og_type":"article","og_title":"TRUUSK Boho Style Utem\u00f6bel - V\u00e4derbest\u00e4ndigt PE Rotting - Tr\u00e4dg\u00e5rdsbord 40cm x 40cm x 42cm - Svart - TRUUSK - Hem, Tr\u00e4dg\u00e5rd &amp; Fritid","og_description":"Sm\u00e5 tr\u00e4dg\u00e5rdsbord \u00e4r inte obetydliga, de \u00e4r viktiga m\u00f6bler f\u00f6r en mysig tr\u00e4dg\u00e5rd. Detta bord ger din uteplats en modern...","og_url":"https:\/\/truusk.store\/sv\/produkt\/truusk-boho-style-utemobel-vaderbestandigt-pe-rotting-tradgardsbord-40cm-x-40cm-x-42cm-svart\/","og_site_name":"TRUUSK - Hem, Tr\u00e4dg\u00e5rd &amp; Fritid","article_modified_time":"2026-03-12T08:18:13+00:00","og_image":[{"width":800,"height":800,"url":"https:\/\/i0.wp.com\/truusk.se\/wp-content\/uploads\/2024\/02\/boho-style-vaderbestandigt-pe-rotting-tradgardsbord-40cm-x-40cm-x-42cm-svart.webp?fit=800%2C800&ssl=1","type":"image\/webp"}],"twitter_card":"summary_large_image","twitter_misc":{"Ber\u00e4knad l\u00e4stid":"1 minut"},"schema":{"@context":"https:\/\/schema.org","@graph":[{"@type":"WebPage","@id":"https:\/\/truusk.store\/sv\/produkt\/truusk-boho-style-utemobel-vaderbestandigt-pe-rotting-tradgardsbord-40cm-x-40cm-x-42cm-svart\/","url":"https:\/\/truusk.store\/sv\/produkt\/truusk-boho-style-utemobel-vaderbestandigt-pe-rotting-tradgardsbord-40cm-x-40cm-x-42cm-svart\/","name":"TRUUSK Boho Style Utem\u00f6bel - V\u00e4derbest\u00e4ndigt PE Rotting - Tr\u00e4dg\u00e5rdsbord 40cm x 40cm x 42cm - Svart - TRUUSK - Hem, Tr\u00e4dg\u00e5rd &amp; Fritid","isPartOf":{"@id":"https:\/\/truusk.store\/sv\/#website"},"primaryImageOfPage":{"@id":"https:\/\/truusk.store\/sv\/produkt\/truusk-boho-style-utemobel-vaderbestandigt-pe-rotting-tradgardsbord-40cm-x-40cm-x-42cm-svart\/#primaryimage"},"image":{"@id":"https:\/\/truusk.store\/sv\/produkt\/truusk-boho-style-utemobel-vaderbestandigt-pe-rotting-tradgardsbord-40cm-x-40cm-x-42cm-svart\/#primaryimage"},"thumbnailUrl":"https:\/\/i0.wp.com\/truusk.store\/wp-content\/uploads\/2024\/02\/boho-style-vaderbestandigt-pe-rotting-tradgardsbord-40cm-x-40cm-x-42cm-svart.webp?fit=800%2C800&ssl=1","datePublished":"2024-02-14T02:51:55+00:00","dateModified":"2026-03-12T08:18:13+00:00","breadcrumb":{"@id":"https:\/\/truusk.store\/sv\/produkt\/truusk-boho-style-utemobel-vaderbestandigt-pe-rotting-tradgardsbord-40cm-x-40cm-x-42cm-svart\/#breadcrumb"},"inLanguage":"sv-SE","potentialAction":[{"@type":"ReadAction","target":["https:\/\/truusk.store\/sv\/produkt\/truusk-boho-style-utemobel-vaderbestandigt-pe-rotting-tradgardsbord-40cm-x-40cm-x-42cm-svart\/"]}]},{"@type":"ImageObject","inLanguage":"sv-SE","@id":"https:\/\/truusk.store\/sv\/produkt\/truusk-boho-style-utemobel-vaderbestandigt-pe-rotting-tradgardsbord-40cm-x-40cm-x-42cm-svart\/#primaryimage","url":"https:\/\/i0.wp.com\/truusk.store\/wp-content\/uploads\/2024\/02\/boho-style-vaderbestandigt-pe-rotting-tradgardsbord-40cm-x-40cm-x-42cm-svart.webp?fit=800%2C800&ssl=1","contentUrl":"https:\/\/i0.wp.com\/truusk.store\/wp-content\/uploads\/2024\/02\/boho-style-vaderbestandigt-pe-rotting-tradgardsbord-40cm-x-40cm-x-42cm-svart.webp?fit=800%2C800&ssl=1","width":800,"height":800,"caption":"Boho Style V\u00e4derbest\u00e4ndigt PE Rotting Tr\u00e4dg\u00e5rdsbord 40cm X 40cm X 42cm Svart 1"},{"@type":"BreadcrumbList","@id":"https:\/\/truusk.store\/sv\/produkt\/truusk-boho-style-utemobel-vaderbestandigt-pe-rotting-tradgardsbord-40cm-x-40cm-x-42cm-svart\/#breadcrumb","itemListElement":[{"@type":"ListItem","position":1,"name":"Home","item":"https:\/\/truusk.store\/sv\/"},{"@type":"ListItem","position":2,"name":"Shop","item":"https:\/\/truusk.store\/shop\/"},{"@type":"ListItem","position":3,"name":"TRUUSK Boho Style Utem\u00f6bel &#8211; V\u00e4derbest\u00e4ndigt PE Rotting &#8211; Tr\u00e4dg\u00e5rdsbord 40cm x 40cm x 42cm &#8211; Svart"}]},{"@type":"WebSite","@id":"https:\/\/truusk.store\/sv\/#website","url":"https:\/\/truusk.store\/sv\/","name":"TRUUSK - Hem, Tr\u00e4dg\u00e5rd & Fritid","description":"","publisher":{"@id":"https:\/\/truusk.store\/sv\/#organization"},"potentialAction":[{"@type":"SearchAction","target":{"@type":"EntryPoint","urlTemplate":"https:\/\/truusk.store\/sv\/?s={search_term_string}"},"query-input":{"@type":"PropertyValueSpecification","valueRequired":true,"valueName":"search_term_string"}}],"inLanguage":"sv-SE"},{"@type":"Organization","@id":"https:\/\/truusk.store\/sv\/#organization","name":"TRUUSK - Hem, Tr\u00e4dg\u00e5rd & Fritid","url":"https:\/\/truusk.store\/sv\/","logo":{"@type":"ImageObject","inLanguage":"sv-SE","@id":"https:\/\/truusk.store\/sv\/#\/schema\/logo\/image\/","url":"https:\/\/i0.wp.com\/truusk.store\/wp-content\/uploads\/2026\/03\/cropped-TRUUSK.png?fit=2032%2C917&ssl=1","contentUrl":"https:\/\/i0.wp.com\/truusk.store\/wp-content\/uploads\/2026\/03\/cropped-TRUUSK.png?fit=2032%2C917&ssl=1","width":2032,"height":917,"caption":"TRUUSK - Hem, Tr\u00e4dg\u00e5rd & Fritid"},"image":{"@id":"https:\/\/truusk.store\/sv\/#\/schema\/logo\/image\/"}}]}},"jetpack_sharing_enabled":true,"_links":{"self":[{"href":"https:\/\/truusk.store\/sv\/wp-json\/wp\/v2\/product\/42301","targetHints":{"allow":["GET"]}}],"collection":[{"href":"https:\/\/truusk.store\/sv\/wp-json\/wp\/v2\/product"}],"about":[{"href":"https:\/\/truusk.store\/sv\/wp-json\/wp\/v2\/types\/product"}],"wp:featuredmedia":[{"embeddable":true,"href":"https:\/\/truusk.store\/sv\/wp-json\/wp\/v2\/media\/42302"}],"wp:attachment":[{"href":"https:\/\/truusk.store\/sv\/wp-json\/wp\/v2\/media?parent=42301"}],"wp:term":[{"taxonomy":"product_brand","embeddable":true,"href":"https:\/\/truusk.store\/sv\/wp-json\/wp\/v2\/product_brand?post=42301"},{"taxonomy":"product_cat","embeddable":true,"href":"https:\/\/truusk.store\/sv\/wp-json\/wp\/v2\/product_cat?post=42301"},{"taxonomy":"product_tag","embeddable":true,"href":"https:\/\/truusk.store\/sv\/wp-json\/wp\/v2\/product_tag?post=42301"}],"curies":[{"name":"wp","href":"https:\/\/api.w.org\/{rel}","templated":true}]}}