{"id":42331,"date":"2024-02-14T03:53:40","date_gmt":"2024-02-14T02:53:40","guid":{"rendered":"https:\/\/truusk.store\/product\/skrapstolpe-med-hangmatta-inklusive-takstrackare-takhojd-40-cm-x-40-m-x-250-cm-gra-kramvit\/"},"modified":"2026-03-12T09:18:16","modified_gmt":"2026-03-12T08:18:16","slug":"truusk-kattklosmobel-med-hangmatta-inklusive-takstrackare-matt-40x40x250-cm-gra-kramvit","status":"publish","type":"product","link":"https:\/\/truusk.store\/sv\/produkt\/truusk-kattklosmobel-med-hangmatta-inklusive-takstrackare-matt-40x40x250-cm-gra-kramvit\/","title":{"rendered":"TRUUSK Kattkl\u00f6sm\u00f6bel med H\u00e4ngmatta &#8211; Inklusive Takstr\u00e4ckare &#8211; M\u00e5tt 40x40x250 cm &#8211; Gr\u00e5 + Kr\u00e4mvit"},"content":{"rendered":"<p>Ge din lurviga v\u00e4n en plats att umg\u00e5s med detta katttr\u00e4d fr\u00e5n golv till tak. Med flera plattformar d\u00e4r de kan vila och sola, \u00e4r detta katttr\u00e4d p\u00e5 flera niv\u00e5er den perfekta l\u00f6sningen f\u00f6r familjer med flera aktiva katter. Det har ocks\u00e5 en skrapa yta som&#8230; Katter har gott om m\u00f6jligheter att str\u00e4cka och v\u00e4ssa klorna Tack vare de olika plattformarna kommer dina sm\u00e5 att ha det fantastiskt i detta kl\u00e4ttertr\u00e4d!<\/p>\n<h3>Beskrivning:<\/h3>\n<ul>\n<li>Justerbar h\u00f6jd fr\u00e5n 230 till 250 cm<\/li>\n<li>En tippskyddsanordning f\u00f6r s\u00e4kerhet medf\u00f6ljer<\/li>\n<li>Sisalrepstolpen tillfredsst\u00e4ller dina katters behov av att klia:<\/li>\n<li>Tillverkad av tr\u00e4material f\u00f6r ett stabilt stativ<\/li>\n<li>Kl\u00e4dd med mjukt och bekv\u00e4mt plyschtyg<\/li>\n<li>Montering kr\u00e4vs<\/li>\n<\/ul>\n<h3>Teknisk data:<\/h3>\n<ul>\n<li>F\u00e4rg: Gr\u00e5+Gr\u00e4ddvit<\/li>\n<li>Material: sp\u00e5nskiva, plysch (100% polyester), sisal<\/li>\n<li>\u00d6vergripande m\u00e5tt: 40W x 40D x 230-250H cm<\/li>\n<li>Basstorlek: 40L x 40W cm<\/li>\n<li>Abborrens storlek: 34 cm<\/li>\n<li>Kuddstorlek: 32,5L x 20W x 0,5H cm<\/li>\n<li>H\u00e4ngmattans storlek: 30 x 12H cm<\/li>\n<li>Stolpstorlek: 8,5 cm<\/li>\n<li>Rekommenderad kattvikt: mindre \u00e4n 5 kg<\/li>\n<\/ul>\n<h3>Leveransens omfattning:<\/h3>\n<ul>\n<li>1 x skrapstolpe<\/li>\n<li>1 x manuell<\/li>\n<\/ul>\n","protected":false},"excerpt":{"rendered":"<p>Ge din lurviga v\u00e4n en plats att umg\u00e5s med detta katttr\u00e4d fr\u00e5n golv till tak. Med flera plattformar d\u00e4r de&#8230;<\/p>\n","protected":false},"featured_media":42332,"template":"","meta":[],"product_brand":[],"product_cat":[573,588,589],"product_tag":[],"class_list":{"0":"post-42331","1":"product","2":"type-product","3":"status-publish","4":"has-post-thumbnail","6":"product_cat-husdjursmaterial","7":"product_cat-katttillbehor","8":"product_cat-skrapande-inlagg","10":"first","11":"instock","12":"sale","13":"taxable","14":"shipping-taxable","15":"purchasable","16":"product-type-simple"},"yoast_head":"<!-- This site is optimized with the Yoast SEO plugin v25.4 - https:\/\/yoast.com\/wordpress\/plugins\/seo\/ -->\n<title>TRUUSK Kattkl\u00f6sm\u00f6bel med H\u00e4ngmatta - Inklusive Takstr\u00e4ckare - M\u00e5tt 40x40x250 cm - Gr\u00e5 + Kr\u00e4mvit - TRUUSK - Hem, Tr\u00e4dg\u00e5rd &amp; Fritid<\/title>\n<meta name=\"robots\" content=\"index, follow, max-snippet:-1, max-image-preview:large, max-video-preview:-1\" \/>\n<link rel=\"canonical\" href=\"https:\/\/truusk.store\/sv\/produkt\/truusk-kattklosmobel-med-hangmatta-inklusive-takstrackare-matt-40x40x250-cm-gra-kramvit\/\" \/>\n<meta property=\"og:locale\" content=\"sv_SE\" \/>\n<meta property=\"og:type\" content=\"article\" \/>\n<meta property=\"og:title\" content=\"TRUUSK Kattkl\u00f6sm\u00f6bel med H\u00e4ngmatta - Inklusive Takstr\u00e4ckare - M\u00e5tt 40x40x250 cm - Gr\u00e5 + Kr\u00e4mvit - TRUUSK - Hem, Tr\u00e4dg\u00e5rd &amp; Fritid\" \/>\n<meta property=\"og:description\" content=\"Ge din lurviga v\u00e4n en plats att umg\u00e5s med detta katttr\u00e4d fr\u00e5n golv till tak. Med flera plattformar d\u00e4r de...\" \/>\n<meta property=\"og:url\" content=\"https:\/\/truusk.store\/sv\/produkt\/truusk-kattklosmobel-med-hangmatta-inklusive-takstrackare-matt-40x40x250-cm-gra-kramvit\/\" \/>\n<meta property=\"og:site_name\" content=\"TRUUSK - Hem, Tr\u00e4dg\u00e5rd &amp; Fritid\" \/>\n<meta property=\"article:modified_time\" content=\"2026-03-12T08:18:16+00:00\" \/>\n<meta property=\"og:image\" content=\"https:\/\/i0.wp.com\/truusk.se\/wp-content\/uploads\/2024\/02\/skrapstolpe-med-hangmatta-inklusive-takstrackare-takhojd-40-cm-x-40-m-x-250-cm-gra-kramvit.webp?fit=800%2C800&ssl=1\" \/>\n\t<meta property=\"og:image:width\" content=\"800\" \/>\n\t<meta property=\"og:image:height\" content=\"800\" \/>\n\t<meta property=\"og:image:type\" content=\"image\/webp\" \/>\n<meta name=\"twitter:card\" content=\"summary_large_image\" \/>\n<meta name=\"twitter:label1\" content=\"Ber\u00e4knad l\u00e4stid\" \/>\n\t<meta name=\"twitter:data1\" content=\"1 minut\" \/>\n<!-- \/ Yoast SEO plugin. -->","yoast_head_json":{"title":"TRUUSK Kattkl\u00f6sm\u00f6bel med H\u00e4ngmatta - Inklusive Takstr\u00e4ckare - M\u00e5tt 40x40x250 cm - Gr\u00e5 + Kr\u00e4mvit - TRUUSK - Hem, Tr\u00e4dg\u00e5rd &amp; Fritid","robots":{"index":"index","follow":"follow","max-snippet":"max-snippet:-1","max-image-preview":"max-image-preview:large","max-video-preview":"max-video-preview:-1"},"canonical":"https:\/\/truusk.store\/sv\/produkt\/truusk-kattklosmobel-med-hangmatta-inklusive-takstrackare-matt-40x40x250-cm-gra-kramvit\/","og_locale":"sv_SE","og_type":"article","og_title":"TRUUSK Kattkl\u00f6sm\u00f6bel med H\u00e4ngmatta - Inklusive Takstr\u00e4ckare - M\u00e5tt 40x40x250 cm - Gr\u00e5 + Kr\u00e4mvit - TRUUSK - Hem, Tr\u00e4dg\u00e5rd &amp; Fritid","og_description":"Ge din lurviga v\u00e4n en plats att umg\u00e5s med detta katttr\u00e4d fr\u00e5n golv till tak. Med flera plattformar d\u00e4r de...","og_url":"https:\/\/truusk.store\/sv\/produkt\/truusk-kattklosmobel-med-hangmatta-inklusive-takstrackare-matt-40x40x250-cm-gra-kramvit\/","og_site_name":"TRUUSK - Hem, Tr\u00e4dg\u00e5rd &amp; Fritid","article_modified_time":"2026-03-12T08:18:16+00:00","og_image":[{"width":800,"height":800,"url":"https:\/\/i0.wp.com\/truusk.se\/wp-content\/uploads\/2024\/02\/skrapstolpe-med-hangmatta-inklusive-takstrackare-takhojd-40-cm-x-40-m-x-250-cm-gra-kramvit.webp?fit=800%2C800&ssl=1","type":"image\/webp"}],"twitter_card":"summary_large_image","twitter_misc":{"Ber\u00e4knad l\u00e4stid":"1 minut"},"schema":{"@context":"https:\/\/schema.org","@graph":[{"@type":"WebPage","@id":"https:\/\/truusk.store\/sv\/produkt\/truusk-kattklosmobel-med-hangmatta-inklusive-takstrackare-matt-40x40x250-cm-gra-kramvit\/","url":"https:\/\/truusk.store\/sv\/produkt\/truusk-kattklosmobel-med-hangmatta-inklusive-takstrackare-matt-40x40x250-cm-gra-kramvit\/","name":"TRUUSK Kattkl\u00f6sm\u00f6bel med H\u00e4ngmatta - Inklusive Takstr\u00e4ckare - M\u00e5tt 40x40x250 cm - Gr\u00e5 + Kr\u00e4mvit - TRUUSK - Hem, Tr\u00e4dg\u00e5rd &amp; Fritid","isPartOf":{"@id":"https:\/\/truusk.store\/sv\/#website"},"primaryImageOfPage":{"@id":"https:\/\/truusk.store\/sv\/produkt\/truusk-kattklosmobel-med-hangmatta-inklusive-takstrackare-matt-40x40x250-cm-gra-kramvit\/#primaryimage"},"image":{"@id":"https:\/\/truusk.store\/sv\/produkt\/truusk-kattklosmobel-med-hangmatta-inklusive-takstrackare-matt-40x40x250-cm-gra-kramvit\/#primaryimage"},"thumbnailUrl":"https:\/\/i0.wp.com\/truusk.store\/wp-content\/uploads\/2024\/02\/skrapstolpe-med-hangmatta-inklusive-takstrackare-takhojd-40-cm-x-40-m-x-250-cm-gra-kramvit.webp?fit=800%2C800&ssl=1","datePublished":"2024-02-14T02:53:40+00:00","dateModified":"2026-03-12T08:18:16+00:00","breadcrumb":{"@id":"https:\/\/truusk.store\/sv\/produkt\/truusk-kattklosmobel-med-hangmatta-inklusive-takstrackare-matt-40x40x250-cm-gra-kramvit\/#breadcrumb"},"inLanguage":"sv-SE","potentialAction":[{"@type":"ReadAction","target":["https:\/\/truusk.store\/sv\/produkt\/truusk-kattklosmobel-med-hangmatta-inklusive-takstrackare-matt-40x40x250-cm-gra-kramvit\/"]}]},{"@type":"ImageObject","inLanguage":"sv-SE","@id":"https:\/\/truusk.store\/sv\/produkt\/truusk-kattklosmobel-med-hangmatta-inklusive-takstrackare-matt-40x40x250-cm-gra-kramvit\/#primaryimage","url":"https:\/\/i0.wp.com\/truusk.store\/wp-content\/uploads\/2024\/02\/skrapstolpe-med-hangmatta-inklusive-takstrackare-takhojd-40-cm-x-40-m-x-250-cm-gra-kramvit.webp?fit=800%2C800&ssl=1","contentUrl":"https:\/\/i0.wp.com\/truusk.store\/wp-content\/uploads\/2024\/02\/skrapstolpe-med-hangmatta-inklusive-takstrackare-takhojd-40-cm-x-40-m-x-250-cm-gra-kramvit.webp?fit=800%2C800&ssl=1","width":800,"height":800,"caption":"Skrapstolpe Med H\u00e4ngmatta, Inklusive Takstr\u00e4ckare, Takh\u00f6jd, 40 Cm X 40 M X 250 Cm, Gr\u00e5 + Kr\u00e4mvit 1"},{"@type":"BreadcrumbList","@id":"https:\/\/truusk.store\/sv\/produkt\/truusk-kattklosmobel-med-hangmatta-inklusive-takstrackare-matt-40x40x250-cm-gra-kramvit\/#breadcrumb","itemListElement":[{"@type":"ListItem","position":1,"name":"Home","item":"https:\/\/truusk.store\/sv\/"},{"@type":"ListItem","position":2,"name":"Shop","item":"https:\/\/truusk.store\/shop\/"},{"@type":"ListItem","position":3,"name":"TRUUSK Kattkl\u00f6sm\u00f6bel med H\u00e4ngmatta &#8211; Inklusive Takstr\u00e4ckare &#8211; M\u00e5tt 40x40x250 cm &#8211; Gr\u00e5 + Kr\u00e4mvit"}]},{"@type":"WebSite","@id":"https:\/\/truusk.store\/sv\/#website","url":"https:\/\/truusk.store\/sv\/","name":"TRUUSK - Hem, Tr\u00e4dg\u00e5rd & Fritid","description":"","publisher":{"@id":"https:\/\/truusk.store\/sv\/#organization"},"potentialAction":[{"@type":"SearchAction","target":{"@type":"EntryPoint","urlTemplate":"https:\/\/truusk.store\/sv\/?s={search_term_string}"},"query-input":{"@type":"PropertyValueSpecification","valueRequired":true,"valueName":"search_term_string"}}],"inLanguage":"sv-SE"},{"@type":"Organization","@id":"https:\/\/truusk.store\/sv\/#organization","name":"TRUUSK - Hem, Tr\u00e4dg\u00e5rd & Fritid","url":"https:\/\/truusk.store\/sv\/","logo":{"@type":"ImageObject","inLanguage":"sv-SE","@id":"https:\/\/truusk.store\/sv\/#\/schema\/logo\/image\/","url":"https:\/\/i0.wp.com\/truusk.store\/wp-content\/uploads\/2026\/03\/cropped-TRUUSK.png?fit=2032%2C917&ssl=1","contentUrl":"https:\/\/i0.wp.com\/truusk.store\/wp-content\/uploads\/2026\/03\/cropped-TRUUSK.png?fit=2032%2C917&ssl=1","width":2032,"height":917,"caption":"TRUUSK - Hem, Tr\u00e4dg\u00e5rd & Fritid"},"image":{"@id":"https:\/\/truusk.store\/sv\/#\/schema\/logo\/image\/"}}]}},"jetpack_sharing_enabled":true,"_links":{"self":[{"href":"https:\/\/truusk.store\/sv\/wp-json\/wp\/v2\/product\/42331","targetHints":{"allow":["GET"]}}],"collection":[{"href":"https:\/\/truusk.store\/sv\/wp-json\/wp\/v2\/product"}],"about":[{"href":"https:\/\/truusk.store\/sv\/wp-json\/wp\/v2\/types\/product"}],"wp:featuredmedia":[{"embeddable":true,"href":"https:\/\/truusk.store\/sv\/wp-json\/wp\/v2\/media\/42332"}],"wp:attachment":[{"href":"https:\/\/truusk.store\/sv\/wp-json\/wp\/v2\/media?parent=42331"}],"wp:term":[{"taxonomy":"product_brand","embeddable":true,"href":"https:\/\/truusk.store\/sv\/wp-json\/wp\/v2\/product_brand?post=42331"},{"taxonomy":"product_cat","embeddable":true,"href":"https:\/\/truusk.store\/sv\/wp-json\/wp\/v2\/product_cat?post=42331"},{"taxonomy":"product_tag","embeddable":true,"href":"https:\/\/truusk.store\/sv\/wp-json\/wp\/v2\/product_tag?post=42331"}],"curies":[{"name":"wp","href":"https:\/\/api.w.org\/{rel}","templated":true}]}}