{"id":42359,"date":"2024-02-14T03:54:44","date_gmt":"2024-02-14T02:54:44","guid":{"rendered":"https:\/\/truusk.store\/product\/skrapstolpe-inklusive-leksaker-38-cm-x-38-cm-x-80-cm-beige-natur\/"},"modified":"2026-03-12T09:18:17","modified_gmt":"2026-03-12T08:18:17","slug":"truusk-kattklosmobel-med-leksaker-38x38x80-cm-beige-och-natur","status":"publish","type":"product","link":"https:\/\/truusk.store\/sv\/produkt\/truusk-kattklosmobel-med-leksaker-38x38x80-cm-beige-och-natur\/","title":{"rendered":"TRUUSK Kattkl\u00f6sm\u00f6bel med Leksaker &#8211; 38x38x80 cm &#8211; Beige och Natur"},"content":{"rendered":"<p>Detta katttr\u00e4d \u00e4r precis vad du letar efter. Det kommer att stimulera din katts intresse och nyfikenhet samtidigt som det skyddar dina m\u00f6bler fr\u00e5n kloskador. Tillverkad av kvalitetssp\u00e5nskiva &#8211; perfekt f\u00f6r dagligt bruk. Inlindade med naturligt sisalrep kan katter klia och v\u00e4ssa klorna. Katterna kan \u00e4ven str\u00e4cka ut sig p\u00e5 den stora liggytan och f\u00e5 mer utrymme f\u00f6r att lindra stress.<\/p>\n<h3>Beskrivning:<\/h3>\n<ul>\n<li>Sisal skrapstolpe f\u00f6r att tillfredsst\u00e4lla dina katters natur och skydda dina m\u00f6bler<\/li>\n<li>Med en h\u00e4ngande boll f\u00f6r att underh\u00e5lla dina katter<\/li>\n<li>Tillverkad av tr\u00e4material f\u00f6r ett stabilt stativ<\/li>\n<li>Stort format f\u00f6r katter s\u00e5 att de kan str\u00e4cka sig mycket och har mer utrymme att klia<\/li>\n<li>Den klassiska f\u00e4rgs\u00e4ttningen kombineras v\u00e4l med den befintliga inredningen<\/li>\n<li>Upptar endast ett litet fotavtryck, perfekt f\u00f6r begr\u00e4nsat utrymme<\/li>\n<li>L\u00e4mplig f\u00f6r katter som v\u00e4ger mindre \u00e4n 5 kg<\/li>\n<li>Montering kr\u00e4vs<\/li>\n<\/ul>\n<h3>Teknisk data:<\/h3>\n<ul>\n<li>F\u00e4rg: ek+kr\u00e4mvit<\/li>\n<li>Material: sp\u00e5nskiva, sisal<\/li>\n<li>\u00d6vergripande m\u00e5tt: 38L x 38W x 80H cm<\/li>\n<li>Basstorlek: 38L x 38W cm<\/li>\n<li>Skrapstolpsstorlek: 14,5L x 14,5W x 76H cm<\/li>\n<li>Ytstorlek: 17,5L x 17,5W x 1,5H cm<\/li>\n<li>L\u00e4mplig kattvikt: mindre \u00e4n 5 kg<\/li>\n<\/ul>\n<h3>Leveransens omfattning:<\/h3>\n<ul>\n<li>1 x Cat Scratching Post<\/li>\n<li>1 x manuell<\/li>\n<\/ul>\n","protected":false},"excerpt":{"rendered":"<p>Detta katttr\u00e4d \u00e4r precis vad du letar efter. Det kommer att stimulera din katts intresse och nyfikenhet samtidigt som det&#8230;<\/p>\n","protected":false},"featured_media":42360,"template":"","meta":[],"product_brand":[],"product_cat":[573,588,589],"product_tag":[],"class_list":{"0":"post-42359","1":"product","2":"type-product","3":"status-publish","4":"has-post-thumbnail","6":"product_cat-husdjursmaterial","7":"product_cat-katttillbehor","8":"product_cat-skrapande-inlagg","10":"first","11":"instock","12":"sale","13":"taxable","14":"shipping-taxable","15":"purchasable","16":"product-type-simple"},"yoast_head":"<!-- This site is optimized with the Yoast SEO plugin v25.4 - https:\/\/yoast.com\/wordpress\/plugins\/seo\/ -->\n<title>TRUUSK Kattkl\u00f6sm\u00f6bel med Leksaker - 38x38x80 cm - Beige och Natur - TRUUSK - Hem, Tr\u00e4dg\u00e5rd &amp; Fritid<\/title>\n<meta name=\"robots\" content=\"index, follow, max-snippet:-1, max-image-preview:large, max-video-preview:-1\" \/>\n<link rel=\"canonical\" href=\"https:\/\/truusk.store\/sv\/produkt\/truusk-kattklosmobel-med-leksaker-38x38x80-cm-beige-och-natur\/\" \/>\n<meta property=\"og:locale\" content=\"sv_SE\" \/>\n<meta property=\"og:type\" content=\"article\" \/>\n<meta property=\"og:title\" content=\"TRUUSK Kattkl\u00f6sm\u00f6bel med Leksaker - 38x38x80 cm - Beige och Natur - TRUUSK - Hem, Tr\u00e4dg\u00e5rd &amp; Fritid\" \/>\n<meta property=\"og:description\" content=\"Detta katttr\u00e4d \u00e4r precis vad du letar efter. Det kommer att stimulera din katts intresse och nyfikenhet samtidigt som det...\" \/>\n<meta property=\"og:url\" content=\"https:\/\/truusk.store\/sv\/produkt\/truusk-kattklosmobel-med-leksaker-38x38x80-cm-beige-och-natur\/\" \/>\n<meta property=\"og:site_name\" content=\"TRUUSK - Hem, Tr\u00e4dg\u00e5rd &amp; Fritid\" \/>\n<meta property=\"article:modified_time\" content=\"2026-03-12T08:18:17+00:00\" \/>\n<meta property=\"og:image\" content=\"https:\/\/i0.wp.com\/truusk.se\/wp-content\/uploads\/2024\/02\/skrapstolpe-inklusive-leksaker-38-cm-x-38-cm-x-80-cm-beige-natur.webp?fit=800%2C800&ssl=1\" \/>\n\t<meta property=\"og:image:width\" content=\"800\" \/>\n\t<meta property=\"og:image:height\" content=\"800\" \/>\n\t<meta property=\"og:image:type\" content=\"image\/webp\" \/>\n<meta name=\"twitter:card\" content=\"summary_large_image\" \/>\n<meta name=\"twitter:label1\" content=\"Ber\u00e4knad l\u00e4stid\" \/>\n\t<meta name=\"twitter:data1\" content=\"1 minut\" \/>\n<!-- \/ Yoast SEO plugin. -->","yoast_head_json":{"title":"TRUUSK Kattkl\u00f6sm\u00f6bel med Leksaker - 38x38x80 cm - Beige och Natur - TRUUSK - Hem, Tr\u00e4dg\u00e5rd &amp; Fritid","robots":{"index":"index","follow":"follow","max-snippet":"max-snippet:-1","max-image-preview":"max-image-preview:large","max-video-preview":"max-video-preview:-1"},"canonical":"https:\/\/truusk.store\/sv\/produkt\/truusk-kattklosmobel-med-leksaker-38x38x80-cm-beige-och-natur\/","og_locale":"sv_SE","og_type":"article","og_title":"TRUUSK Kattkl\u00f6sm\u00f6bel med Leksaker - 38x38x80 cm - Beige och Natur - TRUUSK - Hem, Tr\u00e4dg\u00e5rd &amp; Fritid","og_description":"Detta katttr\u00e4d \u00e4r precis vad du letar efter. Det kommer att stimulera din katts intresse och nyfikenhet samtidigt som det...","og_url":"https:\/\/truusk.store\/sv\/produkt\/truusk-kattklosmobel-med-leksaker-38x38x80-cm-beige-och-natur\/","og_site_name":"TRUUSK - Hem, Tr\u00e4dg\u00e5rd &amp; Fritid","article_modified_time":"2026-03-12T08:18:17+00:00","og_image":[{"width":800,"height":800,"url":"https:\/\/i0.wp.com\/truusk.se\/wp-content\/uploads\/2024\/02\/skrapstolpe-inklusive-leksaker-38-cm-x-38-cm-x-80-cm-beige-natur.webp?fit=800%2C800&ssl=1","type":"image\/webp"}],"twitter_card":"summary_large_image","twitter_misc":{"Ber\u00e4knad l\u00e4stid":"1 minut"},"schema":{"@context":"https:\/\/schema.org","@graph":[{"@type":"WebPage","@id":"https:\/\/truusk.store\/sv\/produkt\/truusk-kattklosmobel-med-leksaker-38x38x80-cm-beige-och-natur\/","url":"https:\/\/truusk.store\/sv\/produkt\/truusk-kattklosmobel-med-leksaker-38x38x80-cm-beige-och-natur\/","name":"TRUUSK Kattkl\u00f6sm\u00f6bel med Leksaker - 38x38x80 cm - Beige och Natur - TRUUSK - Hem, Tr\u00e4dg\u00e5rd &amp; Fritid","isPartOf":{"@id":"https:\/\/truusk.store\/sv\/#website"},"primaryImageOfPage":{"@id":"https:\/\/truusk.store\/sv\/produkt\/truusk-kattklosmobel-med-leksaker-38x38x80-cm-beige-och-natur\/#primaryimage"},"image":{"@id":"https:\/\/truusk.store\/sv\/produkt\/truusk-kattklosmobel-med-leksaker-38x38x80-cm-beige-och-natur\/#primaryimage"},"thumbnailUrl":"https:\/\/i0.wp.com\/truusk.store\/wp-content\/uploads\/2024\/02\/skrapstolpe-inklusive-leksaker-38-cm-x-38-cm-x-80-cm-beige-natur.webp?fit=800%2C800&ssl=1","datePublished":"2024-02-14T02:54:44+00:00","dateModified":"2026-03-12T08:18:17+00:00","breadcrumb":{"@id":"https:\/\/truusk.store\/sv\/produkt\/truusk-kattklosmobel-med-leksaker-38x38x80-cm-beige-och-natur\/#breadcrumb"},"inLanguage":"sv-SE","potentialAction":[{"@type":"ReadAction","target":["https:\/\/truusk.store\/sv\/produkt\/truusk-kattklosmobel-med-leksaker-38x38x80-cm-beige-och-natur\/"]}]},{"@type":"ImageObject","inLanguage":"sv-SE","@id":"https:\/\/truusk.store\/sv\/produkt\/truusk-kattklosmobel-med-leksaker-38x38x80-cm-beige-och-natur\/#primaryimage","url":"https:\/\/i0.wp.com\/truusk.store\/wp-content\/uploads\/2024\/02\/skrapstolpe-inklusive-leksaker-38-cm-x-38-cm-x-80-cm-beige-natur.webp?fit=800%2C800&ssl=1","contentUrl":"https:\/\/i0.wp.com\/truusk.store\/wp-content\/uploads\/2024\/02\/skrapstolpe-inklusive-leksaker-38-cm-x-38-cm-x-80-cm-beige-natur.webp?fit=800%2C800&ssl=1","width":800,"height":800,"caption":"Skrapstolpe Inklusive Leksaker, 38 Cm X 38 Cm X 80 Cm, Beige + Natur 1"},{"@type":"BreadcrumbList","@id":"https:\/\/truusk.store\/sv\/produkt\/truusk-kattklosmobel-med-leksaker-38x38x80-cm-beige-och-natur\/#breadcrumb","itemListElement":[{"@type":"ListItem","position":1,"name":"Home","item":"https:\/\/truusk.store\/sv\/"},{"@type":"ListItem","position":2,"name":"Shop","item":"https:\/\/truusk.store\/shop\/"},{"@type":"ListItem","position":3,"name":"TRUUSK Kattkl\u00f6sm\u00f6bel med Leksaker &#8211; 38x38x80 cm &#8211; Beige och Natur"}]},{"@type":"WebSite","@id":"https:\/\/truusk.store\/sv\/#website","url":"https:\/\/truusk.store\/sv\/","name":"TRUUSK - Hem, Tr\u00e4dg\u00e5rd & Fritid","description":"","publisher":{"@id":"https:\/\/truusk.store\/sv\/#organization"},"potentialAction":[{"@type":"SearchAction","target":{"@type":"EntryPoint","urlTemplate":"https:\/\/truusk.store\/sv\/?s={search_term_string}"},"query-input":{"@type":"PropertyValueSpecification","valueRequired":true,"valueName":"search_term_string"}}],"inLanguage":"sv-SE"},{"@type":"Organization","@id":"https:\/\/truusk.store\/sv\/#organization","name":"TRUUSK - Hem, Tr\u00e4dg\u00e5rd & Fritid","url":"https:\/\/truusk.store\/sv\/","logo":{"@type":"ImageObject","inLanguage":"sv-SE","@id":"https:\/\/truusk.store\/sv\/#\/schema\/logo\/image\/","url":"https:\/\/i0.wp.com\/truusk.store\/wp-content\/uploads\/2026\/03\/cropped-TRUUSK.png?fit=2032%2C917&ssl=1","contentUrl":"https:\/\/i0.wp.com\/truusk.store\/wp-content\/uploads\/2026\/03\/cropped-TRUUSK.png?fit=2032%2C917&ssl=1","width":2032,"height":917,"caption":"TRUUSK - Hem, Tr\u00e4dg\u00e5rd & Fritid"},"image":{"@id":"https:\/\/truusk.store\/sv\/#\/schema\/logo\/image\/"}}]}},"jetpack_sharing_enabled":true,"_links":{"self":[{"href":"https:\/\/truusk.store\/sv\/wp-json\/wp\/v2\/product\/42359","targetHints":{"allow":["GET"]}}],"collection":[{"href":"https:\/\/truusk.store\/sv\/wp-json\/wp\/v2\/product"}],"about":[{"href":"https:\/\/truusk.store\/sv\/wp-json\/wp\/v2\/types\/product"}],"wp:featuredmedia":[{"embeddable":true,"href":"https:\/\/truusk.store\/sv\/wp-json\/wp\/v2\/media\/42360"}],"wp:attachment":[{"href":"https:\/\/truusk.store\/sv\/wp-json\/wp\/v2\/media?parent=42359"}],"wp:term":[{"taxonomy":"product_brand","embeddable":true,"href":"https:\/\/truusk.store\/sv\/wp-json\/wp\/v2\/product_brand?post=42359"},{"taxonomy":"product_cat","embeddable":true,"href":"https:\/\/truusk.store\/sv\/wp-json\/wp\/v2\/product_cat?post=42359"},{"taxonomy":"product_tag","embeddable":true,"href":"https:\/\/truusk.store\/sv\/wp-json\/wp\/v2\/product_tag?post=42359"}],"curies":[{"name":"wp","href":"https:\/\/api.w.org\/{rel}","templated":true}]}}