{"id":42407,"date":"2024-02-14T03:56:26","date_gmt":"2024-02-14T02:56:26","guid":{"rendered":"https:\/\/truusk.store\/product\/uteljus-tradgardslampa-solcellsdrift-8h-belysningstid-automatisk-tandning-rottinglook-34-x-34-x-56-cm\/"},"modified":"2026-03-12T09:18:17","modified_gmt":"2026-03-12T08:18:17","slug":"truusk-uteljus-solcellsdrift-8h-belysningstid-automatisk-tandning-rottinglook-34x34x56-cm","status":"publish","type":"product","link":"https:\/\/truusk.store\/sv\/produkt\/truusk-uteljus-solcellsdrift-8h-belysningstid-automatisk-tandning-rottinglook-34x34x56-cm\/","title":{"rendered":"TRUUSK Uteljus Solcellsdrift &#8211; 8h Belysningstid &#8211; Automatisk T\u00e4ndning &#8211; Rottinglook &#8211; 34x34x56 cm"},"content":{"rendered":"<p>Denna vackra utomhuslampa med ett hus av naturligt utseende rottingn\u00e4t passar perfekt in i vilken tr\u00e4dg\u00e5rd eller terrass som helst. Lampan lyser varmvit och skapar en hemtrevlig och mysig atmosf\u00e4r. Tack vare solcellsdrift laddas ljuset under dagen och erbjuder upp till 8 timmars belysningstid samtidigt som det t\u00e4nds och sl\u00e4cks automatiskt. Den robusta st\u00e5lramen och robusta plastrottingen g\u00f6r denna lampa idealisk f\u00f6r l\u00e5ngvarig utomhusbruk.<\/p>\n<h3>Beskrivning:<\/h3>\n<ul>\n<li>Trumformad golvlampa med ett plastrottinghus, ett vackert tillskott till din uteplats, tr\u00e4dg\u00e5rd eller tr\u00e4dg\u00e5rd<\/li>\n<li>Solpanel p\u00e5 ovansidan f\u00f6r laddning i solljus, laddningstid \u00e4r fem timmar<\/li>\n<li>Denna lampa kan t\u00e4ndas i m\u00f6rker och sl\u00e4ckas automatiskt vid soluppg\u00e5ngen<\/li>\n<li>Belysningen varar upp till 8 timmar vid full laddning<\/li>\n<li>IP44 vattent\u00e4t, t\u00e5l regn, sn\u00f6, frost och hagel<\/li>\n<li>Kompakt design f\u00f6r utrymmesbesparing, b\u00e4rbar och energibesparing<\/li>\n<\/ul>\n<h3>Teknisk data:<\/h3>\n<ul>\n<li>Svart f\u00e4rg<\/li>\n<li>Material: st\u00e5l, PE-rotting<\/li>\n<li>Totala m\u00e5tt: 34L x 34W x 56H cm<\/li>\n<li>M\u00e5tt p\u00e5 solcellsmodul: 12L x 12W cm<\/li>\n<li>Golvyta: 24L x 24W cm<\/li>\n<li>LED-effekt (enkel lampa): 0,06 W<\/li>\n<li>Laddningstid: 5 timmar med tillr\u00e4ckligt med solljus<\/li>\n<li>Brinntid (fulladdat): 8 timmar<\/li>\n<li>Ljus: varmvit<\/li>\n<\/ul>\n<h3>Leveransens omfattning:<\/h3>\n<ul>\n<li>1 x utomhusljus<\/li>\n<li>1 x Instruktioner<\/li>\n<\/ul>\n","protected":false},"excerpt":{"rendered":"<p>Denna vackra utomhuslampa med ett hus av naturligt utseende rottingn\u00e4t passar perfekt in i vilken tr\u00e4dg\u00e5rd eller terrass som helst&#8230;.<\/p>\n","protected":false},"featured_media":42408,"template":"","meta":[],"product_brand":[],"product_cat":[435,450,455],"product_tag":[],"class_list":{"0":"post-42407","1":"product","2":"type-product","3":"status-publish","4":"has-post-thumbnail","6":"product_cat-tradgard-och-terrass","7":"product_cat-tradgardsmobler","8":"product_cat-tradgardsmobler-i-polyrattan","10":"first","11":"instock","12":"sale","13":"taxable","14":"shipping-taxable","15":"purchasable","16":"product-type-simple"},"yoast_head":"<!-- This site is optimized with the Yoast SEO plugin v25.4 - https:\/\/yoast.com\/wordpress\/plugins\/seo\/ -->\n<title>TRUUSK Uteljus Solcellsdrift - 8h Belysningstid - Automatisk T\u00e4ndning - Rottinglook - 34x34x56 cm - TRUUSK - Hem, Tr\u00e4dg\u00e5rd &amp; Fritid<\/title>\n<meta name=\"robots\" content=\"index, follow, max-snippet:-1, max-image-preview:large, max-video-preview:-1\" \/>\n<link rel=\"canonical\" href=\"https:\/\/truusk.store\/sv\/produkt\/truusk-uteljus-solcellsdrift-8h-belysningstid-automatisk-tandning-rottinglook-34x34x56-cm\/\" \/>\n<meta property=\"og:locale\" content=\"sv_SE\" \/>\n<meta property=\"og:type\" content=\"article\" \/>\n<meta property=\"og:title\" content=\"TRUUSK Uteljus Solcellsdrift - 8h Belysningstid - Automatisk T\u00e4ndning - Rottinglook - 34x34x56 cm - TRUUSK - Hem, Tr\u00e4dg\u00e5rd &amp; Fritid\" \/>\n<meta property=\"og:description\" content=\"Denna vackra utomhuslampa med ett hus av naturligt utseende rottingn\u00e4t passar perfekt in i vilken tr\u00e4dg\u00e5rd eller terrass som helst....\" \/>\n<meta property=\"og:url\" content=\"https:\/\/truusk.store\/sv\/produkt\/truusk-uteljus-solcellsdrift-8h-belysningstid-automatisk-tandning-rottinglook-34x34x56-cm\/\" \/>\n<meta property=\"og:site_name\" content=\"TRUUSK - Hem, Tr\u00e4dg\u00e5rd &amp; Fritid\" \/>\n<meta property=\"article:modified_time\" content=\"2026-03-12T08:18:17+00:00\" \/>\n<meta property=\"og:image\" content=\"https:\/\/i0.wp.com\/truusk.se\/wp-content\/uploads\/2024\/02\/uteljus-tradgardslampa-solcellsdrift-8h-belysningstid-automatisk-tandning-rottinglook-34-x-34-x-56-cm.webp?fit=800%2C800&ssl=1\" \/>\n\t<meta property=\"og:image:width\" content=\"800\" \/>\n\t<meta property=\"og:image:height\" content=\"800\" \/>\n\t<meta property=\"og:image:type\" content=\"image\/webp\" \/>\n<meta name=\"twitter:card\" content=\"summary_large_image\" \/>\n<meta name=\"twitter:label1\" content=\"Ber\u00e4knad l\u00e4stid\" \/>\n\t<meta name=\"twitter:data1\" content=\"1 minut\" \/>\n<!-- \/ Yoast SEO plugin. -->","yoast_head_json":{"title":"TRUUSK Uteljus Solcellsdrift - 8h Belysningstid - Automatisk T\u00e4ndning - Rottinglook - 34x34x56 cm - TRUUSK - Hem, Tr\u00e4dg\u00e5rd &amp; Fritid","robots":{"index":"index","follow":"follow","max-snippet":"max-snippet:-1","max-image-preview":"max-image-preview:large","max-video-preview":"max-video-preview:-1"},"canonical":"https:\/\/truusk.store\/sv\/produkt\/truusk-uteljus-solcellsdrift-8h-belysningstid-automatisk-tandning-rottinglook-34x34x56-cm\/","og_locale":"sv_SE","og_type":"article","og_title":"TRUUSK Uteljus Solcellsdrift - 8h Belysningstid - Automatisk T\u00e4ndning - Rottinglook - 34x34x56 cm - TRUUSK - Hem, Tr\u00e4dg\u00e5rd &amp; Fritid","og_description":"Denna vackra utomhuslampa med ett hus av naturligt utseende rottingn\u00e4t passar perfekt in i vilken tr\u00e4dg\u00e5rd eller terrass som helst....","og_url":"https:\/\/truusk.store\/sv\/produkt\/truusk-uteljus-solcellsdrift-8h-belysningstid-automatisk-tandning-rottinglook-34x34x56-cm\/","og_site_name":"TRUUSK - Hem, Tr\u00e4dg\u00e5rd &amp; Fritid","article_modified_time":"2026-03-12T08:18:17+00:00","og_image":[{"width":800,"height":800,"url":"https:\/\/i0.wp.com\/truusk.se\/wp-content\/uploads\/2024\/02\/uteljus-tradgardslampa-solcellsdrift-8h-belysningstid-automatisk-tandning-rottinglook-34-x-34-x-56-cm.webp?fit=800%2C800&ssl=1","type":"image\/webp"}],"twitter_card":"summary_large_image","twitter_misc":{"Ber\u00e4knad l\u00e4stid":"1 minut"},"schema":{"@context":"https:\/\/schema.org","@graph":[{"@type":"WebPage","@id":"https:\/\/truusk.store\/sv\/produkt\/truusk-uteljus-solcellsdrift-8h-belysningstid-automatisk-tandning-rottinglook-34x34x56-cm\/","url":"https:\/\/truusk.store\/sv\/produkt\/truusk-uteljus-solcellsdrift-8h-belysningstid-automatisk-tandning-rottinglook-34x34x56-cm\/","name":"TRUUSK Uteljus Solcellsdrift - 8h Belysningstid - Automatisk T\u00e4ndning - Rottinglook - 34x34x56 cm - TRUUSK - Hem, Tr\u00e4dg\u00e5rd &amp; Fritid","isPartOf":{"@id":"https:\/\/truusk.store\/sv\/#website"},"primaryImageOfPage":{"@id":"https:\/\/truusk.store\/sv\/produkt\/truusk-uteljus-solcellsdrift-8h-belysningstid-automatisk-tandning-rottinglook-34x34x56-cm\/#primaryimage"},"image":{"@id":"https:\/\/truusk.store\/sv\/produkt\/truusk-uteljus-solcellsdrift-8h-belysningstid-automatisk-tandning-rottinglook-34x34x56-cm\/#primaryimage"},"thumbnailUrl":"https:\/\/i0.wp.com\/truusk.store\/wp-content\/uploads\/2024\/02\/uteljus-tradgardslampa-solcellsdrift-8h-belysningstid-automatisk-tandning-rottinglook-34-x-34-x-56-cm.webp?fit=800%2C800&ssl=1","datePublished":"2024-02-14T02:56:26+00:00","dateModified":"2026-03-12T08:18:17+00:00","breadcrumb":{"@id":"https:\/\/truusk.store\/sv\/produkt\/truusk-uteljus-solcellsdrift-8h-belysningstid-automatisk-tandning-rottinglook-34x34x56-cm\/#breadcrumb"},"inLanguage":"sv-SE","potentialAction":[{"@type":"ReadAction","target":["https:\/\/truusk.store\/sv\/produkt\/truusk-uteljus-solcellsdrift-8h-belysningstid-automatisk-tandning-rottinglook-34x34x56-cm\/"]}]},{"@type":"ImageObject","inLanguage":"sv-SE","@id":"https:\/\/truusk.store\/sv\/produkt\/truusk-uteljus-solcellsdrift-8h-belysningstid-automatisk-tandning-rottinglook-34x34x56-cm\/#primaryimage","url":"https:\/\/i0.wp.com\/truusk.store\/wp-content\/uploads\/2024\/02\/uteljus-tradgardslampa-solcellsdrift-8h-belysningstid-automatisk-tandning-rottinglook-34-x-34-x-56-cm.webp?fit=800%2C800&ssl=1","contentUrl":"https:\/\/i0.wp.com\/truusk.store\/wp-content\/uploads\/2024\/02\/uteljus-tradgardslampa-solcellsdrift-8h-belysningstid-automatisk-tandning-rottinglook-34-x-34-x-56-cm.webp?fit=800%2C800&ssl=1","width":800,"height":800,"caption":"Uteljus, Tr\u00e4dg\u00e5rdslampa, Solcellsdrift, 8h Belysningstid, Automatisk T\u00e4ndning, Rottinglook, 34 X 34 X 56 Cm 1"},{"@type":"BreadcrumbList","@id":"https:\/\/truusk.store\/sv\/produkt\/truusk-uteljus-solcellsdrift-8h-belysningstid-automatisk-tandning-rottinglook-34x34x56-cm\/#breadcrumb","itemListElement":[{"@type":"ListItem","position":1,"name":"Home","item":"https:\/\/truusk.store\/sv\/"},{"@type":"ListItem","position":2,"name":"Shop","item":"https:\/\/truusk.store\/shop\/"},{"@type":"ListItem","position":3,"name":"TRUUSK Uteljus Solcellsdrift &#8211; 8h Belysningstid &#8211; Automatisk T\u00e4ndning &#8211; Rottinglook &#8211; 34x34x56 cm"}]},{"@type":"WebSite","@id":"https:\/\/truusk.store\/sv\/#website","url":"https:\/\/truusk.store\/sv\/","name":"TRUUSK - Hem, Tr\u00e4dg\u00e5rd & Fritid","description":"","publisher":{"@id":"https:\/\/truusk.store\/sv\/#organization"},"potentialAction":[{"@type":"SearchAction","target":{"@type":"EntryPoint","urlTemplate":"https:\/\/truusk.store\/sv\/?s={search_term_string}"},"query-input":{"@type":"PropertyValueSpecification","valueRequired":true,"valueName":"search_term_string"}}],"inLanguage":"sv-SE"},{"@type":"Organization","@id":"https:\/\/truusk.store\/sv\/#organization","name":"TRUUSK - Hem, Tr\u00e4dg\u00e5rd & Fritid","url":"https:\/\/truusk.store\/sv\/","logo":{"@type":"ImageObject","inLanguage":"sv-SE","@id":"https:\/\/truusk.store\/sv\/#\/schema\/logo\/image\/","url":"https:\/\/i0.wp.com\/truusk.store\/wp-content\/uploads\/2026\/03\/cropped-TRUUSK.png?fit=2032%2C917&ssl=1","contentUrl":"https:\/\/i0.wp.com\/truusk.store\/wp-content\/uploads\/2026\/03\/cropped-TRUUSK.png?fit=2032%2C917&ssl=1","width":2032,"height":917,"caption":"TRUUSK - Hem, Tr\u00e4dg\u00e5rd & Fritid"},"image":{"@id":"https:\/\/truusk.store\/sv\/#\/schema\/logo\/image\/"}}]}},"jetpack_sharing_enabled":true,"_links":{"self":[{"href":"https:\/\/truusk.store\/sv\/wp-json\/wp\/v2\/product\/42407","targetHints":{"allow":["GET"]}}],"collection":[{"href":"https:\/\/truusk.store\/sv\/wp-json\/wp\/v2\/product"}],"about":[{"href":"https:\/\/truusk.store\/sv\/wp-json\/wp\/v2\/types\/product"}],"wp:featuredmedia":[{"embeddable":true,"href":"https:\/\/truusk.store\/sv\/wp-json\/wp\/v2\/media\/42408"}],"wp:attachment":[{"href":"https:\/\/truusk.store\/sv\/wp-json\/wp\/v2\/media?parent=42407"}],"wp:term":[{"taxonomy":"product_brand","embeddable":true,"href":"https:\/\/truusk.store\/sv\/wp-json\/wp\/v2\/product_brand?post=42407"},{"taxonomy":"product_cat","embeddable":true,"href":"https:\/\/truusk.store\/sv\/wp-json\/wp\/v2\/product_cat?post=42407"},{"taxonomy":"product_tag","embeddable":true,"href":"https:\/\/truusk.store\/sv\/wp-json\/wp\/v2\/product_tag?post=42407"}],"curies":[{"name":"wp","href":"https:\/\/api.w.org\/{rel}","templated":true}]}}