{"id":42417,"date":"2024-02-14T03:56:46","date_gmt":"2024-02-14T02:56:46","guid":{"rendered":"https:\/\/truusk.store\/product\/uteservering-tradgardsset-5-delat-polyrattan-sittdyna-vaderbestandig-svart-gra\/"},"modified":"2026-03-12T09:18:20","modified_gmt":"2026-03-12T08:18:20","slug":"truusk-uteservering-5-delat-polyrattan-sittdyna-vaderbestandig-svart-gra","status":"publish","type":"product","link":"https:\/\/truusk.store\/sv\/produkt\/truusk-uteservering-5-delat-polyrattan-sittdyna-vaderbestandig-svart-gra\/","title":{"rendered":"TRUUSK Uteservering 5-delat &#8211; Polyrattan &#8211; Sittdyna &#8211; V\u00e4derbest\u00e4ndig &#8211; Svart\/gr\u00e5"},"content":{"rendered":"<p>Detta tr\u00e4dg\u00e5rdsset i fem delar erbjuder utrymme f\u00f6r en mysig sammankomst. Den best\u00e5r av fyra stolar och ett fyrkantigt bord. Den robusta metallramen och bekl\u00e4dnaden i syntetisk rotting s\u00e4kerst\u00e4ller dubbel h\u00e5llbarhet, medan fransdesignen s\u00e4kerst\u00e4ller en cool look. Plastbordsskivan med tr\u00e4look \u00e4r robust och l\u00e4tt att reng\u00f6ra. B\u00e5de stolarna och pallarna \u00e4r utrustade med vadderade kuddar f\u00f6r \u00f6kad komfort.<\/p>\n<h3>Beskrivning:<\/h3>\n<ul>\n<li>Varje set har en pulverlackerad metallram som \u00e4r robust och h\u00e5llbar<\/li>\n<li>De mjukt vadderade rygg- och sittdynorna ger extra komfort. \u00d6verdragen \u00e4r avtagbara och tv\u00e4ttbara<\/li>\n<li>Alla stolar och pallar kan f\u00f6rvaras under bordet f\u00f6r att spara utrymme n\u00e4r de inte anv\u00e4nds<\/li>\n<li>Det stora bordet med plastskiva i tr\u00e4look ger tillr\u00e4ckligt med utrymme f\u00f6r alla m\u00e5ltider<\/li>\n<li>Montering kr\u00e4vs<\/li>\n<\/ul>\n<h3>Teknisk data:<\/h3>\n<ul>\n<li>F\u00e4rg gr\u00e5<\/li>\n<li>Material: st\u00e5l, PE-rotting, polyester, plast<\/li>\n<li>Stolens m\u00e5tt: 50W x 51,5D x 67H cm<\/li>\n<li>Bordsm\u00e5tt: 110L x 110W x 75H cm<\/li>\n<li>Sitsstorlek: 44W x 50D cm<\/li>\n<li>Sitth\u00f6jd (utan dyna): 42 cm<\/li>\n<li>Lastkapacitet: 120 kg (stol), 70 kg (bord)<\/li>\n<\/ul>\n<h3>Leveransens omfattning:<\/h3>\n<ul>\n<li>4 x stol<\/li>\n<li>1 x bord<\/li>\n<li>4 x sittdynor<\/li>\n<li>4 x ryggkuddar<\/li>\n<li>1 x manuell<\/li>\n<li><\/li>\n<\/ul>\n","protected":false},"excerpt":{"rendered":"<p>Detta tr\u00e4dg\u00e5rdsset i fem delar erbjuder utrymme f\u00f6r en mysig sammankomst. Den best\u00e5r av fyra stolar och ett fyrkantigt bord&#8230;.<\/p>\n","protected":false},"featured_media":42418,"template":"","meta":[],"product_brand":[],"product_cat":[435,450,456],"product_tag":[],"class_list":{"0":"post-42417","1":"product","2":"type-product","3":"status-publish","4":"has-post-thumbnail","6":"product_cat-tradgard-och-terrass","7":"product_cat-tradgardsmobler","8":"product_cat-tradgardsmobler-set","10":"first","11":"instock","12":"sale","13":"taxable","14":"shipping-taxable","15":"purchasable","16":"product-type-simple"},"yoast_head":"<!-- This site is optimized with the Yoast SEO plugin v25.4 - https:\/\/yoast.com\/wordpress\/plugins\/seo\/ -->\n<title>TRUUSK Uteservering 5-delat - Polyrattan - Sittdyna - V\u00e4derbest\u00e4ndig - Svart\/gr\u00e5 - TRUUSK - Hem, Tr\u00e4dg\u00e5rd &amp; Fritid<\/title>\n<meta name=\"robots\" content=\"index, follow, max-snippet:-1, max-image-preview:large, max-video-preview:-1\" \/>\n<link rel=\"canonical\" href=\"https:\/\/truusk.store\/sv\/produkt\/truusk-uteservering-5-delat-polyrattan-sittdyna-vaderbestandig-svart-gra\/\" \/>\n<meta property=\"og:locale\" content=\"sv_SE\" \/>\n<meta property=\"og:type\" content=\"article\" \/>\n<meta property=\"og:title\" content=\"TRUUSK Uteservering 5-delat - Polyrattan - Sittdyna - V\u00e4derbest\u00e4ndig - Svart\/gr\u00e5 - TRUUSK - Hem, Tr\u00e4dg\u00e5rd &amp; Fritid\" \/>\n<meta property=\"og:description\" content=\"Detta tr\u00e4dg\u00e5rdsset i fem delar erbjuder utrymme f\u00f6r en mysig sammankomst. Den best\u00e5r av fyra stolar och ett fyrkantigt bord....\" \/>\n<meta property=\"og:url\" content=\"https:\/\/truusk.store\/sv\/produkt\/truusk-uteservering-5-delat-polyrattan-sittdyna-vaderbestandig-svart-gra\/\" \/>\n<meta property=\"og:site_name\" content=\"TRUUSK - Hem, Tr\u00e4dg\u00e5rd &amp; Fritid\" \/>\n<meta property=\"article:modified_time\" content=\"2026-03-12T08:18:20+00:00\" \/>\n<meta property=\"og:image\" content=\"https:\/\/i0.wp.com\/truusk.se\/wp-content\/uploads\/2024\/02\/uteservering-tradgardsset-5-delat-polyrattan-sittdyna-vaderbestandig-svart-gra.webp?fit=800%2C800&ssl=1\" \/>\n\t<meta property=\"og:image:width\" content=\"800\" \/>\n\t<meta property=\"og:image:height\" content=\"800\" \/>\n\t<meta property=\"og:image:type\" content=\"image\/webp\" \/>\n<meta name=\"twitter:card\" content=\"summary_large_image\" \/>\n<meta name=\"twitter:label1\" content=\"Ber\u00e4knad l\u00e4stid\" \/>\n\t<meta name=\"twitter:data1\" content=\"1 minut\" \/>\n<!-- \/ Yoast SEO plugin. -->","yoast_head_json":{"title":"TRUUSK Uteservering 5-delat - Polyrattan - Sittdyna - V\u00e4derbest\u00e4ndig - Svart\/gr\u00e5 - TRUUSK - Hem, Tr\u00e4dg\u00e5rd &amp; Fritid","robots":{"index":"index","follow":"follow","max-snippet":"max-snippet:-1","max-image-preview":"max-image-preview:large","max-video-preview":"max-video-preview:-1"},"canonical":"https:\/\/truusk.store\/sv\/produkt\/truusk-uteservering-5-delat-polyrattan-sittdyna-vaderbestandig-svart-gra\/","og_locale":"sv_SE","og_type":"article","og_title":"TRUUSK Uteservering 5-delat - Polyrattan - Sittdyna - V\u00e4derbest\u00e4ndig - Svart\/gr\u00e5 - TRUUSK - Hem, Tr\u00e4dg\u00e5rd &amp; Fritid","og_description":"Detta tr\u00e4dg\u00e5rdsset i fem delar erbjuder utrymme f\u00f6r en mysig sammankomst. Den best\u00e5r av fyra stolar och ett fyrkantigt bord....","og_url":"https:\/\/truusk.store\/sv\/produkt\/truusk-uteservering-5-delat-polyrattan-sittdyna-vaderbestandig-svart-gra\/","og_site_name":"TRUUSK - Hem, Tr\u00e4dg\u00e5rd &amp; Fritid","article_modified_time":"2026-03-12T08:18:20+00:00","og_image":[{"width":800,"height":800,"url":"https:\/\/i0.wp.com\/truusk.se\/wp-content\/uploads\/2024\/02\/uteservering-tradgardsset-5-delat-polyrattan-sittdyna-vaderbestandig-svart-gra.webp?fit=800%2C800&ssl=1","type":"image\/webp"}],"twitter_card":"summary_large_image","twitter_misc":{"Ber\u00e4knad l\u00e4stid":"1 minut"},"schema":{"@context":"https:\/\/schema.org","@graph":[{"@type":"WebPage","@id":"https:\/\/truusk.store\/sv\/produkt\/truusk-uteservering-5-delat-polyrattan-sittdyna-vaderbestandig-svart-gra\/","url":"https:\/\/truusk.store\/sv\/produkt\/truusk-uteservering-5-delat-polyrattan-sittdyna-vaderbestandig-svart-gra\/","name":"TRUUSK Uteservering 5-delat - Polyrattan - Sittdyna - V\u00e4derbest\u00e4ndig - Svart\/gr\u00e5 - TRUUSK - Hem, Tr\u00e4dg\u00e5rd &amp; Fritid","isPartOf":{"@id":"https:\/\/truusk.store\/sv\/#website"},"primaryImageOfPage":{"@id":"https:\/\/truusk.store\/sv\/produkt\/truusk-uteservering-5-delat-polyrattan-sittdyna-vaderbestandig-svart-gra\/#primaryimage"},"image":{"@id":"https:\/\/truusk.store\/sv\/produkt\/truusk-uteservering-5-delat-polyrattan-sittdyna-vaderbestandig-svart-gra\/#primaryimage"},"thumbnailUrl":"https:\/\/i0.wp.com\/truusk.store\/wp-content\/uploads\/2024\/02\/uteservering-tradgardsset-5-delat-polyrattan-sittdyna-vaderbestandig-svart-gra.webp?fit=800%2C800&ssl=1","datePublished":"2024-02-14T02:56:46+00:00","dateModified":"2026-03-12T08:18:20+00:00","breadcrumb":{"@id":"https:\/\/truusk.store\/sv\/produkt\/truusk-uteservering-5-delat-polyrattan-sittdyna-vaderbestandig-svart-gra\/#breadcrumb"},"inLanguage":"sv-SE","potentialAction":[{"@type":"ReadAction","target":["https:\/\/truusk.store\/sv\/produkt\/truusk-uteservering-5-delat-polyrattan-sittdyna-vaderbestandig-svart-gra\/"]}]},{"@type":"ImageObject","inLanguage":"sv-SE","@id":"https:\/\/truusk.store\/sv\/produkt\/truusk-uteservering-5-delat-polyrattan-sittdyna-vaderbestandig-svart-gra\/#primaryimage","url":"https:\/\/i0.wp.com\/truusk.store\/wp-content\/uploads\/2024\/02\/uteservering-tradgardsset-5-delat-polyrattan-sittdyna-vaderbestandig-svart-gra.webp?fit=800%2C800&ssl=1","contentUrl":"https:\/\/i0.wp.com\/truusk.store\/wp-content\/uploads\/2024\/02\/uteservering-tradgardsset-5-delat-polyrattan-sittdyna-vaderbestandig-svart-gra.webp?fit=800%2C800&ssl=1","width":800,"height":800,"caption":"Uteservering, Tr\u00e4dg\u00e5rdsset, 5-delat, Polyrattan, Sittdyna, V\u00e4derbest\u00e4ndig, Svart\/gr\u00e5 1"},{"@type":"BreadcrumbList","@id":"https:\/\/truusk.store\/sv\/produkt\/truusk-uteservering-5-delat-polyrattan-sittdyna-vaderbestandig-svart-gra\/#breadcrumb","itemListElement":[{"@type":"ListItem","position":1,"name":"Home","item":"https:\/\/truusk.store\/sv\/"},{"@type":"ListItem","position":2,"name":"Shop","item":"https:\/\/truusk.store\/shop\/"},{"@type":"ListItem","position":3,"name":"TRUUSK Uteservering 5-delat &#8211; Polyrattan &#8211; Sittdyna &#8211; V\u00e4derbest\u00e4ndig &#8211; Svart\/gr\u00e5"}]},{"@type":"WebSite","@id":"https:\/\/truusk.store\/sv\/#website","url":"https:\/\/truusk.store\/sv\/","name":"TRUUSK - Hem, Tr\u00e4dg\u00e5rd & Fritid","description":"","publisher":{"@id":"https:\/\/truusk.store\/sv\/#organization"},"potentialAction":[{"@type":"SearchAction","target":{"@type":"EntryPoint","urlTemplate":"https:\/\/truusk.store\/sv\/?s={search_term_string}"},"query-input":{"@type":"PropertyValueSpecification","valueRequired":true,"valueName":"search_term_string"}}],"inLanguage":"sv-SE"},{"@type":"Organization","@id":"https:\/\/truusk.store\/sv\/#organization","name":"TRUUSK - Hem, Tr\u00e4dg\u00e5rd & Fritid","url":"https:\/\/truusk.store\/sv\/","logo":{"@type":"ImageObject","inLanguage":"sv-SE","@id":"https:\/\/truusk.store\/sv\/#\/schema\/logo\/image\/","url":"https:\/\/i0.wp.com\/truusk.store\/wp-content\/uploads\/2026\/03\/cropped-TRUUSK.png?fit=2032%2C917&ssl=1","contentUrl":"https:\/\/i0.wp.com\/truusk.store\/wp-content\/uploads\/2026\/03\/cropped-TRUUSK.png?fit=2032%2C917&ssl=1","width":2032,"height":917,"caption":"TRUUSK - Hem, Tr\u00e4dg\u00e5rd & Fritid"},"image":{"@id":"https:\/\/truusk.store\/sv\/#\/schema\/logo\/image\/"}}]}},"jetpack_sharing_enabled":true,"_links":{"self":[{"href":"https:\/\/truusk.store\/sv\/wp-json\/wp\/v2\/product\/42417","targetHints":{"allow":["GET"]}}],"collection":[{"href":"https:\/\/truusk.store\/sv\/wp-json\/wp\/v2\/product"}],"about":[{"href":"https:\/\/truusk.store\/sv\/wp-json\/wp\/v2\/types\/product"}],"wp:featuredmedia":[{"embeddable":true,"href":"https:\/\/truusk.store\/sv\/wp-json\/wp\/v2\/media\/42418"}],"wp:attachment":[{"href":"https:\/\/truusk.store\/sv\/wp-json\/wp\/v2\/media?parent=42417"}],"wp:term":[{"taxonomy":"product_brand","embeddable":true,"href":"https:\/\/truusk.store\/sv\/wp-json\/wp\/v2\/product_brand?post=42417"},{"taxonomy":"product_cat","embeddable":true,"href":"https:\/\/truusk.store\/sv\/wp-json\/wp\/v2\/product_cat?post=42417"},{"taxonomy":"product_tag","embeddable":true,"href":"https:\/\/truusk.store\/sv\/wp-json\/wp\/v2\/product_tag?post=42417"}],"curies":[{"name":"wp","href":"https:\/\/api.w.org\/{rel}","templated":true}]}}