{"id":42485,"date":"2024-02-14T03:59:25","date_gmt":"2024-02-14T02:59:25","guid":{"rendered":"https:\/\/truusk.store\/product\/tradgardsstolset-2-delar-pall-sidobord-stor-sittdyna-stalstomme-farg-sand-118-x-75-x-142-cm\/"},"modified":"2026-03-12T09:18:21","modified_gmt":"2026-03-12T08:18:21","slug":"truusk-tradgardsstolset-2-delar-pall-sidobord-stor-sittdyna-stalstomme-farg-sand-118-x-75-x-142-cm","status":"publish","type":"product","link":"https:\/\/truusk.store\/sv\/produkt\/truusk-tradgardsstolset-2-delar-pall-sidobord-stor-sittdyna-stalstomme-farg-sand-118-x-75-x-142-cm\/","title":{"rendered":"TRUUSK Tr\u00e4dg\u00e5rdsstolset &#8211; 2 Delar &#8211; Pall\/sidobord &#8211; Stor Sittdyna &#8211; St\u00e5lstomme &#8211; F\u00e4rg: Sand &#8211; 118 X 75 X 142 Cm"},"content":{"rendered":"<p>Njut av den friska tr\u00e4dg\u00e5rdsluften f\u00f6r tv\u00e5 p\u00e5 denna mysiga tr\u00e4dg\u00e5rdsstol. Sittskalet g\u00f6r att du bekv\u00e4mt kan sjunka in samtidigt som pallen kan f\u00f6rvandlas till ett sidobord p\u00e5 nolltid. Den stora, mjuka sittdynan som fyller hela sittkorgen erbjuder otrolig komfort. Tack vare den praktiska hopf\u00e4llbara designen kan stolen f\u00e4llas ihop och f\u00f6rvaras vid behov. Dessutom erbjuder den starka st\u00e5lramen kompromissl\u00f6s stabilitet och s\u00e4ker balans.<\/p>\n<h3>Beskrivning:<\/h3>\n<ul>\n<li>Set med 2 korgstolar och pall, l\u00e4mplig f\u00f6r inomhus- och utomhusbruk<\/li>\n<li>Ta bort dynan f\u00f6r att anv\u00e4nda pallen som sidobord<\/li>\n<li>Stor bekv\u00e4m sittdyna till stolen<\/li>\n<li>Sittkorgen kan enkelt f\u00e4llas ihop och f\u00f6rvaras<\/li>\n<li>Pulverlackerad st\u00e5lram s\u00e4kerst\u00e4ller h\u00f6g stabilitet<\/li>\n<li>Praktisk muggh\u00e5llare p\u00e5 sidan<\/li>\n<li>Fyra fj\u00e4drande ben f\u00f6r ett s\u00e4kert grepp<\/li>\n<li>Montering kr\u00e4vs<\/li>\n<\/ul>\n<h3>Teknisk data:<\/h3>\n<ul>\n<li>F\u00e4rg: sandbrun<\/li>\n<li>Material: st\u00e5l, polyester, PP<\/li>\n<li>M\u00e5tt stol: 118L x 75W x 142H cm<\/li>\n<li>M\u00e5tt pall\/bord: 66 x 48H cm<\/li>\n<li>Sitsm\u00e5tt: 74W x 56D x 40H cm<\/li>\n<li>Ryggst\u00f6dsm\u00e5tt: 74W x 98H cm<\/li>\n<li>M\u00e5tt korgstomme: 118L x 66W x 106H cm (ovikt), 106L x 67W x 20H cm (hopf\u00e4lld)<\/li>\n<li>M\u00e5tt kudde (sits): 74L x 56W x 3D cm<\/li>\n<li>M\u00e5tt kudde (rygg och sits): 116L x 116W x 13D cm<\/li>\n<li>Lastkapacitet: 120 kg (stol), 30 kg (bord)<\/li>\n<\/ul>\n<h3>Leveransens omfattning:<\/h3>\n<ul>\n<li>1 x Tr\u00e4dg\u00e5rdsstol<\/li>\n<li>1 x bord<\/li>\n<li>1 x Instruktioner<\/li>\n<\/ul>\n","protected":false},"excerpt":{"rendered":"<p>Njut av den friska tr\u00e4dg\u00e5rdsluften f\u00f6r tv\u00e5 p\u00e5 denna mysiga tr\u00e4dg\u00e5rdsstol. Sittskalet g\u00f6r att du bekv\u00e4mt kan sjunka in samtidigt&#8230;<\/p>\n","protected":false},"featured_media":42486,"template":"","meta":[],"product_brand":[],"product_cat":[435,450,452],"product_tag":[],"class_list":{"0":"post-42485","1":"product","2":"type-product","3":"status-publish","4":"has-post-thumbnail","6":"product_cat-tradgard-och-terrass","7":"product_cat-tradgardsmobler","8":"product_cat-tradgardsstolar","10":"first","11":"instock","12":"sale","13":"taxable","14":"shipping-taxable","15":"purchasable","16":"product-type-simple"},"yoast_head":"<!-- This site is optimized with the Yoast SEO plugin v25.4 - https:\/\/yoast.com\/wordpress\/plugins\/seo\/ -->\n<title>TRUUSK Tr\u00e4dg\u00e5rdsstolset - 2 Delar - Pall\/sidobord - Stor Sittdyna - St\u00e5lstomme - F\u00e4rg: Sand - 118 X 75 X 142 Cm - TRUUSK - Hem, Tr\u00e4dg\u00e5rd &amp; Fritid<\/title>\n<meta name=\"robots\" content=\"index, follow, max-snippet:-1, max-image-preview:large, max-video-preview:-1\" \/>\n<link rel=\"canonical\" href=\"https:\/\/truusk.store\/sv\/produkt\/truusk-tradgardsstolset-2-delar-pall-sidobord-stor-sittdyna-stalstomme-farg-sand-118-x-75-x-142-cm\/\" \/>\n<meta property=\"og:locale\" content=\"sv_SE\" \/>\n<meta property=\"og:type\" content=\"article\" \/>\n<meta property=\"og:title\" content=\"TRUUSK Tr\u00e4dg\u00e5rdsstolset - 2 Delar - Pall\/sidobord - Stor Sittdyna - St\u00e5lstomme - F\u00e4rg: Sand - 118 X 75 X 142 Cm - TRUUSK - Hem, Tr\u00e4dg\u00e5rd &amp; Fritid\" \/>\n<meta property=\"og:description\" content=\"Njut av den friska tr\u00e4dg\u00e5rdsluften f\u00f6r tv\u00e5 p\u00e5 denna mysiga tr\u00e4dg\u00e5rdsstol. Sittskalet g\u00f6r att du bekv\u00e4mt kan sjunka in samtidigt...\" \/>\n<meta property=\"og:url\" content=\"https:\/\/truusk.store\/sv\/produkt\/truusk-tradgardsstolset-2-delar-pall-sidobord-stor-sittdyna-stalstomme-farg-sand-118-x-75-x-142-cm\/\" \/>\n<meta property=\"og:site_name\" content=\"TRUUSK - Hem, Tr\u00e4dg\u00e5rd &amp; Fritid\" \/>\n<meta property=\"article:modified_time\" content=\"2026-03-12T08:18:21+00:00\" \/>\n<meta property=\"og:image\" content=\"https:\/\/i0.wp.com\/truusk.se\/wp-content\/uploads\/2024\/02\/tradgardsstolset-2-delar-pall-sidobord-stor-sittdyna-stalstomme-farg-sand-118-x-75-x-142-cm.webp?fit=800%2C800&ssl=1\" \/>\n\t<meta property=\"og:image:width\" content=\"800\" \/>\n\t<meta property=\"og:image:height\" content=\"800\" \/>\n\t<meta property=\"og:image:type\" content=\"image\/webp\" \/>\n<meta name=\"twitter:card\" content=\"summary_large_image\" \/>\n<meta name=\"twitter:label1\" content=\"Ber\u00e4knad l\u00e4stid\" \/>\n\t<meta name=\"twitter:data1\" content=\"1 minut\" \/>\n<!-- \/ Yoast SEO plugin. -->","yoast_head_json":{"title":"TRUUSK Tr\u00e4dg\u00e5rdsstolset - 2 Delar - Pall\/sidobord - Stor Sittdyna - St\u00e5lstomme - F\u00e4rg: Sand - 118 X 75 X 142 Cm - TRUUSK - Hem, Tr\u00e4dg\u00e5rd &amp; Fritid","robots":{"index":"index","follow":"follow","max-snippet":"max-snippet:-1","max-image-preview":"max-image-preview:large","max-video-preview":"max-video-preview:-1"},"canonical":"https:\/\/truusk.store\/sv\/produkt\/truusk-tradgardsstolset-2-delar-pall-sidobord-stor-sittdyna-stalstomme-farg-sand-118-x-75-x-142-cm\/","og_locale":"sv_SE","og_type":"article","og_title":"TRUUSK Tr\u00e4dg\u00e5rdsstolset - 2 Delar - Pall\/sidobord - Stor Sittdyna - St\u00e5lstomme - F\u00e4rg: Sand - 118 X 75 X 142 Cm - TRUUSK - Hem, Tr\u00e4dg\u00e5rd &amp; Fritid","og_description":"Njut av den friska tr\u00e4dg\u00e5rdsluften f\u00f6r tv\u00e5 p\u00e5 denna mysiga tr\u00e4dg\u00e5rdsstol. Sittskalet g\u00f6r att du bekv\u00e4mt kan sjunka in samtidigt...","og_url":"https:\/\/truusk.store\/sv\/produkt\/truusk-tradgardsstolset-2-delar-pall-sidobord-stor-sittdyna-stalstomme-farg-sand-118-x-75-x-142-cm\/","og_site_name":"TRUUSK - Hem, Tr\u00e4dg\u00e5rd &amp; Fritid","article_modified_time":"2026-03-12T08:18:21+00:00","og_image":[{"width":800,"height":800,"url":"https:\/\/i0.wp.com\/truusk.se\/wp-content\/uploads\/2024\/02\/tradgardsstolset-2-delar-pall-sidobord-stor-sittdyna-stalstomme-farg-sand-118-x-75-x-142-cm.webp?fit=800%2C800&ssl=1","type":"image\/webp"}],"twitter_card":"summary_large_image","twitter_misc":{"Ber\u00e4knad l\u00e4stid":"1 minut"},"schema":{"@context":"https:\/\/schema.org","@graph":[{"@type":"WebPage","@id":"https:\/\/truusk.store\/sv\/produkt\/truusk-tradgardsstolset-2-delar-pall-sidobord-stor-sittdyna-stalstomme-farg-sand-118-x-75-x-142-cm\/","url":"https:\/\/truusk.store\/sv\/produkt\/truusk-tradgardsstolset-2-delar-pall-sidobord-stor-sittdyna-stalstomme-farg-sand-118-x-75-x-142-cm\/","name":"TRUUSK Tr\u00e4dg\u00e5rdsstolset - 2 Delar - Pall\/sidobord - Stor Sittdyna - St\u00e5lstomme - F\u00e4rg: Sand - 118 X 75 X 142 Cm - TRUUSK - Hem, Tr\u00e4dg\u00e5rd &amp; Fritid","isPartOf":{"@id":"https:\/\/truusk.store\/sv\/#website"},"primaryImageOfPage":{"@id":"https:\/\/truusk.store\/sv\/produkt\/truusk-tradgardsstolset-2-delar-pall-sidobord-stor-sittdyna-stalstomme-farg-sand-118-x-75-x-142-cm\/#primaryimage"},"image":{"@id":"https:\/\/truusk.store\/sv\/produkt\/truusk-tradgardsstolset-2-delar-pall-sidobord-stor-sittdyna-stalstomme-farg-sand-118-x-75-x-142-cm\/#primaryimage"},"thumbnailUrl":"https:\/\/i0.wp.com\/truusk.store\/wp-content\/uploads\/2024\/02\/tradgardsstolset-2-delar-pall-sidobord-stor-sittdyna-stalstomme-farg-sand-118-x-75-x-142-cm.webp?fit=800%2C800&ssl=1","datePublished":"2024-02-14T02:59:25+00:00","dateModified":"2026-03-12T08:18:21+00:00","breadcrumb":{"@id":"https:\/\/truusk.store\/sv\/produkt\/truusk-tradgardsstolset-2-delar-pall-sidobord-stor-sittdyna-stalstomme-farg-sand-118-x-75-x-142-cm\/#breadcrumb"},"inLanguage":"sv-SE","potentialAction":[{"@type":"ReadAction","target":["https:\/\/truusk.store\/sv\/produkt\/truusk-tradgardsstolset-2-delar-pall-sidobord-stor-sittdyna-stalstomme-farg-sand-118-x-75-x-142-cm\/"]}]},{"@type":"ImageObject","inLanguage":"sv-SE","@id":"https:\/\/truusk.store\/sv\/produkt\/truusk-tradgardsstolset-2-delar-pall-sidobord-stor-sittdyna-stalstomme-farg-sand-118-x-75-x-142-cm\/#primaryimage","url":"https:\/\/i0.wp.com\/truusk.store\/wp-content\/uploads\/2024\/02\/tradgardsstolset-2-delar-pall-sidobord-stor-sittdyna-stalstomme-farg-sand-118-x-75-x-142-cm.webp?fit=800%2C800&ssl=1","contentUrl":"https:\/\/i0.wp.com\/truusk.store\/wp-content\/uploads\/2024\/02\/tradgardsstolset-2-delar-pall-sidobord-stor-sittdyna-stalstomme-farg-sand-118-x-75-x-142-cm.webp?fit=800%2C800&ssl=1","width":800,"height":800,"caption":"Tr\u00e4dg\u00e5rdsstolset, 2 Delar, Pall\/sidobord, Stor Sittdyna, St\u00e5lstomme, F\u00e4rg: Sand, 118 X 75 X 142 Cm 1"},{"@type":"BreadcrumbList","@id":"https:\/\/truusk.store\/sv\/produkt\/truusk-tradgardsstolset-2-delar-pall-sidobord-stor-sittdyna-stalstomme-farg-sand-118-x-75-x-142-cm\/#breadcrumb","itemListElement":[{"@type":"ListItem","position":1,"name":"Home","item":"https:\/\/truusk.store\/sv\/"},{"@type":"ListItem","position":2,"name":"Shop","item":"https:\/\/truusk.store\/shop\/"},{"@type":"ListItem","position":3,"name":"TRUUSK Tr\u00e4dg\u00e5rdsstolset &#8211; 2 Delar &#8211; Pall\/sidobord &#8211; Stor Sittdyna &#8211; St\u00e5lstomme &#8211; F\u00e4rg: Sand &#8211; 118 X 75 X 142 Cm"}]},{"@type":"WebSite","@id":"https:\/\/truusk.store\/sv\/#website","url":"https:\/\/truusk.store\/sv\/","name":"TRUUSK - Hem, Tr\u00e4dg\u00e5rd & Fritid","description":"","publisher":{"@id":"https:\/\/truusk.store\/sv\/#organization"},"potentialAction":[{"@type":"SearchAction","target":{"@type":"EntryPoint","urlTemplate":"https:\/\/truusk.store\/sv\/?s={search_term_string}"},"query-input":{"@type":"PropertyValueSpecification","valueRequired":true,"valueName":"search_term_string"}}],"inLanguage":"sv-SE"},{"@type":"Organization","@id":"https:\/\/truusk.store\/sv\/#organization","name":"TRUUSK - Hem, Tr\u00e4dg\u00e5rd & Fritid","url":"https:\/\/truusk.store\/sv\/","logo":{"@type":"ImageObject","inLanguage":"sv-SE","@id":"https:\/\/truusk.store\/sv\/#\/schema\/logo\/image\/","url":"https:\/\/i0.wp.com\/truusk.store\/wp-content\/uploads\/2026\/03\/cropped-TRUUSK.png?fit=2032%2C917&ssl=1","contentUrl":"https:\/\/i0.wp.com\/truusk.store\/wp-content\/uploads\/2026\/03\/cropped-TRUUSK.png?fit=2032%2C917&ssl=1","width":2032,"height":917,"caption":"TRUUSK - Hem, Tr\u00e4dg\u00e5rd & Fritid"},"image":{"@id":"https:\/\/truusk.store\/sv\/#\/schema\/logo\/image\/"}}]}},"jetpack_sharing_enabled":true,"_links":{"self":[{"href":"https:\/\/truusk.store\/sv\/wp-json\/wp\/v2\/product\/42485","targetHints":{"allow":["GET"]}}],"collection":[{"href":"https:\/\/truusk.store\/sv\/wp-json\/wp\/v2\/product"}],"about":[{"href":"https:\/\/truusk.store\/sv\/wp-json\/wp\/v2\/types\/product"}],"wp:featuredmedia":[{"embeddable":true,"href":"https:\/\/truusk.store\/sv\/wp-json\/wp\/v2\/media\/42486"}],"wp:attachment":[{"href":"https:\/\/truusk.store\/sv\/wp-json\/wp\/v2\/media?parent=42485"}],"wp:term":[{"taxonomy":"product_brand","embeddable":true,"href":"https:\/\/truusk.store\/sv\/wp-json\/wp\/v2\/product_brand?post=42485"},{"taxonomy":"product_cat","embeddable":true,"href":"https:\/\/truusk.store\/sv\/wp-json\/wp\/v2\/product_cat?post=42485"},{"taxonomy":"product_tag","embeddable":true,"href":"https:\/\/truusk.store\/sv\/wp-json\/wp\/v2\/product_tag?post=42485"}],"curies":[{"name":"wp","href":"https:\/\/api.w.org\/{rel}","templated":true}]}}