{"id":42505,"date":"2024-02-14T04:00:23","date_gmt":"2024-02-14T03:00:23","guid":{"rendered":"https:\/\/truusk.store\/product\/tradgardsmobelset-i-rotting-for-4-personer-sittset-med-kuddar-for-balkong-aluminiumgra\/"},"modified":"2026-03-12T09:18:22","modified_gmt":"2026-03-12T08:18:22","slug":"truusk-tradgardsmobelset-i-rotting-for-4-personer-sittset-med-kuddar-aluminiumgra","status":"publish","type":"product","link":"https:\/\/truusk.store\/sv\/produkt\/truusk-tradgardsmobelset-i-rotting-for-4-personer-sittset-med-kuddar-aluminiumgra\/","title":{"rendered":"TRUUSK Tr\u00e4dg\u00e5rdsm\u00f6belset i Rotting &#8211; F\u00f6r 4 Personer &#8211; Sittset med Kuddar &#8211; Aluminiumgr\u00e5"},"content":{"rendered":"<p>Se fram emot mysiga eftermiddagar med denna uteservering. Setet i fyra delar best\u00e5r av tv\u00e5 dubbla h\u00f6rnsoffor, en h\u00f6rnsoffa och ett fyrkantigt soffbord, med l\u00e4ttviktsaluminium som utg\u00f6r basramen f\u00f6r en robust struktur. Bordet har en vacker yta gjord av aluminiumplattor och anpassar sig i h\u00f6jd till f\u00e5t\u00f6ljen, vilket g\u00f6r det till den perfekta platsen att ha allt du beh\u00f6ver i n\u00e4rheten.<\/p>\n<h3>Beskrivning:<\/h3>\n<ul>\n<li>4-delat tr\u00e4dg\u00e5rdsset i rotting f\u00f6r stilfullt uteliv<\/li>\n<li>Tillverkad av l\u00e4tt aluminiumram, slitstarkt tyg och handv\u00e4vd PE-rotting<\/li>\n<li>Bordsskiva i aluminium med specialf\u00e4rg f\u00f6r h\u00e5llbarhet och enkel reng\u00f6ring<\/li>\n<li>St\u00f6djande sitt- och ryggkuddar f\u00f6r ultimat komfort<\/li>\n<li>\u00d6rngott med dragkedja f\u00f6r enkel borttagning och tv\u00e4tt<\/li>\n<li>Idealisk f\u00f6r balkonger, uteplatser, g\u00e5rdar, tr\u00e4dg\u00e5rdar, balkonger, poolomr\u00e5den och mycket mer<\/li>\n<li>Montering kr\u00e4vs<\/li>\n<\/ul>\n<h3>Teknisk data:<\/h3>\n<ul>\n<li>F\u00e4rg: Svart+Gr\u00e5+Bl\u00e5<\/li>\n<li>Material: aluminium, PE, polyester<\/li>\n<li>M\u00e5tt dubbelsoffa v\u00e4nster sida: 120L x 71W x 65H cm<\/li>\n<li>Dubbel soffsits: 110W x 60D cm<\/li>\n<li>M\u00e5tt h\u00f6rnsoffa h\u00f6ger sida: 71W x 71D x 65H cm<\/li>\n<li>H\u00f6rnsoffsits: 60W x 60D cm<\/li>\n<li>M\u00e5tt soffbord: 60L x 60W x 40H cm<\/li>\n<li>Sitth\u00f6jd (utan dyna): 31 cm<\/li>\n<li>Lastkapacitet: 240 kg (dubbelsoffa), 120 kg (h\u00f6rnsoffa), 30 kg (bord)<\/li>\n<\/ul>\n<h3>Leveransens omfattning:<\/h3>\n<ul>\n<li>2 x dubbel h\u00f6rnsoffa<\/li>\n<li>1 x H\u00f6rnsoffa<\/li>\n<li>1 x Soffbord<\/li>\n<li>3 x sittdynor<\/li>\n<li>6 x ryggkuddar<\/li>\n<li>1 x Instruktioner<\/li>\n<li>VIKTIGT: Vi levererar varan till trottoarkanten utan kostnad. Se till att du anger r\u00e4tt adress och telefonnummer.<\/li>\n<\/ul>\n","protected":false},"excerpt":{"rendered":"<p>Se fram emot mysiga eftermiddagar med denna uteservering. Setet i fyra delar best\u00e5r av tv\u00e5 dubbla h\u00f6rnsoffor, en h\u00f6rnsoffa och&#8230;<\/p>\n","protected":false},"featured_media":42506,"template":"","meta":[],"product_brand":[],"product_cat":[435,450,455],"product_tag":[],"class_list":{"0":"post-42505","1":"product","2":"type-product","3":"status-publish","4":"has-post-thumbnail","6":"product_cat-tradgard-och-terrass","7":"product_cat-tradgardsmobler","8":"product_cat-tradgardsmobler-i-polyrattan","10":"first","11":"instock","12":"sale","13":"taxable","14":"shipping-taxable","15":"purchasable","16":"product-type-simple"},"yoast_head":"<!-- This site is optimized with the Yoast SEO plugin v25.4 - https:\/\/yoast.com\/wordpress\/plugins\/seo\/ -->\n<title>TRUUSK Tr\u00e4dg\u00e5rdsm\u00f6belset i Rotting - F\u00f6r 4 Personer - Sittset med Kuddar - Aluminiumgr\u00e5 - TRUUSK - Hem, Tr\u00e4dg\u00e5rd &amp; Fritid<\/title>\n<meta name=\"robots\" content=\"index, follow, max-snippet:-1, max-image-preview:large, max-video-preview:-1\" \/>\n<link rel=\"canonical\" href=\"https:\/\/truusk.store\/sv\/produkt\/truusk-tradgardsmobelset-i-rotting-for-4-personer-sittset-med-kuddar-aluminiumgra\/\" \/>\n<meta property=\"og:locale\" content=\"sv_SE\" \/>\n<meta property=\"og:type\" content=\"article\" \/>\n<meta property=\"og:title\" content=\"TRUUSK Tr\u00e4dg\u00e5rdsm\u00f6belset i Rotting - F\u00f6r 4 Personer - Sittset med Kuddar - Aluminiumgr\u00e5 - TRUUSK - Hem, Tr\u00e4dg\u00e5rd &amp; Fritid\" \/>\n<meta property=\"og:description\" content=\"Se fram emot mysiga eftermiddagar med denna uteservering. Setet i fyra delar best\u00e5r av tv\u00e5 dubbla h\u00f6rnsoffor, en h\u00f6rnsoffa och...\" \/>\n<meta property=\"og:url\" content=\"https:\/\/truusk.store\/sv\/produkt\/truusk-tradgardsmobelset-i-rotting-for-4-personer-sittset-med-kuddar-aluminiumgra\/\" \/>\n<meta property=\"og:site_name\" content=\"TRUUSK - Hem, Tr\u00e4dg\u00e5rd &amp; Fritid\" \/>\n<meta property=\"article:modified_time\" content=\"2026-03-12T08:18:22+00:00\" \/>\n<meta property=\"og:image\" content=\"https:\/\/i0.wp.com\/truusk.se\/wp-content\/uploads\/2024\/02\/tradgardsmobelset-i-rotting-for-4-personer-sittset-med-kuddar-for-balkong-aluminiumgra.webp?fit=800%2C800&ssl=1\" \/>\n\t<meta property=\"og:image:width\" content=\"800\" \/>\n\t<meta property=\"og:image:height\" content=\"800\" \/>\n\t<meta property=\"og:image:type\" content=\"image\/webp\" \/>\n<meta name=\"twitter:card\" content=\"summary_large_image\" \/>\n<meta name=\"twitter:label1\" content=\"Ber\u00e4knad l\u00e4stid\" \/>\n\t<meta name=\"twitter:data1\" content=\"1 minut\" \/>\n<!-- \/ Yoast SEO plugin. -->","yoast_head_json":{"title":"TRUUSK Tr\u00e4dg\u00e5rdsm\u00f6belset i Rotting - F\u00f6r 4 Personer - Sittset med Kuddar - Aluminiumgr\u00e5 - TRUUSK - Hem, Tr\u00e4dg\u00e5rd &amp; Fritid","robots":{"index":"index","follow":"follow","max-snippet":"max-snippet:-1","max-image-preview":"max-image-preview:large","max-video-preview":"max-video-preview:-1"},"canonical":"https:\/\/truusk.store\/sv\/produkt\/truusk-tradgardsmobelset-i-rotting-for-4-personer-sittset-med-kuddar-aluminiumgra\/","og_locale":"sv_SE","og_type":"article","og_title":"TRUUSK Tr\u00e4dg\u00e5rdsm\u00f6belset i Rotting - F\u00f6r 4 Personer - Sittset med Kuddar - Aluminiumgr\u00e5 - TRUUSK - Hem, Tr\u00e4dg\u00e5rd &amp; Fritid","og_description":"Se fram emot mysiga eftermiddagar med denna uteservering. Setet i fyra delar best\u00e5r av tv\u00e5 dubbla h\u00f6rnsoffor, en h\u00f6rnsoffa och...","og_url":"https:\/\/truusk.store\/sv\/produkt\/truusk-tradgardsmobelset-i-rotting-for-4-personer-sittset-med-kuddar-aluminiumgra\/","og_site_name":"TRUUSK - Hem, Tr\u00e4dg\u00e5rd &amp; Fritid","article_modified_time":"2026-03-12T08:18:22+00:00","og_image":[{"width":800,"height":800,"url":"https:\/\/i0.wp.com\/truusk.se\/wp-content\/uploads\/2024\/02\/tradgardsmobelset-i-rotting-for-4-personer-sittset-med-kuddar-for-balkong-aluminiumgra.webp?fit=800%2C800&ssl=1","type":"image\/webp"}],"twitter_card":"summary_large_image","twitter_misc":{"Ber\u00e4knad l\u00e4stid":"1 minut"},"schema":{"@context":"https:\/\/schema.org","@graph":[{"@type":"WebPage","@id":"https:\/\/truusk.store\/sv\/produkt\/truusk-tradgardsmobelset-i-rotting-for-4-personer-sittset-med-kuddar-aluminiumgra\/","url":"https:\/\/truusk.store\/sv\/produkt\/truusk-tradgardsmobelset-i-rotting-for-4-personer-sittset-med-kuddar-aluminiumgra\/","name":"TRUUSK Tr\u00e4dg\u00e5rdsm\u00f6belset i Rotting - F\u00f6r 4 Personer - Sittset med Kuddar - Aluminiumgr\u00e5 - TRUUSK - Hem, Tr\u00e4dg\u00e5rd &amp; Fritid","isPartOf":{"@id":"https:\/\/truusk.store\/sv\/#website"},"primaryImageOfPage":{"@id":"https:\/\/truusk.store\/sv\/produkt\/truusk-tradgardsmobelset-i-rotting-for-4-personer-sittset-med-kuddar-aluminiumgra\/#primaryimage"},"image":{"@id":"https:\/\/truusk.store\/sv\/produkt\/truusk-tradgardsmobelset-i-rotting-for-4-personer-sittset-med-kuddar-aluminiumgra\/#primaryimage"},"thumbnailUrl":"https:\/\/i0.wp.com\/truusk.store\/wp-content\/uploads\/2024\/02\/tradgardsmobelset-i-rotting-for-4-personer-sittset-med-kuddar-for-balkong-aluminiumgra.webp?fit=800%2C800&ssl=1","datePublished":"2024-02-14T03:00:23+00:00","dateModified":"2026-03-12T08:18:22+00:00","breadcrumb":{"@id":"https:\/\/truusk.store\/sv\/produkt\/truusk-tradgardsmobelset-i-rotting-for-4-personer-sittset-med-kuddar-aluminiumgra\/#breadcrumb"},"inLanguage":"sv-SE","potentialAction":[{"@type":"ReadAction","target":["https:\/\/truusk.store\/sv\/produkt\/truusk-tradgardsmobelset-i-rotting-for-4-personer-sittset-med-kuddar-aluminiumgra\/"]}]},{"@type":"ImageObject","inLanguage":"sv-SE","@id":"https:\/\/truusk.store\/sv\/produkt\/truusk-tradgardsmobelset-i-rotting-for-4-personer-sittset-med-kuddar-aluminiumgra\/#primaryimage","url":"https:\/\/i0.wp.com\/truusk.store\/wp-content\/uploads\/2024\/02\/tradgardsmobelset-i-rotting-for-4-personer-sittset-med-kuddar-for-balkong-aluminiumgra.webp?fit=800%2C800&ssl=1","contentUrl":"https:\/\/i0.wp.com\/truusk.store\/wp-content\/uploads\/2024\/02\/tradgardsmobelset-i-rotting-for-4-personer-sittset-med-kuddar-for-balkong-aluminiumgra.webp?fit=800%2C800&ssl=1","width":800,"height":800,"caption":"Tr\u00e4dg\u00e5rdsm\u00f6belset I Rotting F\u00f6r 4 Personer, Sittset Med Kuddar F\u00f6r Balkong, Aluminiumgr\u00e5 1"},{"@type":"BreadcrumbList","@id":"https:\/\/truusk.store\/sv\/produkt\/truusk-tradgardsmobelset-i-rotting-for-4-personer-sittset-med-kuddar-aluminiumgra\/#breadcrumb","itemListElement":[{"@type":"ListItem","position":1,"name":"Home","item":"https:\/\/truusk.store\/sv\/"},{"@type":"ListItem","position":2,"name":"Shop","item":"https:\/\/truusk.store\/shop\/"},{"@type":"ListItem","position":3,"name":"TRUUSK Tr\u00e4dg\u00e5rdsm\u00f6belset i Rotting &#8211; F\u00f6r 4 Personer &#8211; Sittset med Kuddar &#8211; Aluminiumgr\u00e5"}]},{"@type":"WebSite","@id":"https:\/\/truusk.store\/sv\/#website","url":"https:\/\/truusk.store\/sv\/","name":"TRUUSK - Hem, Tr\u00e4dg\u00e5rd & Fritid","description":"","publisher":{"@id":"https:\/\/truusk.store\/sv\/#organization"},"potentialAction":[{"@type":"SearchAction","target":{"@type":"EntryPoint","urlTemplate":"https:\/\/truusk.store\/sv\/?s={search_term_string}"},"query-input":{"@type":"PropertyValueSpecification","valueRequired":true,"valueName":"search_term_string"}}],"inLanguage":"sv-SE"},{"@type":"Organization","@id":"https:\/\/truusk.store\/sv\/#organization","name":"TRUUSK - Hem, Tr\u00e4dg\u00e5rd & Fritid","url":"https:\/\/truusk.store\/sv\/","logo":{"@type":"ImageObject","inLanguage":"sv-SE","@id":"https:\/\/truusk.store\/sv\/#\/schema\/logo\/image\/","url":"https:\/\/i0.wp.com\/truusk.store\/wp-content\/uploads\/2026\/03\/cropped-TRUUSK.png?fit=2032%2C917&ssl=1","contentUrl":"https:\/\/i0.wp.com\/truusk.store\/wp-content\/uploads\/2026\/03\/cropped-TRUUSK.png?fit=2032%2C917&ssl=1","width":2032,"height":917,"caption":"TRUUSK - Hem, Tr\u00e4dg\u00e5rd & Fritid"},"image":{"@id":"https:\/\/truusk.store\/sv\/#\/schema\/logo\/image\/"}}]}},"jetpack_sharing_enabled":true,"_links":{"self":[{"href":"https:\/\/truusk.store\/sv\/wp-json\/wp\/v2\/product\/42505","targetHints":{"allow":["GET"]}}],"collection":[{"href":"https:\/\/truusk.store\/sv\/wp-json\/wp\/v2\/product"}],"about":[{"href":"https:\/\/truusk.store\/sv\/wp-json\/wp\/v2\/types\/product"}],"wp:featuredmedia":[{"embeddable":true,"href":"https:\/\/truusk.store\/sv\/wp-json\/wp\/v2\/media\/42506"}],"wp:attachment":[{"href":"https:\/\/truusk.store\/sv\/wp-json\/wp\/v2\/media?parent=42505"}],"wp:term":[{"taxonomy":"product_brand","embeddable":true,"href":"https:\/\/truusk.store\/sv\/wp-json\/wp\/v2\/product_brand?post=42505"},{"taxonomy":"product_cat","embeddable":true,"href":"https:\/\/truusk.store\/sv\/wp-json\/wp\/v2\/product_cat?post=42505"},{"taxonomy":"product_tag","embeddable":true,"href":"https:\/\/truusk.store\/sv\/wp-json\/wp\/v2\/product_tag?post=42505"}],"curies":[{"name":"wp","href":"https:\/\/api.w.org\/{rel}","templated":true}]}}