{"id":42565,"date":"2024-02-14T04:02:22","date_gmt":"2024-02-14T03:02:22","guid":{"rendered":"https:\/\/truusk.store\/product\/hundkoja-takterrass-trappa-fonster-golvfrigang-naturligt-tra-ljusgra-121-x-77-x-78cm\/"},"modified":"2026-03-12T09:18:23","modified_gmt":"2026-03-12T08:18:23","slug":"truusk-hundkoja-med-takterrass-naturligt-tra-ljusgra-121x77x78cm","status":"publish","type":"product","link":"https:\/\/truusk.store\/sv\/produkt\/truusk-hundkoja-med-takterrass-naturligt-tra-ljusgra-121x77x78cm\/","title":{"rendered":"TRUUSK Hundkoja med Takterrass &#8211; Naturligt Tr\u00e4 &#8211; Ljusgr\u00e5 &#8211; 121x77x78cm"},"content":{"rendered":"<p>V\u00e5rt hundhus erbjuder din hund h\u00f6gsta niv\u00e5 av s\u00e4kerhet och avkoppling. Tack vare den praktiska takterrassen och stegen f\u00e5r din lilla en extra h\u00e4rlig plats att vila p\u00e5 i solen. Hyddan \u00e4r rymlig, sl\u00e4pper inte igenom regn och ger din p\u00e4lsv\u00e4n gott om r\u00f6relsefrihet. Tack vare den praktiska markfrig\u00e5ngen h\u00e5lls \u00e4ven markfukt och kyla borta. F\u00f6nstret och d\u00f6rren s\u00e4kerst\u00e4ller optimal luftv\u00e4xling.<\/p>\n<h3>Beskrivning:<\/h3>\n<ul>\n<li>Takterrass med trappor och r\u00e4cken<\/li>\n<li>Vattenavvisande f\u00e4rg st\u00e5r emot l\u00e4tt regn<\/li>\n<li>F\u00f6nster f\u00f6r en trevlig utsikt utanf\u00f6r och d\u00f6rr f\u00f6r enkel \u00e5tkomst<\/li>\n<li>Markfrig\u00e5ng skyddar mot fukt<\/li>\n<li>Attraktivt tillskott till din tr\u00e4dg\u00e5rd, uteplats eller andra utomhusomr\u00e5den<\/li>\n<li>L\u00e4mplig f\u00f6r sm\u00e5 och medelstora hundar upp till 20 kg, 65 cm kroppsl\u00e4ngd, s\u00e5som Corgi, Beagle, Harrier och mycket mer.<\/li>\n<li>Montering kr\u00e4vs<\/li>\n<\/ul>\n<h3>Teknisk data:<\/h3>\n<ul>\n<li>F\u00e4rg: Ljusgr\u00e5+vit<\/li>\n<li>Material: gran<\/li>\n<li>\u00d6vergripande m\u00e5tt: 121L x 77W x 78H cm<\/li>\n<li>Huvudhusets m\u00e5tt: 79W x 67,5D x 53H cm<\/li>\n<li>F\u00f6nsterm\u00e5tt: 18,5W x 16H cm<\/li>\n<li>M\u00e5tt: 30W x 40H cm<\/li>\n<li>M\u00e5tt p\u00e5 takterrass: 69W x 64D cm<\/li>\n<li>H\u00f6jd p\u00e5 r\u00e4cket: 20 cm<\/li>\n<li>M\u00e5tt p\u00e5 trappor: 40L x 30W x 51H cm. H\u00f6jd per steg: 17 cm<\/li>\n<li>H\u00f6jd p\u00e5 ben: 3,5 cm<\/li>\n<\/ul>\n<h3>Leveransens omfattning:<\/h3>\n<ul>\n<li>1 x hundhus<\/li>\n<li>1 x Instruktioner<\/li>\n<\/ul>\n","protected":false},"excerpt":{"rendered":"<p>V\u00e5rt hundhus erbjuder din hund h\u00f6gsta niv\u00e5 av s\u00e4kerhet och avkoppling. Tack vare den praktiska takterrassen och stegen f\u00e5r din&#8230;<\/p>\n","protected":false},"featured_media":42566,"template":"","meta":[],"product_brand":[],"product_cat":[584,574,573],"product_tag":[],"class_list":{"0":"post-42565","1":"product","2":"type-product","3":"status-publish","4":"has-post-thumbnail","6":"product_cat-hundkojor","7":"product_cat-hundtillbehor","8":"product_cat-husdjursmaterial","10":"first","11":"instock","12":"sale","13":"taxable","14":"shipping-taxable","15":"purchasable","16":"product-type-simple"},"yoast_head":"<!-- This site is optimized with the Yoast SEO plugin v25.4 - https:\/\/yoast.com\/wordpress\/plugins\/seo\/ -->\n<title>TRUUSK Hundkoja med Takterrass - Naturligt Tr\u00e4 - Ljusgr\u00e5 - 121x77x78cm - TRUUSK - Hem, Tr\u00e4dg\u00e5rd &amp; Fritid<\/title>\n<meta name=\"robots\" content=\"index, follow, max-snippet:-1, max-image-preview:large, max-video-preview:-1\" \/>\n<link rel=\"canonical\" href=\"https:\/\/truusk.store\/sv\/produkt\/truusk-hundkoja-med-takterrass-naturligt-tra-ljusgra-121x77x78cm\/\" \/>\n<meta property=\"og:locale\" content=\"sv_SE\" \/>\n<meta property=\"og:type\" content=\"article\" \/>\n<meta property=\"og:title\" content=\"TRUUSK Hundkoja med Takterrass - Naturligt Tr\u00e4 - Ljusgr\u00e5 - 121x77x78cm - TRUUSK - Hem, Tr\u00e4dg\u00e5rd &amp; Fritid\" \/>\n<meta property=\"og:description\" content=\"V\u00e5rt hundhus erbjuder din hund h\u00f6gsta niv\u00e5 av s\u00e4kerhet och avkoppling. Tack vare den praktiska takterrassen och stegen f\u00e5r din...\" \/>\n<meta property=\"og:url\" content=\"https:\/\/truusk.store\/sv\/produkt\/truusk-hundkoja-med-takterrass-naturligt-tra-ljusgra-121x77x78cm\/\" \/>\n<meta property=\"og:site_name\" content=\"TRUUSK - Hem, Tr\u00e4dg\u00e5rd &amp; Fritid\" \/>\n<meta property=\"article:modified_time\" content=\"2026-03-12T08:18:23+00:00\" \/>\n<meta property=\"og:image\" content=\"https:\/\/i0.wp.com\/truusk.se\/wp-content\/uploads\/2024\/02\/hundkoja-takterrass-trappa-fonster-golvfrigang-naturligt-tra-ljusgra-121-x-77-x-78cm.webp?fit=800%2C800&ssl=1\" \/>\n\t<meta property=\"og:image:width\" content=\"800\" \/>\n\t<meta property=\"og:image:height\" content=\"800\" \/>\n\t<meta property=\"og:image:type\" content=\"image\/webp\" \/>\n<meta name=\"twitter:card\" content=\"summary_large_image\" \/>\n<meta name=\"twitter:label1\" content=\"Ber\u00e4knad l\u00e4stid\" \/>\n\t<meta name=\"twitter:data1\" content=\"1 minut\" \/>\n<!-- \/ Yoast SEO plugin. -->","yoast_head_json":{"title":"TRUUSK Hundkoja med Takterrass - Naturligt Tr\u00e4 - Ljusgr\u00e5 - 121x77x78cm - TRUUSK - Hem, Tr\u00e4dg\u00e5rd &amp; Fritid","robots":{"index":"index","follow":"follow","max-snippet":"max-snippet:-1","max-image-preview":"max-image-preview:large","max-video-preview":"max-video-preview:-1"},"canonical":"https:\/\/truusk.store\/sv\/produkt\/truusk-hundkoja-med-takterrass-naturligt-tra-ljusgra-121x77x78cm\/","og_locale":"sv_SE","og_type":"article","og_title":"TRUUSK Hundkoja med Takterrass - Naturligt Tr\u00e4 - Ljusgr\u00e5 - 121x77x78cm - TRUUSK - Hem, Tr\u00e4dg\u00e5rd &amp; Fritid","og_description":"V\u00e5rt hundhus erbjuder din hund h\u00f6gsta niv\u00e5 av s\u00e4kerhet och avkoppling. Tack vare den praktiska takterrassen och stegen f\u00e5r din...","og_url":"https:\/\/truusk.store\/sv\/produkt\/truusk-hundkoja-med-takterrass-naturligt-tra-ljusgra-121x77x78cm\/","og_site_name":"TRUUSK - Hem, Tr\u00e4dg\u00e5rd &amp; Fritid","article_modified_time":"2026-03-12T08:18:23+00:00","og_image":[{"width":800,"height":800,"url":"https:\/\/i0.wp.com\/truusk.se\/wp-content\/uploads\/2024\/02\/hundkoja-takterrass-trappa-fonster-golvfrigang-naturligt-tra-ljusgra-121-x-77-x-78cm.webp?fit=800%2C800&ssl=1","type":"image\/webp"}],"twitter_card":"summary_large_image","twitter_misc":{"Ber\u00e4knad l\u00e4stid":"1 minut"},"schema":{"@context":"https:\/\/schema.org","@graph":[{"@type":"WebPage","@id":"https:\/\/truusk.store\/sv\/produkt\/truusk-hundkoja-med-takterrass-naturligt-tra-ljusgra-121x77x78cm\/","url":"https:\/\/truusk.store\/sv\/produkt\/truusk-hundkoja-med-takterrass-naturligt-tra-ljusgra-121x77x78cm\/","name":"TRUUSK Hundkoja med Takterrass - Naturligt Tr\u00e4 - Ljusgr\u00e5 - 121x77x78cm - TRUUSK - Hem, Tr\u00e4dg\u00e5rd &amp; Fritid","isPartOf":{"@id":"https:\/\/truusk.store\/sv\/#website"},"primaryImageOfPage":{"@id":"https:\/\/truusk.store\/sv\/produkt\/truusk-hundkoja-med-takterrass-naturligt-tra-ljusgra-121x77x78cm\/#primaryimage"},"image":{"@id":"https:\/\/truusk.store\/sv\/produkt\/truusk-hundkoja-med-takterrass-naturligt-tra-ljusgra-121x77x78cm\/#primaryimage"},"thumbnailUrl":"https:\/\/i0.wp.com\/truusk.store\/wp-content\/uploads\/2024\/02\/hundkoja-takterrass-trappa-fonster-golvfrigang-naturligt-tra-ljusgra-121-x-77-x-78cm.webp?fit=800%2C800&ssl=1","datePublished":"2024-02-14T03:02:22+00:00","dateModified":"2026-03-12T08:18:23+00:00","breadcrumb":{"@id":"https:\/\/truusk.store\/sv\/produkt\/truusk-hundkoja-med-takterrass-naturligt-tra-ljusgra-121x77x78cm\/#breadcrumb"},"inLanguage":"sv-SE","potentialAction":[{"@type":"ReadAction","target":["https:\/\/truusk.store\/sv\/produkt\/truusk-hundkoja-med-takterrass-naturligt-tra-ljusgra-121x77x78cm\/"]}]},{"@type":"ImageObject","inLanguage":"sv-SE","@id":"https:\/\/truusk.store\/sv\/produkt\/truusk-hundkoja-med-takterrass-naturligt-tra-ljusgra-121x77x78cm\/#primaryimage","url":"https:\/\/i0.wp.com\/truusk.store\/wp-content\/uploads\/2024\/02\/hundkoja-takterrass-trappa-fonster-golvfrigang-naturligt-tra-ljusgra-121-x-77-x-78cm.webp?fit=800%2C800&ssl=1","contentUrl":"https:\/\/i0.wp.com\/truusk.store\/wp-content\/uploads\/2024\/02\/hundkoja-takterrass-trappa-fonster-golvfrigang-naturligt-tra-ljusgra-121-x-77-x-78cm.webp?fit=800%2C800&ssl=1","width":800,"height":800,"caption":"Hundkoja, Takterrass, Trappa, F\u00f6nster, Golvfrig\u00e5ng, Naturligt Tr\u00e4, Ljusgr\u00e5, 121 X 77 X 78cm 1"},{"@type":"BreadcrumbList","@id":"https:\/\/truusk.store\/sv\/produkt\/truusk-hundkoja-med-takterrass-naturligt-tra-ljusgra-121x77x78cm\/#breadcrumb","itemListElement":[{"@type":"ListItem","position":1,"name":"Home","item":"https:\/\/truusk.store\/sv\/"},{"@type":"ListItem","position":2,"name":"Shop","item":"https:\/\/truusk.store\/shop\/"},{"@type":"ListItem","position":3,"name":"TRUUSK Hundkoja med Takterrass &#8211; Naturligt Tr\u00e4 &#8211; Ljusgr\u00e5 &#8211; 121x77x78cm"}]},{"@type":"WebSite","@id":"https:\/\/truusk.store\/sv\/#website","url":"https:\/\/truusk.store\/sv\/","name":"TRUUSK - Hem, Tr\u00e4dg\u00e5rd & Fritid","description":"","publisher":{"@id":"https:\/\/truusk.store\/sv\/#organization"},"potentialAction":[{"@type":"SearchAction","target":{"@type":"EntryPoint","urlTemplate":"https:\/\/truusk.store\/sv\/?s={search_term_string}"},"query-input":{"@type":"PropertyValueSpecification","valueRequired":true,"valueName":"search_term_string"}}],"inLanguage":"sv-SE"},{"@type":"Organization","@id":"https:\/\/truusk.store\/sv\/#organization","name":"TRUUSK - Hem, Tr\u00e4dg\u00e5rd & Fritid","url":"https:\/\/truusk.store\/sv\/","logo":{"@type":"ImageObject","inLanguage":"sv-SE","@id":"https:\/\/truusk.store\/sv\/#\/schema\/logo\/image\/","url":"https:\/\/i0.wp.com\/truusk.store\/wp-content\/uploads\/2026\/03\/cropped-TRUUSK.png?fit=2032%2C917&ssl=1","contentUrl":"https:\/\/i0.wp.com\/truusk.store\/wp-content\/uploads\/2026\/03\/cropped-TRUUSK.png?fit=2032%2C917&ssl=1","width":2032,"height":917,"caption":"TRUUSK - Hem, Tr\u00e4dg\u00e5rd & Fritid"},"image":{"@id":"https:\/\/truusk.store\/sv\/#\/schema\/logo\/image\/"}}]}},"jetpack_sharing_enabled":true,"_links":{"self":[{"href":"https:\/\/truusk.store\/sv\/wp-json\/wp\/v2\/product\/42565","targetHints":{"allow":["GET"]}}],"collection":[{"href":"https:\/\/truusk.store\/sv\/wp-json\/wp\/v2\/product"}],"about":[{"href":"https:\/\/truusk.store\/sv\/wp-json\/wp\/v2\/types\/product"}],"wp:featuredmedia":[{"embeddable":true,"href":"https:\/\/truusk.store\/sv\/wp-json\/wp\/v2\/media\/42566"}],"wp:attachment":[{"href":"https:\/\/truusk.store\/sv\/wp-json\/wp\/v2\/media?parent=42565"}],"wp:term":[{"taxonomy":"product_brand","embeddable":true,"href":"https:\/\/truusk.store\/sv\/wp-json\/wp\/v2\/product_brand?post=42565"},{"taxonomy":"product_cat","embeddable":true,"href":"https:\/\/truusk.store\/sv\/wp-json\/wp\/v2\/product_cat?post=42565"},{"taxonomy":"product_tag","embeddable":true,"href":"https:\/\/truusk.store\/sv\/wp-json\/wp\/v2\/product_tag?post=42565"}],"curies":[{"name":"wp","href":"https:\/\/api.w.org\/{rel}","templated":true}]}}