{"id":42605,"date":"2024-02-14T04:03:40","date_gmt":"2024-02-14T03:03:40","guid":{"rendered":"https:\/\/truusk.store\/product\/parasollstall-4-delat-parasollstall-fyllbart-100-x-100-x-8-cm-svart\/"},"modified":"2026-03-12T09:18:23","modified_gmt":"2026-03-12T08:18:23","slug":"truusk-parasollstall-fyllbart-100-x-100-x-8-cm-4-delat-svart","status":"publish","type":"product","link":"https:\/\/truusk.store\/sv\/produkt\/truusk-parasollstall-fyllbart-100-x-100-x-8-cm-4-delat-svart\/","title":{"rendered":"TRUUSK Parasollst\u00e4ll &#8211; Fyllbart &#8211; 100 x 100 x 8 cm &#8211; 4-delat &#8211; Svart"},"content":{"rendered":"<p>H\u00e5ll dina parasoller stadigt p\u00e5 plats med v\u00e5ra frib\u00e4rande parasollbasvikter. Varje del \u00e4r gjord av HDPE-plast, h\u00e5llbar och robust nog f\u00f6r utomhusbruk. Varje bit har en p\u00e5fyllnings\u00f6ppning och ett skruvlock s\u00e5 att det enkelt kan fyllas med vatten eller sand. Tack vare de integrerade handtagen kan de tomma parasollst\u00e4llen transporteras enkelt och bekv\u00e4mt.<\/p>\n<h3>Beskrivning:<\/h3>\n<ul>\n<li>Matchande offset-parasollbasmodeller SKU:er: 84D-187LG, 84D-187BU, 84D-161CG, 84D-161CF<\/li>\n<li>Slitstark HDPE-plast som st\u00e5r emot utomhuselementen, l\u00e4mplig f\u00f6r utomhusbruk<\/li>\n<li>Hela setet v\u00e4ger 60 kg n\u00e4r det \u00e4r fyllt med vatten eller 80 kg n\u00e4r det \u00e4r fyllt med sand<\/li>\n<li>P\u00e5fyllnings\u00f6ppning med skruvlock f\u00f6r p\u00e5fyllning och t\u00f6mning<\/li>\n<li>Panelerna kan sn\u00e4ppas ihop f\u00f6r att beh\u00e5lla en kompakt storlek n\u00e4r de inte anv\u00e4nds<\/li>\n<li>Med fyra f\u00e4stdelar f\u00f6r anslutning av viktskivorna<\/li>\n<li>Korsfot ing\u00e5r ej<\/li>\n<\/ul>\n<h3>Teknisk data:<\/h3>\n<ul>\n<li>Svart f\u00e4rg<\/li>\n<li>Material: HDPE<\/li>\n<li>\u00d6vergripande m\u00e5tt: 100L x 100W x 8H cm<\/li>\n<li>Varje tallrik dimension: 50L x 50W x 8H cm<\/li>\n<li>Varje tallrik nettovikt: 2 kg<\/li>\n<\/ul>\n<h3>Leveransens omfattning:<\/h3>\n<ul>\n<li>4 x paraplyst\u00e4ll<\/li>\n<li>4 x monteringstillbeh\u00f6r<\/li>\n<li>1 x manuell<\/li>\n<\/ul>\n","protected":false},"excerpt":{"rendered":"<p>H\u00e5ll dina parasoller stadigt p\u00e5 plats med v\u00e5ra frib\u00e4rande parasollbasvikter. Varje del \u00e4r gjord av HDPE-plast, h\u00e5llbar och robust nog&#8230;<\/p>\n","protected":false},"featured_media":42606,"template":"","meta":[],"product_brand":[],"product_cat":[723,472,471,435],"product_tag":[],"class_list":{"0":"post-42605","1":"product","2":"type-product","3":"status-publish","4":"has-post-thumbnail","6":"product_cat-paraplystall","7":"product_cat-parasoller","8":"product_cat-solskydd-integritetsskydd","9":"product_cat-tradgard-och-terrass","11":"first","12":"instock","13":"sale","14":"taxable","15":"shipping-taxable","16":"purchasable","17":"product-type-simple"},"yoast_head":"<!-- This site is optimized with the Yoast SEO plugin v25.4 - https:\/\/yoast.com\/wordpress\/plugins\/seo\/ -->\n<title>TRUUSK Parasollst\u00e4ll - Fyllbart - 100 x 100 x 8 cm - 4-delat - Svart - TRUUSK - Hem, Tr\u00e4dg\u00e5rd &amp; Fritid<\/title>\n<meta name=\"robots\" content=\"index, follow, max-snippet:-1, max-image-preview:large, max-video-preview:-1\" \/>\n<link rel=\"canonical\" href=\"https:\/\/truusk.store\/sv\/produkt\/truusk-parasollstall-fyllbart-100-x-100-x-8-cm-4-delat-svart\/\" \/>\n<meta property=\"og:locale\" content=\"sv_SE\" \/>\n<meta property=\"og:type\" content=\"article\" \/>\n<meta property=\"og:title\" content=\"TRUUSK Parasollst\u00e4ll - Fyllbart - 100 x 100 x 8 cm - 4-delat - Svart - TRUUSK - Hem, Tr\u00e4dg\u00e5rd &amp; Fritid\" \/>\n<meta property=\"og:description\" content=\"H\u00e5ll dina parasoller stadigt p\u00e5 plats med v\u00e5ra frib\u00e4rande parasollbasvikter. Varje del \u00e4r gjord av HDPE-plast, h\u00e5llbar och robust nog...\" \/>\n<meta property=\"og:url\" content=\"https:\/\/truusk.store\/sv\/produkt\/truusk-parasollstall-fyllbart-100-x-100-x-8-cm-4-delat-svart\/\" \/>\n<meta property=\"og:site_name\" content=\"TRUUSK - Hem, Tr\u00e4dg\u00e5rd &amp; Fritid\" \/>\n<meta property=\"article:modified_time\" content=\"2026-03-12T08:18:23+00:00\" \/>\n<meta property=\"og:image\" content=\"https:\/\/i0.wp.com\/truusk.se\/wp-content\/uploads\/2024\/02\/parasollstall-4-delat-parasollstall-fyllbart-100-x-100-x-8-cm-svart.webp?fit=800%2C800&ssl=1\" \/>\n\t<meta property=\"og:image:width\" content=\"800\" \/>\n\t<meta property=\"og:image:height\" content=\"800\" \/>\n\t<meta property=\"og:image:type\" content=\"image\/webp\" \/>\n<meta name=\"twitter:card\" content=\"summary_large_image\" \/>\n<meta name=\"twitter:label1\" content=\"Ber\u00e4knad l\u00e4stid\" \/>\n\t<meta name=\"twitter:data1\" content=\"1 minut\" \/>\n<!-- \/ Yoast SEO plugin. -->","yoast_head_json":{"title":"TRUUSK Parasollst\u00e4ll - Fyllbart - 100 x 100 x 8 cm - 4-delat - Svart - TRUUSK - Hem, Tr\u00e4dg\u00e5rd &amp; Fritid","robots":{"index":"index","follow":"follow","max-snippet":"max-snippet:-1","max-image-preview":"max-image-preview:large","max-video-preview":"max-video-preview:-1"},"canonical":"https:\/\/truusk.store\/sv\/produkt\/truusk-parasollstall-fyllbart-100-x-100-x-8-cm-4-delat-svart\/","og_locale":"sv_SE","og_type":"article","og_title":"TRUUSK Parasollst\u00e4ll - Fyllbart - 100 x 100 x 8 cm - 4-delat - Svart - TRUUSK - Hem, Tr\u00e4dg\u00e5rd &amp; Fritid","og_description":"H\u00e5ll dina parasoller stadigt p\u00e5 plats med v\u00e5ra frib\u00e4rande parasollbasvikter. Varje del \u00e4r gjord av HDPE-plast, h\u00e5llbar och robust nog...","og_url":"https:\/\/truusk.store\/sv\/produkt\/truusk-parasollstall-fyllbart-100-x-100-x-8-cm-4-delat-svart\/","og_site_name":"TRUUSK - Hem, Tr\u00e4dg\u00e5rd &amp; Fritid","article_modified_time":"2026-03-12T08:18:23+00:00","og_image":[{"width":800,"height":800,"url":"https:\/\/i0.wp.com\/truusk.se\/wp-content\/uploads\/2024\/02\/parasollstall-4-delat-parasollstall-fyllbart-100-x-100-x-8-cm-svart.webp?fit=800%2C800&ssl=1","type":"image\/webp"}],"twitter_card":"summary_large_image","twitter_misc":{"Ber\u00e4knad l\u00e4stid":"1 minut"},"schema":{"@context":"https:\/\/schema.org","@graph":[{"@type":"WebPage","@id":"https:\/\/truusk.store\/sv\/produkt\/truusk-parasollstall-fyllbart-100-x-100-x-8-cm-4-delat-svart\/","url":"https:\/\/truusk.store\/sv\/produkt\/truusk-parasollstall-fyllbart-100-x-100-x-8-cm-4-delat-svart\/","name":"TRUUSK Parasollst\u00e4ll - Fyllbart - 100 x 100 x 8 cm - 4-delat - Svart - TRUUSK - Hem, Tr\u00e4dg\u00e5rd &amp; Fritid","isPartOf":{"@id":"https:\/\/truusk.store\/sv\/#website"},"primaryImageOfPage":{"@id":"https:\/\/truusk.store\/sv\/produkt\/truusk-parasollstall-fyllbart-100-x-100-x-8-cm-4-delat-svart\/#primaryimage"},"image":{"@id":"https:\/\/truusk.store\/sv\/produkt\/truusk-parasollstall-fyllbart-100-x-100-x-8-cm-4-delat-svart\/#primaryimage"},"thumbnailUrl":"https:\/\/i0.wp.com\/truusk.store\/wp-content\/uploads\/2024\/02\/parasollstall-4-delat-parasollstall-fyllbart-100-x-100-x-8-cm-svart.webp?fit=800%2C800&ssl=1","datePublished":"2024-02-14T03:03:40+00:00","dateModified":"2026-03-12T08:18:23+00:00","breadcrumb":{"@id":"https:\/\/truusk.store\/sv\/produkt\/truusk-parasollstall-fyllbart-100-x-100-x-8-cm-4-delat-svart\/#breadcrumb"},"inLanguage":"sv-SE","potentialAction":[{"@type":"ReadAction","target":["https:\/\/truusk.store\/sv\/produkt\/truusk-parasollstall-fyllbart-100-x-100-x-8-cm-4-delat-svart\/"]}]},{"@type":"ImageObject","inLanguage":"sv-SE","@id":"https:\/\/truusk.store\/sv\/produkt\/truusk-parasollstall-fyllbart-100-x-100-x-8-cm-4-delat-svart\/#primaryimage","url":"https:\/\/i0.wp.com\/truusk.store\/wp-content\/uploads\/2024\/02\/parasollstall-4-delat-parasollstall-fyllbart-100-x-100-x-8-cm-svart.webp?fit=800%2C800&ssl=1","contentUrl":"https:\/\/i0.wp.com\/truusk.store\/wp-content\/uploads\/2024\/02\/parasollstall-4-delat-parasollstall-fyllbart-100-x-100-x-8-cm-svart.webp?fit=800%2C800&ssl=1","width":800,"height":800,"caption":"Parasollst\u00e4ll 4-delat Parasollst\u00e4ll, Fyllbart, 100 X 100 X 8 Cm, Svart 1"},{"@type":"BreadcrumbList","@id":"https:\/\/truusk.store\/sv\/produkt\/truusk-parasollstall-fyllbart-100-x-100-x-8-cm-4-delat-svart\/#breadcrumb","itemListElement":[{"@type":"ListItem","position":1,"name":"Home","item":"https:\/\/truusk.store\/sv\/"},{"@type":"ListItem","position":2,"name":"Shop","item":"https:\/\/truusk.store\/shop\/"},{"@type":"ListItem","position":3,"name":"TRUUSK Parasollst\u00e4ll &#8211; Fyllbart &#8211; 100 x 100 x 8 cm &#8211; 4-delat &#8211; Svart"}]},{"@type":"WebSite","@id":"https:\/\/truusk.store\/sv\/#website","url":"https:\/\/truusk.store\/sv\/","name":"TRUUSK - Hem, Tr\u00e4dg\u00e5rd & Fritid","description":"","publisher":{"@id":"https:\/\/truusk.store\/sv\/#organization"},"potentialAction":[{"@type":"SearchAction","target":{"@type":"EntryPoint","urlTemplate":"https:\/\/truusk.store\/sv\/?s={search_term_string}"},"query-input":{"@type":"PropertyValueSpecification","valueRequired":true,"valueName":"search_term_string"}}],"inLanguage":"sv-SE"},{"@type":"Organization","@id":"https:\/\/truusk.store\/sv\/#organization","name":"TRUUSK - Hem, Tr\u00e4dg\u00e5rd & Fritid","url":"https:\/\/truusk.store\/sv\/","logo":{"@type":"ImageObject","inLanguage":"sv-SE","@id":"https:\/\/truusk.store\/sv\/#\/schema\/logo\/image\/","url":"https:\/\/i0.wp.com\/truusk.store\/wp-content\/uploads\/2026\/03\/cropped-TRUUSK.png?fit=2032%2C917&ssl=1","contentUrl":"https:\/\/i0.wp.com\/truusk.store\/wp-content\/uploads\/2026\/03\/cropped-TRUUSK.png?fit=2032%2C917&ssl=1","width":2032,"height":917,"caption":"TRUUSK - Hem, Tr\u00e4dg\u00e5rd & Fritid"},"image":{"@id":"https:\/\/truusk.store\/sv\/#\/schema\/logo\/image\/"}}]}},"jetpack_sharing_enabled":true,"_links":{"self":[{"href":"https:\/\/truusk.store\/sv\/wp-json\/wp\/v2\/product\/42605","targetHints":{"allow":["GET"]}}],"collection":[{"href":"https:\/\/truusk.store\/sv\/wp-json\/wp\/v2\/product"}],"about":[{"href":"https:\/\/truusk.store\/sv\/wp-json\/wp\/v2\/types\/product"}],"wp:featuredmedia":[{"embeddable":true,"href":"https:\/\/truusk.store\/sv\/wp-json\/wp\/v2\/media\/42606"}],"wp:attachment":[{"href":"https:\/\/truusk.store\/sv\/wp-json\/wp\/v2\/media?parent=42605"}],"wp:term":[{"taxonomy":"product_brand","embeddable":true,"href":"https:\/\/truusk.store\/sv\/wp-json\/wp\/v2\/product_brand?post=42605"},{"taxonomy":"product_cat","embeddable":true,"href":"https:\/\/truusk.store\/sv\/wp-json\/wp\/v2\/product_cat?post=42605"},{"taxonomy":"product_tag","embeddable":true,"href":"https:\/\/truusk.store\/sv\/wp-json\/wp\/v2\/product_tag?post=42605"}],"curies":[{"name":"wp","href":"https:\/\/api.w.org\/{rel}","templated":true}]}}