{"id":42660,"date":"2024-02-14T04:05:40","date_gmt":"2024-02-14T03:05:40","guid":{"rendered":"https:\/\/truusk.store\/product\/fallbar-solstol-1-sidficka-1-mugghallare-68cm-x-186cm-x-48cm-svart-vit\/"},"modified":"2026-03-12T09:18:24","modified_gmt":"2026-03-12T08:18:24","slug":"truusk-hopfallbar-solstol-med-sidficka-och-mugghallare-svart-vit-68cm-x-186cm-x-48cm","status":"publish","type":"product","link":"https:\/\/truusk.store\/sv\/produkt\/truusk-hopfallbar-solstol-med-sidficka-och-mugghallare-svart-vit-68cm-x-186cm-x-48cm\/","title":{"rendered":"TRUUSK Hopf\u00e4llbar Solstol &#8211; Med Sidficka och Muggh\u00e5llare &#8211; Svart + Vit &#8211; 68cm x 186cm x 48cm"},"content":{"rendered":"<p>Den hopf\u00e4llbara campings\u00e4ngen \u00e4r ett bekv\u00e4mt och snyggt tillskott till din uteplats. Solstolen \u00e4r hopf\u00e4llbar och kommer med en b\u00e4rv\u00e4ska, vilket g\u00f6r den praktisk nog att b\u00e4ra som en resv\u00e4ska p\u00e5 en resa, camping, stranden eller poolen. Den mjuka stoppningen ger extra komfort. Det finns en ficka och muggh\u00e5llare p\u00e5 sidan f\u00f6r enkel \u00e5tkomst till drycker, tidningar och telefoner. Ta en titt p\u00e5 den h\u00e4r uteplatsstolen och koppla av direkt.<\/p>\n<h3>Beskrivning:<\/h3>\n<ul>\n<li>Maximal liggvinkel p\u00e5 170 f\u00f6r en bekv\u00e4m liggupplevelse<\/li>\n<li>Utrymmesbesparande, vikbar design<\/li>\n<li>Med en b\u00e4rv\u00e4ska f\u00f6r enkel transport<\/li>\n<li>Liggytan \u00e4r gjord av andningsbart tyg och \u00e4r mjukt vadderad<\/li>\n<li>En sidficka och muggh\u00e5llare ger enkel \u00e5tkomst till drycker, tidningar, telefoner eller andra sm\u00e5saker<\/li>\n<li>L\u00e4mplig f\u00f6r utomhuspark, tr\u00e4dg\u00e5rd, uteplats, pool, vintertr\u00e4dg\u00e5rd, strand och mer<\/li>\n<\/ul>\n<h3>Teknisk data:<\/h3>\n<ul>\n<li>F\u00e4rg: Svart+Vit<\/li>\n<li>Material: st\u00e5l, PVC, PP<\/li>\n<li>\u00d6vergripande m\u00e5tt: 68L x 186W x 48H cm<\/li>\n<li>Produktdata vikta: 104L x 27W x 16H cm<\/li>\n<li>Sitsstorlek: 68W x 190D cm<\/li>\n<li>Viktkapacitet: 120 kg<\/li>\n<\/ul>\n<h3>Leveransens omfattning:<\/h3>\n<ul>\n<li>1 x t\u00e4lts\u00e4ng;<\/li>\n<\/ul>\n","protected":false},"excerpt":{"rendered":"<p>Den hopf\u00e4llbara campings\u00e4ngen \u00e4r ett bekv\u00e4mt och snyggt tillskott till din uteplats. Solstolen \u00e4r hopf\u00e4llbar och kommer med en b\u00e4rv\u00e4ska,&#8230;<\/p>\n","protected":false},"featured_media":42661,"template":"","meta":[],"product_brand":[],"product_cat":[451,435,450],"product_tag":[],"class_list":{"0":"post-42660","1":"product","2":"type-product","3":"status-publish","4":"has-post-thumbnail","6":"product_cat-solstolar","7":"product_cat-tradgard-och-terrass","8":"product_cat-tradgardsmobler","10":"first","11":"instock","12":"sale","13":"taxable","14":"shipping-taxable","15":"purchasable","16":"product-type-simple"},"yoast_head":"<!-- This site is optimized with the Yoast SEO plugin v25.4 - https:\/\/yoast.com\/wordpress\/plugins\/seo\/ -->\n<title>TRUUSK Hopf\u00e4llbar Solstol - Med Sidficka och Muggh\u00e5llare - Svart + Vit - 68cm x 186cm x 48cm - TRUUSK - Hem, Tr\u00e4dg\u00e5rd &amp; Fritid<\/title>\n<meta name=\"robots\" content=\"index, follow, max-snippet:-1, max-image-preview:large, max-video-preview:-1\" \/>\n<link rel=\"canonical\" href=\"https:\/\/truusk.store\/sv\/produkt\/truusk-hopfallbar-solstol-med-sidficka-och-mugghallare-svart-vit-68cm-x-186cm-x-48cm\/\" \/>\n<meta property=\"og:locale\" content=\"sv_SE\" \/>\n<meta property=\"og:type\" content=\"article\" \/>\n<meta property=\"og:title\" content=\"TRUUSK Hopf\u00e4llbar Solstol - Med Sidficka och Muggh\u00e5llare - Svart + Vit - 68cm x 186cm x 48cm - TRUUSK - Hem, Tr\u00e4dg\u00e5rd &amp; Fritid\" \/>\n<meta property=\"og:description\" content=\"Den hopf\u00e4llbara campings\u00e4ngen \u00e4r ett bekv\u00e4mt och snyggt tillskott till din uteplats. Solstolen \u00e4r hopf\u00e4llbar och kommer med en b\u00e4rv\u00e4ska,...\" \/>\n<meta property=\"og:url\" content=\"https:\/\/truusk.store\/sv\/produkt\/truusk-hopfallbar-solstol-med-sidficka-och-mugghallare-svart-vit-68cm-x-186cm-x-48cm\/\" \/>\n<meta property=\"og:site_name\" content=\"TRUUSK - Hem, Tr\u00e4dg\u00e5rd &amp; Fritid\" \/>\n<meta property=\"article:modified_time\" content=\"2026-03-12T08:18:24+00:00\" \/>\n<meta property=\"og:image\" content=\"https:\/\/i0.wp.com\/truusk.se\/wp-content\/uploads\/2024\/02\/fallbar-solstol-1-sidficka-1-mugghallare-68cm-x-186cm-x-48cm-svart-vit.webp?fit=800%2C800&ssl=1\" \/>\n\t<meta property=\"og:image:width\" content=\"800\" \/>\n\t<meta property=\"og:image:height\" content=\"800\" \/>\n\t<meta property=\"og:image:type\" content=\"image\/webp\" \/>\n<meta name=\"twitter:card\" content=\"summary_large_image\" \/>\n<meta name=\"twitter:label1\" content=\"Ber\u00e4knad l\u00e4stid\" \/>\n\t<meta name=\"twitter:data1\" content=\"1 minut\" \/>\n<!-- \/ Yoast SEO plugin. -->","yoast_head_json":{"title":"TRUUSK Hopf\u00e4llbar Solstol - Med Sidficka och Muggh\u00e5llare - Svart + Vit - 68cm x 186cm x 48cm - TRUUSK - Hem, Tr\u00e4dg\u00e5rd &amp; Fritid","robots":{"index":"index","follow":"follow","max-snippet":"max-snippet:-1","max-image-preview":"max-image-preview:large","max-video-preview":"max-video-preview:-1"},"canonical":"https:\/\/truusk.store\/sv\/produkt\/truusk-hopfallbar-solstol-med-sidficka-och-mugghallare-svart-vit-68cm-x-186cm-x-48cm\/","og_locale":"sv_SE","og_type":"article","og_title":"TRUUSK Hopf\u00e4llbar Solstol - Med Sidficka och Muggh\u00e5llare - Svart + Vit - 68cm x 186cm x 48cm - TRUUSK - Hem, Tr\u00e4dg\u00e5rd &amp; Fritid","og_description":"Den hopf\u00e4llbara campings\u00e4ngen \u00e4r ett bekv\u00e4mt och snyggt tillskott till din uteplats. Solstolen \u00e4r hopf\u00e4llbar och kommer med en b\u00e4rv\u00e4ska,...","og_url":"https:\/\/truusk.store\/sv\/produkt\/truusk-hopfallbar-solstol-med-sidficka-och-mugghallare-svart-vit-68cm-x-186cm-x-48cm\/","og_site_name":"TRUUSK - Hem, Tr\u00e4dg\u00e5rd &amp; Fritid","article_modified_time":"2026-03-12T08:18:24+00:00","og_image":[{"width":800,"height":800,"url":"https:\/\/i0.wp.com\/truusk.se\/wp-content\/uploads\/2024\/02\/fallbar-solstol-1-sidficka-1-mugghallare-68cm-x-186cm-x-48cm-svart-vit.webp?fit=800%2C800&ssl=1","type":"image\/webp"}],"twitter_card":"summary_large_image","twitter_misc":{"Ber\u00e4knad l\u00e4stid":"1 minut"},"schema":{"@context":"https:\/\/schema.org","@graph":[{"@type":"WebPage","@id":"https:\/\/truusk.store\/sv\/produkt\/truusk-hopfallbar-solstol-med-sidficka-och-mugghallare-svart-vit-68cm-x-186cm-x-48cm\/","url":"https:\/\/truusk.store\/sv\/produkt\/truusk-hopfallbar-solstol-med-sidficka-och-mugghallare-svart-vit-68cm-x-186cm-x-48cm\/","name":"TRUUSK Hopf\u00e4llbar Solstol - Med Sidficka och Muggh\u00e5llare - Svart + Vit - 68cm x 186cm x 48cm - TRUUSK - Hem, Tr\u00e4dg\u00e5rd &amp; Fritid","isPartOf":{"@id":"https:\/\/truusk.store\/sv\/#website"},"primaryImageOfPage":{"@id":"https:\/\/truusk.store\/sv\/produkt\/truusk-hopfallbar-solstol-med-sidficka-och-mugghallare-svart-vit-68cm-x-186cm-x-48cm\/#primaryimage"},"image":{"@id":"https:\/\/truusk.store\/sv\/produkt\/truusk-hopfallbar-solstol-med-sidficka-och-mugghallare-svart-vit-68cm-x-186cm-x-48cm\/#primaryimage"},"thumbnailUrl":"https:\/\/i0.wp.com\/truusk.store\/wp-content\/uploads\/2024\/02\/fallbar-solstol-1-sidficka-1-mugghallare-68cm-x-186cm-x-48cm-svart-vit.webp?fit=800%2C800&ssl=1","datePublished":"2024-02-14T03:05:40+00:00","dateModified":"2026-03-12T08:18:24+00:00","breadcrumb":{"@id":"https:\/\/truusk.store\/sv\/produkt\/truusk-hopfallbar-solstol-med-sidficka-och-mugghallare-svart-vit-68cm-x-186cm-x-48cm\/#breadcrumb"},"inLanguage":"sv-SE","potentialAction":[{"@type":"ReadAction","target":["https:\/\/truusk.store\/sv\/produkt\/truusk-hopfallbar-solstol-med-sidficka-och-mugghallare-svart-vit-68cm-x-186cm-x-48cm\/"]}]},{"@type":"ImageObject","inLanguage":"sv-SE","@id":"https:\/\/truusk.store\/sv\/produkt\/truusk-hopfallbar-solstol-med-sidficka-och-mugghallare-svart-vit-68cm-x-186cm-x-48cm\/#primaryimage","url":"https:\/\/i0.wp.com\/truusk.store\/wp-content\/uploads\/2024\/02\/fallbar-solstol-1-sidficka-1-mugghallare-68cm-x-186cm-x-48cm-svart-vit.webp?fit=800%2C800&ssl=1","contentUrl":"https:\/\/i0.wp.com\/truusk.store\/wp-content\/uploads\/2024\/02\/fallbar-solstol-1-sidficka-1-mugghallare-68cm-x-186cm-x-48cm-svart-vit.webp?fit=800%2C800&ssl=1","width":800,"height":800,"caption":"F\u00e4llbar Solstol 1 Sidficka 1 Muggh\u00e5llare 68cm X 186cm X 48cm Svart + Vit 1"},{"@type":"BreadcrumbList","@id":"https:\/\/truusk.store\/sv\/produkt\/truusk-hopfallbar-solstol-med-sidficka-och-mugghallare-svart-vit-68cm-x-186cm-x-48cm\/#breadcrumb","itemListElement":[{"@type":"ListItem","position":1,"name":"Home","item":"https:\/\/truusk.store\/sv\/"},{"@type":"ListItem","position":2,"name":"Shop","item":"https:\/\/truusk.store\/shop\/"},{"@type":"ListItem","position":3,"name":"TRUUSK Hopf\u00e4llbar Solstol &#8211; Med Sidficka och Muggh\u00e5llare &#8211; Svart + Vit &#8211; 68cm x 186cm x 48cm"}]},{"@type":"WebSite","@id":"https:\/\/truusk.store\/sv\/#website","url":"https:\/\/truusk.store\/sv\/","name":"TRUUSK - Hem, Tr\u00e4dg\u00e5rd & Fritid","description":"","publisher":{"@id":"https:\/\/truusk.store\/sv\/#organization"},"potentialAction":[{"@type":"SearchAction","target":{"@type":"EntryPoint","urlTemplate":"https:\/\/truusk.store\/sv\/?s={search_term_string}"},"query-input":{"@type":"PropertyValueSpecification","valueRequired":true,"valueName":"search_term_string"}}],"inLanguage":"sv-SE"},{"@type":"Organization","@id":"https:\/\/truusk.store\/sv\/#organization","name":"TRUUSK - Hem, Tr\u00e4dg\u00e5rd & Fritid","url":"https:\/\/truusk.store\/sv\/","logo":{"@type":"ImageObject","inLanguage":"sv-SE","@id":"https:\/\/truusk.store\/sv\/#\/schema\/logo\/image\/","url":"https:\/\/i0.wp.com\/truusk.store\/wp-content\/uploads\/2026\/03\/cropped-TRUUSK.png?fit=2032%2C917&ssl=1","contentUrl":"https:\/\/i0.wp.com\/truusk.store\/wp-content\/uploads\/2026\/03\/cropped-TRUUSK.png?fit=2032%2C917&ssl=1","width":2032,"height":917,"caption":"TRUUSK - Hem, Tr\u00e4dg\u00e5rd & Fritid"},"image":{"@id":"https:\/\/truusk.store\/sv\/#\/schema\/logo\/image\/"}}]}},"jetpack_sharing_enabled":true,"_links":{"self":[{"href":"https:\/\/truusk.store\/sv\/wp-json\/wp\/v2\/product\/42660","targetHints":{"allow":["GET"]}}],"collection":[{"href":"https:\/\/truusk.store\/sv\/wp-json\/wp\/v2\/product"}],"about":[{"href":"https:\/\/truusk.store\/sv\/wp-json\/wp\/v2\/types\/product"}],"wp:featuredmedia":[{"embeddable":true,"href":"https:\/\/truusk.store\/sv\/wp-json\/wp\/v2\/media\/42661"}],"wp:attachment":[{"href":"https:\/\/truusk.store\/sv\/wp-json\/wp\/v2\/media?parent=42660"}],"wp:term":[{"taxonomy":"product_brand","embeddable":true,"href":"https:\/\/truusk.store\/sv\/wp-json\/wp\/v2\/product_brand?post=42660"},{"taxonomy":"product_cat","embeddable":true,"href":"https:\/\/truusk.store\/sv\/wp-json\/wp\/v2\/product_cat?post=42660"},{"taxonomy":"product_tag","embeddable":true,"href":"https:\/\/truusk.store\/sv\/wp-json\/wp\/v2\/product_tag?post=42660"}],"curies":[{"name":"wp","href":"https:\/\/api.w.org\/{rel}","templated":true}]}}