{"id":42686,"date":"2024-02-14T04:06:40","date_gmt":"2024-02-14T03:06:40","guid":{"rendered":"https:\/\/truusk.store\/product\/tradgardsbord-utdragbart-latt-att-rengora-aluminiumstomme-tralook-160-x-80-x-75-cm\/"},"modified":"2026-03-12T09:18:25","modified_gmt":"2026-03-12T08:18:25","slug":"truusk-utdragbart-tradgardsbord-latt-att-rengora-aluminiumstomme-tralook-160x80x75-cm","status":"publish","type":"product","link":"https:\/\/truusk.store\/sv\/produkt\/truusk-utdragbart-tradgardsbord-latt-att-rengora-aluminiumstomme-tralook-160x80x75-cm\/","title":{"rendered":"TRUUSK Utdragbart Tr\u00e4dg\u00e5rdsbord &#8211; L\u00e4tt Att Reng\u00f6ra &#8211; Aluminiumstomme &#8211; Tr\u00e4look &#8211; 160x80x75 cm"},"content":{"rendered":"<p>Vill du utrusta din tr\u00e4dg\u00e5rd, tr\u00e4dg\u00e5rd, balkong eller terrass med en mysig h\u00f6rna f\u00f6r att dr\u00f6ja, \u00e4ta och koppla av? har helt r\u00e4tt f\u00f6r detta: ett matbord av en robust aluminiumram och en fj\u00e4drande l\u00e4ttsk\u00f6tt bordsskiva. Den \u00e4r stabil och tillf\u00f6r varaktig sk\u00f6nhet, stil och elegans till ditt utomhusutrymme. Med denna oumb\u00e4rliga m\u00f6bel kan du f\u00f6rvandla din terrass till en avslappnad, liten relaxzon!<\/p>\n<h3>Beskrivning:<\/h3>\n<ul>\n<li>Ett rektangul\u00e4rt matbord med plats f\u00f6r upp till sex personer och \u00e4r idealiskt f\u00f6r att placera f\u00f6rfriskningar<\/li>\n<li>Bordet kan vid behov f\u00f6rl\u00e4ngas fr\u00e5n 80 till 160 cm<\/li>\n<li>Bordsskiva av l\u00e4ttsk\u00f6tt plast av h\u00f6g kvalitet<\/li>\n<li>Rosts\u00e4ker, stabil aluminiumram<\/li>\n<li>Halkfria f\u00f6tter h\u00e5ller bordet stabilt och skyddar golvet fr\u00e5n skador<\/li>\n<li>Montering kr\u00e4vs<\/li>\n<\/ul>\n<h3>Teknisk data:<\/h3>\n<ul>\n<li>F\u00e4rg: Beige+Gr\u00e5<\/li>\n<li>Material: aluminium, plast<\/li>\n<li>Totala m\u00e5tt: 80\/160L x 80W x 75H cm<\/li>\n<li>Lastkapacitet: 50 kg<\/li>\n<\/ul>\n<h3>Leveransens omfattning:<\/h3>\n<ul>\n<li>1 x matbord<\/li>\n<li>1 x Instruktioner VIKTIGT: Vi levererar varan till trottoarkanten utan kostnad. Se till att du anger r\u00e4tt adress och telefonnummer.<\/li>\n<\/ul>\n","protected":false},"excerpt":{"rendered":"<p>Vill du utrusta din tr\u00e4dg\u00e5rd, tr\u00e4dg\u00e5rd, balkong eller terrass med en mysig h\u00f6rna f\u00f6r att dr\u00f6ja, \u00e4ta och koppla av?&#8230;<\/p>\n","protected":false},"featured_media":42687,"template":"","meta":[],"product_brand":[],"product_cat":[435,457,450],"product_tag":[],"class_list":{"0":"post-42686","1":"product","2":"type-product","3":"status-publish","4":"has-post-thumbnail","6":"product_cat-tradgard-och-terrass","7":"product_cat-tradgardsbord","8":"product_cat-tradgardsmobler","10":"first","11":"instock","12":"sale","13":"taxable","14":"shipping-taxable","15":"purchasable","16":"product-type-simple"},"yoast_head":"<!-- This site is optimized with the Yoast SEO plugin v25.4 - https:\/\/yoast.com\/wordpress\/plugins\/seo\/ -->\n<title>TRUUSK Utdragbart Tr\u00e4dg\u00e5rdsbord - L\u00e4tt Att Reng\u00f6ra - Aluminiumstomme - Tr\u00e4look - 160x80x75 cm - TRUUSK - Hem, Tr\u00e4dg\u00e5rd &amp; Fritid<\/title>\n<meta name=\"robots\" content=\"index, follow, max-snippet:-1, max-image-preview:large, max-video-preview:-1\" \/>\n<link rel=\"canonical\" href=\"https:\/\/truusk.store\/sv\/produkt\/truusk-utdragbart-tradgardsbord-latt-att-rengora-aluminiumstomme-tralook-160x80x75-cm\/\" \/>\n<meta property=\"og:locale\" content=\"sv_SE\" \/>\n<meta property=\"og:type\" content=\"article\" \/>\n<meta property=\"og:title\" content=\"TRUUSK Utdragbart Tr\u00e4dg\u00e5rdsbord - L\u00e4tt Att Reng\u00f6ra - Aluminiumstomme - Tr\u00e4look - 160x80x75 cm - TRUUSK - Hem, Tr\u00e4dg\u00e5rd &amp; Fritid\" \/>\n<meta property=\"og:description\" content=\"Vill du utrusta din tr\u00e4dg\u00e5rd, tr\u00e4dg\u00e5rd, balkong eller terrass med en mysig h\u00f6rna f\u00f6r att dr\u00f6ja, \u00e4ta och koppla av?...\" \/>\n<meta property=\"og:url\" content=\"https:\/\/truusk.store\/sv\/produkt\/truusk-utdragbart-tradgardsbord-latt-att-rengora-aluminiumstomme-tralook-160x80x75-cm\/\" \/>\n<meta property=\"og:site_name\" content=\"TRUUSK - Hem, Tr\u00e4dg\u00e5rd &amp; Fritid\" \/>\n<meta property=\"article:modified_time\" content=\"2026-03-12T08:18:25+00:00\" \/>\n<meta property=\"og:image\" content=\"https:\/\/i0.wp.com\/truusk.se\/wp-content\/uploads\/2024\/02\/tradgardsbord-utdragbart-latt-att-rengora-aluminiumstomme-tralook-160-x-80-x-75-cm.webp?fit=800%2C800&ssl=1\" \/>\n\t<meta property=\"og:image:width\" content=\"800\" \/>\n\t<meta property=\"og:image:height\" content=\"800\" \/>\n\t<meta property=\"og:image:type\" content=\"image\/webp\" \/>\n<meta name=\"twitter:card\" content=\"summary_large_image\" \/>\n<meta name=\"twitter:label1\" content=\"Ber\u00e4knad l\u00e4stid\" \/>\n\t<meta name=\"twitter:data1\" content=\"1 minut\" \/>\n<!-- \/ Yoast SEO plugin. -->","yoast_head_json":{"title":"TRUUSK Utdragbart Tr\u00e4dg\u00e5rdsbord - L\u00e4tt Att Reng\u00f6ra - Aluminiumstomme - Tr\u00e4look - 160x80x75 cm - TRUUSK - Hem, Tr\u00e4dg\u00e5rd &amp; Fritid","robots":{"index":"index","follow":"follow","max-snippet":"max-snippet:-1","max-image-preview":"max-image-preview:large","max-video-preview":"max-video-preview:-1"},"canonical":"https:\/\/truusk.store\/sv\/produkt\/truusk-utdragbart-tradgardsbord-latt-att-rengora-aluminiumstomme-tralook-160x80x75-cm\/","og_locale":"sv_SE","og_type":"article","og_title":"TRUUSK Utdragbart Tr\u00e4dg\u00e5rdsbord - L\u00e4tt Att Reng\u00f6ra - Aluminiumstomme - Tr\u00e4look - 160x80x75 cm - TRUUSK - Hem, Tr\u00e4dg\u00e5rd &amp; Fritid","og_description":"Vill du utrusta din tr\u00e4dg\u00e5rd, tr\u00e4dg\u00e5rd, balkong eller terrass med en mysig h\u00f6rna f\u00f6r att dr\u00f6ja, \u00e4ta och koppla av?...","og_url":"https:\/\/truusk.store\/sv\/produkt\/truusk-utdragbart-tradgardsbord-latt-att-rengora-aluminiumstomme-tralook-160x80x75-cm\/","og_site_name":"TRUUSK - Hem, Tr\u00e4dg\u00e5rd &amp; Fritid","article_modified_time":"2026-03-12T08:18:25+00:00","og_image":[{"width":800,"height":800,"url":"https:\/\/i0.wp.com\/truusk.se\/wp-content\/uploads\/2024\/02\/tradgardsbord-utdragbart-latt-att-rengora-aluminiumstomme-tralook-160-x-80-x-75-cm.webp?fit=800%2C800&ssl=1","type":"image\/webp"}],"twitter_card":"summary_large_image","twitter_misc":{"Ber\u00e4knad l\u00e4stid":"1 minut"},"schema":{"@context":"https:\/\/schema.org","@graph":[{"@type":"WebPage","@id":"https:\/\/truusk.store\/sv\/produkt\/truusk-utdragbart-tradgardsbord-latt-att-rengora-aluminiumstomme-tralook-160x80x75-cm\/","url":"https:\/\/truusk.store\/sv\/produkt\/truusk-utdragbart-tradgardsbord-latt-att-rengora-aluminiumstomme-tralook-160x80x75-cm\/","name":"TRUUSK Utdragbart Tr\u00e4dg\u00e5rdsbord - L\u00e4tt Att Reng\u00f6ra - Aluminiumstomme - Tr\u00e4look - 160x80x75 cm - TRUUSK - Hem, Tr\u00e4dg\u00e5rd &amp; Fritid","isPartOf":{"@id":"https:\/\/truusk.store\/sv\/#website"},"primaryImageOfPage":{"@id":"https:\/\/truusk.store\/sv\/produkt\/truusk-utdragbart-tradgardsbord-latt-att-rengora-aluminiumstomme-tralook-160x80x75-cm\/#primaryimage"},"image":{"@id":"https:\/\/truusk.store\/sv\/produkt\/truusk-utdragbart-tradgardsbord-latt-att-rengora-aluminiumstomme-tralook-160x80x75-cm\/#primaryimage"},"thumbnailUrl":"https:\/\/i0.wp.com\/truusk.store\/wp-content\/uploads\/2024\/02\/tradgardsbord-utdragbart-latt-att-rengora-aluminiumstomme-tralook-160-x-80-x-75-cm.webp?fit=800%2C800&ssl=1","datePublished":"2024-02-14T03:06:40+00:00","dateModified":"2026-03-12T08:18:25+00:00","breadcrumb":{"@id":"https:\/\/truusk.store\/sv\/produkt\/truusk-utdragbart-tradgardsbord-latt-att-rengora-aluminiumstomme-tralook-160x80x75-cm\/#breadcrumb"},"inLanguage":"sv-SE","potentialAction":[{"@type":"ReadAction","target":["https:\/\/truusk.store\/sv\/produkt\/truusk-utdragbart-tradgardsbord-latt-att-rengora-aluminiumstomme-tralook-160x80x75-cm\/"]}]},{"@type":"ImageObject","inLanguage":"sv-SE","@id":"https:\/\/truusk.store\/sv\/produkt\/truusk-utdragbart-tradgardsbord-latt-att-rengora-aluminiumstomme-tralook-160x80x75-cm\/#primaryimage","url":"https:\/\/i0.wp.com\/truusk.store\/wp-content\/uploads\/2024\/02\/tradgardsbord-utdragbart-latt-att-rengora-aluminiumstomme-tralook-160-x-80-x-75-cm.webp?fit=800%2C800&ssl=1","contentUrl":"https:\/\/i0.wp.com\/truusk.store\/wp-content\/uploads\/2024\/02\/tradgardsbord-utdragbart-latt-att-rengora-aluminiumstomme-tralook-160-x-80-x-75-cm.webp?fit=800%2C800&ssl=1","width":800,"height":800,"caption":"Tr\u00e4dg\u00e5rdsbord, Utdragbart, L\u00e4tt Att Reng\u00f6ra, Aluminiumstomme, Tr\u00e4look, 160 X 80 X 75 Cm 1"},{"@type":"BreadcrumbList","@id":"https:\/\/truusk.store\/sv\/produkt\/truusk-utdragbart-tradgardsbord-latt-att-rengora-aluminiumstomme-tralook-160x80x75-cm\/#breadcrumb","itemListElement":[{"@type":"ListItem","position":1,"name":"Home","item":"https:\/\/truusk.store\/sv\/"},{"@type":"ListItem","position":2,"name":"Shop","item":"https:\/\/truusk.store\/shop\/"},{"@type":"ListItem","position":3,"name":"TRUUSK Utdragbart Tr\u00e4dg\u00e5rdsbord &#8211; L\u00e4tt Att Reng\u00f6ra &#8211; Aluminiumstomme &#8211; Tr\u00e4look &#8211; 160x80x75 cm"}]},{"@type":"WebSite","@id":"https:\/\/truusk.store\/sv\/#website","url":"https:\/\/truusk.store\/sv\/","name":"TRUUSK - Hem, Tr\u00e4dg\u00e5rd & Fritid","description":"","publisher":{"@id":"https:\/\/truusk.store\/sv\/#organization"},"potentialAction":[{"@type":"SearchAction","target":{"@type":"EntryPoint","urlTemplate":"https:\/\/truusk.store\/sv\/?s={search_term_string}"},"query-input":{"@type":"PropertyValueSpecification","valueRequired":true,"valueName":"search_term_string"}}],"inLanguage":"sv-SE"},{"@type":"Organization","@id":"https:\/\/truusk.store\/sv\/#organization","name":"TRUUSK - Hem, Tr\u00e4dg\u00e5rd & Fritid","url":"https:\/\/truusk.store\/sv\/","logo":{"@type":"ImageObject","inLanguage":"sv-SE","@id":"https:\/\/truusk.store\/sv\/#\/schema\/logo\/image\/","url":"https:\/\/i0.wp.com\/truusk.store\/wp-content\/uploads\/2026\/03\/cropped-TRUUSK.png?fit=2032%2C917&ssl=1","contentUrl":"https:\/\/i0.wp.com\/truusk.store\/wp-content\/uploads\/2026\/03\/cropped-TRUUSK.png?fit=2032%2C917&ssl=1","width":2032,"height":917,"caption":"TRUUSK - Hem, Tr\u00e4dg\u00e5rd & Fritid"},"image":{"@id":"https:\/\/truusk.store\/sv\/#\/schema\/logo\/image\/"}}]}},"jetpack_sharing_enabled":true,"_links":{"self":[{"href":"https:\/\/truusk.store\/sv\/wp-json\/wp\/v2\/product\/42686","targetHints":{"allow":["GET"]}}],"collection":[{"href":"https:\/\/truusk.store\/sv\/wp-json\/wp\/v2\/product"}],"about":[{"href":"https:\/\/truusk.store\/sv\/wp-json\/wp\/v2\/types\/product"}],"wp:featuredmedia":[{"embeddable":true,"href":"https:\/\/truusk.store\/sv\/wp-json\/wp\/v2\/media\/42687"}],"wp:attachment":[{"href":"https:\/\/truusk.store\/sv\/wp-json\/wp\/v2\/media?parent=42686"}],"wp:term":[{"taxonomy":"product_brand","embeddable":true,"href":"https:\/\/truusk.store\/sv\/wp-json\/wp\/v2\/product_brand?post=42686"},{"taxonomy":"product_cat","embeddable":true,"href":"https:\/\/truusk.store\/sv\/wp-json\/wp\/v2\/product_cat?post=42686"},{"taxonomy":"product_tag","embeddable":true,"href":"https:\/\/truusk.store\/sv\/wp-json\/wp\/v2\/product_tag?post=42686"}],"curies":[{"name":"wp","href":"https:\/\/api.w.org\/{rel}","templated":true}]}}