{"id":42737,"date":"2024-02-14T04:08:19","date_gmt":"2024-02-14T03:08:19","guid":{"rendered":"https:\/\/truusk.store\/product\/basketkorg-universellt-vaggfaste-mognast-nat-ram-i-rostfritt-stal-113-x-61-x-73-cm\/"},"modified":"2026-03-12T09:18:27","modified_gmt":"2026-03-12T08:18:27","slug":"truusk-kattkorg-for-vaggmontering-robust-rostfri-stalram-mognast-nat-113-x-61-x-73-cm","status":"publish","type":"product","link":"https:\/\/truusk.store\/sv\/produkt\/truusk-kattkorg-for-vaggmontering-robust-rostfri-stalram-mognast-nat-113-x-61-x-73-cm\/","title":{"rendered":"TRUUSK Kattkorg f\u00f6r V\u00e4ggmontering &#8211; Robust Rostfri St\u00e5lram &#8211; Mognast N\u00e4t &#8211; 113 x 61 x 73 cm"},"content":{"rendered":"<p>Montera denna basketkorg \u00f6ver d\u00f6rren, p\u00e5 v\u00e4ggen eller n\u00e5gon annanstans och justera h\u00f6jden efter \u00f6nskem\u00e5l. L\u00e4mplig f\u00f6r barn och vuxna, denna m\u00e5ngsidiga korg \u00e4r gjord av h\u00e5llbara material inklusive en robust, rosts\u00e4ker st\u00e5lram. Tack vare inomhus-\/utomhusversionen kan du \u00e4ven anv\u00e4nda den under l\u00e5gs\u00e4song f\u00f6r att f\u00e5 in basketspelet i ditt vardagsrum.<\/p>\n<h3>Beskrivning:<\/h3>\n<ul>\n<li>Montering p\u00e5 d\u00f6rrar, v\u00e4ggar, tak, takfot eller stolpar<\/li>\n<li>Splitters\u00e4ker bakpanel, slitstark st\u00e5lkant och mest mogna mesh<\/li>\n<li>Snygg look med professionell grafik<\/li>\n<li>St\u00e5lram med skyddande bel\u00e4ggning<\/li>\n<li>Inkluderar monteringssats<\/li>\n<li>Enkel montering kr\u00e4vs<\/li>\n<\/ul>\n<h3>Teknisk data:<\/h3>\n<ul>\n<li>F\u00e4rg: Svart+Klar+Bl\u00e5<\/li>\n<li>Material: st\u00e5l, PC, polyester<\/li>\n<li>\u00d6vergripande m\u00e5tt: 113L x 61W x 73H cm<\/li>\n<li>M\u00e5tt bakv\u00e4gg: 113L x 73W cm<\/li>\n<li>Ringens m\u00e5tt: 45 cm diameter<\/li>\n<\/ul>\n<h3>Leveransens omfattning:<\/h3>\n<ul>\n<li>1 x Basketb\u00e5ge<\/li>\n<li>Set med skruvar<\/li>\n<li>1 x skiftnyckel<\/li>\n<li>1 x Instruktioner<\/li>\n<\/ul>\n","protected":false},"excerpt":{"rendered":"<p>Montera denna basketkorg \u00f6ver d\u00f6rren, p\u00e5 v\u00e4ggen eller n\u00e5gon annanstans och justera h\u00f6jden efter \u00f6nskem\u00e5l. L\u00e4mplig f\u00f6r barn och vuxna,&#8230;<\/p>\n","protected":false},"featured_media":42738,"template":"","meta":[],"product_brand":[],"product_cat":[609,617,738,616],"product_tag":[],"class_list":{"0":"post-42737","1":"product","2":"type-product","3":"status-publish","4":"has-post-thumbnail","6":"product_cat-baby-barn","7":"product_cat-barnidrott","8":"product_cat-basketstallning","9":"product_cat-utomhusleksaker","11":"first","12":"instock","13":"sale","14":"taxable","15":"shipping-taxable","16":"purchasable","17":"product-type-simple"},"yoast_head":"<!-- This site is optimized with the Yoast SEO plugin v25.4 - https:\/\/yoast.com\/wordpress\/plugins\/seo\/ -->\n<title>TRUUSK Kattkorg f\u00f6r V\u00e4ggmontering - Robust Rostfri St\u00e5lram - Mognast N\u00e4t - 113 x 61 x 73 cm - TRUUSK - Hem, Tr\u00e4dg\u00e5rd &amp; Fritid<\/title>\n<meta name=\"robots\" content=\"index, follow, max-snippet:-1, max-image-preview:large, max-video-preview:-1\" \/>\n<link rel=\"canonical\" href=\"https:\/\/truusk.store\/sv\/produkt\/truusk-kattkorg-for-vaggmontering-robust-rostfri-stalram-mognast-nat-113-x-61-x-73-cm\/\" \/>\n<meta property=\"og:locale\" content=\"sv_SE\" \/>\n<meta property=\"og:type\" content=\"article\" \/>\n<meta property=\"og:title\" content=\"TRUUSK Kattkorg f\u00f6r V\u00e4ggmontering - Robust Rostfri St\u00e5lram - Mognast N\u00e4t - 113 x 61 x 73 cm - TRUUSK - Hem, Tr\u00e4dg\u00e5rd &amp; Fritid\" \/>\n<meta property=\"og:description\" content=\"Montera denna basketkorg \u00f6ver d\u00f6rren, p\u00e5 v\u00e4ggen eller n\u00e5gon annanstans och justera h\u00f6jden efter \u00f6nskem\u00e5l. L\u00e4mplig f\u00f6r barn och vuxna,...\" \/>\n<meta property=\"og:url\" content=\"https:\/\/truusk.store\/sv\/produkt\/truusk-kattkorg-for-vaggmontering-robust-rostfri-stalram-mognast-nat-113-x-61-x-73-cm\/\" \/>\n<meta property=\"og:site_name\" content=\"TRUUSK - Hem, Tr\u00e4dg\u00e5rd &amp; Fritid\" \/>\n<meta property=\"article:modified_time\" content=\"2026-03-12T08:18:27+00:00\" \/>\n<meta property=\"og:image\" content=\"https:\/\/i0.wp.com\/truusk.se\/wp-content\/uploads\/2024\/02\/basketkorg-universellt-vaggfaste-mognast-nat-ram-i-rostfritt-stal-113-x-61-x-73-cm.webp?fit=800%2C800&ssl=1\" \/>\n\t<meta property=\"og:image:width\" content=\"800\" \/>\n\t<meta property=\"og:image:height\" content=\"800\" \/>\n\t<meta property=\"og:image:type\" content=\"image\/webp\" \/>\n<meta name=\"twitter:card\" content=\"summary_large_image\" \/>\n<meta name=\"twitter:label1\" content=\"Ber\u00e4knad l\u00e4stid\" \/>\n\t<meta name=\"twitter:data1\" content=\"1 minut\" \/>\n<!-- \/ Yoast SEO plugin. -->","yoast_head_json":{"title":"TRUUSK Kattkorg f\u00f6r V\u00e4ggmontering - Robust Rostfri St\u00e5lram - Mognast N\u00e4t - 113 x 61 x 73 cm - TRUUSK - Hem, Tr\u00e4dg\u00e5rd &amp; Fritid","robots":{"index":"index","follow":"follow","max-snippet":"max-snippet:-1","max-image-preview":"max-image-preview:large","max-video-preview":"max-video-preview:-1"},"canonical":"https:\/\/truusk.store\/sv\/produkt\/truusk-kattkorg-for-vaggmontering-robust-rostfri-stalram-mognast-nat-113-x-61-x-73-cm\/","og_locale":"sv_SE","og_type":"article","og_title":"TRUUSK Kattkorg f\u00f6r V\u00e4ggmontering - Robust Rostfri St\u00e5lram - Mognast N\u00e4t - 113 x 61 x 73 cm - TRUUSK - Hem, Tr\u00e4dg\u00e5rd &amp; Fritid","og_description":"Montera denna basketkorg \u00f6ver d\u00f6rren, p\u00e5 v\u00e4ggen eller n\u00e5gon annanstans och justera h\u00f6jden efter \u00f6nskem\u00e5l. L\u00e4mplig f\u00f6r barn och vuxna,...","og_url":"https:\/\/truusk.store\/sv\/produkt\/truusk-kattkorg-for-vaggmontering-robust-rostfri-stalram-mognast-nat-113-x-61-x-73-cm\/","og_site_name":"TRUUSK - Hem, Tr\u00e4dg\u00e5rd &amp; Fritid","article_modified_time":"2026-03-12T08:18:27+00:00","og_image":[{"width":800,"height":800,"url":"https:\/\/i0.wp.com\/truusk.se\/wp-content\/uploads\/2024\/02\/basketkorg-universellt-vaggfaste-mognast-nat-ram-i-rostfritt-stal-113-x-61-x-73-cm.webp?fit=800%2C800&ssl=1","type":"image\/webp"}],"twitter_card":"summary_large_image","twitter_misc":{"Ber\u00e4knad l\u00e4stid":"1 minut"},"schema":{"@context":"https:\/\/schema.org","@graph":[{"@type":"WebPage","@id":"https:\/\/truusk.store\/sv\/produkt\/truusk-kattkorg-for-vaggmontering-robust-rostfri-stalram-mognast-nat-113-x-61-x-73-cm\/","url":"https:\/\/truusk.store\/sv\/produkt\/truusk-kattkorg-for-vaggmontering-robust-rostfri-stalram-mognast-nat-113-x-61-x-73-cm\/","name":"TRUUSK Kattkorg f\u00f6r V\u00e4ggmontering - Robust Rostfri St\u00e5lram - Mognast N\u00e4t - 113 x 61 x 73 cm - TRUUSK - Hem, Tr\u00e4dg\u00e5rd &amp; Fritid","isPartOf":{"@id":"https:\/\/truusk.store\/sv\/#website"},"primaryImageOfPage":{"@id":"https:\/\/truusk.store\/sv\/produkt\/truusk-kattkorg-for-vaggmontering-robust-rostfri-stalram-mognast-nat-113-x-61-x-73-cm\/#primaryimage"},"image":{"@id":"https:\/\/truusk.store\/sv\/produkt\/truusk-kattkorg-for-vaggmontering-robust-rostfri-stalram-mognast-nat-113-x-61-x-73-cm\/#primaryimage"},"thumbnailUrl":"https:\/\/i0.wp.com\/truusk.store\/wp-content\/uploads\/2024\/02\/basketkorg-universellt-vaggfaste-mognast-nat-ram-i-rostfritt-stal-113-x-61-x-73-cm.webp?fit=800%2C800&ssl=1","datePublished":"2024-02-14T03:08:19+00:00","dateModified":"2026-03-12T08:18:27+00:00","breadcrumb":{"@id":"https:\/\/truusk.store\/sv\/produkt\/truusk-kattkorg-for-vaggmontering-robust-rostfri-stalram-mognast-nat-113-x-61-x-73-cm\/#breadcrumb"},"inLanguage":"sv-SE","potentialAction":[{"@type":"ReadAction","target":["https:\/\/truusk.store\/sv\/produkt\/truusk-kattkorg-for-vaggmontering-robust-rostfri-stalram-mognast-nat-113-x-61-x-73-cm\/"]}]},{"@type":"ImageObject","inLanguage":"sv-SE","@id":"https:\/\/truusk.store\/sv\/produkt\/truusk-kattkorg-for-vaggmontering-robust-rostfri-stalram-mognast-nat-113-x-61-x-73-cm\/#primaryimage","url":"https:\/\/i0.wp.com\/truusk.store\/wp-content\/uploads\/2024\/02\/basketkorg-universellt-vaggfaste-mognast-nat-ram-i-rostfritt-stal-113-x-61-x-73-cm.webp?fit=800%2C800&ssl=1","contentUrl":"https:\/\/i0.wp.com\/truusk.store\/wp-content\/uploads\/2024\/02\/basketkorg-universellt-vaggfaste-mognast-nat-ram-i-rostfritt-stal-113-x-61-x-73-cm.webp?fit=800%2C800&ssl=1","width":800,"height":800,"caption":"Basketkorg, Universellt V\u00e4ggf\u00e4ste, Mognast N\u00e4t, Ram I Rostfritt St\u00e5l, 113 X 61 X 73 Cm 1"},{"@type":"BreadcrumbList","@id":"https:\/\/truusk.store\/sv\/produkt\/truusk-kattkorg-for-vaggmontering-robust-rostfri-stalram-mognast-nat-113-x-61-x-73-cm\/#breadcrumb","itemListElement":[{"@type":"ListItem","position":1,"name":"Home","item":"https:\/\/truusk.store\/sv\/"},{"@type":"ListItem","position":2,"name":"Shop","item":"https:\/\/truusk.store\/shop\/"},{"@type":"ListItem","position":3,"name":"TRUUSK Kattkorg f\u00f6r V\u00e4ggmontering &#8211; Robust Rostfri St\u00e5lram &#8211; Mognast N\u00e4t &#8211; 113 x 61 x 73 cm"}]},{"@type":"WebSite","@id":"https:\/\/truusk.store\/sv\/#website","url":"https:\/\/truusk.store\/sv\/","name":"TRUUSK - Hem, Tr\u00e4dg\u00e5rd & Fritid","description":"","publisher":{"@id":"https:\/\/truusk.store\/sv\/#organization"},"potentialAction":[{"@type":"SearchAction","target":{"@type":"EntryPoint","urlTemplate":"https:\/\/truusk.store\/sv\/?s={search_term_string}"},"query-input":{"@type":"PropertyValueSpecification","valueRequired":true,"valueName":"search_term_string"}}],"inLanguage":"sv-SE"},{"@type":"Organization","@id":"https:\/\/truusk.store\/sv\/#organization","name":"TRUUSK - Hem, Tr\u00e4dg\u00e5rd & Fritid","url":"https:\/\/truusk.store\/sv\/","logo":{"@type":"ImageObject","inLanguage":"sv-SE","@id":"https:\/\/truusk.store\/sv\/#\/schema\/logo\/image\/","url":"https:\/\/i0.wp.com\/truusk.store\/wp-content\/uploads\/2026\/03\/cropped-TRUUSK.png?fit=2032%2C917&ssl=1","contentUrl":"https:\/\/i0.wp.com\/truusk.store\/wp-content\/uploads\/2026\/03\/cropped-TRUUSK.png?fit=2032%2C917&ssl=1","width":2032,"height":917,"caption":"TRUUSK - Hem, Tr\u00e4dg\u00e5rd & Fritid"},"image":{"@id":"https:\/\/truusk.store\/sv\/#\/schema\/logo\/image\/"}}]}},"jetpack_sharing_enabled":true,"_links":{"self":[{"href":"https:\/\/truusk.store\/sv\/wp-json\/wp\/v2\/product\/42737","targetHints":{"allow":["GET"]}}],"collection":[{"href":"https:\/\/truusk.store\/sv\/wp-json\/wp\/v2\/product"}],"about":[{"href":"https:\/\/truusk.store\/sv\/wp-json\/wp\/v2\/types\/product"}],"wp:featuredmedia":[{"embeddable":true,"href":"https:\/\/truusk.store\/sv\/wp-json\/wp\/v2\/media\/42738"}],"wp:attachment":[{"href":"https:\/\/truusk.store\/sv\/wp-json\/wp\/v2\/media?parent=42737"}],"wp:term":[{"taxonomy":"product_brand","embeddable":true,"href":"https:\/\/truusk.store\/sv\/wp-json\/wp\/v2\/product_brand?post=42737"},{"taxonomy":"product_cat","embeddable":true,"href":"https:\/\/truusk.store\/sv\/wp-json\/wp\/v2\/product_cat?post=42737"},{"taxonomy":"product_tag","embeddable":true,"href":"https:\/\/truusk.store\/sv\/wp-json\/wp\/v2\/product_tag?post=42737"}],"curies":[{"name":"wp","href":"https:\/\/api.w.org\/{rel}","templated":true}]}}