{"id":42798,"date":"2024-02-14T04:10:19","date_gmt":"2024-02-14T03:10:19","guid":{"rendered":"https:\/\/truusk.store\/product\/set-med-3-fladdermushus-vaderbestandiga-upp-till-3-fladdermoss-per-hus-behandlat-grantra-natur-svart\/"},"modified":"2026-03-12T09:18:28","modified_gmt":"2026-03-12T08:18:28","slug":"truusk-set-med-3-fladdermushus-vaderbestandiga-upp-till-3-fladdermoss-per-hus-behandlat-grantra-natur-svart","status":"publish","type":"product","link":"https:\/\/truusk.store\/sv\/produkt\/truusk-set-med-3-fladdermushus-vaderbestandiga-upp-till-3-fladdermoss-per-hus-behandlat-grantra-natur-svart\/","title":{"rendered":"TRUUSK Set med 3 Fladdermushus &#8211; V\u00e4derbest\u00e4ndiga &#8211; Upp till 3 Fladderm\u00f6ss per Hus &#8211; Behandlat Grantr\u00e4 &#8211; Natur + Svart"},"content":{"rendered":"<p>V\u00e5r fladdermushusset i tr\u00e4 \u00e4r perfekt f\u00f6r alla natur\u00e4lskares tr\u00e4dg\u00e5rd. Detta set inneh\u00e5ller tre fladderm\u00f6sshus av tr\u00e4, som vart och ett kan hysa 2-3 fladderm\u00f6ss, vilket ger inhemska fladdermussamh\u00e4llen gott om plats att sova. Fladdermushuset av lackerat grantr\u00e4 \u00e4r l\u00e4mpligt f\u00f6r utomhusbruk. Det finns en praktisk h\u00e4ngare p\u00e5 baksidan av huset som g\u00f6r den l\u00e4tt att f\u00e4sta. Fladderm\u00f6sshusets bakv\u00e4gg \u00e4r ocks\u00e5 f\u00f6rsedd med en dr\u00e4neringskanal, vilket g\u00f6r det l\u00e4ttare f\u00f6r fladderm\u00f6ssen att kl\u00e4ttra in i skyddet.<\/p>\n<h3>Beskrivning:<\/h3>\n<ul>\n<li>Set med 3 fladderm\u00f6sshus i tr\u00e4, varje hus erbjuder plats f\u00f6r tv\u00e5 till tre fladderm\u00f6ss<\/li>\n<li>Tillverkad av gran, med vattenfast f\u00e4rg f\u00f6r utomhusbruk<\/li>\n<li>H\u00e4ng fladdermushuset i ett tr\u00e4d eller p\u00e5 en stolpe<\/li>\n<li>Huset med fladdermustema \u00e4r en vacker dekoration f\u00f6r din tr\u00e4dg\u00e5rd<\/li>\n<li>Fyra sidoventilationsh\u00e5l f\u00f6r god ventilation<\/li>\n<\/ul>\n<h3>Teknisk data:<\/h3>\n<ul>\n<li>F\u00e4rg: Natur+svart<\/li>\n<li>Material: gran<\/li>\n<li>\u00d6vergripande m\u00e5tt: 25L x 6W x 37,5H cm<\/li>\n<li>Huvudhusets storlek: 21L x 5W x 26H cm<\/li>\n<li>Landst\u00f6dsstorlek: 18,5W x 10H cm<\/li>\n<li>Innerm\u00e5tt: 18,4L x 1,8W x 26H cm<\/li>\n<\/ul>\n<h3>Leveransens omfattning:<\/h3>\n<ul>\n<li>3 x fladdermushus;<\/li>\n<\/ul>\n","protected":false},"excerpt":{"rendered":"<p>V\u00e5r fladdermushusset i tr\u00e4 \u00e4r perfekt f\u00f6r alla natur\u00e4lskares tr\u00e4dg\u00e5rd. Detta set inneh\u00e5ller tre fladderm\u00f6sshus av tr\u00e4, som vart och&#8230;<\/p>\n","protected":false},"featured_media":42799,"template":"","meta":[],"product_brand":[],"product_cat":[573,598,597],"product_tag":[],"class_list":{"0":"post-42798","1":"product","2":"type-product","3":"status-publish","4":"has-post-thumbnail","6":"product_cat-husdjursmaterial","7":"product_cat-sma-djurstallar","8":"product_cat-sma-djurtillbehor","10":"first","11":"instock","12":"sale","13":"taxable","14":"shipping-taxable","15":"purchasable","16":"product-type-simple"},"yoast_head":"<!-- This site is optimized with the Yoast SEO plugin v25.4 - https:\/\/yoast.com\/wordpress\/plugins\/seo\/ -->\n<title>TRUUSK Set med 3 Fladdermushus - V\u00e4derbest\u00e4ndiga - Upp till 3 Fladderm\u00f6ss per Hus - Behandlat Grantr\u00e4 - Natur + Svart - TRUUSK - Hem, Tr\u00e4dg\u00e5rd &amp; Fritid<\/title>\n<meta name=\"robots\" content=\"index, follow, max-snippet:-1, max-image-preview:large, max-video-preview:-1\" \/>\n<link rel=\"canonical\" href=\"https:\/\/truusk.store\/sv\/produkt\/truusk-set-med-3-fladdermushus-vaderbestandiga-upp-till-3-fladdermoss-per-hus-behandlat-grantra-natur-svart\/\" \/>\n<meta property=\"og:locale\" content=\"sv_SE\" \/>\n<meta property=\"og:type\" content=\"article\" \/>\n<meta property=\"og:title\" content=\"TRUUSK Set med 3 Fladdermushus - V\u00e4derbest\u00e4ndiga - Upp till 3 Fladderm\u00f6ss per Hus - Behandlat Grantr\u00e4 - Natur + Svart - TRUUSK - Hem, Tr\u00e4dg\u00e5rd &amp; Fritid\" \/>\n<meta property=\"og:description\" content=\"V\u00e5r fladdermushusset i tr\u00e4 \u00e4r perfekt f\u00f6r alla natur\u00e4lskares tr\u00e4dg\u00e5rd. Detta set inneh\u00e5ller tre fladderm\u00f6sshus av tr\u00e4, som vart och...\" \/>\n<meta property=\"og:url\" content=\"https:\/\/truusk.store\/sv\/produkt\/truusk-set-med-3-fladdermushus-vaderbestandiga-upp-till-3-fladdermoss-per-hus-behandlat-grantra-natur-svart\/\" \/>\n<meta property=\"og:site_name\" content=\"TRUUSK - Hem, Tr\u00e4dg\u00e5rd &amp; Fritid\" \/>\n<meta property=\"article:modified_time\" content=\"2026-03-12T08:18:28+00:00\" \/>\n<meta property=\"og:image\" content=\"https:\/\/i0.wp.com\/truusk.se\/wp-content\/uploads\/2024\/02\/set-med-3-fladdermushus-vaderbestandiga-upp-till-3-fladdermoss-per-hus-behandlat-grantra-natur-svart.webp?fit=800%2C800&ssl=1\" \/>\n\t<meta property=\"og:image:width\" content=\"800\" \/>\n\t<meta property=\"og:image:height\" content=\"800\" \/>\n\t<meta property=\"og:image:type\" content=\"image\/webp\" \/>\n<meta name=\"twitter:card\" content=\"summary_large_image\" \/>\n<meta name=\"twitter:label1\" content=\"Ber\u00e4knad l\u00e4stid\" \/>\n\t<meta name=\"twitter:data1\" content=\"1 minut\" \/>\n<!-- \/ Yoast SEO plugin. -->","yoast_head_json":{"title":"TRUUSK Set med 3 Fladdermushus - V\u00e4derbest\u00e4ndiga - Upp till 3 Fladderm\u00f6ss per Hus - Behandlat Grantr\u00e4 - Natur + Svart - TRUUSK - Hem, Tr\u00e4dg\u00e5rd &amp; Fritid","robots":{"index":"index","follow":"follow","max-snippet":"max-snippet:-1","max-image-preview":"max-image-preview:large","max-video-preview":"max-video-preview:-1"},"canonical":"https:\/\/truusk.store\/sv\/produkt\/truusk-set-med-3-fladdermushus-vaderbestandiga-upp-till-3-fladdermoss-per-hus-behandlat-grantra-natur-svart\/","og_locale":"sv_SE","og_type":"article","og_title":"TRUUSK Set med 3 Fladdermushus - V\u00e4derbest\u00e4ndiga - Upp till 3 Fladderm\u00f6ss per Hus - Behandlat Grantr\u00e4 - Natur + Svart - TRUUSK - Hem, Tr\u00e4dg\u00e5rd &amp; Fritid","og_description":"V\u00e5r fladdermushusset i tr\u00e4 \u00e4r perfekt f\u00f6r alla natur\u00e4lskares tr\u00e4dg\u00e5rd. Detta set inneh\u00e5ller tre fladderm\u00f6sshus av tr\u00e4, som vart och...","og_url":"https:\/\/truusk.store\/sv\/produkt\/truusk-set-med-3-fladdermushus-vaderbestandiga-upp-till-3-fladdermoss-per-hus-behandlat-grantra-natur-svart\/","og_site_name":"TRUUSK - Hem, Tr\u00e4dg\u00e5rd &amp; Fritid","article_modified_time":"2026-03-12T08:18:28+00:00","og_image":[{"width":800,"height":800,"url":"https:\/\/i0.wp.com\/truusk.se\/wp-content\/uploads\/2024\/02\/set-med-3-fladdermushus-vaderbestandiga-upp-till-3-fladdermoss-per-hus-behandlat-grantra-natur-svart.webp?fit=800%2C800&ssl=1","type":"image\/webp"}],"twitter_card":"summary_large_image","twitter_misc":{"Ber\u00e4knad l\u00e4stid":"1 minut"},"schema":{"@context":"https:\/\/schema.org","@graph":[{"@type":"WebPage","@id":"https:\/\/truusk.store\/sv\/produkt\/truusk-set-med-3-fladdermushus-vaderbestandiga-upp-till-3-fladdermoss-per-hus-behandlat-grantra-natur-svart\/","url":"https:\/\/truusk.store\/sv\/produkt\/truusk-set-med-3-fladdermushus-vaderbestandiga-upp-till-3-fladdermoss-per-hus-behandlat-grantra-natur-svart\/","name":"TRUUSK Set med 3 Fladdermushus - V\u00e4derbest\u00e4ndiga - Upp till 3 Fladderm\u00f6ss per Hus - Behandlat Grantr\u00e4 - Natur + Svart - TRUUSK - Hem, Tr\u00e4dg\u00e5rd &amp; Fritid","isPartOf":{"@id":"https:\/\/truusk.store\/sv\/#website"},"primaryImageOfPage":{"@id":"https:\/\/truusk.store\/sv\/produkt\/truusk-set-med-3-fladdermushus-vaderbestandiga-upp-till-3-fladdermoss-per-hus-behandlat-grantra-natur-svart\/#primaryimage"},"image":{"@id":"https:\/\/truusk.store\/sv\/produkt\/truusk-set-med-3-fladdermushus-vaderbestandiga-upp-till-3-fladdermoss-per-hus-behandlat-grantra-natur-svart\/#primaryimage"},"thumbnailUrl":"https:\/\/i0.wp.com\/truusk.store\/wp-content\/uploads\/2024\/02\/set-med-3-fladdermushus-vaderbestandiga-upp-till-3-fladdermoss-per-hus-behandlat-grantra-natur-svart.webp?fit=800%2C800&ssl=1","datePublished":"2024-02-14T03:10:19+00:00","dateModified":"2026-03-12T08:18:28+00:00","breadcrumb":{"@id":"https:\/\/truusk.store\/sv\/produkt\/truusk-set-med-3-fladdermushus-vaderbestandiga-upp-till-3-fladdermoss-per-hus-behandlat-grantra-natur-svart\/#breadcrumb"},"inLanguage":"sv-SE","potentialAction":[{"@type":"ReadAction","target":["https:\/\/truusk.store\/sv\/produkt\/truusk-set-med-3-fladdermushus-vaderbestandiga-upp-till-3-fladdermoss-per-hus-behandlat-grantra-natur-svart\/"]}]},{"@type":"ImageObject","inLanguage":"sv-SE","@id":"https:\/\/truusk.store\/sv\/produkt\/truusk-set-med-3-fladdermushus-vaderbestandiga-upp-till-3-fladdermoss-per-hus-behandlat-grantra-natur-svart\/#primaryimage","url":"https:\/\/i0.wp.com\/truusk.store\/wp-content\/uploads\/2024\/02\/set-med-3-fladdermushus-vaderbestandiga-upp-till-3-fladdermoss-per-hus-behandlat-grantra-natur-svart.webp?fit=800%2C800&ssl=1","contentUrl":"https:\/\/i0.wp.com\/truusk.store\/wp-content\/uploads\/2024\/02\/set-med-3-fladdermushus-vaderbestandiga-upp-till-3-fladdermoss-per-hus-behandlat-grantra-natur-svart.webp?fit=800%2C800&ssl=1","width":800,"height":800,"caption":"Set Med 3 Fladdermushus, V\u00e4derbest\u00e4ndiga, Upp Till 3 Fladderm\u00f6ss Per Hus, Behandlat Grantr\u00e4, Natur + Svart 1"},{"@type":"BreadcrumbList","@id":"https:\/\/truusk.store\/sv\/produkt\/truusk-set-med-3-fladdermushus-vaderbestandiga-upp-till-3-fladdermoss-per-hus-behandlat-grantra-natur-svart\/#breadcrumb","itemListElement":[{"@type":"ListItem","position":1,"name":"Home","item":"https:\/\/truusk.store\/sv\/"},{"@type":"ListItem","position":2,"name":"Shop","item":"https:\/\/truusk.store\/shop\/"},{"@type":"ListItem","position":3,"name":"TRUUSK Set med 3 Fladdermushus &#8211; V\u00e4derbest\u00e4ndiga &#8211; Upp till 3 Fladderm\u00f6ss per Hus &#8211; Behandlat Grantr\u00e4 &#8211; Natur + Svart"}]},{"@type":"WebSite","@id":"https:\/\/truusk.store\/sv\/#website","url":"https:\/\/truusk.store\/sv\/","name":"TRUUSK - Hem, Tr\u00e4dg\u00e5rd & Fritid","description":"","publisher":{"@id":"https:\/\/truusk.store\/sv\/#organization"},"potentialAction":[{"@type":"SearchAction","target":{"@type":"EntryPoint","urlTemplate":"https:\/\/truusk.store\/sv\/?s={search_term_string}"},"query-input":{"@type":"PropertyValueSpecification","valueRequired":true,"valueName":"search_term_string"}}],"inLanguage":"sv-SE"},{"@type":"Organization","@id":"https:\/\/truusk.store\/sv\/#organization","name":"TRUUSK - Hem, Tr\u00e4dg\u00e5rd & Fritid","url":"https:\/\/truusk.store\/sv\/","logo":{"@type":"ImageObject","inLanguage":"sv-SE","@id":"https:\/\/truusk.store\/sv\/#\/schema\/logo\/image\/","url":"https:\/\/i0.wp.com\/truusk.store\/wp-content\/uploads\/2026\/03\/cropped-TRUUSK.png?fit=2032%2C917&ssl=1","contentUrl":"https:\/\/i0.wp.com\/truusk.store\/wp-content\/uploads\/2026\/03\/cropped-TRUUSK.png?fit=2032%2C917&ssl=1","width":2032,"height":917,"caption":"TRUUSK - Hem, Tr\u00e4dg\u00e5rd & Fritid"},"image":{"@id":"https:\/\/truusk.store\/sv\/#\/schema\/logo\/image\/"}}]}},"jetpack_sharing_enabled":true,"_links":{"self":[{"href":"https:\/\/truusk.store\/sv\/wp-json\/wp\/v2\/product\/42798","targetHints":{"allow":["GET"]}}],"collection":[{"href":"https:\/\/truusk.store\/sv\/wp-json\/wp\/v2\/product"}],"about":[{"href":"https:\/\/truusk.store\/sv\/wp-json\/wp\/v2\/types\/product"}],"wp:featuredmedia":[{"embeddable":true,"href":"https:\/\/truusk.store\/sv\/wp-json\/wp\/v2\/media\/42799"}],"wp:attachment":[{"href":"https:\/\/truusk.store\/sv\/wp-json\/wp\/v2\/media?parent=42798"}],"wp:term":[{"taxonomy":"product_brand","embeddable":true,"href":"https:\/\/truusk.store\/sv\/wp-json\/wp\/v2\/product_brand?post=42798"},{"taxonomy":"product_cat","embeddable":true,"href":"https:\/\/truusk.store\/sv\/wp-json\/wp\/v2\/product_cat?post=42798"},{"taxonomy":"product_tag","embeddable":true,"href":"https:\/\/truusk.store\/sv\/wp-json\/wp\/v2\/product_tag?post=42798"}],"curies":[{"name":"wp","href":"https:\/\/api.w.org\/{rel}","templated":true}]}}