{"id":42808,"date":"2024-02-14T04:10:38","date_gmt":"2024-02-14T03:10:38","guid":{"rendered":"https:\/\/truusk.store\/product\/piedestalflakt-3-hastigheter-3-lagen-timer-fjarrkontroll-45-x-42-x-118-138-cm-svart-vit\/"},"modified":"2026-03-12T09:18:29","modified_gmt":"2026-03-12T08:18:29","slug":"truusk-piedestalflakt-3-hastigheter-3-lagen-timer-fjarrkontroll-45-x-42-x-118-138-cm-svart-vit","status":"publish","type":"product","link":"https:\/\/truusk.store\/sv\/produkt\/truusk-piedestalflakt-3-hastigheter-3-lagen-timer-fjarrkontroll-45-x-42-x-118-138-cm-svart-vit\/","title":{"rendered":"TRUUSK Piedestalfl\u00e4kt &#8211; 3 Hastigheter &#8211; 3 L\u00e4gen &#8211; Timer &#8211; Fj\u00e4rrkontroll &#8211; 45 x 42 x 118-138 cm &#8211; Svart\/Vit"},"content":{"rendered":"<p>H\u00e5ll dig behagligt sval under varma sommareftermiddagar med denna piedestalfl\u00e4kt. Stativfl\u00e4kten \u00e4r l\u00e4tt att anv\u00e4nda: perfekt f\u00f6r hemmet eller kontoret. Den stora fl\u00e4kten har tre variabla hastighetsniv\u00e5er och l\u00e4gen f\u00f6r individuell komfort. 85 vridningsintervall och 20 cm justerbar h\u00f6jd g\u00f6r att du snabbt kan hitta en l\u00e4mplig ventilationsinst\u00e4llning. Med 7,5 timmars timer, LED-panel och fj\u00e4rrkontroll f\u00f6r kontroll p\u00e5 3 meters avst\u00e5nd.<\/p>\n<h3>Beskrivning:<\/h3>\n<ul>\n<li>Stabil, stor rund bas f\u00f6r optimal stabilitet<\/li>\n<li>Modern design, l\u00e4mplig f\u00f6r vardagsrum och arbetsutrymmen<\/li>\n<li>Justerbara hastighetsniv\u00e5er (l\u00e5g, medel, h\u00f6g) samt vilol\u00e4ge, naturligt och normalt l\u00e4ge<\/li>\n<li>Medf\u00f6ljer fj\u00e4rrkontroll med en r\u00e4ckvidd p\u00e5 3 meter<\/li>\n<li>Integrerad LED-panel f\u00f6r bekv\u00e4m kontroll<\/li>\n<li>Montering kr\u00e4vs<\/li>\n<\/ul>\n<h3>Teknisk data:<\/h3>\n<ul>\n<li>F\u00e4rg vit<\/li>\n<li>Material: ABS, st\u00e5l<\/li>\n<li>\u00d6vergripande m\u00e5tt: 45W x 42D x 118-138H cm<\/li>\n<li>Fugre: 42 cm<\/li>\n<li>T\u00e4ckningsstorlek: 40 cm<\/li>\n<li>Kabell\u00e4ngd: 150 cm<\/li>\n<li>Sp\u00e4nning: 220-240V\/50Hz<\/li>\n<li>Effekt: 50W<\/li>\n<\/ul>\n<h3>Leveransens omfattning:<\/h3>\n<ul>\n<li>1 x piedestalfl\u00e4kt<\/li>\n<li>1 x Fj\u00e4rrkontroll<\/li>\n<li>1 x manuell<\/li>\n<\/ul>\n","protected":false},"excerpt":{"rendered":"<p>H\u00e5ll dig behagligt sval under varma sommareftermiddagar med denna piedestalfl\u00e4kt. Stativfl\u00e4kten \u00e4r l\u00e4tt att anv\u00e4nda: perfekt f\u00f6r hemmet eller kontoret&#8230;.<\/p>\n","protected":false},"featured_media":42809,"template":"","meta":[],"product_brand":[],"product_cat":[697,671,696],"product_tag":[],"class_list":{"0":"post-42808","1":"product","2":"type-product","3":"status-publish","4":"has-post-thumbnail","6":"product_cat-flaktar-och-luftkonditioneringsapparater","7":"product_cat-jarnaffar","8":"product_cat-luftkonditionering-och-flaktar","10":"first","11":"instock","12":"sale","13":"taxable","14":"shipping-taxable","15":"purchasable","16":"product-type-simple"},"yoast_head":"<!-- This site is optimized with the Yoast SEO plugin v25.4 - https:\/\/yoast.com\/wordpress\/plugins\/seo\/ -->\n<title>TRUUSK Piedestalfl\u00e4kt - 3 Hastigheter - 3 L\u00e4gen - Timer - Fj\u00e4rrkontroll - 45 x 42 x 118-138 cm - Svart\/Vit - TRUUSK - Hem, Tr\u00e4dg\u00e5rd &amp; Fritid<\/title>\n<meta name=\"robots\" content=\"index, follow, max-snippet:-1, max-image-preview:large, max-video-preview:-1\" \/>\n<link rel=\"canonical\" href=\"https:\/\/truusk.store\/sv\/produkt\/truusk-piedestalflakt-3-hastigheter-3-lagen-timer-fjarrkontroll-45-x-42-x-118-138-cm-svart-vit\/\" \/>\n<meta property=\"og:locale\" content=\"sv_SE\" \/>\n<meta property=\"og:type\" content=\"article\" \/>\n<meta property=\"og:title\" content=\"TRUUSK Piedestalfl\u00e4kt - 3 Hastigheter - 3 L\u00e4gen - Timer - Fj\u00e4rrkontroll - 45 x 42 x 118-138 cm - Svart\/Vit - TRUUSK - Hem, Tr\u00e4dg\u00e5rd &amp; Fritid\" \/>\n<meta property=\"og:description\" content=\"H\u00e5ll dig behagligt sval under varma sommareftermiddagar med denna piedestalfl\u00e4kt. Stativfl\u00e4kten \u00e4r l\u00e4tt att anv\u00e4nda: perfekt f\u00f6r hemmet eller kontoret....\" \/>\n<meta property=\"og:url\" content=\"https:\/\/truusk.store\/sv\/produkt\/truusk-piedestalflakt-3-hastigheter-3-lagen-timer-fjarrkontroll-45-x-42-x-118-138-cm-svart-vit\/\" \/>\n<meta property=\"og:site_name\" content=\"TRUUSK - Hem, Tr\u00e4dg\u00e5rd &amp; Fritid\" \/>\n<meta property=\"article:modified_time\" content=\"2026-03-12T08:18:29+00:00\" \/>\n<meta property=\"og:image\" content=\"https:\/\/i0.wp.com\/truusk.se\/wp-content\/uploads\/2024\/02\/piedestalflakt-3-hastigheter-3-lagen-timer-fjarrkontroll-45-x-42-x-118-138-cm-svart-vit.webp?fit=800%2C800&ssl=1\" \/>\n\t<meta property=\"og:image:width\" content=\"800\" \/>\n\t<meta property=\"og:image:height\" content=\"800\" \/>\n\t<meta property=\"og:image:type\" content=\"image\/webp\" \/>\n<meta name=\"twitter:card\" content=\"summary_large_image\" \/>\n<meta name=\"twitter:label1\" content=\"Ber\u00e4knad l\u00e4stid\" \/>\n\t<meta name=\"twitter:data1\" content=\"1 minut\" \/>\n<!-- \/ Yoast SEO plugin. -->","yoast_head_json":{"title":"TRUUSK Piedestalfl\u00e4kt - 3 Hastigheter - 3 L\u00e4gen - Timer - Fj\u00e4rrkontroll - 45 x 42 x 118-138 cm - Svart\/Vit - TRUUSK - Hem, Tr\u00e4dg\u00e5rd &amp; Fritid","robots":{"index":"index","follow":"follow","max-snippet":"max-snippet:-1","max-image-preview":"max-image-preview:large","max-video-preview":"max-video-preview:-1"},"canonical":"https:\/\/truusk.store\/sv\/produkt\/truusk-piedestalflakt-3-hastigheter-3-lagen-timer-fjarrkontroll-45-x-42-x-118-138-cm-svart-vit\/","og_locale":"sv_SE","og_type":"article","og_title":"TRUUSK Piedestalfl\u00e4kt - 3 Hastigheter - 3 L\u00e4gen - Timer - Fj\u00e4rrkontroll - 45 x 42 x 118-138 cm - Svart\/Vit - TRUUSK - Hem, Tr\u00e4dg\u00e5rd &amp; Fritid","og_description":"H\u00e5ll dig behagligt sval under varma sommareftermiddagar med denna piedestalfl\u00e4kt. Stativfl\u00e4kten \u00e4r l\u00e4tt att anv\u00e4nda: perfekt f\u00f6r hemmet eller kontoret....","og_url":"https:\/\/truusk.store\/sv\/produkt\/truusk-piedestalflakt-3-hastigheter-3-lagen-timer-fjarrkontroll-45-x-42-x-118-138-cm-svart-vit\/","og_site_name":"TRUUSK - Hem, Tr\u00e4dg\u00e5rd &amp; Fritid","article_modified_time":"2026-03-12T08:18:29+00:00","og_image":[{"width":800,"height":800,"url":"https:\/\/i0.wp.com\/truusk.se\/wp-content\/uploads\/2024\/02\/piedestalflakt-3-hastigheter-3-lagen-timer-fjarrkontroll-45-x-42-x-118-138-cm-svart-vit.webp?fit=800%2C800&ssl=1","type":"image\/webp"}],"twitter_card":"summary_large_image","twitter_misc":{"Ber\u00e4knad l\u00e4stid":"1 minut"},"schema":{"@context":"https:\/\/schema.org","@graph":[{"@type":"WebPage","@id":"https:\/\/truusk.store\/sv\/produkt\/truusk-piedestalflakt-3-hastigheter-3-lagen-timer-fjarrkontroll-45-x-42-x-118-138-cm-svart-vit\/","url":"https:\/\/truusk.store\/sv\/produkt\/truusk-piedestalflakt-3-hastigheter-3-lagen-timer-fjarrkontroll-45-x-42-x-118-138-cm-svart-vit\/","name":"TRUUSK Piedestalfl\u00e4kt - 3 Hastigheter - 3 L\u00e4gen - Timer - Fj\u00e4rrkontroll - 45 x 42 x 118-138 cm - Svart\/Vit - TRUUSK - Hem, Tr\u00e4dg\u00e5rd &amp; Fritid","isPartOf":{"@id":"https:\/\/truusk.store\/sv\/#website"},"primaryImageOfPage":{"@id":"https:\/\/truusk.store\/sv\/produkt\/truusk-piedestalflakt-3-hastigheter-3-lagen-timer-fjarrkontroll-45-x-42-x-118-138-cm-svart-vit\/#primaryimage"},"image":{"@id":"https:\/\/truusk.store\/sv\/produkt\/truusk-piedestalflakt-3-hastigheter-3-lagen-timer-fjarrkontroll-45-x-42-x-118-138-cm-svart-vit\/#primaryimage"},"thumbnailUrl":"https:\/\/i0.wp.com\/truusk.store\/wp-content\/uploads\/2024\/02\/piedestalflakt-3-hastigheter-3-lagen-timer-fjarrkontroll-45-x-42-x-118-138-cm-svart-vit.webp?fit=800%2C800&ssl=1","datePublished":"2024-02-14T03:10:38+00:00","dateModified":"2026-03-12T08:18:29+00:00","breadcrumb":{"@id":"https:\/\/truusk.store\/sv\/produkt\/truusk-piedestalflakt-3-hastigheter-3-lagen-timer-fjarrkontroll-45-x-42-x-118-138-cm-svart-vit\/#breadcrumb"},"inLanguage":"sv-SE","potentialAction":[{"@type":"ReadAction","target":["https:\/\/truusk.store\/sv\/produkt\/truusk-piedestalflakt-3-hastigheter-3-lagen-timer-fjarrkontroll-45-x-42-x-118-138-cm-svart-vit\/"]}]},{"@type":"ImageObject","inLanguage":"sv-SE","@id":"https:\/\/truusk.store\/sv\/produkt\/truusk-piedestalflakt-3-hastigheter-3-lagen-timer-fjarrkontroll-45-x-42-x-118-138-cm-svart-vit\/#primaryimage","url":"https:\/\/i0.wp.com\/truusk.store\/wp-content\/uploads\/2024\/02\/piedestalflakt-3-hastigheter-3-lagen-timer-fjarrkontroll-45-x-42-x-118-138-cm-svart-vit.webp?fit=800%2C800&ssl=1","contentUrl":"https:\/\/i0.wp.com\/truusk.store\/wp-content\/uploads\/2024\/02\/piedestalflakt-3-hastigheter-3-lagen-timer-fjarrkontroll-45-x-42-x-118-138-cm-svart-vit.webp?fit=800%2C800&ssl=1","width":800,"height":800,"caption":"Piedestalfl\u00e4kt 3 Hastigheter 3 L\u00e4gen Timer Fj\u00e4rrkontroll 45 X 42 X 118-138 Cm Svart\/Vit 1"},{"@type":"BreadcrumbList","@id":"https:\/\/truusk.store\/sv\/produkt\/truusk-piedestalflakt-3-hastigheter-3-lagen-timer-fjarrkontroll-45-x-42-x-118-138-cm-svart-vit\/#breadcrumb","itemListElement":[{"@type":"ListItem","position":1,"name":"Home","item":"https:\/\/truusk.store\/sv\/"},{"@type":"ListItem","position":2,"name":"Shop","item":"https:\/\/truusk.store\/shop\/"},{"@type":"ListItem","position":3,"name":"TRUUSK Piedestalfl\u00e4kt &#8211; 3 Hastigheter &#8211; 3 L\u00e4gen &#8211; Timer &#8211; Fj\u00e4rrkontroll &#8211; 45 x 42 x 118-138 cm &#8211; Svart\/Vit"}]},{"@type":"WebSite","@id":"https:\/\/truusk.store\/sv\/#website","url":"https:\/\/truusk.store\/sv\/","name":"TRUUSK - Hem, Tr\u00e4dg\u00e5rd & Fritid","description":"","publisher":{"@id":"https:\/\/truusk.store\/sv\/#organization"},"potentialAction":[{"@type":"SearchAction","target":{"@type":"EntryPoint","urlTemplate":"https:\/\/truusk.store\/sv\/?s={search_term_string}"},"query-input":{"@type":"PropertyValueSpecification","valueRequired":true,"valueName":"search_term_string"}}],"inLanguage":"sv-SE"},{"@type":"Organization","@id":"https:\/\/truusk.store\/sv\/#organization","name":"TRUUSK - Hem, Tr\u00e4dg\u00e5rd & Fritid","url":"https:\/\/truusk.store\/sv\/","logo":{"@type":"ImageObject","inLanguage":"sv-SE","@id":"https:\/\/truusk.store\/sv\/#\/schema\/logo\/image\/","url":"https:\/\/i0.wp.com\/truusk.store\/wp-content\/uploads\/2026\/03\/cropped-TRUUSK.png?fit=2032%2C917&ssl=1","contentUrl":"https:\/\/i0.wp.com\/truusk.store\/wp-content\/uploads\/2026\/03\/cropped-TRUUSK.png?fit=2032%2C917&ssl=1","width":2032,"height":917,"caption":"TRUUSK - Hem, Tr\u00e4dg\u00e5rd & Fritid"},"image":{"@id":"https:\/\/truusk.store\/sv\/#\/schema\/logo\/image\/"}}]}},"jetpack_sharing_enabled":true,"_links":{"self":[{"href":"https:\/\/truusk.store\/sv\/wp-json\/wp\/v2\/product\/42808","targetHints":{"allow":["GET"]}}],"collection":[{"href":"https:\/\/truusk.store\/sv\/wp-json\/wp\/v2\/product"}],"about":[{"href":"https:\/\/truusk.store\/sv\/wp-json\/wp\/v2\/types\/product"}],"wp:featuredmedia":[{"embeddable":true,"href":"https:\/\/truusk.store\/sv\/wp-json\/wp\/v2\/media\/42809"}],"wp:attachment":[{"href":"https:\/\/truusk.store\/sv\/wp-json\/wp\/v2\/media?parent=42808"}],"wp:term":[{"taxonomy":"product_brand","embeddable":true,"href":"https:\/\/truusk.store\/sv\/wp-json\/wp\/v2\/product_brand?post=42808"},{"taxonomy":"product_cat","embeddable":true,"href":"https:\/\/truusk.store\/sv\/wp-json\/wp\/v2\/product_cat?post=42808"},{"taxonomy":"product_tag","embeddable":true,"href":"https:\/\/truusk.store\/sv\/wp-json\/wp\/v2\/product_tag?post=42808"}],"curies":[{"name":"wp","href":"https:\/\/api.w.org\/{rel}","templated":true}]}}