{"id":42863,"date":"2024-02-14T04:12:40","date_gmt":"2024-02-14T03:12:40","guid":{"rendered":"https:\/\/truusk.store\/product\/hopfallbar-hundvagn-ett-klickssystem-hopfallbar-2-sakerhetslinor-morkgra\/"},"modified":"2026-03-12T09:18:30","modified_gmt":"2026-03-12T08:18:30","slug":"truusk-hopfallbar-hundvagn-ett-klickssystem-2-sakerhetslinor-morkgra","status":"publish","type":"product","link":"https:\/\/truusk.store\/sv\/produkt\/truusk-hopfallbar-hundvagn-ett-klickssystem-2-sakerhetslinor-morkgra\/","title":{"rendered":"TRUUSK Hopf\u00e4llbar Hundvagn &#8211; Ett-klickssystem &#8211; 2 S\u00e4kerhetslinor &#8211; M\u00f6rkgr\u00e5"},"content":{"rendered":"<p>Den moderna och praktiska designen \u00f6verl\u00e5ter arbetet till hundvagnen sj\u00e4lv.Enkelklicksmekanismen l\u00e5ter dig slappna av medan hopf\u00e4llningen sker i ett steg. F\u00f6r att g\u00f6ra saker \u00e4nnu mer bekv\u00e4ma l\u00e5ter f\u00f6rvaringsfickor dig b\u00e4ra tillbeh\u00f6r samtidigt som ett mjukt handtag ligger bekv\u00e4mt i handen. St\u00f6td\u00e4mparna ser till att k\u00f6rningen blir bekv\u00e4m och smidig f\u00f6r er b\u00e5da. Uppn\u00e5 perfektion n\u00e4r du \u00e4r p\u00e5 spr\u00e5ng.<\/p>\n<h3>Beskrivning:<\/h3>\n<ul>\n<li>Vikning g\u00f6rs i ett enda steg, vilket ger en enkel process<\/li>\n<li>F\u00f6rvaringsp\u00e5sar f\u00f6r resevaror<\/li>\n<li>Det bekv\u00e4ma handtaget ligger b\u00e4ttre i handen<\/li>\n<li>St\u00f6td\u00e4mpare g\u00f6r resan bekv\u00e4m f\u00f6r din valp<\/li>\n<li>Tv\u00e5 s\u00e4kerhetskoppel inuti f\u00f6r att s\u00e4kert sp\u00e4nna fast ditt husdjur<\/li>\n<li>Slitstarkt och l\u00e5ngvarigt Oxford-tyg<\/li>\n<li>L\u00e4mplig f\u00f6r stora och medelstora hundar med en l\u00e4ngd p\u00e5 mindre \u00e4n 60 cm och en vikt p\u00e5 mindre \u00e4n 30 kg<\/li>\n<li>Montering kr\u00e4vs<\/li>\n<\/ul>\n<h3>Teknisk data:<\/h3>\n<ul>\n<li>F\u00e4rg: M\u00f6rkgr\u00e5<\/li>\n<li>Material: St\u00e5l, Oxford-tyg<\/li>\n<li>\u00d6vergripande m\u00e5tt: 112L x 65W x 100H cm<\/li>\n<li>Innerm\u00e5tt: 85L x 50W x 67H cm<\/li>\n<li>Vikta m\u00e5tt: 87L x 56W x 32H cm<\/li>\n<li>\u00d6vre n\u00e4tf\u00f6nster: 30L x 31W cm<\/li>\n<li>Fr\u00e4mre n\u00e4tf\u00f6nster: 41L x 28W cm<\/li>\n<li>M\u00e5tt p\u00e5 framhjulen: 20,5 cm<\/li>\n<li>M\u00e5tt p\u00e5 bakhjulen: 28 cm<\/li>\n<li>OBS: M\u00e4t ditt husdjurs kroppsl\u00e4ngd innan du k\u00f6per<\/li>\n<\/ul>\n<h3>Leveransens omfattning:<\/h3>\n<ul>\n<li>1 x Cat Buggy f\u00f6r hundar<\/li>\n<li>1 x bruksanvisning<\/li>\n<\/ul>\n","protected":false},"excerpt":{"rendered":"<p>Den moderna och praktiska designen \u00f6verl\u00e5ter arbetet till hundvagnen sj\u00e4lv.Enkelklicksmekanismen l\u00e5ter dig slappna av medan hopf\u00e4llningen sker i ett steg&#8230;.<\/p>\n","protected":false},"featured_media":42864,"template":"","meta":[],"product_brand":[],"product_cat":[574,579,573],"product_tag":[],"class_list":{"0":"post-42863","1":"product","2":"type-product","3":"status-publish","4":"has-post-thumbnail","6":"product_cat-hundtillbehor","7":"product_cat-hundvagn","8":"product_cat-husdjursmaterial","10":"first","11":"instock","12":"sale","13":"taxable","14":"shipping-taxable","15":"purchasable","16":"product-type-simple"},"yoast_head":"<!-- This site is optimized with the Yoast SEO plugin v25.4 - https:\/\/yoast.com\/wordpress\/plugins\/seo\/ -->\n<title>TRUUSK Hopf\u00e4llbar Hundvagn - Ett-klickssystem - 2 S\u00e4kerhetslinor - M\u00f6rkgr\u00e5 - TRUUSK - Hem, Tr\u00e4dg\u00e5rd &amp; Fritid<\/title>\n<meta name=\"robots\" content=\"index, follow, max-snippet:-1, max-image-preview:large, max-video-preview:-1\" \/>\n<link rel=\"canonical\" href=\"https:\/\/truusk.store\/sv\/produkt\/truusk-hopfallbar-hundvagn-ett-klickssystem-2-sakerhetslinor-morkgra\/\" \/>\n<meta property=\"og:locale\" content=\"sv_SE\" \/>\n<meta property=\"og:type\" content=\"article\" \/>\n<meta property=\"og:title\" content=\"TRUUSK Hopf\u00e4llbar Hundvagn - Ett-klickssystem - 2 S\u00e4kerhetslinor - M\u00f6rkgr\u00e5 - TRUUSK - Hem, Tr\u00e4dg\u00e5rd &amp; Fritid\" \/>\n<meta property=\"og:description\" content=\"Den moderna och praktiska designen \u00f6verl\u00e5ter arbetet till hundvagnen sj\u00e4lv.Enkelklicksmekanismen l\u00e5ter dig slappna av medan hopf\u00e4llningen sker i ett steg....\" \/>\n<meta property=\"og:url\" content=\"https:\/\/truusk.store\/sv\/produkt\/truusk-hopfallbar-hundvagn-ett-klickssystem-2-sakerhetslinor-morkgra\/\" \/>\n<meta property=\"og:site_name\" content=\"TRUUSK - Hem, Tr\u00e4dg\u00e5rd &amp; Fritid\" \/>\n<meta property=\"article:modified_time\" content=\"2026-03-12T08:18:30+00:00\" \/>\n<meta property=\"og:image\" content=\"https:\/\/i0.wp.com\/truusk.se\/wp-content\/uploads\/2024\/02\/hopfallbar-hundvagn-ett-klickssystem-hopfallbar-2-sakerhetslinor-morkgra.webp?fit=800%2C800&ssl=1\" \/>\n\t<meta property=\"og:image:width\" content=\"800\" \/>\n\t<meta property=\"og:image:height\" content=\"800\" \/>\n\t<meta property=\"og:image:type\" content=\"image\/webp\" \/>\n<meta name=\"twitter:card\" content=\"summary_large_image\" \/>\n<meta name=\"twitter:label1\" content=\"Ber\u00e4knad l\u00e4stid\" \/>\n\t<meta name=\"twitter:data1\" content=\"1 minut\" \/>\n<!-- \/ Yoast SEO plugin. -->","yoast_head_json":{"title":"TRUUSK Hopf\u00e4llbar Hundvagn - Ett-klickssystem - 2 S\u00e4kerhetslinor - M\u00f6rkgr\u00e5 - TRUUSK - Hem, Tr\u00e4dg\u00e5rd &amp; Fritid","robots":{"index":"index","follow":"follow","max-snippet":"max-snippet:-1","max-image-preview":"max-image-preview:large","max-video-preview":"max-video-preview:-1"},"canonical":"https:\/\/truusk.store\/sv\/produkt\/truusk-hopfallbar-hundvagn-ett-klickssystem-2-sakerhetslinor-morkgra\/","og_locale":"sv_SE","og_type":"article","og_title":"TRUUSK Hopf\u00e4llbar Hundvagn - Ett-klickssystem - 2 S\u00e4kerhetslinor - M\u00f6rkgr\u00e5 - TRUUSK - Hem, Tr\u00e4dg\u00e5rd &amp; Fritid","og_description":"Den moderna och praktiska designen \u00f6verl\u00e5ter arbetet till hundvagnen sj\u00e4lv.Enkelklicksmekanismen l\u00e5ter dig slappna av medan hopf\u00e4llningen sker i ett steg....","og_url":"https:\/\/truusk.store\/sv\/produkt\/truusk-hopfallbar-hundvagn-ett-klickssystem-2-sakerhetslinor-morkgra\/","og_site_name":"TRUUSK - Hem, Tr\u00e4dg\u00e5rd &amp; Fritid","article_modified_time":"2026-03-12T08:18:30+00:00","og_image":[{"width":800,"height":800,"url":"https:\/\/i0.wp.com\/truusk.se\/wp-content\/uploads\/2024\/02\/hopfallbar-hundvagn-ett-klickssystem-hopfallbar-2-sakerhetslinor-morkgra.webp?fit=800%2C800&ssl=1","type":"image\/webp"}],"twitter_card":"summary_large_image","twitter_misc":{"Ber\u00e4knad l\u00e4stid":"1 minut"},"schema":{"@context":"https:\/\/schema.org","@graph":[{"@type":"WebPage","@id":"https:\/\/truusk.store\/sv\/produkt\/truusk-hopfallbar-hundvagn-ett-klickssystem-2-sakerhetslinor-morkgra\/","url":"https:\/\/truusk.store\/sv\/produkt\/truusk-hopfallbar-hundvagn-ett-klickssystem-2-sakerhetslinor-morkgra\/","name":"TRUUSK Hopf\u00e4llbar Hundvagn - Ett-klickssystem - 2 S\u00e4kerhetslinor - M\u00f6rkgr\u00e5 - TRUUSK - Hem, Tr\u00e4dg\u00e5rd &amp; Fritid","isPartOf":{"@id":"https:\/\/truusk.store\/sv\/#website"},"primaryImageOfPage":{"@id":"https:\/\/truusk.store\/sv\/produkt\/truusk-hopfallbar-hundvagn-ett-klickssystem-2-sakerhetslinor-morkgra\/#primaryimage"},"image":{"@id":"https:\/\/truusk.store\/sv\/produkt\/truusk-hopfallbar-hundvagn-ett-klickssystem-2-sakerhetslinor-morkgra\/#primaryimage"},"thumbnailUrl":"https:\/\/i0.wp.com\/truusk.store\/wp-content\/uploads\/2024\/02\/hopfallbar-hundvagn-ett-klickssystem-hopfallbar-2-sakerhetslinor-morkgra.webp?fit=800%2C800&ssl=1","datePublished":"2024-02-14T03:12:40+00:00","dateModified":"2026-03-12T08:18:30+00:00","breadcrumb":{"@id":"https:\/\/truusk.store\/sv\/produkt\/truusk-hopfallbar-hundvagn-ett-klickssystem-2-sakerhetslinor-morkgra\/#breadcrumb"},"inLanguage":"sv-SE","potentialAction":[{"@type":"ReadAction","target":["https:\/\/truusk.store\/sv\/produkt\/truusk-hopfallbar-hundvagn-ett-klickssystem-2-sakerhetslinor-morkgra\/"]}]},{"@type":"ImageObject","inLanguage":"sv-SE","@id":"https:\/\/truusk.store\/sv\/produkt\/truusk-hopfallbar-hundvagn-ett-klickssystem-2-sakerhetslinor-morkgra\/#primaryimage","url":"https:\/\/i0.wp.com\/truusk.store\/wp-content\/uploads\/2024\/02\/hopfallbar-hundvagn-ett-klickssystem-hopfallbar-2-sakerhetslinor-morkgra.webp?fit=800%2C800&ssl=1","contentUrl":"https:\/\/i0.wp.com\/truusk.store\/wp-content\/uploads\/2024\/02\/hopfallbar-hundvagn-ett-klickssystem-hopfallbar-2-sakerhetslinor-morkgra.webp?fit=800%2C800&ssl=1","width":800,"height":800,"caption":"Hopf\u00e4llbar Hundvagn, Ett-klickssystem, Hopf\u00e4llbar, 2 S\u00e4kerhetslinor, M\u00f6rkgr\u00e5 1"},{"@type":"BreadcrumbList","@id":"https:\/\/truusk.store\/sv\/produkt\/truusk-hopfallbar-hundvagn-ett-klickssystem-2-sakerhetslinor-morkgra\/#breadcrumb","itemListElement":[{"@type":"ListItem","position":1,"name":"Home","item":"https:\/\/truusk.store\/sv\/"},{"@type":"ListItem","position":2,"name":"Shop","item":"https:\/\/truusk.store\/shop\/"},{"@type":"ListItem","position":3,"name":"TRUUSK Hopf\u00e4llbar Hundvagn &#8211; Ett-klickssystem &#8211; 2 S\u00e4kerhetslinor &#8211; M\u00f6rkgr\u00e5"}]},{"@type":"WebSite","@id":"https:\/\/truusk.store\/sv\/#website","url":"https:\/\/truusk.store\/sv\/","name":"TRUUSK - Hem, Tr\u00e4dg\u00e5rd & Fritid","description":"","publisher":{"@id":"https:\/\/truusk.store\/sv\/#organization"},"potentialAction":[{"@type":"SearchAction","target":{"@type":"EntryPoint","urlTemplate":"https:\/\/truusk.store\/sv\/?s={search_term_string}"},"query-input":{"@type":"PropertyValueSpecification","valueRequired":true,"valueName":"search_term_string"}}],"inLanguage":"sv-SE"},{"@type":"Organization","@id":"https:\/\/truusk.store\/sv\/#organization","name":"TRUUSK - Hem, Tr\u00e4dg\u00e5rd & Fritid","url":"https:\/\/truusk.store\/sv\/","logo":{"@type":"ImageObject","inLanguage":"sv-SE","@id":"https:\/\/truusk.store\/sv\/#\/schema\/logo\/image\/","url":"https:\/\/i0.wp.com\/truusk.store\/wp-content\/uploads\/2026\/03\/cropped-TRUUSK.png?fit=2032%2C917&ssl=1","contentUrl":"https:\/\/i0.wp.com\/truusk.store\/wp-content\/uploads\/2026\/03\/cropped-TRUUSK.png?fit=2032%2C917&ssl=1","width":2032,"height":917,"caption":"TRUUSK - Hem, Tr\u00e4dg\u00e5rd & Fritid"},"image":{"@id":"https:\/\/truusk.store\/sv\/#\/schema\/logo\/image\/"}}]}},"jetpack_sharing_enabled":true,"_links":{"self":[{"href":"https:\/\/truusk.store\/sv\/wp-json\/wp\/v2\/product\/42863","targetHints":{"allow":["GET"]}}],"collection":[{"href":"https:\/\/truusk.store\/sv\/wp-json\/wp\/v2\/product"}],"about":[{"href":"https:\/\/truusk.store\/sv\/wp-json\/wp\/v2\/types\/product"}],"wp:featuredmedia":[{"embeddable":true,"href":"https:\/\/truusk.store\/sv\/wp-json\/wp\/v2\/media\/42864"}],"wp:attachment":[{"href":"https:\/\/truusk.store\/sv\/wp-json\/wp\/v2\/media?parent=42863"}],"wp:term":[{"taxonomy":"product_brand","embeddable":true,"href":"https:\/\/truusk.store\/sv\/wp-json\/wp\/v2\/product_brand?post=42863"},{"taxonomy":"product_cat","embeddable":true,"href":"https:\/\/truusk.store\/sv\/wp-json\/wp\/v2\/product_cat?post=42863"},{"taxonomy":"product_tag","embeddable":true,"href":"https:\/\/truusk.store\/sv\/wp-json\/wp\/v2\/product_tag?post=42863"}],"curies":[{"name":"wp","href":"https:\/\/api.w.org\/{rel}","templated":true}]}}