{"id":42905,"date":"2024-02-14T04:14:08","date_gmt":"2024-02-14T03:14:08","guid":{"rendered":"https:\/\/truusk.store\/product\/2-i-1-hundvagn-hundvagn-hopfallbar-1-korg-1-vaska-82-cm-x-495-cm-x-98-cm-rod\/"},"modified":"2026-03-12T09:18:32","modified_gmt":"2026-03-12T08:18:32","slug":"truusk-2-i-1-hundvagn-hopfallbar-korg-och-vaska-82-cm-x-495-cm-x-98-cm-rod","status":"publish","type":"product","link":"https:\/\/truusk.store\/sv\/produkt\/truusk-2-i-1-hundvagn-hopfallbar-korg-och-vaska-82-cm-x-495-cm-x-98-cm-rod\/","title":{"rendered":"TRUUSK 2-i-1 Hundvagn &#8211; Hopf\u00e4llbar &#8211; Korg och V\u00e4ska &#8211; 82 cm x 49,5 cm x 98 cm &#8211; R\u00f6d"},"content":{"rendered":"<p>Beh\u00f6ver du en bra hundvagn eller kattvagn f\u00f6r att ta din lurviga v\u00e4n med dig? Kolla d\u00e5 in denna hundvagn! Denna unikt designade hundvagn \u00e4r perfekt f\u00f6r djur\u00e4gare som reser mycket med sina hundar. Det b\u00e4sta med det &#8211; denna hundvagn kan g\u00f6ras om till en transportv\u00e4ska. I vagnen finns en extra korg d\u00e4r du kan f\u00f6rvara tillbeh\u00f6r. De mjukt l\u00f6pande hjulen ser till att du kan ta den \u00f6verallt.<\/p>\n<h3>Beskrivning:<\/h3>\n<ul>\n<li>Modern hundvagn<\/li>\n<li>Huvan kan justeras i 4 l\u00e4gen<\/li>\n<li>N\u00e4tf\u00f6nster ger god ventilation<\/li>\n<li>Solid konstruktion med st\u00e5lram och 600D Oxford-tyg<\/li>\n<li>2 universalhjul fram och 2 bakhjul med broms<\/li>\n<li>2 s\u00e4kerhetskoppel inuti f\u00f6r att h\u00e5lla ditt husdjur s\u00e4kert fastsp\u00e4nt<\/li>\n<li>En mjuk kudde ing\u00e5r<\/li>\n<li>Utrustad med en liten v\u00e4ska och en korg<\/li>\n<li>Hopf\u00e4llbar design f\u00f6r f\u00f6rvaring och transport<\/li>\n<\/ul>\n<h3>Teknisk data:<\/h3>\n<ul>\n<li>r\u00f6d f\u00e4rg<\/li>\n<li>Material: st\u00e5l, Oxfordduk<\/li>\n<li>\u00d6vergripande m\u00e5tt: 82L x 49,5W x 98H cm<\/li>\n<li>Innerm\u00e5tt: 56L x 36W x 58\/27H cm (med\/utan kapell)<\/li>\n<li>Ram hopf\u00e4lld storlek: 79L x 49,5W x 23,5H cm<\/li>\n<li>V\u00e4ska vikt storlek: 61L x 40W x 10H cm<\/li>\n<li>Korgstorlek: 42L x 32,5W x 16,5H cm<\/li>\n<li>Storlek p\u00e5 framhjulen: 13,5 cm<\/li>\n<li>Bakhjulsstorlek: 13,5 cm<\/li>\n<\/ul>\n<h3>Leveransens omfattning:<\/h3>\n<ul>\n<li>1 x Hundvagn<\/li>\n<li>1 x manuell<\/li>\n<\/ul>\n","protected":false},"excerpt":{"rendered":"<p>Beh\u00f6ver du en bra hundvagn eller kattvagn f\u00f6r att ta din lurviga v\u00e4n med dig? Kolla d\u00e5 in denna hundvagn!&#8230;<\/p>\n","protected":false},"featured_media":42906,"template":"","meta":[],"product_brand":[],"product_cat":[574,579,573],"product_tag":[],"class_list":{"0":"post-42905","1":"product","2":"type-product","3":"status-publish","4":"has-post-thumbnail","6":"product_cat-hundtillbehor","7":"product_cat-hundvagn","8":"product_cat-husdjursmaterial","10":"first","11":"instock","12":"sale","13":"taxable","14":"shipping-taxable","15":"purchasable","16":"product-type-simple"},"yoast_head":"<!-- This site is optimized with the Yoast SEO plugin v25.4 - https:\/\/yoast.com\/wordpress\/plugins\/seo\/ -->\n<title>TRUUSK 2-i-1 Hundvagn - Hopf\u00e4llbar - Korg och V\u00e4ska - 82 cm x 49,5 cm x 98 cm - R\u00f6d - TRUUSK - Hem, Tr\u00e4dg\u00e5rd &amp; Fritid<\/title>\n<meta name=\"robots\" content=\"index, follow, max-snippet:-1, max-image-preview:large, max-video-preview:-1\" \/>\n<link rel=\"canonical\" href=\"https:\/\/truusk.store\/sv\/produkt\/truusk-2-i-1-hundvagn-hopfallbar-korg-och-vaska-82-cm-x-495-cm-x-98-cm-rod\/\" \/>\n<meta property=\"og:locale\" content=\"sv_SE\" \/>\n<meta property=\"og:type\" content=\"article\" \/>\n<meta property=\"og:title\" content=\"TRUUSK 2-i-1 Hundvagn - Hopf\u00e4llbar - Korg och V\u00e4ska - 82 cm x 49,5 cm x 98 cm - R\u00f6d - TRUUSK - Hem, Tr\u00e4dg\u00e5rd &amp; Fritid\" \/>\n<meta property=\"og:description\" content=\"Beh\u00f6ver du en bra hundvagn eller kattvagn f\u00f6r att ta din lurviga v\u00e4n med dig? Kolla d\u00e5 in denna hundvagn!...\" \/>\n<meta property=\"og:url\" content=\"https:\/\/truusk.store\/sv\/produkt\/truusk-2-i-1-hundvagn-hopfallbar-korg-och-vaska-82-cm-x-495-cm-x-98-cm-rod\/\" \/>\n<meta property=\"og:site_name\" content=\"TRUUSK - Hem, Tr\u00e4dg\u00e5rd &amp; Fritid\" \/>\n<meta property=\"article:modified_time\" content=\"2026-03-12T08:18:32+00:00\" \/>\n<meta property=\"og:image\" content=\"https:\/\/i0.wp.com\/truusk.se\/wp-content\/uploads\/2024\/02\/2-i-1-hundvagn-hundvagn-hopfallbar-1-korg-1-vaska-82-cm-x-495-cm-x-98-cm-rod.webp?fit=800%2C800&ssl=1\" \/>\n\t<meta property=\"og:image:width\" content=\"800\" \/>\n\t<meta property=\"og:image:height\" content=\"800\" \/>\n\t<meta property=\"og:image:type\" content=\"image\/webp\" \/>\n<meta name=\"twitter:card\" content=\"summary_large_image\" \/>\n<meta name=\"twitter:label1\" content=\"Ber\u00e4knad l\u00e4stid\" \/>\n\t<meta name=\"twitter:data1\" content=\"1 minut\" \/>\n<!-- \/ Yoast SEO plugin. -->","yoast_head_json":{"title":"TRUUSK 2-i-1 Hundvagn - Hopf\u00e4llbar - Korg och V\u00e4ska - 82 cm x 49,5 cm x 98 cm - R\u00f6d - TRUUSK - Hem, Tr\u00e4dg\u00e5rd &amp; Fritid","robots":{"index":"index","follow":"follow","max-snippet":"max-snippet:-1","max-image-preview":"max-image-preview:large","max-video-preview":"max-video-preview:-1"},"canonical":"https:\/\/truusk.store\/sv\/produkt\/truusk-2-i-1-hundvagn-hopfallbar-korg-och-vaska-82-cm-x-495-cm-x-98-cm-rod\/","og_locale":"sv_SE","og_type":"article","og_title":"TRUUSK 2-i-1 Hundvagn - Hopf\u00e4llbar - Korg och V\u00e4ska - 82 cm x 49,5 cm x 98 cm - R\u00f6d - TRUUSK - Hem, Tr\u00e4dg\u00e5rd &amp; Fritid","og_description":"Beh\u00f6ver du en bra hundvagn eller kattvagn f\u00f6r att ta din lurviga v\u00e4n med dig? Kolla d\u00e5 in denna hundvagn!...","og_url":"https:\/\/truusk.store\/sv\/produkt\/truusk-2-i-1-hundvagn-hopfallbar-korg-och-vaska-82-cm-x-495-cm-x-98-cm-rod\/","og_site_name":"TRUUSK - Hem, Tr\u00e4dg\u00e5rd &amp; Fritid","article_modified_time":"2026-03-12T08:18:32+00:00","og_image":[{"width":800,"height":800,"url":"https:\/\/i0.wp.com\/truusk.se\/wp-content\/uploads\/2024\/02\/2-i-1-hundvagn-hundvagn-hopfallbar-1-korg-1-vaska-82-cm-x-495-cm-x-98-cm-rod.webp?fit=800%2C800&ssl=1","type":"image\/webp"}],"twitter_card":"summary_large_image","twitter_misc":{"Ber\u00e4knad l\u00e4stid":"1 minut"},"schema":{"@context":"https:\/\/schema.org","@graph":[{"@type":"WebPage","@id":"https:\/\/truusk.store\/sv\/produkt\/truusk-2-i-1-hundvagn-hopfallbar-korg-och-vaska-82-cm-x-495-cm-x-98-cm-rod\/","url":"https:\/\/truusk.store\/sv\/produkt\/truusk-2-i-1-hundvagn-hopfallbar-korg-och-vaska-82-cm-x-495-cm-x-98-cm-rod\/","name":"TRUUSK 2-i-1 Hundvagn - Hopf\u00e4llbar - Korg och V\u00e4ska - 82 cm x 49,5 cm x 98 cm - R\u00f6d - TRUUSK - Hem, Tr\u00e4dg\u00e5rd &amp; Fritid","isPartOf":{"@id":"https:\/\/truusk.store\/sv\/#website"},"primaryImageOfPage":{"@id":"https:\/\/truusk.store\/sv\/produkt\/truusk-2-i-1-hundvagn-hopfallbar-korg-och-vaska-82-cm-x-495-cm-x-98-cm-rod\/#primaryimage"},"image":{"@id":"https:\/\/truusk.store\/sv\/produkt\/truusk-2-i-1-hundvagn-hopfallbar-korg-och-vaska-82-cm-x-495-cm-x-98-cm-rod\/#primaryimage"},"thumbnailUrl":"https:\/\/i0.wp.com\/truusk.store\/wp-content\/uploads\/2024\/02\/2-i-1-hundvagn-hundvagn-hopfallbar-1-korg-1-vaska-82-cm-x-495-cm-x-98-cm-rod.webp?fit=800%2C800&ssl=1","datePublished":"2024-02-14T03:14:08+00:00","dateModified":"2026-03-12T08:18:32+00:00","breadcrumb":{"@id":"https:\/\/truusk.store\/sv\/produkt\/truusk-2-i-1-hundvagn-hopfallbar-korg-och-vaska-82-cm-x-495-cm-x-98-cm-rod\/#breadcrumb"},"inLanguage":"sv-SE","potentialAction":[{"@type":"ReadAction","target":["https:\/\/truusk.store\/sv\/produkt\/truusk-2-i-1-hundvagn-hopfallbar-korg-och-vaska-82-cm-x-495-cm-x-98-cm-rod\/"]}]},{"@type":"ImageObject","inLanguage":"sv-SE","@id":"https:\/\/truusk.store\/sv\/produkt\/truusk-2-i-1-hundvagn-hopfallbar-korg-och-vaska-82-cm-x-495-cm-x-98-cm-rod\/#primaryimage","url":"https:\/\/i0.wp.com\/truusk.store\/wp-content\/uploads\/2024\/02\/2-i-1-hundvagn-hundvagn-hopfallbar-1-korg-1-vaska-82-cm-x-495-cm-x-98-cm-rod.webp?fit=800%2C800&ssl=1","contentUrl":"https:\/\/i0.wp.com\/truusk.store\/wp-content\/uploads\/2024\/02\/2-i-1-hundvagn-hundvagn-hopfallbar-1-korg-1-vaska-82-cm-x-495-cm-x-98-cm-rod.webp?fit=800%2C800&ssl=1","width":800,"height":800,"caption":"2-i-1 Hundvagn Hundvagn, Hopf\u00e4llbar, 1 Korg, 1 V\u00e4ska, 82 Cm X 49,5 Cm X 98 Cm, R\u00f6d 1"},{"@type":"BreadcrumbList","@id":"https:\/\/truusk.store\/sv\/produkt\/truusk-2-i-1-hundvagn-hopfallbar-korg-och-vaska-82-cm-x-495-cm-x-98-cm-rod\/#breadcrumb","itemListElement":[{"@type":"ListItem","position":1,"name":"Home","item":"https:\/\/truusk.store\/sv\/"},{"@type":"ListItem","position":2,"name":"Shop","item":"https:\/\/truusk.store\/shop\/"},{"@type":"ListItem","position":3,"name":"TRUUSK 2-i-1 Hundvagn &#8211; Hopf\u00e4llbar &#8211; Korg och V\u00e4ska &#8211; 82 cm x 49,5 cm x 98 cm &#8211; R\u00f6d"}]},{"@type":"WebSite","@id":"https:\/\/truusk.store\/sv\/#website","url":"https:\/\/truusk.store\/sv\/","name":"TRUUSK - Hem, Tr\u00e4dg\u00e5rd & Fritid","description":"","publisher":{"@id":"https:\/\/truusk.store\/sv\/#organization"},"potentialAction":[{"@type":"SearchAction","target":{"@type":"EntryPoint","urlTemplate":"https:\/\/truusk.store\/sv\/?s={search_term_string}"},"query-input":{"@type":"PropertyValueSpecification","valueRequired":true,"valueName":"search_term_string"}}],"inLanguage":"sv-SE"},{"@type":"Organization","@id":"https:\/\/truusk.store\/sv\/#organization","name":"TRUUSK - Hem, Tr\u00e4dg\u00e5rd & Fritid","url":"https:\/\/truusk.store\/sv\/","logo":{"@type":"ImageObject","inLanguage":"sv-SE","@id":"https:\/\/truusk.store\/sv\/#\/schema\/logo\/image\/","url":"https:\/\/i0.wp.com\/truusk.store\/wp-content\/uploads\/2026\/03\/cropped-TRUUSK.png?fit=2032%2C917&ssl=1","contentUrl":"https:\/\/i0.wp.com\/truusk.store\/wp-content\/uploads\/2026\/03\/cropped-TRUUSK.png?fit=2032%2C917&ssl=1","width":2032,"height":917,"caption":"TRUUSK - Hem, Tr\u00e4dg\u00e5rd & Fritid"},"image":{"@id":"https:\/\/truusk.store\/sv\/#\/schema\/logo\/image\/"}}]}},"jetpack_sharing_enabled":true,"_links":{"self":[{"href":"https:\/\/truusk.store\/sv\/wp-json\/wp\/v2\/product\/42905","targetHints":{"allow":["GET"]}}],"collection":[{"href":"https:\/\/truusk.store\/sv\/wp-json\/wp\/v2\/product"}],"about":[{"href":"https:\/\/truusk.store\/sv\/wp-json\/wp\/v2\/types\/product"}],"wp:featuredmedia":[{"embeddable":true,"href":"https:\/\/truusk.store\/sv\/wp-json\/wp\/v2\/media\/42906"}],"wp:attachment":[{"href":"https:\/\/truusk.store\/sv\/wp-json\/wp\/v2\/media?parent=42905"}],"wp:term":[{"taxonomy":"product_brand","embeddable":true,"href":"https:\/\/truusk.store\/sv\/wp-json\/wp\/v2\/product_brand?post=42905"},{"taxonomy":"product_cat","embeddable":true,"href":"https:\/\/truusk.store\/sv\/wp-json\/wp\/v2\/product_cat?post=42905"},{"taxonomy":"product_tag","embeddable":true,"href":"https:\/\/truusk.store\/sv\/wp-json\/wp\/v2\/product_tag?post=42905"}],"curies":[{"name":"wp","href":"https:\/\/api.w.org\/{rel}","templated":true}]}}