{"id":42981,"date":"2024-02-14T04:16:45","date_gmt":"2024-02-14T03:16:45","guid":{"rendered":"https:\/\/truusk.store\/product\/hundhus-i-massivt-tra-vaderbestandig-asfalttak-71cm-x-58cm-x-77cm-gra-vit\/"},"modified":"2026-03-12T09:18:34","modified_gmt":"2026-03-12T08:18:34","slug":"truusk-hundhus-av-massivt-tra-vaderbestandig-asfalttak-71cm-x-58cm-x-77cm-gra-vit","status":"publish","type":"product","link":"https:\/\/truusk.store\/sv\/produkt\/truusk-hundhus-av-massivt-tra-vaderbestandig-asfalttak-71cm-x-58cm-x-77cm-gra-vit\/","title":{"rendered":"TRUUSK Hundhus av Massivt Tr\u00e4 &#8211; V\u00e4derbest\u00e4ndig &#8211; Asfalttak &#8211; 71cm x 58cm x 77cm &#8211; Gr\u00e5 + Vit"},"content":{"rendered":"<p>Din hund kommer s\u00e4kert att \u00e4lska denna hundkoja. Det \u00f6ppningsbara taket l\u00e5ter dig klappa din hund, ge honom ett ben och leka med honom. Stugan har ett vardagsrum d\u00e4r ditt husdjur har gott om plats att vila p\u00e5. Materialen i massivt tr\u00e4 och det vattenavvisande materialet, som \u00e4r l\u00e4mpliga f\u00f6r utomhusbruk, s\u00e4kerst\u00e4ller en kvalitet som t\u00e5l regnet. Kabinens design har ett s\u00f6tt utseende och \u00e4r stilren och funktionell.<\/p>\n<h3>Beskrivning:<\/h3>\n<ul>\n<li>Ett asfalttak och v\u00e4derbest\u00e4ndigt material<\/li>\n<li>\u00d6ppningsbart tak f\u00f6r enkel reng\u00f6ring<\/li>\n<li>D\u00f6rrgardinen skyddar hundar fr\u00e5n v\u00e4der och vind<\/li>\n<li>Ett attraktivt tillskott till din tr\u00e4dg\u00e5rd, uteplats eller andra utomhusomr\u00e5den<\/li>\n<li>L\u00e4mplig f\u00f6r sm\u00e5 hundar upp till 15 kg och 60 cm kroppsl\u00e4ngd, s\u00e5som: B. Franska bulldoggar och taxar<\/li>\n<li>Montering kr\u00e4vs<\/li>\n<\/ul>\n<h3>Teknisk data:<\/h3>\n<ul>\n<li>F\u00e4rg: Svart+Gr\u00e5+Vit<\/li>\n<li>Material: gran<\/li>\n<li>\u00d6vergripande m\u00e5tt: 71L x 58W x 53\/77H cm<\/li>\n<li>Huvudhusets storlek: 71L x 51W x 45\/70H cm<\/li>\n<li>D\u00f6rrstorlek: 30W x 40H cm<\/li>\n<li>Plattformsstorlek: 66W x 7D cm<\/li>\n<\/ul>\n<h3>Leveransens omfattning:<\/h3>\n<ul>\n<li>1 x hundhus<\/li>\n<li>1 x manuell<\/li>\n<\/ul>\n","protected":false},"excerpt":{"rendered":"<p>Din hund kommer s\u00e4kert att \u00e4lska denna hundkoja. Det \u00f6ppningsbara taket l\u00e5ter dig klappa din hund, ge honom ett ben&#8230;<\/p>\n","protected":false},"featured_media":42982,"template":"","meta":[],"product_brand":[],"product_cat":[584,574,573],"product_tag":[],"class_list":{"0":"post-42981","1":"product","2":"type-product","3":"status-publish","4":"has-post-thumbnail","6":"product_cat-hundkojor","7":"product_cat-hundtillbehor","8":"product_cat-husdjursmaterial","10":"first","11":"instock","12":"sale","13":"taxable","14":"shipping-taxable","15":"purchasable","16":"product-type-simple"},"yoast_head":"<!-- This site is optimized with the Yoast SEO plugin v25.4 - https:\/\/yoast.com\/wordpress\/plugins\/seo\/ -->\n<title>TRUUSK Hundhus av Massivt Tr\u00e4 - V\u00e4derbest\u00e4ndig - Asfalttak - 71cm x 58cm x 77cm - Gr\u00e5 + Vit - TRUUSK - Hem, Tr\u00e4dg\u00e5rd &amp; Fritid<\/title>\n<meta name=\"robots\" content=\"index, follow, max-snippet:-1, max-image-preview:large, max-video-preview:-1\" \/>\n<link rel=\"canonical\" href=\"https:\/\/truusk.store\/sv\/produkt\/truusk-hundhus-av-massivt-tra-vaderbestandig-asfalttak-71cm-x-58cm-x-77cm-gra-vit\/\" \/>\n<meta property=\"og:locale\" content=\"sv_SE\" \/>\n<meta property=\"og:type\" content=\"article\" \/>\n<meta property=\"og:title\" content=\"TRUUSK Hundhus av Massivt Tr\u00e4 - V\u00e4derbest\u00e4ndig - Asfalttak - 71cm x 58cm x 77cm - Gr\u00e5 + Vit - TRUUSK - Hem, Tr\u00e4dg\u00e5rd &amp; Fritid\" \/>\n<meta property=\"og:description\" content=\"Din hund kommer s\u00e4kert att \u00e4lska denna hundkoja. Det \u00f6ppningsbara taket l\u00e5ter dig klappa din hund, ge honom ett ben...\" \/>\n<meta property=\"og:url\" content=\"https:\/\/truusk.store\/sv\/produkt\/truusk-hundhus-av-massivt-tra-vaderbestandig-asfalttak-71cm-x-58cm-x-77cm-gra-vit\/\" \/>\n<meta property=\"og:site_name\" content=\"TRUUSK - Hem, Tr\u00e4dg\u00e5rd &amp; Fritid\" \/>\n<meta property=\"article:modified_time\" content=\"2026-03-12T08:18:34+00:00\" \/>\n<meta property=\"og:image\" content=\"https:\/\/i0.wp.com\/truusk.se\/wp-content\/uploads\/2024\/02\/hundhus-i-massivt-tra-vaderbestandig-asfalttak-71cm-x-58cm-x-77cm-gra-vit.webp?fit=800%2C800&ssl=1\" \/>\n\t<meta property=\"og:image:width\" content=\"800\" \/>\n\t<meta property=\"og:image:height\" content=\"800\" \/>\n\t<meta property=\"og:image:type\" content=\"image\/webp\" \/>\n<meta name=\"twitter:card\" content=\"summary_large_image\" \/>\n<meta name=\"twitter:label1\" content=\"Ber\u00e4knad l\u00e4stid\" \/>\n\t<meta name=\"twitter:data1\" content=\"1 minut\" \/>\n<!-- \/ Yoast SEO plugin. -->","yoast_head_json":{"title":"TRUUSK Hundhus av Massivt Tr\u00e4 - V\u00e4derbest\u00e4ndig - Asfalttak - 71cm x 58cm x 77cm - Gr\u00e5 + Vit - TRUUSK - Hem, Tr\u00e4dg\u00e5rd &amp; Fritid","robots":{"index":"index","follow":"follow","max-snippet":"max-snippet:-1","max-image-preview":"max-image-preview:large","max-video-preview":"max-video-preview:-1"},"canonical":"https:\/\/truusk.store\/sv\/produkt\/truusk-hundhus-av-massivt-tra-vaderbestandig-asfalttak-71cm-x-58cm-x-77cm-gra-vit\/","og_locale":"sv_SE","og_type":"article","og_title":"TRUUSK Hundhus av Massivt Tr\u00e4 - V\u00e4derbest\u00e4ndig - Asfalttak - 71cm x 58cm x 77cm - Gr\u00e5 + Vit - TRUUSK - Hem, Tr\u00e4dg\u00e5rd &amp; Fritid","og_description":"Din hund kommer s\u00e4kert att \u00e4lska denna hundkoja. Det \u00f6ppningsbara taket l\u00e5ter dig klappa din hund, ge honom ett ben...","og_url":"https:\/\/truusk.store\/sv\/produkt\/truusk-hundhus-av-massivt-tra-vaderbestandig-asfalttak-71cm-x-58cm-x-77cm-gra-vit\/","og_site_name":"TRUUSK - Hem, Tr\u00e4dg\u00e5rd &amp; Fritid","article_modified_time":"2026-03-12T08:18:34+00:00","og_image":[{"width":800,"height":800,"url":"https:\/\/i0.wp.com\/truusk.se\/wp-content\/uploads\/2024\/02\/hundhus-i-massivt-tra-vaderbestandig-asfalttak-71cm-x-58cm-x-77cm-gra-vit.webp?fit=800%2C800&ssl=1","type":"image\/webp"}],"twitter_card":"summary_large_image","twitter_misc":{"Ber\u00e4knad l\u00e4stid":"1 minut"},"schema":{"@context":"https:\/\/schema.org","@graph":[{"@type":"WebPage","@id":"https:\/\/truusk.store\/sv\/produkt\/truusk-hundhus-av-massivt-tra-vaderbestandig-asfalttak-71cm-x-58cm-x-77cm-gra-vit\/","url":"https:\/\/truusk.store\/sv\/produkt\/truusk-hundhus-av-massivt-tra-vaderbestandig-asfalttak-71cm-x-58cm-x-77cm-gra-vit\/","name":"TRUUSK Hundhus av Massivt Tr\u00e4 - V\u00e4derbest\u00e4ndig - Asfalttak - 71cm x 58cm x 77cm - Gr\u00e5 + Vit - TRUUSK - Hem, Tr\u00e4dg\u00e5rd &amp; Fritid","isPartOf":{"@id":"https:\/\/truusk.store\/sv\/#website"},"primaryImageOfPage":{"@id":"https:\/\/truusk.store\/sv\/produkt\/truusk-hundhus-av-massivt-tra-vaderbestandig-asfalttak-71cm-x-58cm-x-77cm-gra-vit\/#primaryimage"},"image":{"@id":"https:\/\/truusk.store\/sv\/produkt\/truusk-hundhus-av-massivt-tra-vaderbestandig-asfalttak-71cm-x-58cm-x-77cm-gra-vit\/#primaryimage"},"thumbnailUrl":"https:\/\/i0.wp.com\/truusk.store\/wp-content\/uploads\/2024\/02\/hundhus-i-massivt-tra-vaderbestandig-asfalttak-71cm-x-58cm-x-77cm-gra-vit.webp?fit=800%2C800&ssl=1","datePublished":"2024-02-14T03:16:45+00:00","dateModified":"2026-03-12T08:18:34+00:00","breadcrumb":{"@id":"https:\/\/truusk.store\/sv\/produkt\/truusk-hundhus-av-massivt-tra-vaderbestandig-asfalttak-71cm-x-58cm-x-77cm-gra-vit\/#breadcrumb"},"inLanguage":"sv-SE","potentialAction":[{"@type":"ReadAction","target":["https:\/\/truusk.store\/sv\/produkt\/truusk-hundhus-av-massivt-tra-vaderbestandig-asfalttak-71cm-x-58cm-x-77cm-gra-vit\/"]}]},{"@type":"ImageObject","inLanguage":"sv-SE","@id":"https:\/\/truusk.store\/sv\/produkt\/truusk-hundhus-av-massivt-tra-vaderbestandig-asfalttak-71cm-x-58cm-x-77cm-gra-vit\/#primaryimage","url":"https:\/\/i0.wp.com\/truusk.store\/wp-content\/uploads\/2024\/02\/hundhus-i-massivt-tra-vaderbestandig-asfalttak-71cm-x-58cm-x-77cm-gra-vit.webp?fit=800%2C800&ssl=1","contentUrl":"https:\/\/i0.wp.com\/truusk.store\/wp-content\/uploads\/2024\/02\/hundhus-i-massivt-tra-vaderbestandig-asfalttak-71cm-x-58cm-x-77cm-gra-vit.webp?fit=800%2C800&ssl=1","width":800,"height":800,"caption":"Hundhus I Massivt Tr\u00e4, V\u00e4derbest\u00e4ndig, Asfalttak, 71cm X 58cm X 77cm, Gr\u00e5 + Vit 1"},{"@type":"BreadcrumbList","@id":"https:\/\/truusk.store\/sv\/produkt\/truusk-hundhus-av-massivt-tra-vaderbestandig-asfalttak-71cm-x-58cm-x-77cm-gra-vit\/#breadcrumb","itemListElement":[{"@type":"ListItem","position":1,"name":"Home","item":"https:\/\/truusk.store\/sv\/"},{"@type":"ListItem","position":2,"name":"Shop","item":"https:\/\/truusk.store\/shop\/"},{"@type":"ListItem","position":3,"name":"TRUUSK Hundhus av Massivt Tr\u00e4 &#8211; V\u00e4derbest\u00e4ndig &#8211; Asfalttak &#8211; 71cm x 58cm x 77cm &#8211; Gr\u00e5 + Vit"}]},{"@type":"WebSite","@id":"https:\/\/truusk.store\/sv\/#website","url":"https:\/\/truusk.store\/sv\/","name":"TRUUSK - Hem, Tr\u00e4dg\u00e5rd & Fritid","description":"","publisher":{"@id":"https:\/\/truusk.store\/sv\/#organization"},"potentialAction":[{"@type":"SearchAction","target":{"@type":"EntryPoint","urlTemplate":"https:\/\/truusk.store\/sv\/?s={search_term_string}"},"query-input":{"@type":"PropertyValueSpecification","valueRequired":true,"valueName":"search_term_string"}}],"inLanguage":"sv-SE"},{"@type":"Organization","@id":"https:\/\/truusk.store\/sv\/#organization","name":"TRUUSK - Hem, Tr\u00e4dg\u00e5rd & Fritid","url":"https:\/\/truusk.store\/sv\/","logo":{"@type":"ImageObject","inLanguage":"sv-SE","@id":"https:\/\/truusk.store\/sv\/#\/schema\/logo\/image\/","url":"https:\/\/i0.wp.com\/truusk.store\/wp-content\/uploads\/2026\/03\/cropped-TRUUSK.png?fit=2032%2C917&ssl=1","contentUrl":"https:\/\/i0.wp.com\/truusk.store\/wp-content\/uploads\/2026\/03\/cropped-TRUUSK.png?fit=2032%2C917&ssl=1","width":2032,"height":917,"caption":"TRUUSK - Hem, Tr\u00e4dg\u00e5rd & Fritid"},"image":{"@id":"https:\/\/truusk.store\/sv\/#\/schema\/logo\/image\/"}}]}},"jetpack_sharing_enabled":true,"_links":{"self":[{"href":"https:\/\/truusk.store\/sv\/wp-json\/wp\/v2\/product\/42981","targetHints":{"allow":["GET"]}}],"collection":[{"href":"https:\/\/truusk.store\/sv\/wp-json\/wp\/v2\/product"}],"about":[{"href":"https:\/\/truusk.store\/sv\/wp-json\/wp\/v2\/types\/product"}],"wp:featuredmedia":[{"embeddable":true,"href":"https:\/\/truusk.store\/sv\/wp-json\/wp\/v2\/media\/42982"}],"wp:attachment":[{"href":"https:\/\/truusk.store\/sv\/wp-json\/wp\/v2\/media?parent=42981"}],"wp:term":[{"taxonomy":"product_brand","embeddable":true,"href":"https:\/\/truusk.store\/sv\/wp-json\/wp\/v2\/product_brand?post=42981"},{"taxonomy":"product_cat","embeddable":true,"href":"https:\/\/truusk.store\/sv\/wp-json\/wp\/v2\/product_cat?post=42981"},{"taxonomy":"product_tag","embeddable":true,"href":"https:\/\/truusk.store\/sv\/wp-json\/wp\/v2\/product_tag?post=42981"}],"curies":[{"name":"wp","href":"https:\/\/api.w.org\/{rel}","templated":true}]}}